{"id":19037,"date":"2024-06-02T06:01:41","date_gmt":"2024-06-02T06:01:41","guid":{"rendered":"https:\/\/simfoniya.az\/product\/kerama-marazzi-canaletto-rakovina-3\/"},"modified":"2024-11-04T08:56:38","modified_gmt":"2024-11-04T08:56:38","slug":"kerama-marazzi-canaletto-rakovina-3","status":"publish","type":"product","link":"https:\/\/simfoniya.az\/ru\/product\/kerama-marazzi-canaletto-rakovina-3\/","title":{"rendered":"\u041a\u0435\u0440\u0430\u043c\u0430 \u041c\u0430\u0440\u0430\u0446\u0446\u0438 \/ \u041c\u043e\u0439\u043a\u0430"},"content":{"rendered":"<div class=\"flex max-w-full flex-col flex-grow\">\n<div class=\"min-h-8 text-message flex w-full flex-col items-end gap-2 whitespace-normal break-words [.text-message+&amp;]:mt-5\" dir=\"auto\" data-message-author-role=\"assistant\" data-message-id=\"17fa28c6-b7bf-4768-8dde-cd3c642e93ee\">\n<div class=\"flex w-full flex-col gap-1 empty:hidden first:pt-[3px]\">\n<div class=\"markdown prose w-full break-words dark:prose-invert light\">\n<p>Bu, a\u011f rengli oval seramik moykad\u0131r. Onun sade v\u0259 z\u0259rif dizayn\u0131 h\u0259r hans\u0131 bir vanna ota\u011f\u0131na uy\u011fun g\u0259lir. Moykan\u0131n davaml\u0131 material\u0131 asan t\u0259mizl\u0259nm\u0259 t\u0259min edir, suyun ax\u0131n\u0131na k\u00f6m\u0259k ed\u0259n yumu\u015faq konturlarla dizayn edilmi\u015fdir. Bu, m\u00fcasir v\u0259 i\u015fl\u0259k vanna otaqlar\u0131 \u00fc\u00e7\u00fcn ideal se\u00e7imdir.<\/p>\n<\/div>\n<\/div>\n<\/div>\n<\/div>\n<div class=\"mb-2 flex gap-3 empty:hidden -ml-2\">\n<div class=\"items-center justify-start rounded-xl p-1 flex\">\n<div class=\"flex items-center\">\n<p>&nbsp;<\/p>\n<div class=\"flex\"><\/div>\n<div class=\"flex items-center pb-0\"><\/div>\n<\/div>\n<\/div>\n<\/div>\n","protected":false},"excerpt":{"rendered":"<p>\u042d\u0442\u043e \u0431\u0435\u043b\u0430\u044f \u043e\u0432\u0430\u043b\u044c\u043d\u0430\u044f \u043a\u0435\u0440\u0430\u043c\u0438\u0447\u0435\u0441\u043a\u0430\u044f \u043c\u043e\u0439\u043a\u0430. \u0415\u0433\u043e \u043f\u0440\u043e\u0441\u0442\u043e\u0439 \u0438 \u044d\u043b\u0435\u0433\u0430\u043d\u0442\u043d\u044b\u0439 \u0434\u0438\u0437\u0430\u0439\u043d \u043f\u043e\u0434\u043e\u0439\u0434\u0435\u0442 \u0434\u043b\u044f \u043b\u044e\u0431\u043e\u0439 \u0432\u0430\u043d\u043d\u043e\u0439 \u043a\u043e\u043c\u043d\u0430\u0442\u044b. \u041f\u0440\u043e\u0447\u043d\u044b\u0439 \u043c\u0430\u0442\u0435\u0440\u0438\u0430\u043b \u0448\u0432\u0430\u0431\u0440\u044b \u043e\u0431\u0435\u0441\u043f\u0435\u0447\u0438\u0432\u0430\u0435\u0442 \u043b\u0435\u0433\u043a\u0443\u044e \u043e\u0447\u0438\u0441\u0442\u043a\u0443, \u0430 \u0435\u0435 \u043a\u043e\u043d\u0442\u0443\u0440\u044b \u043f\u043b\u0430\u0432\u043d\u044b\u0435, \u0447\u0442\u043e \u0441\u043f\u043e\u0441\u043e\u0431\u0441\u0442\u0432\u0443\u0435\u0442 \u0441\u0442\u0435\u043a\u0430\u043d\u0438\u044e \u0432\u043e\u0434\u044b. \u042d\u0442\u043e \u0438\u0434\u0435\u0430\u043b\u044c\u043d\u044b\u0439 \u0432\u044b\u0431\u043e\u0440 \u0434\u043b\u044f \u0441\u043e\u0432\u0440\u0435\u043c\u0435\u043d\u043d\u044b\u0445 \u0438 \u0444\u0443\u043d\u043a\u0446\u0438\u043e\u043d\u0430\u043b\u044c\u043d\u044b\u0445 \u0432\u0430\u043d\u043d\u044b\u0445 \u043a\u043e\u043c\u043d\u0430\u0442. &nbsp;<\/p>","protected":false},"featured_media":19036,"comment_status":"closed","ping_status":"closed","template":"","meta":[],"product_brand":[],"product_cat":[1461],"product_tag":[],"collection":[],"brand":[79],"category_2":[],"catergory_brand":[],"class_list":{"0":"post-19037","1":"product","2":"type-product","3":"status-publish","4":"has-post-thumbnail","6":"product_cat-wash-basins","7":"brand-kerama-marazzi","9":"first","10":"instock","11":"shipping-taxable","12":"product-type-simple"},"_links":{"self":[{"href":"https:\/\/simfoniya.az\/ru\/wp-json\/wp\/v2\/product\/19037","targetHints":{"allow":["GET"]}}],"collection":[{"href":"https:\/\/simfoniya.az\/ru\/wp-json\/wp\/v2\/product"}],"about":[{"href":"https:\/\/simfoniya.az\/ru\/wp-json\/wp\/v2\/types\/product"}],"replies":[{"embeddable":true,"href":"https:\/\/simfoniya.az\/ru\/wp-json\/wp\/v2\/comments?post=19037"}],"wp:featuredmedia":[{"embeddable":true,"href":"https:\/\/simfoniya.az\/ru\/wp-json\/wp\/v2\/media\/19036"}],"wp:attachment":[{"href":"https:\/\/simfoniya.az\/ru\/wp-json\/wp\/v2\/media?parent=19037"}],"wp:term":[{"taxonomy":"product_brand","embeddable":true,"href":"https:\/\/simfoniya.az\/ru\/wp-json\/wp\/v2\/product_brand?post=19037"},{"taxonomy":"product_cat","embeddable":true,"href":"https:\/\/simfoniya.az\/ru\/wp-json\/wp\/v2\/product_cat?post=19037"},{"taxonomy":"product_tag","embeddable":true,"href":"https:\/\/simfoniya.az\/ru\/wp-json\/wp\/v2\/product_tag?post=19037"},{"taxonomy":"collection","embeddable":true,"href":"https:\/\/simfoniya.az\/ru\/wp-json\/wp\/v2\/collection?post=19037"},{"taxonomy":"brand","embeddable":true,"href":"https:\/\/simfoniya.az\/ru\/wp-json\/wp\/v2\/brand?post=19037"},{"taxonomy":"category_2","embeddable":true,"href":"https:\/\/simfoniya.az\/ru\/wp-json\/wp\/v2\/category_2?post=19037"},{"taxonomy":"catergory_brand","embeddable":true,"href":"https:\/\/simfoniya.az\/ru\/wp-json\/wp\/v2\/catergory_brand?post=19037"}],"curies":[{"name":"WP","href":"https:\/\/api.w.org\/{rel}","templated":true}]}}