{"id":19047,"date":"2024-06-02T06:02:10","date_gmt":"2024-06-02T06:02:10","guid":{"rendered":"https:\/\/simfoniya.az\/product\/kerama-marazzi-cono-70-cm-mat-qara-guzgu\/"},"modified":"2024-10-04T10:26:16","modified_gmt":"2024-10-04T10:26:16","slug":"kerama-marazzi-cono-70-cm-mat-qara-guzgu","status":"publish","type":"product","link":"https:\/\/simfoniya.az\/ru\/product\/kerama-marazzi-cono-70-cm-mat-qara-guzgu\/","title":{"rendered":"\u041a\u0435\u0440\u0430\u043c\u0430 \u041c\u0430\u0440\u0430\u0446\u0446\u0438 \/ \u0417\u0435\u0440\u043a\u0430\u043b\u043e"},"content":{"rendered":"<div class=\"flex max-w-full flex-col flex-grow\">\n<div class=\"min-h-8 text-message flex w-full flex-col items-end gap-2 whitespace-normal break-words [.text-message+&amp;]:mt-5\" dir=\"auto\" data-message-author-role=\"assistant\" data-message-id=\"a5669b06-1a2a-49cd-91ea-9a33a93f399e\">\n<div class=\"flex w-full flex-col gap-1 empty:hidden first:pt-[3px]\">\n<div class=\"markdown prose w-full break-words dark:prose-invert light\">\n<p>Bu, asma dizayna malik, oval formada v\u0259 qara \u00e7\u0259r\u00e7iv\u0259li m\u00fcasir aynad\u0131r. Minimalist v\u0259 yarad\u0131c\u0131 asma qurulu\u015fu, aynan\u0131 d\u0259bd\u0259b\u0259li v\u0259 g\u00f6z\u0259l bir dekorativ element\u0259 \u00e7evirir. Qara metal \u00e7\u0259r\u00e7iv\u0259 v\u0259 asma detallar aynan\u0131n sad\u0259 g\u00f6z\u0259lliyini daha da vur\u011fulay\u0131r, m\u00fcasir daxili dizaynlara \u0259lav\u0259 bir \u015f\u0131kl\u0131q g\u0259tirir. Bu ayna, m\u00fcxt\u0259lif otaqlarda, x\u00fcsusil\u0259 vanna otaqlar\u0131nda v\u0259 ya yataq otaqlar\u0131nda asanl\u0131qla inteqrasiya edil\u0259 bil\u0259r v\u0259 m\u0259kan\u0131 vizual olaraq geni\u015fl\u0259ndirm\u0259k \u00fc\u00e7\u00fcn istifad\u0259 edil\u0259 bil\u0259r.<\/p>\n<\/div>\n<\/div>\n<\/div>\n<\/div>\n<div class=\"mb-2 flex gap-3 empty:hidden -ml-2\">\n<div class=\"items-center justify-start rounded-xl p-1 flex\">\n<div class=\"flex items-center\"><button class=\"rounded-lg text-token-text-secondary hover:bg-token-main-surface-secondary\" aria-label=\"Read aloud\" data-testid=\"voice-play-turn-action-button\"><\/button><button class=\"rounded-lg text-token-text-secondary hover:bg-token-main-surface-secondary\" aria-label=\"\u041a\u043e\u043f\u0438\u0440\u043e\u0432\u0430\u0442\u044c\" data-testid=\"copy-turn-action-button\"><\/button><\/p>\n<div class=\"flex\"><\/div>\n<div class=\"flex items-center pb-0\"><\/div>\n<\/div>\n<\/div>\n<\/div>\n","protected":false},"excerpt":{"rendered":"<p>\u042d\u0442\u043e \u0441\u043e\u0432\u0440\u0435\u043c\u0435\u043d\u043d\u043e\u0435 \u0437\u0435\u0440\u043a\u0430\u043b\u043e \u0441 \u043f\u043e\u0434\u0432\u0435\u0441\u043d\u044b\u043c \u0434\u0438\u0437\u0430\u0439\u043d\u043e\u043c, \u043e\u0432\u0430\u043b\u044c\u043d\u043e\u0439 \u0444\u043e\u0440\u043c\u044b \u0438 \u0447\u0451\u0440\u043d\u043e\u0439 \u0440\u0430\u043c\u043e\u0439. \u041c\u0438\u043d\u0438\u043c\u0430\u043b\u0438\u0441\u0442\u0438\u0447\u043d\u0430\u044f \u0438 \u043a\u0440\u0435\u0430\u0442\u0438\u0432\u043d\u0430\u044f \u043a\u043e\u043d\u0441\u0442\u0440\u0443\u043a\u0446\u0438\u044f \u043f\u043e\u0434\u0432\u0435\u0441\u0430 \u043f\u0440\u0435\u0432\u0440\u0430\u0449\u0430\u0435\u0442 \u0437\u0435\u0440\u043a\u0430\u043b\u043e \u0432 \u0440\u043e\u0441\u043a\u043e\u0448\u043d\u044b\u0439 \u0438 \u0438\u0437\u044b\u0441\u043a\u0430\u043d\u043d\u044b\u0439 \u044d\u043b\u0435\u043c\u0435\u043d\u0442 \u0434\u0435\u043a\u043e\u0440\u0430. \u0427\u0451\u0440\u043d\u0430\u044f \u043c\u0435\u0442\u0430\u043b\u043b\u0438\u0447\u0435\u0441\u043a\u0430\u044f \u0440\u0430\u043c\u0430 \u0438 \u0434\u0435\u0442\u0430\u043b\u0438 \u043f\u043e\u0434\u0432\u0435\u0441\u0430 \u0435\u0449\u0451 \u0431\u043e\u043b\u044c\u0448\u0435 \u043f\u043e\u0434\u0447\u0451\u0440\u043a\u0438\u0432\u0430\u044e\u0442 \u043b\u0430\u043a\u043e\u043d\u0438\u0447\u043d\u0443\u044e \u043a\u0440\u0430\u0441\u043e\u0442\u0443 \u0437\u0435\u0440\u043a\u0430\u043b\u0430, \u0434\u043e\u0431\u0430\u0432\u043b\u044f\u044f \u044d\u043b\u0435\u0433\u0430\u043d\u0442\u043d\u043e\u0441\u0442\u0438 \u0432 \u0441\u043e\u0432\u0440\u0435\u043c\u0435\u043d\u043d\u044b\u0439 \u0438\u043d\u0442\u0435\u0440\u044c\u0435\u0440. \u042d\u0442\u043e \u0437\u0435\u0440\u043a\u0430\u043b\u043e \u043b\u0435\u0433\u043a\u043e \u0432\u043f\u0438\u0448\u0435\u0442\u0441\u044f \u0432 \u0438\u043d\u0442\u0435\u0440\u044c\u0435\u0440 \u0440\u0430\u0437\u043b\u0438\u0447\u043d\u044b\u0445 \u043a\u043e\u043c\u043d\u0430\u0442, \u043e\u0441\u043e\u0431\u0435\u043d\u043d\u043e \u0432\u0430\u043d\u043d\u044b\u0445 \u043a\u043e\u043c\u043d\u0430\u0442 \u0438\u043b\u0438 \u0441\u043f\u0430\u043b\u0435\u043d, \u0438 \u043c\u043e\u0436\u0435\u0442 \u0431\u044b\u0442\u044c \u0438\u0441\u043f\u043e\u043b\u044c\u0437\u043e\u0432\u0430\u043d\u043e \u0434\u043b\u044f \u0441\u043e\u0437\u0434\u0430\u043d\u0438\u044f \u043f\u0440\u043e\u0441\u0442\u0440\u0430\u043d\u0441\u0442\u0432\u0430\u2026<\/p>","protected":false},"featured_media":19046,"comment_status":"closed","ping_status":"closed","template":"","meta":[],"product_brand":[],"product_cat":[426],"product_tag":[],"collection":[],"brand":[79],"category_2":[],"catergory_brand":[],"class_list":{"0":"post-19047","1":"product","2":"type-product","3":"status-publish","4":"has-post-thumbnail","6":"product_cat-makeup-mirrors","7":"brand-kerama-marazzi","9":"first","10":"instock","11":"shipping-taxable","12":"product-type-simple"},"_links":{"self":[{"href":"https:\/\/simfoniya.az\/ru\/wp-json\/wp\/v2\/product\/19047","targetHints":{"allow":["GET"]}}],"collection":[{"href":"https:\/\/simfoniya.az\/ru\/wp-json\/wp\/v2\/product"}],"about":[{"href":"https:\/\/simfoniya.az\/ru\/wp-json\/wp\/v2\/types\/product"}],"replies":[{"embeddable":true,"href":"https:\/\/simfoniya.az\/ru\/wp-json\/wp\/v2\/comments?post=19047"}],"wp:featuredmedia":[{"embeddable":true,"href":"https:\/\/simfoniya.az\/ru\/wp-json\/wp\/v2\/media\/19046"}],"wp:attachment":[{"href":"https:\/\/simfoniya.az\/ru\/wp-json\/wp\/v2\/media?parent=19047"}],"wp:term":[{"taxonomy":"product_brand","embeddable":true,"href":"https:\/\/simfoniya.az\/ru\/wp-json\/wp\/v2\/product_brand?post=19047"},{"taxonomy":"product_cat","embeddable":true,"href":"https:\/\/simfoniya.az\/ru\/wp-json\/wp\/v2\/product_cat?post=19047"},{"taxonomy":"product_tag","embeddable":true,"href":"https:\/\/simfoniya.az\/ru\/wp-json\/wp\/v2\/product_tag?post=19047"},{"taxonomy":"collection","embeddable":true,"href":"https:\/\/simfoniya.az\/ru\/wp-json\/wp\/v2\/collection?post=19047"},{"taxonomy":"brand","embeddable":true,"href":"https:\/\/simfoniya.az\/ru\/wp-json\/wp\/v2\/brand?post=19047"},{"taxonomy":"category_2","embeddable":true,"href":"https:\/\/simfoniya.az\/ru\/wp-json\/wp\/v2\/category_2?post=19047"},{"taxonomy":"catergory_brand","embeddable":true,"href":"https:\/\/simfoniya.az\/ru\/wp-json\/wp\/v2\/catergory_brand?post=19047"}],"curies":[{"name":"WP","href":"https:\/\/api.w.org\/{rel}","templated":true}]}}