{"id":19051,"date":"2024-06-02T06:02:20","date_gmt":"2024-06-02T06:02:20","guid":{"rendered":"https:\/\/simfoniya.az\/product\/kerama-marazzi-cono-rakovina-divardandivar-baglantisi\/"},"modified":"2024-11-04T08:58:46","modified_gmt":"2024-11-04T08:58:46","slug":"kerama-marazzi-cono-rakovina-divardandivar-baglantisi","status":"publish","type":"product","link":"https:\/\/simfoniya.az\/ru\/product\/kerama-marazzi-cono-rakovina-divardandivar-baglantisi\/","title":{"rendered":"\u041a\u0435\u0440\u0430\u043c\u0430 \u041c\u0430\u0440\u0430\u0446\u0446\u0438 \/ \u041c\u043e\u0439\u043a\u0430"},"content":{"rendered":"<div class=\"flex max-w-full flex-col flex-grow\">\n<div class=\"min-h-8 text-message flex w-full flex-col items-end gap-2 whitespace-normal break-words [.text-message+&amp;]:mt-5\" dir=\"auto\" data-message-author-role=\"assistant\" data-message-id=\"070b8547-3642-4b9d-916f-4b5448f9f1cf\">\n<div class=\"flex w-full flex-col gap-1 empty:hidden first:pt-[3px]\">\n<div class=\"markdown prose w-full break-words dark:prose-invert light\">\n<p>Bu, konus formada dizayn edilmi\u015f m\u00fcasir v\u0259 yarad\u0131c\u0131 bir seramik moykad\u0131r. Onun d\u00fczg\u00fcn v\u0259 t\u0259miz a\u011f s\u0259thi, minimalist v\u0259 m\u00fcasir interyerl\u0259r\u0259 m\u00fck\u0259mm\u0259l uy\u011funla\u015f\u0131r. Bu x\u00fcsusi form, h\u0259m vizual c\u0259lbedicilik yarad\u0131r, h\u0259m d\u0259 funksional bir element kimi diqq\u0259t \u00e7\u0259kir. Konus \u015fekli, sad\u0259c\u0259 g\u00f6z\u0259llik t\u0259min etm\u0259kl\u0259 yana\u015f\u0131, suyun daha effektiv ax\u0131n\u0131n\u0131 da t\u0259min ed\u0259r\u0259k praktik bir t\u0259tbiq\u0259 malikdir. Bu moyka, m\u00fcasir vanna otaqlar\u0131 v\u0259 ya qonaq otaqlar\u0131 \u00fc\u00e7\u00fcn ideal bir se\u00e7imdir, unikal v\u0259 d\u0259bd\u0259b\u0259li bir toxunu\u015f \u0259lav\u0259 ed\u0259r.<\/p>\n<\/div>\n<\/div>\n<\/div>\n<\/div>\n<div class=\"mb-2 flex gap-3 empty:hidden -ml-2\">\n<div class=\"items-center justify-start rounded-xl p-1 flex\">\n<div class=\"flex items-center\">\n<p>&nbsp;<\/p>\n<div class=\"flex\"><\/div>\n<div class=\"flex items-center pb-0\"><\/div>\n<\/div>\n<\/div>\n<\/div>\n","protected":false},"excerpt":{"rendered":"<p>Bu, konus formada dizayn edilmi\u015f m\u00fcasir v\u0259 yarad\u0131c\u0131 bir seramik moykad\u0131r. Onun d\u00fczg\u00fcn v\u0259 t\u0259miz a\u011f s\u0259thi, minimalist v\u0259 m\u00fcasir interyerl\u0259r\u0259 m\u00fck\u0259mm\u0259l uy\u011funla\u015f\u0131r. Bu x\u00fcsusi form, h\u0259m vizual c\u0259lbedicilik yarad\u0131r, h\u0259m d\u0259 funksional bir element kimi diqq\u0259t \u00e7\u0259kir. Konus \u015fekli, sad\u0259c\u0259 g\u00f6z\u0259llik t\u0259min etm\u0259kl\u0259 yana\u015f\u0131, suyun daha effektiv ax\u0131n\u0131n\u0131 da t\u0259min ed\u0259r\u0259k praktik bir t\u0259tbiq\u0259 malikdir. Bu moyka, m\u00fcasir vanna\u2026<\/p>","protected":false},"featured_media":22157,"comment_status":"closed","ping_status":"closed","template":"","meta":[],"product_brand":[],"product_cat":[1461],"product_tag":[],"collection":[],"brand":[79],"category_2":[],"catergory_brand":[],"class_list":{"0":"post-19051","1":"product","2":"type-product","3":"status-publish","4":"has-post-thumbnail","6":"product_cat-wash-basins","7":"brand-kerama-marazzi","9":"first","10":"instock","11":"shipping-taxable","12":"product-type-simple"},"_links":{"self":[{"href":"https:\/\/simfoniya.az\/ru\/wp-json\/wp\/v2\/product\/19051","targetHints":{"allow":["GET"]}}],"collection":[{"href":"https:\/\/simfoniya.az\/ru\/wp-json\/wp\/v2\/product"}],"about":[{"href":"https:\/\/simfoniya.az\/ru\/wp-json\/wp\/v2\/types\/product"}],"replies":[{"embeddable":true,"href":"https:\/\/simfoniya.az\/ru\/wp-json\/wp\/v2\/comments?post=19051"}],"wp:featuredmedia":[{"embeddable":true,"href":"https:\/\/simfoniya.az\/ru\/wp-json\/wp\/v2\/media\/22157"}],"wp:attachment":[{"href":"https:\/\/simfoniya.az\/ru\/wp-json\/wp\/v2\/media?parent=19051"}],"wp:term":[{"taxonomy":"product_brand","embeddable":true,"href":"https:\/\/simfoniya.az\/ru\/wp-json\/wp\/v2\/product_brand?post=19051"},{"taxonomy":"product_cat","embeddable":true,"href":"https:\/\/simfoniya.az\/ru\/wp-json\/wp\/v2\/product_cat?post=19051"},{"taxonomy":"product_tag","embeddable":true,"href":"https:\/\/simfoniya.az\/ru\/wp-json\/wp\/v2\/product_tag?post=19051"},{"taxonomy":"collection","embeddable":true,"href":"https:\/\/simfoniya.az\/ru\/wp-json\/wp\/v2\/collection?post=19051"},{"taxonomy":"brand","embeddable":true,"href":"https:\/\/simfoniya.az\/ru\/wp-json\/wp\/v2\/brand?post=19051"},{"taxonomy":"category_2","embeddable":true,"href":"https:\/\/simfoniya.az\/ru\/wp-json\/wp\/v2\/category_2?post=19051"},{"taxonomy":"catergory_brand","embeddable":true,"href":"https:\/\/simfoniya.az\/ru\/wp-json\/wp\/v2\/catergory_brand?post=19051"}],"curies":[{"name":"WP","href":"https:\/\/api.w.org\/{rel}","templated":true}]}}