{"id":19058,"date":"2024-06-02T06:02:26","date_gmt":"2024-06-02T06:02:26","guid":{"rendered":"https:\/\/simfoniya.az\/product\/kerama-marazzi-cubo-90cm-limarakovina-solguzgu\/"},"modified":"2024-10-04T10:21:54","modified_gmt":"2024-10-04T10:21:54","slug":"kerama-marazzi-cubo-90cm-limarakovina-solguzgu","status":"publish","type":"product","link":"https:\/\/simfoniya.az\/ru\/product\/kerama-marazzi-cubo-90cm-limarakovina-solguzgu\/","title":{"rendered":"\u041a\u0435\u0440\u0430\u043c\u0430 \u041c\u0430\u0440\u0430\u0446\u0446\u0438 \/ \u041c\u0435\u0431\u0435\u043b\u044c \u041c\u043e\u0439\u043a\u0430"},"content":{"rendered":"<div class=\"flex max-w-full flex-col flex-grow\">\n<div class=\"min-h-8 text-message flex w-full flex-col items-end gap-2 whitespace-normal break-words [.text-message+&amp;]:mt-5\" dir=\"auto\" data-message-author-role=\"assistant\" data-message-id=\"2987f98a-ce87-4e38-af03-ed41a06a9792\">\n<div class=\"flex w-full flex-col gap-1 empty:hidden first:pt-[3px]\">\n<div class=\"markdown prose w-full break-words dark:prose-invert light\">\n<p>Bu, n\u00f6tr r\u0259ngli dolabl\u0131 moykad\u0131r ki, m\u00fcasir v\u0259 s\u0259liq\u0259li dizayn\u0131 il\u0259 diqq\u0259t \u00e7\u0259kir. A\u00e7\u0131q boz tonlar\u0131 il\u0259 t\u0259chiz edilmi\u015f dolab, ona z\u0259rif v\u0259 t\u0259miz bir g\u00f6r\u00fcn\u00fc\u015f verir. D\u00fcz x\u0259tl\u0259r v\u0259 sad\u0259 forma, minimalist estetikas\u0131 il\u0259 harmoniya yarad\u0131r. \u0130ki geni\u015f \u00e7\u0259km\u0259c\u0259si \u0259\u015fyalar\u0131 d\u00fcz\u0259nli saxlamaq \u00fc\u00e7\u00fcn kifay\u0259t q\u0259d\u0259r yer t\u0259min edir. Bu dolabl\u0131 moyka, h\u0259m praktiklik h\u0259m d\u0259 z\u0259riflik t\u0259l\u0259b ed\u0259n m\u00fcasir vanna otaqlar\u0131 \u00fc\u00e7\u00fcn m\u00fck\u0259mm\u0259l bir se\u00e7imdir.<\/p>\n<\/div>\n<\/div>\n<\/div>\n<\/div>\n<div class=\"mb-2 flex gap-3 empty:hidden -ml-2\">\n<div class=\"items-center justify-start rounded-xl p-1 flex\">\n<div class=\"flex items-center\"><button class=\"rounded-lg text-token-text-secondary hover:bg-token-main-surface-secondary\" aria-label=\"Read aloud\" data-testid=\"voice-play-turn-action-button\"><\/button><button class=\"rounded-lg text-token-text-secondary hover:bg-token-main-surface-secondary\" aria-label=\"\u041a\u043e\u043f\u0438\u0440\u043e\u0432\u0430\u0442\u044c\" data-testid=\"copy-turn-action-button\"><\/button><\/p>\n<div class=\"flex\"><\/div>\n<div class=\"flex items-center pb-0\"><\/div>\n<\/div>\n<\/div>\n<\/div>\n","protected":false},"excerpt":{"rendered":"<p>\u042d\u0442\u0430 \u0442\u0443\u043c\u0431\u0430 \u043f\u043e\u0434 \u0440\u0430\u043a\u043e\u0432\u0438\u043d\u0443 \u043d\u0435\u0439\u0442\u0440\u0430\u043b\u044c\u043d\u043e\u0433\u043e \u0446\u0432\u0435\u0442\u0430 \u0432\u044b\u0434\u0435\u043b\u044f\u0435\u0442\u0441\u044f \u0441\u0432\u043e\u0438\u043c \u0441\u043e\u0432\u0440\u0435\u043c\u0435\u043d\u043d\u044b\u043c \u0438 \u043b\u0430\u043a\u043e\u043d\u0438\u0447\u043d\u044b\u043c \u0434\u0438\u0437\u0430\u0439\u043d\u043e\u043c. \u0421\u0432\u0435\u0442\u043b\u043e-\u0441\u0435\u0440\u044b\u0435 \u0442\u043e\u043d\u0430 \u043f\u0440\u0438\u0434\u0430\u044e\u0442 \u0435\u0439 \u044d\u043b\u0435\u0433\u0430\u043d\u0442\u043d\u044b\u0439 \u0438 \u0441\u0442\u0440\u043e\u0433\u0438\u0439 \u0432\u0438\u0434. \u041f\u0440\u044f\u043c\u044b\u0435 \u043b\u0438\u043d\u0438\u0438 \u0438 \u043f\u0440\u043e\u0441\u0442\u0430\u044f \u0444\u043e\u0440\u043c\u0430 \u0433\u0430\u0440\u043c\u043e\u043d\u0438\u0447\u043d\u043e \u0441\u043e\u0447\u0435\u0442\u0430\u044e\u0442\u0441\u044f \u0441 \u043c\u0438\u043d\u0438\u043c\u0430\u043b\u0438\u0441\u0442\u0441\u043a\u043e\u0439 \u044d\u0441\u0442\u0435\u0442\u0438\u043a\u043e\u0439. \u0414\u0432\u0430 \u0432\u043c\u0435\u0441\u0442\u0438\u0442\u0435\u043b\u044c\u043d\u044b\u0445 \u044f\u0449\u0438\u043a\u0430 \u043e\u0431\u0435\u0441\u043f\u0435\u0447\u0438\u0432\u0430\u044e\u0442 \u0434\u043e\u0441\u0442\u0430\u0442\u043e\u0447\u043d\u043e \u043c\u0435\u0441\u0442\u0430 \u0434\u043b\u044f \u043e\u0440\u0433\u0430\u043d\u0438\u0437\u0430\u0446\u0438\u0438 \u043f\u0440\u043e\u0441\u0442\u0440\u0430\u043d\u0441\u0442\u0432\u0430. \u042d\u0442\u0430 \u0442\u0443\u043c\u0431\u0430 \u043f\u043e\u0434 \u0440\u0430\u043a\u043e\u0432\u0438\u043d\u0443 \u0438\u0434\u0435\u0430\u043b\u044c\u043d\u043e \u043f\u043e\u0434\u0445\u043e\u0434\u0438\u0442 \u0434\u043b\u044f \u0441\u043e\u0432\u0440\u0435\u043c\u0435\u043d\u043d\u044b\u0445 \u0438\u043d\u0442\u0435\u0440\u044c\u0435\u0440\u043e\u0432, \u0433\u0434\u0435 \u0432\u0430\u0436\u043d\u044b \u043a\u0430\u043a \u043f\u0440\u0430\u043a\u0442\u0438\u0447\u043d\u043e\u0441\u0442\u044c, \u0442\u0430\u043a \u0438 \u044d\u043b\u0435\u0433\u0430\u043d\u0442\u043d\u043e\u0441\u0442\u044c\u2026<\/p>","protected":false},"featured_media":22967,"comment_status":"closed","ping_status":"closed","template":"","meta":[],"product_brand":[],"product_cat":[1506],"product_tag":[],"collection":[],"brand":[79],"category_2":[],"catergory_brand":[],"class_list":{"0":"post-19058","1":"product","2":"type-product","3":"status-publish","4":"has-post-thumbnail","6":"product_cat-bathroom-vanity","7":"brand-kerama-marazzi","9":"first","10":"instock","11":"shipping-taxable","12":"product-type-simple"},"_links":{"self":[{"href":"https:\/\/simfoniya.az\/ru\/wp-json\/wp\/v2\/product\/19058","targetHints":{"allow":["GET"]}}],"collection":[{"href":"https:\/\/simfoniya.az\/ru\/wp-json\/wp\/v2\/product"}],"about":[{"href":"https:\/\/simfoniya.az\/ru\/wp-json\/wp\/v2\/types\/product"}],"replies":[{"embeddable":true,"href":"https:\/\/simfoniya.az\/ru\/wp-json\/wp\/v2\/comments?post=19058"}],"wp:featuredmedia":[{"embeddable":true,"href":"https:\/\/simfoniya.az\/ru\/wp-json\/wp\/v2\/media\/22967"}],"wp:attachment":[{"href":"https:\/\/simfoniya.az\/ru\/wp-json\/wp\/v2\/media?parent=19058"}],"wp:term":[{"taxonomy":"product_brand","embeddable":true,"href":"https:\/\/simfoniya.az\/ru\/wp-json\/wp\/v2\/product_brand?post=19058"},{"taxonomy":"product_cat","embeddable":true,"href":"https:\/\/simfoniya.az\/ru\/wp-json\/wp\/v2\/product_cat?post=19058"},{"taxonomy":"product_tag","embeddable":true,"href":"https:\/\/simfoniya.az\/ru\/wp-json\/wp\/v2\/product_tag?post=19058"},{"taxonomy":"collection","embeddable":true,"href":"https:\/\/simfoniya.az\/ru\/wp-json\/wp\/v2\/collection?post=19058"},{"taxonomy":"brand","embeddable":true,"href":"https:\/\/simfoniya.az\/ru\/wp-json\/wp\/v2\/brand?post=19058"},{"taxonomy":"category_2","embeddable":true,"href":"https:\/\/simfoniya.az\/ru\/wp-json\/wp\/v2\/category_2?post=19058"},{"taxonomy":"catergory_brand","embeddable":true,"href":"https:\/\/simfoniya.az\/ru\/wp-json\/wp\/v2\/catergory_brand?post=19058"}],"curies":[{"name":"WP","href":"https:\/\/api.w.org\/{rel}","templated":true}]}}