{"id":19059,"date":"2024-06-02T06:02:26","date_gmt":"2024-06-02T06:02:26","guid":{"rendered":"https:\/\/simfoniya.az\/product\/kerama-marazzi-cubo-90cm-malvarakovina-sagguzgu\/"},"modified":"2024-10-04T10:21:07","modified_gmt":"2024-10-04T10:21:07","slug":"kerama-marazzi-cubo-90cm-malvarakovina-sagguzgu","status":"publish","type":"product","link":"https:\/\/simfoniya.az\/ru\/product\/kerama-marazzi-cubo-90cm-malvarakovina-sagguzgu\/","title":{"rendered":"\u041a\u0435\u0440\u0430\u043c\u0430 \u041c\u0430\u0440\u0430\u0446\u0446\u0438 \/ \u041c\u0435\u0431\u0435\u043b\u044c \u041c\u043e\u0439\u043a\u0430"},"content":{"rendered":"<div class=\"flex max-w-full flex-col flex-grow\">\n<div class=\"min-h-8 text-message flex w-full flex-col items-end gap-2 whitespace-normal break-words [.text-message+&amp;]:mt-5\" dir=\"auto\" data-message-author-role=\"assistant\" data-message-id=\"92400368-dad2-4c4d-885d-13c0c4873c40\">\n<div class=\"flex w-full flex-col gap-1 empty:hidden first:pt-[3px]\">\n<div class=\"markdown prose w-full break-words dark:prose-invert light\">\n<p>Bu, yum\u015faq pastel tonlarda, x\u00fcsusil\u0259 a\u00e7\u0131q \u00e7\u0259hray\u0131 r\u0259ngd\u0259 dizayna malik dolabl\u0131 moykad\u0131r. Onun m\u00fcasir v\u0259 t\u0259miz x\u0259tl\u0259ri, minimalist t\u0259rzi v\u0259 estetik g\u00f6r\u00fcn\u00fc\u015f\u00fc il\u0259 diqq\u0259ti \u00e7\u0259kir. \u0130ki geni\u015f \u00e7\u0259km\u0259c\u0259si, praktik saxlama imkanlar\u0131 t\u0259klif ed\u0259r\u0259k h\u0259m g\u00f6z\u0259l, h\u0259m d\u0259 i\u015fl\u0259k h\u0259ll yolu sunur. Bu dolabl\u0131 moyka, z\u0259rif v\u0259 n\u0259fis bir toxunu\u015fla m\u00fcasir vanna otaqlar\u0131n\u0131 z\u0259nginl\u0259\u015fdir\u0259 bil\u0259r, h\u0259m\u00e7inin rahat v\u0259 t\u0259\u015fkilatl\u0131 bir m\u00fchit yaratmaq \u00fc\u00e7\u00fcn ideald\u0131r.<\/p>\n<\/div>\n<\/div>\n<\/div>\n<\/div>\n<div class=\"mb-2 flex gap-3 empty:hidden -ml-2\">\n<div class=\"items-center justify-start rounded-xl p-1 flex\">\n<div class=\"flex items-center\"><button class=\"rounded-lg text-token-text-secondary hover:bg-token-main-surface-secondary\" aria-label=\"Read aloud\" data-testid=\"voice-play-turn-action-button\"><\/button><button class=\"rounded-lg text-token-text-secondary hover:bg-token-main-surface-secondary\" aria-label=\"\u041a\u043e\u043f\u0438\u0440\u043e\u0432\u0430\u0442\u044c\" data-testid=\"copy-turn-action-button\"><\/button><\/p>\n<div class=\"flex\"><\/div>\n<div class=\"flex items-center pb-0\"><\/div>\n<\/div>\n<\/div>\n<\/div>\n","protected":false},"excerpt":{"rendered":"<p>Bu, yum\u015faq pastel tonlarda, x\u00fcsusil\u0259 a\u00e7\u0131q \u00e7\u0259hray\u0131 r\u0259ngd\u0259 dizayna malik dolabl\u0131 moykad\u0131r. Onun m\u00fcasir v\u0259 t\u0259miz x\u0259tl\u0259ri, minimalist t\u0259rzi v\u0259 estetik g\u00f6r\u00fcn\u00fc\u015f\u00fc il\u0259 diqq\u0259ti \u00e7\u0259kir. \u0130ki geni\u015f \u00e7\u0259km\u0259c\u0259si, praktik saxlama imkanlar\u0131 t\u0259klif ed\u0259r\u0259k h\u0259m g\u00f6z\u0259l, h\u0259m d\u0259 i\u015fl\u0259k h\u0259ll yolu sunur. Bu dolabl\u0131 moyka, z\u0259rif v\u0259 n\u0259fis bir toxunu\u015fla m\u00fcasir vanna otaqlar\u0131n\u0131 z\u0259nginl\u0259\u015fdir\u0259 bil\u0259r, h\u0259m\u00e7inin rahat v\u0259 t\u0259\u015fkilatl\u0131 bir m\u00fchit\u2026<\/p>","protected":false},"featured_media":22704,"comment_status":"closed","ping_status":"closed","template":"","meta":[],"product_brand":[],"product_cat":[1506],"product_tag":[],"collection":[],"brand":[79],"category_2":[],"catergory_brand":[],"class_list":{"0":"post-19059","1":"product","2":"type-product","3":"status-publish","4":"has-post-thumbnail","6":"product_cat-bathroom-vanity","7":"brand-kerama-marazzi","9":"first","10":"instock","11":"shipping-taxable","12":"product-type-simple"},"_links":{"self":[{"href":"https:\/\/simfoniya.az\/ru\/wp-json\/wp\/v2\/product\/19059","targetHints":{"allow":["GET"]}}],"collection":[{"href":"https:\/\/simfoniya.az\/ru\/wp-json\/wp\/v2\/product"}],"about":[{"href":"https:\/\/simfoniya.az\/ru\/wp-json\/wp\/v2\/types\/product"}],"replies":[{"embeddable":true,"href":"https:\/\/simfoniya.az\/ru\/wp-json\/wp\/v2\/comments?post=19059"}],"wp:featuredmedia":[{"embeddable":true,"href":"https:\/\/simfoniya.az\/ru\/wp-json\/wp\/v2\/media\/22704"}],"wp:attachment":[{"href":"https:\/\/simfoniya.az\/ru\/wp-json\/wp\/v2\/media?parent=19059"}],"wp:term":[{"taxonomy":"product_brand","embeddable":true,"href":"https:\/\/simfoniya.az\/ru\/wp-json\/wp\/v2\/product_brand?post=19059"},{"taxonomy":"product_cat","embeddable":true,"href":"https:\/\/simfoniya.az\/ru\/wp-json\/wp\/v2\/product_cat?post=19059"},{"taxonomy":"product_tag","embeddable":true,"href":"https:\/\/simfoniya.az\/ru\/wp-json\/wp\/v2\/product_tag?post=19059"},{"taxonomy":"collection","embeddable":true,"href":"https:\/\/simfoniya.az\/ru\/wp-json\/wp\/v2\/collection?post=19059"},{"taxonomy":"brand","embeddable":true,"href":"https:\/\/simfoniya.az\/ru\/wp-json\/wp\/v2\/brand?post=19059"},{"taxonomy":"category_2","embeddable":true,"href":"https:\/\/simfoniya.az\/ru\/wp-json\/wp\/v2\/category_2?post=19059"},{"taxonomy":"catergory_brand","embeddable":true,"href":"https:\/\/simfoniya.az\/ru\/wp-json\/wp\/v2\/catergory_brand?post=19059"}],"curies":[{"name":"WP","href":"https:\/\/api.w.org\/{rel}","templated":true}]}}