{"id":19070,"date":"2024-06-02T06:02:34","date_gmt":"2024-06-02T06:02:34","guid":{"rendered":"https:\/\/simfoniya.az\/product\/kerama-marazzi-lato-50cm-agrakovina\/"},"modified":"2024-10-04T10:18:26","modified_gmt":"2024-10-04T10:18:26","slug":"kerama-marazzi-lato-50cm-agrakovina","status":"publish","type":"product","link":"https:\/\/simfoniya.az\/ru\/product\/kerama-marazzi-lato-50cm-agrakovina\/","title":{"rendered":"\u041a\u0435\u0440\u0430\u043c\u0430 \u041c\u0430\u0440\u0430\u0446\u0446\u0438 \/ \u041c\u043e\u0439\u043a\u0430"},"content":{"rendered":"<div class=\"flex max-w-full flex-col flex-grow\">\n<div class=\"min-h-8 text-message flex w-full flex-col items-end gap-2 whitespace-normal break-words [.text-message+&amp;]:mt-5\" dir=\"auto\" data-message-author-role=\"assistant\" data-message-id=\"907cb486-6af3-4d36-a20b-dda88c8dca53\">\n<div class=\"flex w-full flex-col gap-1 empty:hidden first:pt-[3px]\">\n<div class=\"markdown prose w-full break-words dark:prose-invert light\">\n<p>Bu, minimalist v\u0259 m\u00fcasir dizayna malik a\u011f dolabl\u0131 moykad\u0131r. D\u00fcz x\u0259tl\u0259r v\u0259 t\u0259miz y\u00fczeyl\u0259r sad\u0259lik v\u0259 z\u0259rifliyi \u0259ks etdirir. Dolab\u0131n i\u00e7\u0259risi saxlama \u00fc\u00e7\u00fcn geni\u015f yer t\u0259klif edir, bu da onu praktik v\u0259 i\u015fl\u0259k edir. \u00dcst\u00fcnd\u0259 yerl\u0259\u015f\u0259n kran, parlaq metal il\u0259 b\u0259z\u0259dilmi\u015fdir, bu da m\u00fcasir estetikaya uy\u011funlu\u011fu art\u0131r\u0131r. Bu moyka, m\u00fcasir vanna otaqlar\u0131 \u00fc\u00e7\u00fcn ideal se\u00e7imdir, h\u0259m funksional, h\u0259m d\u0259 g\u00f6z\u0259l bir \u0259lav\u0259 olaraq.<\/p>\n<\/div>\n<\/div>\n<\/div>\n<\/div>\n<div class=\"mb-2 flex gap-3 empty:hidden -ml-2\">\n<div class=\"items-center justify-start rounded-xl p-1 flex\">\n<div class=\"flex items-center\"><button class=\"rounded-lg text-token-text-secondary hover:bg-token-main-surface-secondary\" aria-label=\"Read aloud\" data-testid=\"voice-play-turn-action-button\"><\/button><button class=\"rounded-lg text-token-text-secondary hover:bg-token-main-surface-secondary\" aria-label=\"\u041a\u043e\u043f\u0438\u0440\u043e\u0432\u0430\u0442\u044c\" data-testid=\"copy-turn-action-button\"><\/button><\/p>\n<div class=\"flex\"><\/div>\n<div class=\"flex items-center pb-0\"><\/div>\n<\/div>\n<\/div>\n<\/div>\n","protected":false},"excerpt":{"rendered":"<p>Bu, minimalist v\u0259 m\u00fcasir dizayna malik a\u011f dolabl\u0131 moykad\u0131r. D\u00fcz x\u0259tl\u0259r v\u0259 t\u0259miz y\u00fczeyl\u0259r sad\u0259lik v\u0259 z\u0259rifliyi \u0259ks etdirir. Dolab\u0131n i\u00e7\u0259risi saxlama \u00fc\u00e7\u00fcn geni\u015f yer t\u0259klif edir, bu da onu praktik v\u0259 i\u015fl\u0259k edir. \u00dcst\u00fcnd\u0259 yerl\u0259\u015f\u0259n kran, parlaq metal il\u0259 b\u0259z\u0259dilmi\u015fdir, bu da m\u00fcasir estetikaya uy\u011funlu\u011fu art\u0131r\u0131r. Bu moyka, m\u00fcasir vanna otaqlar\u0131 \u00fc\u00e7\u00fcn ideal se\u00e7imdir, h\u0259m funksional, h\u0259m d\u0259 g\u00f6z\u0259l\u2026<\/p>","protected":false},"featured_media":22137,"comment_status":"closed","ping_status":"closed","template":"","meta":[],"product_brand":[],"product_cat":[1506],"product_tag":[],"collection":[],"brand":[79],"category_2":[],"catergory_brand":[],"class_list":{"0":"post-19070","1":"product","2":"type-product","3":"status-publish","4":"has-post-thumbnail","6":"product_cat-bathroom-vanity","7":"brand-kerama-marazzi","9":"first","10":"instock","11":"shipping-taxable","12":"product-type-simple"},"_links":{"self":[{"href":"https:\/\/simfoniya.az\/ru\/wp-json\/wp\/v2\/product\/19070","targetHints":{"allow":["GET"]}}],"collection":[{"href":"https:\/\/simfoniya.az\/ru\/wp-json\/wp\/v2\/product"}],"about":[{"href":"https:\/\/simfoniya.az\/ru\/wp-json\/wp\/v2\/types\/product"}],"replies":[{"embeddable":true,"href":"https:\/\/simfoniya.az\/ru\/wp-json\/wp\/v2\/comments?post=19070"}],"wp:featuredmedia":[{"embeddable":true,"href":"https:\/\/simfoniya.az\/ru\/wp-json\/wp\/v2\/media\/22137"}],"wp:attachment":[{"href":"https:\/\/simfoniya.az\/ru\/wp-json\/wp\/v2\/media?parent=19070"}],"wp:term":[{"taxonomy":"product_brand","embeddable":true,"href":"https:\/\/simfoniya.az\/ru\/wp-json\/wp\/v2\/product_brand?post=19070"},{"taxonomy":"product_cat","embeddable":true,"href":"https:\/\/simfoniya.az\/ru\/wp-json\/wp\/v2\/product_cat?post=19070"},{"taxonomy":"product_tag","embeddable":true,"href":"https:\/\/simfoniya.az\/ru\/wp-json\/wp\/v2\/product_tag?post=19070"},{"taxonomy":"collection","embeddable":true,"href":"https:\/\/simfoniya.az\/ru\/wp-json\/wp\/v2\/collection?post=19070"},{"taxonomy":"brand","embeddable":true,"href":"https:\/\/simfoniya.az\/ru\/wp-json\/wp\/v2\/brand?post=19070"},{"taxonomy":"category_2","embeddable":true,"href":"https:\/\/simfoniya.az\/ru\/wp-json\/wp\/v2\/category_2?post=19070"},{"taxonomy":"catergory_brand","embeddable":true,"href":"https:\/\/simfoniya.az\/ru\/wp-json\/wp\/v2\/catergory_brand?post=19070"}],"curies":[{"name":"WP","href":"https:\/\/api.w.org\/{rel}","templated":true}]}}