{"id":19093,"date":"2024-06-02T06:03:14","date_gmt":"2024-06-02T06:03:14","guid":{"rendered":"https:\/\/simfoniya.az\/product\/kerama-marazzi-plaza-modern-120cm-agrakovina120cm-guzgurialto-yasil-dezgah\/"},"modified":"2024-11-04T09:58:13","modified_gmt":"2024-11-04T09:58:13","slug":"kerama-marazzi-plaza-modern-120cm-agrakovina120cm-guzgurialto-yasil-dezgah","status":"publish","type":"product","link":"https:\/\/simfoniya.az\/ru\/product\/kerama-marazzi-plaza-modern-120cm-agrakovina120cm-guzgurialto-yasil-dezgah\/","title":{"rendered":"\u041a\u0435\u0440\u0430\u043c\u0430 \u041c\u0430\u0440\u0430\u0446\u0446\u0438 \/ \u041c\u0435\u0431\u0435\u043b\u044c \u041c\u043e\u0439\u043a\u0430"},"content":{"rendered":"<div class=\"flex max-w-full flex-col flex-grow\">\n<div class=\"min-h-8 text-message flex w-full flex-col items-end gap-2 whitespace-normal break-words [.text-message+&amp;]:mt-5\" dir=\"auto\" data-message-author-role=\"assistant\" data-message-id=\"ef0b5268-cb6a-4f00-9148-2cae4a9e7006\">\n<div class=\"flex w-full flex-col gap-1 empty:hidden first:pt-[3px]\">\n<div class=\"markdown prose w-full break-words dark:prose-invert light\">\n<p>Bu, m\u00fcasir v\u0259 minimalist dizaynl\u0131 dolabd\u0131r. A\u011f parlaq y\u00fczeyl\u0259r v\u0259 qara \u00fcst qisiml\u0259r z\u0259rif bir kontrast yarad\u0131r. \u0130ki geni\u015f \u00e7\u0259km\u0259c\u0259si il\u0259 bol saxlama sah\u0259si t\u0259klif edir, bu da onu h\u0259m i\u015fl\u0259k h\u0259m d\u0259 estetik c\u0259h\u0259td\u0259n c\u0259lbedici edir. Dolab\u0131n d\u00fcz v\u0259 t\u0259miz x\u0259tl\u0259ri m\u00fcasir vanna otaqlar\u0131 \u00fc\u00e7\u00fcn uy\u011fundur, h\u0259m\u00e7inin istifad\u0259sini rahat v\u0259 praktik edir.<\/p>\n<\/div>\n<\/div>\n<\/div>\n<\/div>\n<div class=\"mb-2 flex gap-3 empty:hidden -ml-2\">\n<div class=\"items-center justify-start rounded-xl p-1 flex\">\n<div class=\"flex items-center\">\n<p>&nbsp;<\/p>\n<div class=\"flex\"><\/div>\n<div class=\"flex items-center pb-0\"><\/div>\n<\/div>\n<\/div>\n<\/div>\n","protected":false},"excerpt":{"rendered":"<p>\u042d\u0442\u043e \u0433\u0430\u0440\u0434\u0435\u0440\u043e\u0431 \u0441\u043e\u0432\u0440\u0435\u043c\u0435\u043d\u043d\u043e\u0433\u043e \u043c\u0438\u043d\u0438\u043c\u0430\u043b\u0438\u0441\u0442\u0438\u0447\u043d\u043e\u0433\u043e \u0434\u0438\u0437\u0430\u0439\u043d\u0430. \u0411\u0435\u043b\u044b\u0435 \u0433\u043b\u044f\u043d\u0446\u0435\u0432\u044b\u0435 \u043f\u043e\u0432\u0435\u0440\u0445\u043d\u043e\u0441\u0442\u0438 \u0438 \u0447\u0435\u0440\u043d\u044b\u0439 \u0432\u0435\u0440\u0445 \u0441\u043e\u0437\u0434\u0430\u044e\u0442 \u044d\u043b\u0435\u0433\u0430\u043d\u0442\u043d\u044b\u0439 \u043a\u043e\u043d\u0442\u0440\u0430\u0441\u0442. \u041e\u043d \u043f\u0440\u0435\u0434\u043b\u0430\u0433\u0430\u0435\u0442 \u043c\u043d\u043e\u0433\u043e \u043c\u0435\u0441\u0442\u0430 \u0434\u043b\u044f \u0445\u0440\u0430\u043d\u0435\u043d\u0438\u044f \u0432\u0435\u0449\u0435\u0439 \u0431\u043b\u0430\u0433\u043e\u0434\u0430\u0440\u044f \u0434\u0432\u0443\u043c \u043f\u0440\u043e\u0441\u0442\u043e\u0440\u043d\u044b\u043c \u044f\u0449\u0438\u043a\u0430\u043c, \u0447\u0442\u043e \u0434\u0435\u043b\u0430\u0435\u0442 \u0435\u0433\u043e \u043e\u0434\u043d\u043e\u0432\u0440\u0435\u043c\u0435\u043d\u043d\u043e \u0444\u0443\u043d\u043a\u0446\u0438\u043e\u043d\u0430\u043b\u044c\u043d\u044b\u043c \u0438 \u044d\u0441\u0442\u0435\u0442\u0438\u0447\u0435\u0441\u043a\u0438 \u043f\u0440\u0438\u0432\u043b\u0435\u043a\u0430\u0442\u0435\u043b\u044c\u043d\u044b\u043c. \u041f\u0440\u044f\u043c\u044b\u0435 \u0438 \u0447\u0438\u0441\u0442\u044b\u0435 \u043b\u0438\u043d\u0438\u0438 \u0448\u043a\u0430\u0444\u0430 \u043f\u043e\u0434\u0445\u043e\u0434\u044f\u0442 \u0434\u043b\u044f \u0441\u043e\u0432\u0440\u0435\u043c\u0435\u043d\u043d\u044b\u0445 \u0432\u0430\u043d\u043d\u044b\u0445 \u043a\u043e\u043c\u043d\u0430\u0442, \u0430 \u0442\u0430\u043a\u0436\u0435 \u0434\u0435\u043b\u0430\u044e\u0442 \u0435\u0433\u043e \u0443\u0434\u043e\u0431\u043d\u044b\u043c \u0438 \u043f\u0440\u0430\u043a\u0442\u0438\u0447\u043d\u044b\u043c \u0432 \u0438\u0441\u043f\u043e\u043b\u044c\u0437\u043e\u0432\u0430\u043d\u0438\u0438. &nbsp;<\/p>","protected":false},"featured_media":19092,"comment_status":"closed","ping_status":"closed","template":"","meta":[],"product_brand":[],"product_cat":[1506],"product_tag":[],"collection":[],"brand":[79],"category_2":[],"catergory_brand":[],"class_list":{"0":"post-19093","1":"product","2":"type-product","3":"status-publish","4":"has-post-thumbnail","6":"product_cat-bathroom-vanity","7":"brand-kerama-marazzi","9":"first","10":"instock","11":"shipping-taxable","12":"purchasable","13":"product-type-simple"},"_links":{"self":[{"href":"https:\/\/simfoniya.az\/ru\/wp-json\/wp\/v2\/product\/19093","targetHints":{"allow":["GET"]}}],"collection":[{"href":"https:\/\/simfoniya.az\/ru\/wp-json\/wp\/v2\/product"}],"about":[{"href":"https:\/\/simfoniya.az\/ru\/wp-json\/wp\/v2\/types\/product"}],"replies":[{"embeddable":true,"href":"https:\/\/simfoniya.az\/ru\/wp-json\/wp\/v2\/comments?post=19093"}],"wp:featuredmedia":[{"embeddable":true,"href":"https:\/\/simfoniya.az\/ru\/wp-json\/wp\/v2\/media\/19092"}],"wp:attachment":[{"href":"https:\/\/simfoniya.az\/ru\/wp-json\/wp\/v2\/media?parent=19093"}],"wp:term":[{"taxonomy":"product_brand","embeddable":true,"href":"https:\/\/simfoniya.az\/ru\/wp-json\/wp\/v2\/product_brand?post=19093"},{"taxonomy":"product_cat","embeddable":true,"href":"https:\/\/simfoniya.az\/ru\/wp-json\/wp\/v2\/product_cat?post=19093"},{"taxonomy":"product_tag","embeddable":true,"href":"https:\/\/simfoniya.az\/ru\/wp-json\/wp\/v2\/product_tag?post=19093"},{"taxonomy":"collection","embeddable":true,"href":"https:\/\/simfoniya.az\/ru\/wp-json\/wp\/v2\/collection?post=19093"},{"taxonomy":"brand","embeddable":true,"href":"https:\/\/simfoniya.az\/ru\/wp-json\/wp\/v2\/brand?post=19093"},{"taxonomy":"category_2","embeddable":true,"href":"https:\/\/simfoniya.az\/ru\/wp-json\/wp\/v2\/category_2?post=19093"},{"taxonomy":"catergory_brand","embeddable":true,"href":"https:\/\/simfoniya.az\/ru\/wp-json\/wp\/v2\/catergory_brand?post=19093"}],"curies":[{"name":"WP","href":"https:\/\/api.w.org\/{rel}","templated":true}]}}