{"id":19103,"date":"2024-06-02T06:03:30","date_gmt":"2024-06-02T06:03:30","guid":{"rendered":"https:\/\/simfoniya.az\/product\/kerama-marazzi-pro-white-60cmguzgurakovina\/"},"modified":"2024-11-04T09:01:38","modified_gmt":"2024-11-04T09:01:38","slug":"kerama-marazzi-pro-white-60cmguzgurakovina","status":"publish","type":"product","link":"https:\/\/simfoniya.az\/ru\/product\/kerama-marazzi-pro-white-60cmguzgurakovina\/","title":{"rendered":"\u041a\u0435\u0440\u0430\u043c\u0430 \u041c\u0430\u0440\u0430\u0446\u0446\u0438 \/ \u041c\u043e\u0439\u043a\u0430"},"content":{"rendered":"<div class=\"flex max-w-full flex-col flex-grow\">\n<div class=\"min-h-8 text-message flex w-full flex-col items-end gap-2 whitespace-normal break-words [.text-message+&amp;]:mt-5\" dir=\"auto\" data-message-author-role=\"assistant\" data-message-id=\"4dea37ca-9f8f-40db-ab99-b6d5fb1227f7\">\n<div class=\"flex w-full flex-col gap-1 empty:hidden first:pt-[3px]\">\n<div class=\"markdown prose w-full break-words dark:prose-invert light\">\n<p>Bu moyka t\u0259miz v\u0259 m\u00fcasir bir dizayna malikdir. \u00dcst hiss\u0259sind\u0259 a\u011f r\u0259ngd\u0259, d\u00fcz v\u0259 kvadrat formada moyka yerl\u0259\u015fir. Alt\u0131nda is\u0259 t\u0259bii taxta g\u00f6r\u00fcn\u00fc\u015fl\u00fc dolab var ki, bu da ona isti v\u0259 t\u0259bii bir g\u00f6rk\u0259m verir. Bu dizayn sad\u0259liyi v\u0259 funksionall\u0131\u011f\u0131 il\u0259 m\u00fcasir vanna otaqlar\u0131na uy\u011fun g\u0259lir. Dolab saxlama \u00fc\u00e7\u00fcn praktik sah\u0259 t\u0259klif edir.<\/p>\n<\/div>\n<\/div>\n<\/div>\n<\/div>\n<div class=\"mb-2 flex gap-3 empty:hidden -ml-2\">\n<div class=\"items-center justify-start rounded-xl p-1 flex\">\n<div class=\"flex items-center\">\n<p>&nbsp;<\/p>\n<div class=\"flex\"><\/div>\n<div class=\"flex items-center pb-0\"><\/div>\n<\/div>\n<\/div>\n<\/div>\n<p>&nbsp;<\/p>\n","protected":false},"excerpt":{"rendered":"<p>\u042d\u0442\u0430 \u043c\u043e\u0439\u043a\u0430 \u0438\u043c\u0435\u0435\u0442 \u043b\u0430\u043a\u043e\u043d\u0438\u0447\u043d\u044b\u0439 \u0438 \u0441\u043e\u0432\u0440\u0435\u043c\u0435\u043d\u043d\u044b\u0439 \u0434\u0438\u0437\u0430\u0439\u043d. \u0412 \u0432\u0435\u0440\u0445\u043d\u0435\u0439 \u0447\u0430\u0441\u0442\u0438 \u0440\u0430\u0441\u043f\u043e\u043b\u043e\u0436\u0435\u043d\u0430 \u0431\u0435\u043b\u0430\u044f, \u043f\u043b\u043e\u0441\u043a\u0430\u044f \u0438 \u043a\u0432\u0430\u0434\u0440\u0430\u0442\u043d\u0430\u044f \u043c\u043e\u0439\u043a\u0430. \u0412\u043d\u0438\u0437\u0443 \u043d\u0430\u0445\u043e\u0434\u0438\u0442\u0441\u044f \u0448\u043a\u0430\u0444, \u0438\u043c\u0438\u0442\u0438\u0440\u0443\u044e\u0449\u0438\u0439 \u043d\u0430\u0442\u0443\u0440\u0430\u043b\u044c\u043d\u043e\u0435 \u0434\u0435\u0440\u0435\u0432\u043e, \u0447\u0442\u043e \u043f\u0440\u0438\u0434\u0430\u0435\u0442 \u0435\u043c\u0443 \u0442\u0435\u043f\u043b\u044b\u0439 \u0438 \u0435\u0441\u0442\u0435\u0441\u0442\u0432\u0435\u043d\u043d\u044b\u0439 \u0432\u0438\u0434. \u042d\u0442\u043e\u0442 \u0434\u0438\u0437\u0430\u0439\u043d \u043f\u043e\u0434\u043e\u0439\u0434\u0435\u0442 \u0434\u043b\u044f \u0441\u043e\u0432\u0440\u0435\u043c\u0435\u043d\u043d\u044b\u0445 \u0432\u0430\u043d\u043d\u044b\u0445 \u043a\u043e\u043c\u043d\u0430\u0442 \u0441\u0432\u043e\u0435\u0439 \u043f\u0440\u043e\u0441\u0442\u043e\u0442\u043e\u0439 \u0438 \u0444\u0443\u043d\u043a\u0446\u0438\u043e\u043d\u0430\u043b\u044c\u043d\u043e\u0441\u0442\u044c\u044e. \u0428\u043a\u0430\u0444 \u043f\u0440\u0435\u0434\u0441\u0442\u0430\u0432\u043b\u044f\u0435\u0442 \u0441\u043e\u0431\u043e\u0439 \u043f\u0440\u0430\u043a\u0442\u0438\u0447\u043d\u043e\u0435 \u043c\u0435\u0441\u0442\u043e \u0434\u043b\u044f \u0445\u0440\u0430\u043d\u0435\u043d\u0438\u044f \u0432\u0435\u0449\u0435\u0439. &nbsp; &nbsp;<\/p>","protected":false},"featured_media":22971,"comment_status":"closed","ping_status":"closed","template":"","meta":[],"product_brand":[],"product_cat":[1461],"product_tag":[],"collection":[],"brand":[79],"category_2":[],"catergory_brand":[],"class_list":{"0":"post-19103","1":"product","2":"type-product","3":"status-publish","4":"has-post-thumbnail","6":"product_cat-wash-basins","7":"brand-kerama-marazzi","9":"first","10":"instock","11":"shipping-taxable","12":"product-type-simple"},"_links":{"self":[{"href":"https:\/\/simfoniya.az\/ru\/wp-json\/wp\/v2\/product\/19103","targetHints":{"allow":["GET"]}}],"collection":[{"href":"https:\/\/simfoniya.az\/ru\/wp-json\/wp\/v2\/product"}],"about":[{"href":"https:\/\/simfoniya.az\/ru\/wp-json\/wp\/v2\/types\/product"}],"replies":[{"embeddable":true,"href":"https:\/\/simfoniya.az\/ru\/wp-json\/wp\/v2\/comments?post=19103"}],"wp:featuredmedia":[{"embeddable":true,"href":"https:\/\/simfoniya.az\/ru\/wp-json\/wp\/v2\/media\/22971"}],"wp:attachment":[{"href":"https:\/\/simfoniya.az\/ru\/wp-json\/wp\/v2\/media?parent=19103"}],"wp:term":[{"taxonomy":"product_brand","embeddable":true,"href":"https:\/\/simfoniya.az\/ru\/wp-json\/wp\/v2\/product_brand?post=19103"},{"taxonomy":"product_cat","embeddable":true,"href":"https:\/\/simfoniya.az\/ru\/wp-json\/wp\/v2\/product_cat?post=19103"},{"taxonomy":"product_tag","embeddable":true,"href":"https:\/\/simfoniya.az\/ru\/wp-json\/wp\/v2\/product_tag?post=19103"},{"taxonomy":"collection","embeddable":true,"href":"https:\/\/simfoniya.az\/ru\/wp-json\/wp\/v2\/collection?post=19103"},{"taxonomy":"brand","embeddable":true,"href":"https:\/\/simfoniya.az\/ru\/wp-json\/wp\/v2\/brand?post=19103"},{"taxonomy":"category_2","embeddable":true,"href":"https:\/\/simfoniya.az\/ru\/wp-json\/wp\/v2\/category_2?post=19103"},{"taxonomy":"catergory_brand","embeddable":true,"href":"https:\/\/simfoniya.az\/ru\/wp-json\/wp\/v2\/catergory_brand?post=19103"}],"curies":[{"name":"WP","href":"https:\/\/api.w.org\/{rel}","templated":true}]}}