{"id":19108,"date":"2024-06-02T06:03:36","date_gmt":"2024-06-02T06:03:36","guid":{"rendered":"https:\/\/simfoniya.az\/product\/kerama-marazzi-techno-qapili-guzgu-65-cm\/"},"modified":"2024-10-03T18:59:04","modified_gmt":"2024-10-03T18:59:04","slug":"kerama-marazzi-techno-qapili-guzgu-65-cm","status":"publish","type":"product","link":"https:\/\/simfoniya.az\/ru\/product\/kerama-marazzi-techno-qapili-guzgu-65-cm\/","title":{"rendered":"\u041a\u0435\u0440\u0430\u043c\u0430 \u041c\u0430\u0440\u0430\u0446\u0446\u0438 \/ \u0417\u0435\u0440\u043a\u0430\u043b\u043e"},"content":{"rendered":"<div class=\"flex max-w-full flex-col flex-grow\">\n<div class=\"min-h-8 text-message flex w-full flex-col items-end gap-2 whitespace-normal break-words [.text-message+&amp;]:mt-5\" dir=\"auto\" data-message-author-role=\"assistant\" data-message-id=\"c5ea5b3b-2099-41a5-a74d-cf1374de12a2\">\n<div class=\"flex w-full flex-col gap-1 empty:hidden first:pt-[3px]\">\n<div class=\"markdown prose w-full break-words dark:prose-invert light\">\n<p>Bu, divar \u00fc\u00e7\u00fcn n\u0259z\u0259rd\u0259 tutulan, \u00e7\u0259r\u00e7iv\u0259li v\u0259 ikiqat slaydl\u0131 qap\u0131 dizaynl\u0131 ayna. Alt sa\u011f k\u00fcnc\u00fcnd\u0259 yerl\u0259\u015f\u0259n ki\u00e7ik sensor d\u00fcym\u0259si il\u0259 idar\u0259 oluna bil\u0259r. Slaydl\u0131 qap\u0131 funksiyas\u0131, istifad\u0259\u00e7iy\u0259 asanl\u0131qla m\u00fcxt\u0259lif bucaqlardan \u00f6zl\u0259rini g\u00f6r\u0259 bilm\u0259 imkan\u0131 verir.<\/p>\n<\/div>\n<\/div>\n<\/div>\n<\/div>\n<div class=\"mb-2 flex gap-3 empty:hidden -ml-2\">\n<div class=\"items-center justify-start rounded-xl p-1 flex\">\n<div class=\"flex items-center\"><button class=\"rounded-lg text-token-text-secondary hover:bg-token-main-surface-secondary\" aria-label=\"Read aloud\" data-testid=\"voice-play-turn-action-button\"><\/button><button class=\"rounded-lg text-token-text-secondary hover:bg-token-main-surface-secondary\" aria-label=\"\u041a\u043e\u043f\u0438\u0440\u043e\u0432\u0430\u0442\u044c\" data-testid=\"copy-turn-action-button\"><\/button><\/p>\n<div class=\"flex\"><\/div>\n<div class=\"flex items-center pb-0\"><\/div>\n<\/div>\n<\/div>\n<\/div>\n","protected":false},"excerpt":{"rendered":"<p>\u042d\u0442\u043e \u043d\u0430\u0441\u0442\u0435\u043d\u043d\u043e\u0435 \u0437\u0435\u0440\u043a\u0430\u043b\u043e \u0441 \u0440\u0430\u043c\u043e\u0439 \u0438 \u0434\u0432\u043e\u0439\u043d\u043e\u0439 \u0440\u0430\u0437\u0434\u0432\u0438\u0436\u043d\u043e\u0439 \u0434\u0432\u0435\u0440\u044c\u044e. \u0423\u043f\u0440\u0430\u0432\u043b\u044f\u0442\u044c \u0438\u043c \u043c\u043e\u0436\u043d\u043e \u0441 \u043f\u043e\u043c\u043e\u0449\u044c\u044e \u043d\u0435\u0431\u043e\u043b\u044c\u0448\u043e\u0439 \u0441\u0435\u043d\u0441\u043e\u0440\u043d\u043e\u0439 \u043a\u043d\u043e\u043f\u043a\u0438, \u0440\u0430\u0441\u043f\u043e\u043b\u043e\u0436\u0435\u043d\u043d\u043e\u0439 \u0432 \u043f\u0440\u0430\u0432\u043e\u043c \u043d\u0438\u0436\u043d\u0435\u043c \u0443\u0433\u043b\u0443. \u0424\u0443\u043d\u043a\u0446\u0438\u044f \u0440\u0430\u0437\u0434\u0432\u0438\u0436\u043d\u043e\u0439 \u0434\u0432\u0435\u0440\u0438 \u043f\u043e\u0437\u0432\u043e\u043b\u044f\u0435\u0442 \u043f\u043e\u043b\u044c\u0437\u043e\u0432\u0430\u0442\u0435\u043b\u044e \u043b\u0435\u0433\u043a\u043e \u0432\u0438\u0434\u0435\u0442\u044c \u0441\u0435\u0431\u044f \u043f\u043e\u0434 \u0440\u0430\u0437\u043d\u044b\u043c\u0438 \u0443\u0433\u043b\u0430\u043c\u0438.<\/p>","protected":false},"featured_media":22129,"comment_status":"closed","ping_status":"closed","template":"","meta":[],"product_brand":[],"product_cat":[426],"product_tag":[],"collection":[],"brand":[79],"category_2":[],"catergory_brand":[],"class_list":{"0":"post-19108","1":"product","2":"type-product","3":"status-publish","4":"has-post-thumbnail","6":"product_cat-makeup-mirrors","7":"brand-kerama-marazzi","9":"first","10":"instock","11":"shipping-taxable","12":"product-type-simple"},"_links":{"self":[{"href":"https:\/\/simfoniya.az\/ru\/wp-json\/wp\/v2\/product\/19108","targetHints":{"allow":["GET"]}}],"collection":[{"href":"https:\/\/simfoniya.az\/ru\/wp-json\/wp\/v2\/product"}],"about":[{"href":"https:\/\/simfoniya.az\/ru\/wp-json\/wp\/v2\/types\/product"}],"replies":[{"embeddable":true,"href":"https:\/\/simfoniya.az\/ru\/wp-json\/wp\/v2\/comments?post=19108"}],"wp:featuredmedia":[{"embeddable":true,"href":"https:\/\/simfoniya.az\/ru\/wp-json\/wp\/v2\/media\/22129"}],"wp:attachment":[{"href":"https:\/\/simfoniya.az\/ru\/wp-json\/wp\/v2\/media?parent=19108"}],"wp:term":[{"taxonomy":"product_brand","embeddable":true,"href":"https:\/\/simfoniya.az\/ru\/wp-json\/wp\/v2\/product_brand?post=19108"},{"taxonomy":"product_cat","embeddable":true,"href":"https:\/\/simfoniya.az\/ru\/wp-json\/wp\/v2\/product_cat?post=19108"},{"taxonomy":"product_tag","embeddable":true,"href":"https:\/\/simfoniya.az\/ru\/wp-json\/wp\/v2\/product_tag?post=19108"},{"taxonomy":"collection","embeddable":true,"href":"https:\/\/simfoniya.az\/ru\/wp-json\/wp\/v2\/collection?post=19108"},{"taxonomy":"brand","embeddable":true,"href":"https:\/\/simfoniya.az\/ru\/wp-json\/wp\/v2\/brand?post=19108"},{"taxonomy":"category_2","embeddable":true,"href":"https:\/\/simfoniya.az\/ru\/wp-json\/wp\/v2\/category_2?post=19108"},{"taxonomy":"catergory_brand","embeddable":true,"href":"https:\/\/simfoniya.az\/ru\/wp-json\/wp\/v2\/catergory_brand?post=19108"}],"curies":[{"name":"WP","href":"https:\/\/api.w.org\/{rel}","templated":true}]}}