{"id":19116,"date":"2024-06-02T06:03:40","date_gmt":"2024-06-02T06:03:40","guid":{"rendered":"https:\/\/simfoniya.az\/product\/kerama-atria-erica-pro-q-sideniya-s-plavnim-zakrivaniem\/"},"modified":"2024-10-03T18:49:20","modified_gmt":"2024-10-03T18:49:20","slug":"kerama-atria-erica-pro-q-sideniya-s-plavnim-zakrivaniem","status":"publish","type":"product","link":"https:\/\/simfoniya.az\/ru\/product\/kerama-atria-erica-pro-q-sideniya-s-plavnim-zakrivaniem\/","title":{"rendered":"Kerama Atria \/ \u041a\u0440\u044b\u0448\u043a\u0430 \u0434\u043b\u044f \u0443\u043d\u0438\u0442\u0430\u0437\u0430"},"content":{"rendered":"<div class=\"flex max-w-full flex-col flex-grow\">\n<div class=\"min-h-8 text-message flex w-full flex-col items-end gap-2 whitespace-normal break-words [.text-message+&amp;]:mt-5\" dir=\"auto\" data-message-author-role=\"assistant\" data-message-id=\"a8e268f3-da09-4e38-9f79-7f3b99c4c290\">\n<div class=\"flex w-full flex-col gap-1 empty:hidden first:pt-[3px]\">\n<div class=\"markdown prose w-full break-words dark:prose-invert light\">\n<p>Bu qapaq yava\u015f ba\u011flanma texnologiyas\u0131 il\u0259 t\u0259chiz edilmi\u015fdir ki, bu da onun s\u0259ssiz v\u0259 t\u0259hl\u00fck\u0259siz \u015f\u0259kild\u0259 ba\u011flanmas\u0131n\u0131 t\u0259min edir. H\u0259m\u00e7inin, asan t\u0259mizl\u0259n\u0259 bil\u0259n materialdan haz\u0131rlanm\u0131\u015fd\u0131r v\u0259 h\u0259r hans\u0131 bir standart unitaza uy\u011funla\u015fd\u0131r\u0131la bil\u0259r.<\/p>\n<\/div>\n<\/div>\n<\/div>\n<\/div>\n<div class=\"mb-2 flex gap-3 empty:hidden -ml-2\">\n<div class=\"items-center justify-start rounded-xl p-1 flex\">\n<div class=\"flex items-center\"><button class=\"rounded-lg text-token-text-secondary hover:bg-token-main-surface-secondary\" aria-label=\"Read aloud\" data-testid=\"voice-play-turn-action-button\"><\/button><button class=\"rounded-lg text-token-text-secondary hover:bg-token-main-surface-secondary\" aria-label=\"\u041a\u043e\u043f\u0438\u0440\u043e\u0432\u0430\u0442\u044c\" data-testid=\"copy-turn-action-button\"><\/button><\/p>\n<div class=\"flex items-center pb-0\"><\/div>\n<\/div>\n<\/div>\n<\/div>\n","protected":false},"excerpt":{"rendered":"<p>\u042d\u0442\u0430 \u043a\u0440\u044b\u0448\u043a\u0430 \u043e\u0441\u043d\u0430\u0449\u0435\u043d\u0430 \u0442\u0435\u0445\u043d\u043e\u043b\u043e\u0433\u0438\u0435\u0439 \u043c\u0435\u0434\u043b\u0435\u043d\u043d\u043e\u0433\u043e \u0437\u0430\u043a\u0440\u044b\u0442\u0438\u044f, \u043a\u043e\u0442\u043e\u0440\u0430\u044f \u043e\u0431\u0435\u0441\u043f\u0435\u0447\u0438\u0432\u0430\u0435\u0442 \u0431\u0435\u0441\u0448\u0443\u043c\u043d\u043e\u0435 \u0438 \u043d\u0430\u0434\u0435\u0436\u043d\u043e\u0435 \u0437\u0430\u043a\u0440\u044b\u0442\u0438\u0435. \u041a\u0440\u043e\u043c\u0435 \u0442\u043e\u0433\u043e, \u043e\u043d \u0438\u0437\u0433\u043e\u0442\u043e\u0432\u043b\u0435\u043d \u0438\u0437 \u043b\u0435\u0433\u043a\u043e \u0447\u0438\u0441\u0442\u044f\u0449\u0435\u0433\u043e\u0441\u044f \u043c\u0430\u0442\u0435\u0440\u0438\u0430\u043b\u0430 \u0438 \u043c\u043e\u0436\u0435\u0442 \u0431\u044b\u0442\u044c \u0430\u0434\u0430\u043f\u0442\u0438\u0440\u043e\u0432\u0430\u043d \u043a \u043b\u044e\u0431\u043e\u043c\u0443 \u0441\u0442\u0430\u043d\u0434\u0430\u0440\u0442\u043d\u043e\u043c\u0443 \u0443\u043d\u0438\u0442\u0430\u0437\u0443.<\/p>","protected":false},"featured_media":19115,"comment_status":"closed","ping_status":"closed","template":"","meta":[],"product_brand":[],"product_cat":[1458],"product_tag":[],"collection":[],"brand":[79],"category_2":[],"catergory_brand":[],"class_list":{"0":"post-19116","1":"product","2":"type-product","3":"status-publish","4":"has-post-thumbnail","6":"product_cat-toilet-cover-and-seats","7":"brand-kerama-marazzi","9":"first","10":"instock","11":"shipping-taxable","12":"product-type-simple"},"_links":{"self":[{"href":"https:\/\/simfoniya.az\/ru\/wp-json\/wp\/v2\/product\/19116","targetHints":{"allow":["GET"]}}],"collection":[{"href":"https:\/\/simfoniya.az\/ru\/wp-json\/wp\/v2\/product"}],"about":[{"href":"https:\/\/simfoniya.az\/ru\/wp-json\/wp\/v2\/types\/product"}],"replies":[{"embeddable":true,"href":"https:\/\/simfoniya.az\/ru\/wp-json\/wp\/v2\/comments?post=19116"}],"wp:featuredmedia":[{"embeddable":true,"href":"https:\/\/simfoniya.az\/ru\/wp-json\/wp\/v2\/media\/19115"}],"wp:attachment":[{"href":"https:\/\/simfoniya.az\/ru\/wp-json\/wp\/v2\/media?parent=19116"}],"wp:term":[{"taxonomy":"product_brand","embeddable":true,"href":"https:\/\/simfoniya.az\/ru\/wp-json\/wp\/v2\/product_brand?post=19116"},{"taxonomy":"product_cat","embeddable":true,"href":"https:\/\/simfoniya.az\/ru\/wp-json\/wp\/v2\/product_cat?post=19116"},{"taxonomy":"product_tag","embeddable":true,"href":"https:\/\/simfoniya.az\/ru\/wp-json\/wp\/v2\/product_tag?post=19116"},{"taxonomy":"collection","embeddable":true,"href":"https:\/\/simfoniya.az\/ru\/wp-json\/wp\/v2\/collection?post=19116"},{"taxonomy":"brand","embeddable":true,"href":"https:\/\/simfoniya.az\/ru\/wp-json\/wp\/v2\/brand?post=19116"},{"taxonomy":"category_2","embeddable":true,"href":"https:\/\/simfoniya.az\/ru\/wp-json\/wp\/v2\/category_2?post=19116"},{"taxonomy":"catergory_brand","embeddable":true,"href":"https:\/\/simfoniya.az\/ru\/wp-json\/wp\/v2\/catergory_brand?post=19116"}],"curies":[{"name":"WP","href":"https:\/\/api.w.org\/{rel}","templated":true}]}}