{"id":19130,"date":"2024-06-02T06:04:01","date_gmt":"2024-06-02T06:04:01","guid":{"rendered":"https:\/\/simfoniya.az\/product\/kerama-atria-fusion-unitaz-podvesnoy-bez-sidenya\/"},"modified":"2024-10-03T18:44:40","modified_gmt":"2024-10-03T18:44:40","slug":"kerama-atria-fusion-unitaz-podvesnoy-bez-sidenya","status":"publish","type":"product","link":"https:\/\/simfoniya.az\/ru\/product\/kerama-atria-fusion-unitaz-podvesnoy-bez-sidenya\/","title":{"rendered":"\u041a\u0435\u0440\u0430\u043c\u0430 \u0410\u0442\u0440\u0438\u043e\u043d \/ \u0422\u0443\u0430\u043b\u0435\u0442"},"content":{"rendered":"<div class=\"flex max-w-full flex-col flex-grow\">\n<div class=\"min-h-8 text-message flex w-full flex-col items-end gap-2 whitespace-normal break-words [.text-message+&amp;]:mt-5\" dir=\"auto\" data-message-author-role=\"assistant\" data-message-id=\"70411218-be21-4724-92c6-354dd46d73e0\">\n<div class=\"flex w-full flex-col gap-1 empty:hidden first:pt-[3px]\">\n<div class=\"markdown prose w-full break-words dark:prose-invert light\">\n<p>Bu m\u00fcasir asma unitaz\u0131, t\u0259miz v\u0259 m\u00fcasir dizayn\u0131 il\u0259 diqq\u0259t \u00e7\u0259kir. Divara monte edil\u0259n struktur yer m\u0259saf\u0259sini q\u0259na\u0259t etm\u0259y\u0259 imkan verir, buna g\u00f6r\u0259 d\u0259 ki\u00e7ik vanna otaqlar\u0131 \u00fc\u00e7\u00fcn ideald\u0131r. H\u0259m d\u0259, asan t\u0259mizl\u0259nm\u0259 x\u00fcsusiyy\u0259ti say\u0259sind\u0259 gigiyenik v\u0259 praktik bir h\u0259ll t\u0259klif edir.<\/p>\n<\/div>\n<\/div>\n<\/div>\n<\/div>\n<div class=\"mb-2 flex gap-3 empty:hidden -ml-2\">\n<div class=\"items-center justify-start rounded-xl p-1 flex\">\n<div class=\"flex items-center\"><button class=\"rounded-lg text-token-text-secondary hover:bg-token-main-surface-secondary\" aria-label=\"Read aloud\" data-testid=\"voice-play-turn-action-button\"><\/button><button class=\"rounded-lg text-token-text-secondary hover:bg-token-main-surface-secondary\" aria-label=\"\u041a\u043e\u043f\u0438\u0440\u043e\u0432\u0430\u0442\u044c\" data-testid=\"copy-turn-action-button\"><\/button><\/p>\n<div class=\"flex\"><\/div>\n<div class=\"flex items-center pb-0\"><\/div>\n<\/div>\n<\/div>\n<\/div>\n","protected":false},"excerpt":{"rendered":"<p>\u042d\u0442\u043e\u0442 \u0441\u043e\u0432\u0440\u0435\u043c\u0435\u043d\u043d\u044b\u0439 \u043d\u0430\u0441\u0442\u0435\u043d\u043d\u044b\u0439 \u0443\u043d\u0438\u0442\u0430\u0437 \u043e\u0442\u043b\u0438\u0447\u0430\u0435\u0442\u0441\u044f \u0447\u0438\u0441\u0442\u044b\u043c \u0438 \u0441\u043e\u0432\u0440\u0435\u043c\u0435\u043d\u043d\u044b\u043c \u0434\u0438\u0437\u0430\u0439\u043d\u043e\u043c. \u041d\u0430\u0441\u0442\u0435\u043d\u043d\u0430\u044f \u043a\u043e\u043d\u0441\u0442\u0440\u0443\u043a\u0446\u0438\u044f \u043f\u043e\u0437\u0432\u043e\u043b\u044f\u0435\u0442 \u044d\u043a\u043e\u043d\u043e\u043c\u0438\u0442\u044c \u043f\u0440\u043e\u0441\u0442\u0440\u0430\u043d\u0441\u0442\u0432\u043e, \u043f\u043e\u044d\u0442\u043e\u043c\u0443 \u0438\u0434\u0435\u0430\u043b\u044c\u043d\u043e \u043f\u043e\u0434\u0445\u043e\u0434\u0438\u0442 \u0434\u043b\u044f \u043d\u0435\u0431\u043e\u043b\u044c\u0448\u0438\u0445 \u0432\u0430\u043d\u043d\u044b\u0445 \u043a\u043e\u043c\u043d\u0430\u0442. \u041e\u043d \u0442\u0430\u043a\u0436\u0435 \u043f\u0440\u0435\u0434\u0441\u0442\u0430\u0432\u043b\u044f\u0435\u0442 \u0441\u043e\u0431\u043e\u0439 \u0433\u0438\u0433\u0438\u0435\u043d\u0438\u0447\u043d\u043e\u0435 \u0438 \u043f\u0440\u0430\u043a\u0442\u0438\u0447\u043d\u043e\u0435 \u0440\u0435\u0448\u0435\u043d\u0438\u0435 \u0431\u043b\u0430\u0433\u043e\u0434\u0430\u0440\u044f \u043f\u0440\u043e\u0441\u0442\u043e\u0442\u0435 \u043e\u0447\u0438\u0441\u0442\u043a\u0438.<\/p>","protected":false},"featured_media":19129,"comment_status":"closed","ping_status":"closed","template":"","meta":[],"product_brand":[],"product_cat":[408],"product_tag":[],"collection":[],"brand":[79],"category_2":[],"catergory_brand":[],"class_list":{"0":"post-19130","1":"product","2":"type-product","3":"status-publish","4":"has-post-thumbnail","6":"product_cat-toilets","7":"brand-kerama-marazzi","9":"first","10":"instock","11":"shipping-taxable","12":"product-type-simple"},"_links":{"self":[{"href":"https:\/\/simfoniya.az\/ru\/wp-json\/wp\/v2\/product\/19130","targetHints":{"allow":["GET"]}}],"collection":[{"href":"https:\/\/simfoniya.az\/ru\/wp-json\/wp\/v2\/product"}],"about":[{"href":"https:\/\/simfoniya.az\/ru\/wp-json\/wp\/v2\/types\/product"}],"replies":[{"embeddable":true,"href":"https:\/\/simfoniya.az\/ru\/wp-json\/wp\/v2\/comments?post=19130"}],"wp:featuredmedia":[{"embeddable":true,"href":"https:\/\/simfoniya.az\/ru\/wp-json\/wp\/v2\/media\/19129"}],"wp:attachment":[{"href":"https:\/\/simfoniya.az\/ru\/wp-json\/wp\/v2\/media?parent=19130"}],"wp:term":[{"taxonomy":"product_brand","embeddable":true,"href":"https:\/\/simfoniya.az\/ru\/wp-json\/wp\/v2\/product_brand?post=19130"},{"taxonomy":"product_cat","embeddable":true,"href":"https:\/\/simfoniya.az\/ru\/wp-json\/wp\/v2\/product_cat?post=19130"},{"taxonomy":"product_tag","embeddable":true,"href":"https:\/\/simfoniya.az\/ru\/wp-json\/wp\/v2\/product_tag?post=19130"},{"taxonomy":"collection","embeddable":true,"href":"https:\/\/simfoniya.az\/ru\/wp-json\/wp\/v2\/collection?post=19130"},{"taxonomy":"brand","embeddable":true,"href":"https:\/\/simfoniya.az\/ru\/wp-json\/wp\/v2\/brand?post=19130"},{"taxonomy":"category_2","embeddable":true,"href":"https:\/\/simfoniya.az\/ru\/wp-json\/wp\/v2\/category_2?post=19130"},{"taxonomy":"catergory_brand","embeddable":true,"href":"https:\/\/simfoniya.az\/ru\/wp-json\/wp\/v2\/catergory_brand?post=19130"}],"curies":[{"name":"WP","href":"https:\/\/api.w.org\/{rel}","templated":true}]}}