{"id":19147,"date":"2024-06-02T06:04:22","date_gmt":"2024-06-02T06:04:22","guid":{"rendered":"https:\/\/simfoniya.az\/product\/kerama-atria-sculture-rakovina-110cm\/"},"modified":"2024-11-04T08:52:33","modified_gmt":"2024-11-04T08:52:33","slug":"kerama-atria-sculture-rakovina-110cm","status":"publish","type":"product","link":"https:\/\/simfoniya.az\/ru\/product\/kerama-atria-sculture-rakovina-110cm\/","title":{"rendered":"\u041a\u0435\u0440\u0430\u043c\u0430 \u0410\u0442\u0440\u0438\u044f \/ \u041c\u043e\u0439\u043a\u0430"},"content":{"rendered":"<div class=\"flex max-w-full flex-col flex-grow\">\n<div class=\"min-h-8 text-message flex w-full flex-col items-end gap-2 whitespace-normal break-words [.text-message+&amp;]:mt-5\" dir=\"auto\" data-message-author-role=\"assistant\" data-message-id=\"c5cac127-9ec9-4458-bd2f-44e283f11124\">\n<div class=\"flex w-full flex-col gap-1 empty:hidden first:pt-[3px]\">\n<div class=\"markdown prose w-full break-words dark:prose-invert light\">\n<p>Bu vanna ota\u011f\u0131 \u00fc\u00e7\u00fcn m\u00fcasir dizaynl\u0131 moyka, geni\u015f v\u0259 hamar k\u0259narlar\u0131 il\u0259 funksionall\u0131q v\u0259 g\u00f6z\u0259llik t\u0259klif edir. As\u0131l\u0131 t\u0259rzid\u0259 montaj\u0131 v\u0259 inteqrasiya olunmu\u015f k\u0259nara malik olan bu moyka, m\u00fcxt\u0259lif dizayn ehtiyaclar\u0131n\u0131 \u00f6d\u0259yir. H\u0259m\u00e7inin, t\u0259miz v\u0259 sad\u0259 x\u0259ttl\u0259ri il\u0259 h\u0259r hans\u0131 m\u00fcasir vanna ota\u011f\u0131na z\u0259riflik \u0259lav\u0259 ed\u0259c\u0259k.<\/p>\n<\/div>\n<\/div>\n<\/div>\n<\/div>\n<div class=\"mb-2 flex gap-3 empty:hidden -ml-2\">\n<div class=\"items-center justify-start rounded-xl p-1 flex\">\n<div class=\"flex items-center\">\n<p>&nbsp;<\/p>\n<div class=\"flex\"><\/div>\n<div class=\"flex items-center pb-0\"><\/div>\n<\/div>\n<\/div>\n<\/div>\n","protected":false},"excerpt":{"rendered":"<p>\u042d\u0442\u0430 \u0441\u043e\u0432\u0440\u0435\u043c\u0435\u043d\u043d\u0430\u044f \u0440\u0430\u043a\u043e\u0432\u0438\u043d\u0430 \u0434\u043b\u044f \u0432\u0430\u043d\u043d\u043e\u0439 \u043a\u043e\u043c\u043d\u0430\u0442\u044b \u043f\u0440\u0435\u0434\u043b\u0430\u0433\u0430\u0435\u0442 \u0444\u0443\u043d\u043a\u0446\u0438\u043e\u043d\u0430\u043b\u044c\u043d\u043e\u0441\u0442\u044c \u0438 \u043a\u0440\u0430\u0441\u043e\u0442\u0443 \u0431\u043b\u0430\u0433\u043e\u0434\u0430\u0440\u044f \u0441\u0432\u043e\u0438\u043c \u0448\u0438\u0440\u043e\u043a\u0438\u043c \u0438 \u0433\u043b\u0430\u0434\u043a\u0438\u043c \u043a\u0440\u0430\u044f\u043c. \u0411\u043b\u0430\u0433\u043e\u0434\u0430\u0440\u044f \u043f\u043e\u0434\u0432\u0435\u0441\u043d\u043e\u043c\u0443 \u043a\u0440\u0435\u043f\u043b\u0435\u043d\u0438\u044e \u0438 \u0432\u0441\u0442\u0440\u043e\u0435\u043d\u043d\u043e\u043c\u0443 \u043a\u0440\u0430\u044e \u044d\u0442\u0430 \u043c\u043e\u0439\u043a\u0430 \u043e\u0442\u0432\u0435\u0447\u0430\u0435\u0442 \u0441\u0430\u043c\u044b\u043c \u0440\u0430\u0437\u043b\u0438\u0447\u043d\u044b\u043c \u0434\u0438\u0437\u0430\u0439\u043d\u0435\u0440\u0441\u043a\u0438\u043c \u0442\u0440\u0435\u0431\u043e\u0432\u0430\u043d\u0438\u044f\u043c. \u041e\u043d \u0442\u0430\u043a\u0436\u0435 \u0434\u043e\u0431\u0430\u0432\u0438\u0442 \u044d\u043b\u0435\u0433\u0430\u043d\u0442\u043d\u043e\u0441\u0442\u0438 \u043b\u044e\u0431\u043e\u0439 \u0441\u043e\u0432\u0440\u0435\u043c\u0435\u043d\u043d\u043e\u0439 \u0432\u0430\u043d\u043d\u043e\u0439 \u043a\u043e\u043c\u043d\u0430\u0442\u0435 \u0431\u043b\u0430\u0433\u043e\u0434\u0430\u0440\u044f \u0441\u0432\u043e\u0438\u043c \u0447\u0438\u0441\u0442\u044b\u043c \u0438 \u043f\u0440\u043e\u0441\u0442\u044b\u043c \u043b\u0438\u043d\u0438\u044f\u043c. &nbsp;<\/p>","protected":false},"featured_media":22178,"comment_status":"closed","ping_status":"closed","template":"","meta":[],"product_brand":[],"product_cat":[1461],"product_tag":[],"collection":[],"brand":[79],"category_2":[],"catergory_brand":[],"class_list":{"0":"post-19147","1":"product","2":"type-product","3":"status-publish","4":"has-post-thumbnail","6":"product_cat-wash-basins","7":"brand-kerama-marazzi","9":"first","10":"instock","11":"shipping-taxable","12":"product-type-simple"},"_links":{"self":[{"href":"https:\/\/simfoniya.az\/ru\/wp-json\/wp\/v2\/product\/19147","targetHints":{"allow":["GET"]}}],"collection":[{"href":"https:\/\/simfoniya.az\/ru\/wp-json\/wp\/v2\/product"}],"about":[{"href":"https:\/\/simfoniya.az\/ru\/wp-json\/wp\/v2\/types\/product"}],"replies":[{"embeddable":true,"href":"https:\/\/simfoniya.az\/ru\/wp-json\/wp\/v2\/comments?post=19147"}],"wp:featuredmedia":[{"embeddable":true,"href":"https:\/\/simfoniya.az\/ru\/wp-json\/wp\/v2\/media\/22178"}],"wp:attachment":[{"href":"https:\/\/simfoniya.az\/ru\/wp-json\/wp\/v2\/media?parent=19147"}],"wp:term":[{"taxonomy":"product_brand","embeddable":true,"href":"https:\/\/simfoniya.az\/ru\/wp-json\/wp\/v2\/product_brand?post=19147"},{"taxonomy":"product_cat","embeddable":true,"href":"https:\/\/simfoniya.az\/ru\/wp-json\/wp\/v2\/product_cat?post=19147"},{"taxonomy":"product_tag","embeddable":true,"href":"https:\/\/simfoniya.az\/ru\/wp-json\/wp\/v2\/product_tag?post=19147"},{"taxonomy":"collection","embeddable":true,"href":"https:\/\/simfoniya.az\/ru\/wp-json\/wp\/v2\/collection?post=19147"},{"taxonomy":"brand","embeddable":true,"href":"https:\/\/simfoniya.az\/ru\/wp-json\/wp\/v2\/brand?post=19147"},{"taxonomy":"category_2","embeddable":true,"href":"https:\/\/simfoniya.az\/ru\/wp-json\/wp\/v2\/category_2?post=19147"},{"taxonomy":"catergory_brand","embeddable":true,"href":"https:\/\/simfoniya.az\/ru\/wp-json\/wp\/v2\/catergory_brand?post=19147"}],"curies":[{"name":"WP","href":"https:\/\/api.w.org\/{rel}","templated":true}]}}