{"id":19160,"date":"2024-06-02T06:04:51","date_gmt":"2024-06-02T06:04:51","guid":{"rendered":"https:\/\/simfoniya.az\/product\/kerama-marazzi-vetro-mat-qara-uqlovoy-kvadrat-90x90x195\/"},"modified":"2024-11-04T10:29:07","modified_gmt":"2024-11-04T10:29:07","slug":"kerama-marazzi-vetro-mat-qara-uqlovoy-kvadrat-90x90x195","status":"publish","type":"product","link":"https:\/\/simfoniya.az\/ru\/product\/kerama-marazzi-vetro-mat-qara-uqlovoy-kvadrat-90x90x195\/","title":{"rendered":"\u041a\u0435\u0440\u0430\u043c\u0430 \u041c\u0430\u0440\u0430\u0446\u0446\u0438 \/ \u0414\u0443\u0448\u0435\u0432\u0430\u044f \u043a\u0430\u0431\u0438\u043d\u0430"},"content":{"rendered":"<div class=\"flex max-w-full flex-col flex-grow\">\n<div class=\"min-h-8 text-message flex w-full flex-col items-end gap-2 whitespace-normal break-words [.text-message+&amp;]:mt-5\" dir=\"auto\" data-message-author-role=\"assistant\" data-message-id=\"87926ebb-b7a7-4392-96db-454a294d22f7\">\n<div class=\"flex w-full flex-col gap-1 empty:hidden first:pt-[3px]\">\n<div class=\"markdown prose w-full break-words dark:prose-invert light\">\n<p>Bu m\u00fcasir du\u015f kabinas\u0131, minimalizm v\u0259 funksionall\u0131\u011f\u0131 birl\u0259\u015fdirir. Sad\u0259, amma \u015f\u0131k x\u0259tl\u0259r v\u0259 \u015f\u0259ffaf \u015f\u00fc\u015f\u0259 panell\u0259r ota\u011f\u0131 daha geni\u015f v\u0259 a\u00e7\u0131q g\u00f6st\u0259rir. H\u0259m\u00e7inin, bu kabin m\u00fcxt\u0259lif \u00f6l\u00e7\u00fcl\u00fc vanna otaqlar\u0131na uy\u011funla\u015fd\u0131r\u0131la bil\u0259r, t\u0259mizl\u0259nm\u0259si asan v\u0259 uzun\u00f6m\u00fcrl\u00fc istifad\u0259 t\u0259min edir.<\/p>\n<\/div>\n<\/div>\n<\/div>\n<\/div>\n<div class=\"mb-2 flex gap-3 empty:hidden -ml-2\">\n<div class=\"items-center justify-start rounded-xl p-1 flex\">\n<div class=\"flex items-center justify-center rounded-lg text-token-text-secondary\">\n<p>&nbsp;<\/p>\n<div class=\"px-0.5 text-sm font-semibold tabular-nums\"><\/div>\n<\/div>\n<\/div>\n<\/div>\n","protected":false},"excerpt":{"rendered":"<p>\u042d\u0442\u0430 \u0441\u043e\u0432\u0440\u0435\u043c\u0435\u043d\u043d\u0430\u044f \u0434\u0443\u0448\u0435\u0432\u0430\u044f \u043a\u0430\u0431\u0438\u043d\u0430 \u0441\u043e\u0447\u0435\u0442\u0430\u0435\u0442 \u0432 \u0441\u0435\u0431\u0435 \u043c\u0438\u043d\u0438\u043c\u0430\u043b\u0438\u0437\u043c \u0438 \u0444\u0443\u043d\u043a\u0446\u0438\u043e\u043d\u0430\u043b\u044c\u043d\u043e\u0441\u0442\u044c. \u041f\u0440\u043e\u0441\u0442\u044b\u0435, \u043d\u043e \u0441\u0442\u0438\u043b\u044c\u043d\u044b\u0435 \u043b\u0438\u043d\u0438\u0438 \u0438 \u043f\u0440\u043e\u0437\u0440\u0430\u0447\u043d\u044b\u0435 \u0441\u0442\u0435\u043a\u043b\u044f\u043d\u043d\u044b\u0435 \u043f\u0430\u043d\u0435\u043b\u0438 \u0434\u0435\u043b\u0430\u044e\u0442 \u043f\u043e\u043c\u0435\u0449\u0435\u043d\u0438\u0435 \u0431\u043e\u043b\u0435\u0435 \u043f\u0440\u043e\u0441\u0442\u043e\u0440\u043d\u044b\u043c \u0438 \u043e\u0442\u043a\u0440\u044b\u0442\u044b\u043c. \u041a\u0440\u043e\u043c\u0435 \u0442\u043e\u0433\u043e, \u044d\u0442\u0443 \u043a\u0430\u0431\u0438\u043d\u0443 \u043c\u043e\u0436\u043d\u043e \u0430\u0434\u0430\u043f\u0442\u0438\u0440\u043e\u0432\u0430\u0442\u044c \u043a \u0432\u0430\u043d\u043d\u044b\u043c \u043a\u043e\u043c\u043d\u0430\u0442\u0430\u043c \u0440\u0430\u0437\u043d\u043e\u0433\u043e \u0440\u0430\u0437\u043c\u0435\u0440\u0430, \u043e\u043d\u0430 \u043b\u0435\u0433\u043a\u043e \u0447\u0438\u0441\u0442\u0438\u0442\u0441\u044f \u0438 \u043e\u0431\u0435\u0441\u043f\u0435\u0447\u0438\u0432\u0430\u0435\u0442 \u0434\u043b\u0438\u0442\u0435\u043b\u044c\u043d\u043e\u0435 \u0438\u0441\u043f\u043e\u043b\u044c\u0437\u043e\u0432\u0430\u043d\u0438\u0435. &nbsp;<\/p>","protected":false},"featured_media":22124,"comment_status":"closed","ping_status":"closed","template":"","meta":[],"product_brand":[],"product_cat":[1342],"product_tag":[],"collection":[],"brand":[79],"category_2":[],"catergory_brand":[],"class_list":{"0":"post-19160","1":"product","2":"type-product","3":"status-publish","4":"has-post-thumbnail","6":"product_cat-shower-cabinet","7":"brand-kerama-marazzi","9":"first","10":"instock","11":"shipping-taxable","12":"product-type-simple"},"_links":{"self":[{"href":"https:\/\/simfoniya.az\/ru\/wp-json\/wp\/v2\/product\/19160","targetHints":{"allow":["GET"]}}],"collection":[{"href":"https:\/\/simfoniya.az\/ru\/wp-json\/wp\/v2\/product"}],"about":[{"href":"https:\/\/simfoniya.az\/ru\/wp-json\/wp\/v2\/types\/product"}],"replies":[{"embeddable":true,"href":"https:\/\/simfoniya.az\/ru\/wp-json\/wp\/v2\/comments?post=19160"}],"wp:featuredmedia":[{"embeddable":true,"href":"https:\/\/simfoniya.az\/ru\/wp-json\/wp\/v2\/media\/22124"}],"wp:attachment":[{"href":"https:\/\/simfoniya.az\/ru\/wp-json\/wp\/v2\/media?parent=19160"}],"wp:term":[{"taxonomy":"product_brand","embeddable":true,"href":"https:\/\/simfoniya.az\/ru\/wp-json\/wp\/v2\/product_brand?post=19160"},{"taxonomy":"product_cat","embeddable":true,"href":"https:\/\/simfoniya.az\/ru\/wp-json\/wp\/v2\/product_cat?post=19160"},{"taxonomy":"product_tag","embeddable":true,"href":"https:\/\/simfoniya.az\/ru\/wp-json\/wp\/v2\/product_tag?post=19160"},{"taxonomy":"collection","embeddable":true,"href":"https:\/\/simfoniya.az\/ru\/wp-json\/wp\/v2\/collection?post=19160"},{"taxonomy":"brand","embeddable":true,"href":"https:\/\/simfoniya.az\/ru\/wp-json\/wp\/v2\/brand?post=19160"},{"taxonomy":"category_2","embeddable":true,"href":"https:\/\/simfoniya.az\/ru\/wp-json\/wp\/v2\/category_2?post=19160"},{"taxonomy":"catergory_brand","embeddable":true,"href":"https:\/\/simfoniya.az\/ru\/wp-json\/wp\/v2\/catergory_brand?post=19160"}],"curies":[{"name":"WP","href":"https:\/\/api.w.org\/{rel}","templated":true}]}}