{"id":19168,"date":"2024-06-02T06:05:01","date_gmt":"2024-06-02T06:05:01","guid":{"rendered":"https:\/\/simfoniya.az\/product\/lineatre-desmal-asilqani-qizili\/"},"modified":"2024-10-03T18:28:33","modified_gmt":"2024-10-03T18:28:33","slug":"lineatre-desmal-asilqani-qizili","status":"publish","type":"product","link":"https:\/\/simfoniya.az\/ru\/product\/lineatre-desmal-asilqani-qizili\/","title":{"rendered":"Lineatre \/ \u0412\u0435\u0448\u0430\u043b\u043a\u0430 \u0434\u043b\u044f \u043f\u043e\u043b\u043e\u0442\u0435\u043d\u0435\u0446 \/ \u0417\u043e\u043b\u043e\u0442\u043e\u0439"},"content":{"rendered":"<div class=\"flex max-w-full flex-col flex-grow\">\n<div class=\"min-h-8 text-message flex w-full flex-col items-end gap-2 whitespace-normal break-words [.text-message+&amp;]:mt-5\" dir=\"auto\" data-message-author-role=\"assistant\" data-message-id=\"0772e38a-8375-4c14-af3d-e4574456c006\">\n<div class=\"flex w-full flex-col gap-1 empty:hidden first:pt-[3px]\">\n<div class=\"markdown prose w-full break-words dark:prose-invert light\">\n<p>G\u00fcm\u00fc\u015f v\u0259 q\u0131z\u0131l rengl\u0259r\u0259 malik bu d\u0259small\u0131q, z\u0259rif v\u0259 detall\u0131 i\u015fl\u0259m\u0259l\u0259ri il\u0259 dikkat \u00e7\u0259kir. Banyo v\u0259 ya m\u0259tb\u0259x kimi n\u0259mli m\u0259kanlarda asq\u0131 v\u0259zif\u0259si g\u00f6r\u0259r\u0259k h\u0259m funksional, h\u0259m d\u0259 dekorativ bir element t\u0259min edir.<\/p>\n<\/div>\n<\/div>\n<\/div>\n<\/div>\n<div class=\"mb-2 flex gap-3 empty:hidden -ml-2\">\n<div class=\"items-center justify-start rounded-xl p-1 flex\">\n<div class=\"flex items-center\"><button class=\"rounded-lg text-token-text-secondary hover:bg-token-main-surface-secondary\" aria-label=\"Read aloud\" data-testid=\"voice-play-turn-action-button\"><\/button><button class=\"rounded-lg text-token-text-secondary hover:bg-token-main-surface-secondary\" aria-label=\"\u041a\u043e\u043f\u0438\u0440\u043e\u0432\u0430\u0442\u044c\" data-testid=\"copy-turn-action-button\"><\/button><\/p>\n<div class=\"flex\"><\/div>\n<div class=\"flex items-center pb-0\"><\/div>\n<\/div>\n<\/div>\n<\/div>\n","protected":false},"excerpt":{"rendered":"<p>\u042d\u0442\u043e\u0442 \u0448\u0430\u0440\u0444 \u0441\u0435\u0440\u0435\u0431\u0440\u044f\u043d\u043e\u0433\u043e \u0438 \u0437\u043e\u043b\u043e\u0442\u043e\u0433\u043e \u0446\u0432\u0435\u0442\u043e\u0432 \u043f\u0440\u0438\u0432\u043b\u0435\u043a\u0430\u0435\u0442 \u0432\u043d\u0438\u043c\u0430\u043d\u0438\u0435 \u0441\u0432\u043e\u0435\u0439 \u044d\u043b\u0435\u0433\u0430\u043d\u0442\u043d\u043e\u0439 \u0438 \u0434\u0435\u0442\u0430\u043b\u044c\u043d\u043e\u0439 \u0440\u0430\u0431\u043e\u0442\u043e\u0439. \u041e\u043d \u043e\u0431\u0435\u0441\u043f\u0435\u0447\u0438\u0432\u0430\u0435\u0442 \u043a\u0430\u043a \u0444\u0443\u043d\u043a\u0446\u0438\u043e\u043d\u0430\u043b\u044c\u043d\u044b\u0439, \u0442\u0430\u043a \u0438 \u0434\u0435\u043a\u043e\u0440\u0430\u0442\u0438\u0432\u043d\u044b\u0439 \u044d\u043b\u0435\u043c\u0435\u043d\u0442, \u0441\u043b\u0443\u0436\u0430 \u043f\u043e\u0434\u0432\u0435\u0441\u043a\u043e\u0439 \u0432\u043e \u0432\u043b\u0430\u0436\u043d\u044b\u0445 \u043f\u043e\u043c\u0435\u0449\u0435\u043d\u0438\u044f\u0445, \u0442\u0430\u043a\u0438\u0445 \u043a\u0430\u043a \u0432\u0430\u043d\u043d\u0430\u044f \u043a\u043e\u043c\u043d\u0430\u0442\u0430 \u0438\u043b\u0438 \u043a\u0443\u0445\u043d\u044f.<\/p>","protected":false},"featured_media":22923,"comment_status":"closed","ping_status":"closed","template":"","meta":[],"product_brand":[],"product_cat":[424],"product_tag":[],"collection":[],"brand":[1502],"category_2":[],"catergory_brand":[],"class_list":{"0":"post-19168","1":"product","2":"type-product","3":"status-publish","4":"has-post-thumbnail","6":"product_cat-towel-rack-holders","7":"brand-lineatre","9":"first","10":"instock","11":"shipping-taxable","12":"product-type-simple"},"_links":{"self":[{"href":"https:\/\/simfoniya.az\/ru\/wp-json\/wp\/v2\/product\/19168","targetHints":{"allow":["GET"]}}],"collection":[{"href":"https:\/\/simfoniya.az\/ru\/wp-json\/wp\/v2\/product"}],"about":[{"href":"https:\/\/simfoniya.az\/ru\/wp-json\/wp\/v2\/types\/product"}],"replies":[{"embeddable":true,"href":"https:\/\/simfoniya.az\/ru\/wp-json\/wp\/v2\/comments?post=19168"}],"wp:featuredmedia":[{"embeddable":true,"href":"https:\/\/simfoniya.az\/ru\/wp-json\/wp\/v2\/media\/22923"}],"wp:attachment":[{"href":"https:\/\/simfoniya.az\/ru\/wp-json\/wp\/v2\/media?parent=19168"}],"wp:term":[{"taxonomy":"product_brand","embeddable":true,"href":"https:\/\/simfoniya.az\/ru\/wp-json\/wp\/v2\/product_brand?post=19168"},{"taxonomy":"product_cat","embeddable":true,"href":"https:\/\/simfoniya.az\/ru\/wp-json\/wp\/v2\/product_cat?post=19168"},{"taxonomy":"product_tag","embeddable":true,"href":"https:\/\/simfoniya.az\/ru\/wp-json\/wp\/v2\/product_tag?post=19168"},{"taxonomy":"collection","embeddable":true,"href":"https:\/\/simfoniya.az\/ru\/wp-json\/wp\/v2\/collection?post=19168"},{"taxonomy":"brand","embeddable":true,"href":"https:\/\/simfoniya.az\/ru\/wp-json\/wp\/v2\/brand?post=19168"},{"taxonomy":"category_2","embeddable":true,"href":"https:\/\/simfoniya.az\/ru\/wp-json\/wp\/v2\/category_2?post=19168"},{"taxonomy":"catergory_brand","embeddable":true,"href":"https:\/\/simfoniya.az\/ru\/wp-json\/wp\/v2\/catergory_brand?post=19168"}],"curies":[{"name":"WP","href":"https:\/\/api.w.org\/{rel}","templated":true}]}}