{"id":19243,"date":"2024-06-02T06:17:54","date_gmt":"2024-06-02T06:17:54","guid":{"rendered":"https:\/\/simfoniya.az\/product\/simas-agile-dezgah-ustu-matte-white-dordkunc-canaq-80-sm\/"},"modified":"2024-10-03T13:31:42","modified_gmt":"2024-10-03T13:31:42","slug":"simas-arcade-qizili-ayaq","status":"publish","type":"product","link":"https:\/\/simfoniya.az\/ru\/product\/simas-arcade-qizili-ayaq\/","title":{"rendered":"\u0421\u0438\u043c\u0430\u0441 \u0410\u0440\u043a\u0430\u0434\u0430 \/ \u041c\u043e\u0439\u043a\u0430"},"content":{"rendered":"<div class=\"flex max-w-full flex-col flex-grow\">\n<div class=\"min-h-8 text-message flex w-full flex-col items-end gap-2 whitespace-normal break-words [.text-message+&amp;]:mt-5\" dir=\"auto\" data-message-author-role=\"assistant\" data-message-id=\"992713a9-a225-4388-a325-305f1573bbef\">\n<div class=\"flex w-full flex-col gap-1 empty:hidden first:pt-[3px]\">\n<div class=\"markdown prose w-full break-words dark:prose-invert light\">\n<p>Bu, klassik dizayna malik seramik lavabodur, alt\u0131n r\u0259ngli metal ayaqlarla t\u0259chiz edilmi\u015fdir. Bu lavabo, \u00f6z\u00fcn\u0259m\u0259xsus dizayn\u0131 il\u0259 h\u0259r hans\u0131 bir vanna ota\u011f\u0131na l\u00fcks v\u0259 z\u0259rif bir toxunu\u015f \u0259lav\u0259 edir. Ayaqlar\u0131n inc\u0259 i\u015fl\u0259nm\u0259si v\u0259 z\u0259ngin g\u00f6r\u00fcn\u00fc\u015f\u00fc lavabonu daha diqq\u0259t \u00e7\u0259kici edir, eyni zamanda geni\u015f v\u0259 rahat istifad\u0259 t\u0259klif edir. Bu lavabo, h\u0259m estetik, h\u0259m d\u0259 praktik bir element olaraq, d\u0259bd\u0259b\u0259li interyerl\u0259r \u00fc\u00e7\u00fcn m\u00fck\u0259mm\u0259ldir.<\/p>\n<\/div>\n<\/div>\n<\/div>\n<\/div>\n<div class=\"mb-2 flex gap-3 empty:hidden -ml-2\">\n<div class=\"items-center justify-start rounded-xl p-1 flex\">\n<div class=\"flex items-center\">\n<p>&nbsp;<\/p>\n<div class=\"flex\"><\/div>\n<div class=\"flex items-center pb-0\"><\/div>\n<\/div>\n<\/div>\n<\/div>\n","protected":false},"excerpt":{"rendered":"<p>Bu, klassik dizayna malik seramik lavabodur, alt\u0131n r\u0259ngli metal ayaqlarla t\u0259chiz edilmi\u015fdir. Bu lavabo, \u00f6z\u00fcn\u0259m\u0259xsus dizayn\u0131 il\u0259 h\u0259r hans\u0131 bir vanna ota\u011f\u0131na l\u00fcks v\u0259 z\u0259rif bir toxunu\u015f \u0259lav\u0259 edir. Ayaqlar\u0131n inc\u0259 i\u015fl\u0259nm\u0259si v\u0259 z\u0259ngin g\u00f6r\u00fcn\u00fc\u015f\u00fc lavabonu daha diqq\u0259t \u00e7\u0259kici edir, eyni zamanda geni\u015f v\u0259 rahat istifad\u0259 t\u0259klif edir. Bu lavabo, h\u0259m estetik, h\u0259m d\u0259 praktik bir element olaraq, d\u0259bd\u0259b\u0259li interyerl\u0259r\u2026<\/p>","protected":false},"featured_media":22117,"comment_status":"closed","ping_status":"closed","template":"","meta":[],"product_brand":[],"product_cat":[1461],"product_tag":[],"collection":[],"brand":[1454],"category_2":[],"catergory_brand":[],"class_list":{"0":"post-19243","1":"product","2":"type-product","3":"status-publish","4":"has-post-thumbnail","6":"product_cat-wash-basins","7":"brand-simas","9":"first","10":"instock","11":"shipping-taxable","12":"product-type-simple"},"_links":{"self":[{"href":"https:\/\/simfoniya.az\/ru\/wp-json\/wp\/v2\/product\/19243","targetHints":{"allow":["GET"]}}],"collection":[{"href":"https:\/\/simfoniya.az\/ru\/wp-json\/wp\/v2\/product"}],"about":[{"href":"https:\/\/simfoniya.az\/ru\/wp-json\/wp\/v2\/types\/product"}],"replies":[{"embeddable":true,"href":"https:\/\/simfoniya.az\/ru\/wp-json\/wp\/v2\/comments?post=19243"}],"wp:featuredmedia":[{"embeddable":true,"href":"https:\/\/simfoniya.az\/ru\/wp-json\/wp\/v2\/media\/22117"}],"wp:attachment":[{"href":"https:\/\/simfoniya.az\/ru\/wp-json\/wp\/v2\/media?parent=19243"}],"wp:term":[{"taxonomy":"product_brand","embeddable":true,"href":"https:\/\/simfoniya.az\/ru\/wp-json\/wp\/v2\/product_brand?post=19243"},{"taxonomy":"product_cat","embeddable":true,"href":"https:\/\/simfoniya.az\/ru\/wp-json\/wp\/v2\/product_cat?post=19243"},{"taxonomy":"product_tag","embeddable":true,"href":"https:\/\/simfoniya.az\/ru\/wp-json\/wp\/v2\/product_tag?post=19243"},{"taxonomy":"collection","embeddable":true,"href":"https:\/\/simfoniya.az\/ru\/wp-json\/wp\/v2\/collection?post=19243"},{"taxonomy":"brand","embeddable":true,"href":"https:\/\/simfoniya.az\/ru\/wp-json\/wp\/v2\/brand?post=19243"},{"taxonomy":"category_2","embeddable":true,"href":"https:\/\/simfoniya.az\/ru\/wp-json\/wp\/v2\/category_2?post=19243"},{"taxonomy":"catergory_brand","embeddable":true,"href":"https:\/\/simfoniya.az\/ru\/wp-json\/wp\/v2\/catergory_brand?post=19243"}],"curies":[{"name":"WP","href":"https:\/\/api.w.org\/{rel}","templated":true}]}}