{"id":19247,"date":"2024-06-02T06:17:59","date_gmt":"2024-06-02T06:17:59","guid":{"rendered":"https:\/\/simfoniya.az\/product\/simas-arcade-anaq-73-sm\/"},"modified":"2024-10-03T13:21:44","modified_gmt":"2024-10-03T13:21:44","slug":"simas-arcade-kolon-ayaq-dekorlu-qizili-renessance","status":"publish","type":"product","link":"https:\/\/simfoniya.az\/ru\/product\/simas-arcade-kolon-ayaq-dekorlu-qizili-renessance\/","title":{"rendered":"Simas Arcade \/ \u041d\u043e\u0436\u043a\u0430 \u043a\u043e\u043b\u043e\u043d\u043d\u044b"},"content":{"rendered":"<div class=\"flex max-w-full flex-col flex-grow\">\n<div class=\"min-h-8 text-message flex w-full flex-col items-end gap-2 whitespace-normal break-words [.text-message+&amp;]:mt-5\" dir=\"auto\" data-message-author-role=\"assistant\" data-message-id=\"0df1ed70-836b-4bba-bfd1-916ffd46ea78\">\n<div class=\"flex w-full flex-col gap-1 empty:hidden first:pt-[3px]\">\n<div class=\"markdown prose w-full break-words dark:prose-invert light\">\n<p>Bu, seramik materialdan haz\u0131rlanm\u0131\u015f bir pedestaldir. Bu dizayn, m\u00fcxt\u0259lif m\u0259kanlarda, x\u00fcsusil\u0259 vanna otaqlar\u0131nda lavabo d\u0259st\u0259yi kimi istifad\u0259 \u00fc\u00e7\u00fcn n\u0259z\u0259rd\u0259 tutulub. Pedestal\u0131n z\u0259rif v\u0259 klassik x\u0259tl\u0259ri il\u0259 istifad\u0259 olunan sah\u0259y\u0259 estetik bir g\u00f6z\u0259llik \u0259lav\u0259 edir, h\u0259m\u00e7inin lavabonun sabit v\u0259 m\u0259rk\u0259zi yerl\u0259\u015fm\u0259sini t\u0259min edir. Bu pedestal, hamam ota\u011f\u0131n\u0131n dizayn\u0131n\u0131 tamamlayan v\u0259 eyni zamanda funksional bir element olaraq xidm\u0259t edir.<\/p>\n<\/div>\n<\/div>\n<\/div>\n<\/div>\n<div class=\"mb-2 flex gap-3 empty:hidden -ml-2\">\n<div class=\"items-center justify-start rounded-xl p-1 flex\">\n<div class=\"flex items-center\"><button class=\"rounded-lg text-token-text-secondary hover:bg-token-main-surface-secondary\" aria-label=\"Read aloud\" data-testid=\"voice-play-turn-action-button\"><\/button><button class=\"rounded-lg text-token-text-secondary hover:bg-token-main-surface-secondary\" aria-label=\"\u041a\u043e\u043f\u0438\u0440\u043e\u0432\u0430\u0442\u044c\" data-testid=\"copy-turn-action-button\"><\/button><\/p>\n<div class=\"flex\"><\/div>\n<div class=\"flex items-center pb-0\"><\/div>\n<\/div>\n<\/div>\n<\/div>\n","protected":false},"excerpt":{"rendered":"<p>\u042d\u0442\u043e \u043f\u043e\u0441\u0442\u0430\u043c\u0435\u043d\u0442 \u0438\u0437 \u043a\u0435\u0440\u0430\u043c\u0438\u0447\u0435\u0441\u043a\u043e\u0433\u043e \u043c\u0430\u0442\u0435\u0440\u0438\u0430\u043b\u0430. \u0414\u0430\u043d\u043d\u0430\u044f \u043a\u043e\u043d\u0441\u0442\u0440\u0443\u043a\u0446\u0438\u044f \u043f\u0440\u0435\u0434\u043d\u0430\u0437\u043d\u0430\u0447\u0435\u043d\u0430 \u0434\u043b\u044f \u0438\u0441\u043f\u043e\u043b\u044c\u0437\u043e\u0432\u0430\u043d\u0438\u044f \u0432 \u043a\u0430\u0447\u0435\u0441\u0442\u0432\u0435 \u043e\u043f\u043e\u0440\u044b \u0434\u043b\u044f \u0440\u0430\u043a\u043e\u0432\u0438\u043d\u044b \u0432 \u0440\u0430\u0437\u043b\u0438\u0447\u043d\u044b\u0445 \u043f\u043e\u043c\u0435\u0449\u0435\u043d\u0438\u044f\u0445, \u043e\u0441\u043e\u0431\u0435\u043d\u043d\u043e \u0432 \u0432\u0430\u043d\u043d\u044b\u0445 \u043a\u043e\u043c\u043d\u0430\u0442\u0430\u0445. \u042d\u043b\u0435\u0433\u0430\u043d\u0442\u043d\u044b\u0435 \u0438 \u043a\u043b\u0430\u0441\u0441\u0438\u0447\u0435\u0441\u043a\u0438\u0435 \u043b\u0438\u043d\u0438\u0438 \u043f\u044c\u0435\u0434\u0435\u0441\u0442\u0430\u043b\u0430 \u043f\u0440\u0438\u0434\u0430\u044e\u0442 \u044d\u0441\u0442\u0435\u0442\u0438\u0447\u0435\u0441\u043a\u0443\u044e \u043a\u0440\u0430\u0441\u043e\u0442\u0443 \u0438\u0441\u043f\u043e\u043b\u044c\u0437\u0443\u0435\u043c\u043e\u043c\u0443 \u043f\u0440\u043e\u0441\u0442\u0440\u0430\u043d\u0441\u0442\u0432\u0443, \u0430 \u0442\u0430\u043a\u0436\u0435 \u043e\u0431\u0435\u0441\u043f\u0435\u0447\u0438\u0432\u0430\u044e\u0442 \u0443\u0441\u0442\u043e\u0439\u0447\u0438\u0432\u043e\u0435 \u0438 \u0446\u0435\u043d\u0442\u0440\u0430\u043b\u044c\u043d\u043e\u0435 \u0440\u0430\u0441\u043f\u043e\u043b\u043e\u0436\u0435\u043d\u0438\u0435 \u043c\u043e\u0439\u043a\u0438. \u042d\u0442\u043e\u0442 \u043f\u043e\u0441\u0442\u0430\u043c\u0435\u043d\u0442 \u0434\u043e\u043f\u043e\u043b\u043d\u044f\u0435\u0442 \u0434\u0438\u0437\u0430\u0439\u043d \u0432\u0430\u043d\u043d\u043e\u0439 \u043a\u043e\u043c\u043d\u0430\u0442\u044b \u0438 \u043e\u0434\u043d\u043e\u0432\u0440\u0435\u043c\u0435\u043d\u043d\u043e \u0441\u043b\u0443\u0436\u0438\u0442 \u0444\u0443\u043d\u043a\u0446\u0438\u043e\u043d\u0430\u043b\u044c\u043d\u044b\u043c \u044d\u043b\u0435\u043c\u0435\u043d\u0442\u043e\u043c.<\/p>","protected":false},"featured_media":20225,"comment_status":"closed","ping_status":"closed","template":"","meta":[],"product_brand":[],"product_cat":[1461],"product_tag":[],"collection":[],"brand":[1454],"category_2":[],"catergory_brand":[],"class_list":{"0":"post-19247","1":"product","2":"type-product","3":"status-publish","4":"has-post-thumbnail","6":"product_cat-wash-basins","7":"brand-simas","9":"first","10":"instock","11":"shipping-taxable","12":"product-type-simple"},"_links":{"self":[{"href":"https:\/\/simfoniya.az\/ru\/wp-json\/wp\/v2\/product\/19247","targetHints":{"allow":["GET"]}}],"collection":[{"href":"https:\/\/simfoniya.az\/ru\/wp-json\/wp\/v2\/product"}],"about":[{"href":"https:\/\/simfoniya.az\/ru\/wp-json\/wp\/v2\/types\/product"}],"replies":[{"embeddable":true,"href":"https:\/\/simfoniya.az\/ru\/wp-json\/wp\/v2\/comments?post=19247"}],"wp:featuredmedia":[{"embeddable":true,"href":"https:\/\/simfoniya.az\/ru\/wp-json\/wp\/v2\/media\/20225"}],"wp:attachment":[{"href":"https:\/\/simfoniya.az\/ru\/wp-json\/wp\/v2\/media?parent=19247"}],"wp:term":[{"taxonomy":"product_brand","embeddable":true,"href":"https:\/\/simfoniya.az\/ru\/wp-json\/wp\/v2\/product_brand?post=19247"},{"taxonomy":"product_cat","embeddable":true,"href":"https:\/\/simfoniya.az\/ru\/wp-json\/wp\/v2\/product_cat?post=19247"},{"taxonomy":"product_tag","embeddable":true,"href":"https:\/\/simfoniya.az\/ru\/wp-json\/wp\/v2\/product_tag?post=19247"},{"taxonomy":"collection","embeddable":true,"href":"https:\/\/simfoniya.az\/ru\/wp-json\/wp\/v2\/collection?post=19247"},{"taxonomy":"brand","embeddable":true,"href":"https:\/\/simfoniya.az\/ru\/wp-json\/wp\/v2\/brand?post=19247"},{"taxonomy":"category_2","embeddable":true,"href":"https:\/\/simfoniya.az\/ru\/wp-json\/wp\/v2\/category_2?post=19247"},{"taxonomy":"catergory_brand","embeddable":true,"href":"https:\/\/simfoniya.az\/ru\/wp-json\/wp\/v2\/catergory_brand?post=19247"}],"curies":[{"name":"WP","href":"https:\/\/api.w.org\/{rel}","templated":true}]}}