{"id":19263,"date":"2024-06-02T06:18:36","date_gmt":"2024-06-02T06:18:36","guid":{"rendered":"https:\/\/simfoniya.az\/product\/simas-degrade-anaq-58-sm\/"},"modified":"2024-10-03T12:48:34","modified_gmt":"2024-10-03T12:48:34","slug":"simas-desmo-dezhah-ustu-yari-gomme-oval-canaq-53-5-cm","status":"publish","type":"product","link":"https:\/\/simfoniya.az\/ru\/product\/simas-desmo-dezhah-ustu-yari-gomme-oval-canaq-53-5-cm\/","title":{"rendered":"\u0421\u0438\u043c\u0430\u0441 \/ \u041c\u043e\u0439\u043a\u0430"},"content":{"rendered":"<div class=\"flex max-w-full flex-col flex-grow\">\n<div class=\"min-h-8 text-message flex w-full flex-col items-end gap-2 whitespace-normal break-words [.text-message+&amp;]:mt-5\" dir=\"auto\" data-message-author-role=\"assistant\" data-message-id=\"e7848c99-8b64-446d-a620-784fb80084f5\">\n<div class=\"flex w-full flex-col gap-1 empty:hidden first:pt-[3px]\">\n<div class=\"markdown prose w-full break-words dark:prose-invert light\">\n<p>Bu, m\u00fcasir dizayna malik a\u011f seramik m\u0259tb\u0259x moykas\u0131d\u0131r. D\u00fcz x\u0259tl\u0259ri v\u0259 minimalist g\u00f6r\u00fcn\u00fc\u015f\u00fc il\u0259, bu moyka h\u0259r hans\u0131 m\u0259tb\u0259x\u0259 z\u0259rif bir toxunu\u015f \u0259lav\u0259 ed\u0259r. Asan t\u0259mizl\u0259n\u0259 bil\u0259n geni\u015f i\u00e7 sah\u0259si praktik v\u0259 funksional bir istifad\u0259 t\u0259min edir.<\/p>\n<\/div>\n<\/div>\n<\/div>\n<\/div>\n<div class=\"mb-2 flex gap-3 empty:hidden -ml-2\">\n<div class=\"items-center justify-start rounded-xl p-1 flex\">\n<div class=\"flex items-center justify-center rounded-lg text-token-text-secondary\"><button class=\"flex h-[30px] w-[30px] items-center justify-center rounded-md hover:bg-token-main-surface-secondary disabled:opacity-50 disabled:hover:bg-transparent\" aria-label=\"\u041f\u0440\u0435\u0434\u044b\u0434\u0443\u0449\u0438\u0439 \u043e\u0442\u0432\u0435\u0442\"><\/button><\/p>\n<div class=\"px-0.5 text-sm font-semibold tabular-nums\"><\/div>\n<\/div>\n<\/div>\n<\/div>\n","protected":false},"excerpt":{"rendered":"<p>\u042d\u0442\u043e \u0431\u0435\u043b\u0430\u044f \u043a\u0435\u0440\u0430\u043c\u0438\u0447\u0435\u0441\u043a\u0430\u044f \u043a\u0443\u0445\u043e\u043d\u043d\u0430\u044f \u043c\u043e\u0439\u043a\u0430 \u0441\u043e\u0432\u0440\u0435\u043c\u0435\u043d\u043d\u043e\u0433\u043e \u0434\u0438\u0437\u0430\u0439\u043d\u0430. \u0411\u043b\u0430\u0433\u043e\u0434\u0430\u0440\u044f \u043f\u0440\u044f\u043c\u044b\u043c \u043b\u0438\u043d\u0438\u044f\u043c \u0438 \u043c\u0438\u043d\u0438\u043c\u0430\u043b\u0438\u0441\u0442\u0438\u0447\u0435\u0441\u043a\u043e\u043c\u0443 \u0432\u0438\u0434\u0443 \u044d\u0442\u0430 \u043c\u043e\u0439\u043a\u0430 \u043f\u0440\u0438\u0434\u0430\u0441\u0442 \u044d\u043b\u0435\u0433\u0430\u043d\u0442\u043d\u043e\u0441\u0442\u044c \u043b\u044e\u0431\u043e\u0439 \u043a\u0443\u0445\u043d\u0435. \u041f\u0440\u043e\u0441\u0442\u043e\u0440\u043d\u0430\u044f \u0432\u043d\u0443\u0442\u0440\u0435\u043d\u043d\u044f\u044f \u0447\u0430\u0441\u0442\u044c, \u043a\u043e\u0442\u043e\u0440\u0443\u044e \u043b\u0435\u0433\u043a\u043e \u0447\u0438\u0441\u0442\u0438\u0442\u044c, \u043e\u0431\u0435\u0441\u043f\u0435\u0447\u0438\u0432\u0430\u0435\u0442 \u043f\u0440\u0430\u043a\u0442\u0438\u0447\u043d\u043e\u0435 \u0438 \u0444\u0443\u043d\u043a\u0446\u0438\u043e\u043d\u0430\u043b\u044c\u043d\u043e\u0435 \u0438\u0441\u043f\u043e\u043b\u044c\u0437\u043e\u0432\u0430\u043d\u0438\u0435.<\/p>","protected":false},"featured_media":19262,"comment_status":"closed","ping_status":"closed","template":"","meta":[],"product_brand":[],"product_cat":[1461],"product_tag":[],"collection":[],"brand":[1454],"category_2":[],"catergory_brand":[],"class_list":{"0":"post-19263","1":"product","2":"type-product","3":"status-publish","4":"has-post-thumbnail","6":"product_cat-wash-basins","7":"brand-simas","9":"first","10":"instock","11":"shipping-taxable","12":"product-type-simple"},"_links":{"self":[{"href":"https:\/\/simfoniya.az\/ru\/wp-json\/wp\/v2\/product\/19263","targetHints":{"allow":["GET"]}}],"collection":[{"href":"https:\/\/simfoniya.az\/ru\/wp-json\/wp\/v2\/product"}],"about":[{"href":"https:\/\/simfoniya.az\/ru\/wp-json\/wp\/v2\/types\/product"}],"replies":[{"embeddable":true,"href":"https:\/\/simfoniya.az\/ru\/wp-json\/wp\/v2\/comments?post=19263"}],"wp:featuredmedia":[{"embeddable":true,"href":"https:\/\/simfoniya.az\/ru\/wp-json\/wp\/v2\/media\/19262"}],"wp:attachment":[{"href":"https:\/\/simfoniya.az\/ru\/wp-json\/wp\/v2\/media?parent=19263"}],"wp:term":[{"taxonomy":"product_brand","embeddable":true,"href":"https:\/\/simfoniya.az\/ru\/wp-json\/wp\/v2\/product_brand?post=19263"},{"taxonomy":"product_cat","embeddable":true,"href":"https:\/\/simfoniya.az\/ru\/wp-json\/wp\/v2\/product_cat?post=19263"},{"taxonomy":"product_tag","embeddable":true,"href":"https:\/\/simfoniya.az\/ru\/wp-json\/wp\/v2\/product_tag?post=19263"},{"taxonomy":"collection","embeddable":true,"href":"https:\/\/simfoniya.az\/ru\/wp-json\/wp\/v2\/collection?post=19263"},{"taxonomy":"brand","embeddable":true,"href":"https:\/\/simfoniya.az\/ru\/wp-json\/wp\/v2\/brand?post=19263"},{"taxonomy":"category_2","embeddable":true,"href":"https:\/\/simfoniya.az\/ru\/wp-json\/wp\/v2\/category_2?post=19263"},{"taxonomy":"catergory_brand","embeddable":true,"href":"https:\/\/simfoniya.az\/ru\/wp-json\/wp\/v2\/catergory_brand?post=19263"}],"curies":[{"name":"WP","href":"https:\/\/api.w.org\/{rel}","templated":true}]}}