{"id":19276,"date":"2024-06-02T06:19:08","date_gmt":"2024-06-02T06:19:08","guid":{"rendered":"https:\/\/simfoniya.az\/product\/simas-e-lne-anaq-65-sm\/"},"modified":"2024-10-03T12:43:25","modified_gmt":"2024-10-03T12:43:25","slug":"simas-evolution-bide-yerden-2","status":"publish","type":"product","link":"https:\/\/simfoniya.az\/ru\/product\/simas-evolution-bide-yerden-2\/","title":{"rendered":"\u0421\u0438\u043c\u0430\u0441 \u042d\u0432\u043e\u043b\u044e\u0448\u043d \/ \u0411\u0438\u0434\u0435"},"content":{"rendered":"<div class=\"flex max-w-full flex-col flex-grow\">\n<div class=\"min-h-8 text-message flex w-full flex-col items-end gap-2 whitespace-normal break-words [.text-message+&amp;]:mt-5\" dir=\"auto\" data-message-author-role=\"assistant\" data-message-id=\"8e682abf-0424-4357-99b3-9e65b92412b6\">\n<div class=\"flex w-full flex-col gap-1 empty:hidden first:pt-[3px]\">\n<div class=\"markdown prose w-full break-words dark:prose-invert light\">\n<p>Bu, klasik dizayna malik bir bide t\u0259svir edir. A\u011f seramikd\u0259n haz\u0131rlanm\u0131\u015f bu bide, m\u00f6hk\u0259m v\u0259 z\u0259rif g\u00f6r\u00fcn\u00fc\u015fl\u00fc dizayn\u0131 il\u0259 se\u00e7ilir. Klassik x\u0259ttl\u0259r\u0259 malik bu bide, \u0259n\u0259n\u0259vi v\u0259 m\u00fcasir hamam otaqlar\u0131na uy\u011funla\u015fa bil\u0259r v\u0259 y\u00fcks\u0259k s\u0259viyy\u0259d\u0259 \u015f\u0259xsi gigiyena t\u0259klif edir. Bide, rahat istifad\u0259 v\u0259 asan t\u0259mizl\u0259n\u0259 bil\u0259n s\u0259thi il\u0259 diqq\u0259t \u00e7\u0259kir, hamam ota\u011f\u0131nda h\u0259m funksional, h\u0259m d\u0259 estetik bir element olaraq xidm\u0259t edir.<\/p>\n<\/div>\n<\/div>\n<\/div>\n<\/div>\n<div class=\"mb-2 flex gap-3 empty:hidden -ml-2\">\n<div class=\"items-center justify-start rounded-xl p-1 z-10 -mt-1 bg-token-main-surface-primary md:absolute md:sr-only\">\n<div class=\"flex items-center\"><button class=\"rounded-lg text-token-text-secondary hover:bg-token-main-surface-secondary\" aria-label=\"Read aloud\" data-testid=\"voice-play-turn-action-button\"><\/button><button class=\"rounded-lg text-token-text-secondary hover:bg-token-main-surface-secondary\" aria-label=\"\u041a\u043e\u043f\u0438\u0440\u043e\u0432\u0430\u0442\u044c\" data-testid=\"copy-turn-action-button\"><\/button><\/p>\n<div class=\"flex\"><\/div>\n<div class=\"flex items-center pb-0\"><\/div>\n<\/div>\n<\/div>\n<\/div>\n","protected":false},"excerpt":{"rendered":"<p>Bu, klasik dizayna malik bir bide t\u0259svir edir. A\u011f seramikd\u0259n haz\u0131rlanm\u0131\u015f bu bide, m\u00f6hk\u0259m v\u0259 z\u0259rif g\u00f6r\u00fcn\u00fc\u015fl\u00fc dizayn\u0131 il\u0259 se\u00e7ilir. Klassik x\u0259ttl\u0259r\u0259 malik bu bide, \u0259n\u0259n\u0259vi v\u0259 m\u00fcasir hamam otaqlar\u0131na uy\u011funla\u015fa bil\u0259r v\u0259 y\u00fcks\u0259k s\u0259viyy\u0259d\u0259 \u015f\u0259xsi gigiyena t\u0259klif edir. Bide, rahat istifad\u0259 v\u0259 asan t\u0259mizl\u0259n\u0259 bil\u0259n s\u0259thi il\u0259 diqq\u0259t \u00e7\u0259kir, hamam ota\u011f\u0131nda h\u0259m funksional, h\u0259m d\u0259 estetik bir element olaraq\u2026<\/p>","protected":false},"featured_media":19275,"comment_status":"closed","ping_status":"closed","template":"","meta":[],"product_brand":[],"product_cat":[409],"product_tag":[],"collection":[],"brand":[1454],"category_2":[],"catergory_brand":[],"class_list":{"0":"post-19276","1":"product","2":"type-product","3":"status-publish","4":"has-post-thumbnail","6":"product_cat-bidets","7":"brand-simas","9":"first","10":"instock","11":"shipping-taxable","12":"product-type-simple"},"_links":{"self":[{"href":"https:\/\/simfoniya.az\/ru\/wp-json\/wp\/v2\/product\/19276","targetHints":{"allow":["GET"]}}],"collection":[{"href":"https:\/\/simfoniya.az\/ru\/wp-json\/wp\/v2\/product"}],"about":[{"href":"https:\/\/simfoniya.az\/ru\/wp-json\/wp\/v2\/types\/product"}],"replies":[{"embeddable":true,"href":"https:\/\/simfoniya.az\/ru\/wp-json\/wp\/v2\/comments?post=19276"}],"wp:featuredmedia":[{"embeddable":true,"href":"https:\/\/simfoniya.az\/ru\/wp-json\/wp\/v2\/media\/19275"}],"wp:attachment":[{"href":"https:\/\/simfoniya.az\/ru\/wp-json\/wp\/v2\/media?parent=19276"}],"wp:term":[{"taxonomy":"product_brand","embeddable":true,"href":"https:\/\/simfoniya.az\/ru\/wp-json\/wp\/v2\/product_brand?post=19276"},{"taxonomy":"product_cat","embeddable":true,"href":"https:\/\/simfoniya.az\/ru\/wp-json\/wp\/v2\/product_cat?post=19276"},{"taxonomy":"product_tag","embeddable":true,"href":"https:\/\/simfoniya.az\/ru\/wp-json\/wp\/v2\/product_tag?post=19276"},{"taxonomy":"collection","embeddable":true,"href":"https:\/\/simfoniya.az\/ru\/wp-json\/wp\/v2\/collection?post=19276"},{"taxonomy":"brand","embeddable":true,"href":"https:\/\/simfoniya.az\/ru\/wp-json\/wp\/v2\/brand?post=19276"},{"taxonomy":"category_2","embeddable":true,"href":"https:\/\/simfoniya.az\/ru\/wp-json\/wp\/v2\/category_2?post=19276"},{"taxonomy":"catergory_brand","embeddable":true,"href":"https:\/\/simfoniya.az\/ru\/wp-json\/wp\/v2\/catergory_brand?post=19276"}],"curies":[{"name":"WP","href":"https:\/\/api.w.org\/{rel}","templated":true}]}}