{"id":19296,"date":"2024-06-02T06:31:12","date_gmt":"2024-06-02T06:31:12","guid":{"rendered":"https:\/\/simfoniya.az\/?post_type=product&#038;p=19296"},"modified":"2024-10-03T12:22:58","modified_gmt":"2024-10-03T12:22:58","slug":"simas-%c9%99l-duslu-vanna-su-qarisdiricisi-qizili","status":"publish","type":"product","link":"https:\/\/simfoniya.az\/ru\/product\/simas-%c9%99l-duslu-vanna-su-qarisdiricisi-qizili\/","title":{"rendered":"\u041d\u0430\u0431\u043e\u0440 \u0434\u043b\u044f \u0434\u0443\u0448\u0430 \u0434\u043b\u044f \u043b\u0438\u0446\u0430 \u0438 \u0440\u0443\u043a"},"content":{"rendered":"<div class=\"flex max-w-full flex-col flex-grow\">\n<div class=\"min-h-8 text-message flex w-full flex-col items-end gap-2 whitespace-normal break-words [.text-message+&amp;]:mt-5\" dir=\"auto\" data-message-author-role=\"assistant\" data-message-id=\"46369c3b-cf32-4074-b574-65e0ecfd1d2e\">\n<div class=\"flex w-full flex-col gap-1 empty:hidden first:pt-[3px]\">\n<div class=\"markdown prose w-full break-words dark:prose-invert light\">\n<p>Bu, retro stilind\u0259 dizayn edilmi\u015f bir vanna v\u0259 du\u015f kran\u0131d\u0131r. Parlaq xrom \u00f6rt\u00fckl\u00fc bu kran, iki x\u0259rcl\u0259yici ba\u015fl\u0131qdan \u2013 \u00fcst\u0259 qura\u015fd\u0131r\u0131lm\u0131\u015f du\u015f ba\u015fl\u0131\u011f\u0131 v\u0259 bir \u0259l du\u015fundan ibar\u0259tdir. Kran\u0131n k\u0259narlar\u0131nda yerl\u0259\u015f\u0259n xarakterik &#8220;x-star&#8221; tutacaqlar\u0131 suyun istiliyini v\u0259 ax\u0131n\u0131 s\u0259viyy\u0259sini d\u0259qiq t\u0259nziml\u0259m\u0259y\u0259 imkan verir. Bu kran modeli, \u0259n\u0259n\u0259vi dizayn elementl\u0259rini m\u00fcasir texnologiya il\u0259 birl\u0259\u015fdir\u0259r\u0259k, hamam ota\u011f\u0131n\u0131za klassik v\u0259 z\u0259rif bir g\u00f6r\u00fcn\u00fc\u015f qatar.<\/p>\n<\/div>\n<\/div>\n<\/div>\n<\/div>\n<div class=\"mb-2 flex gap-3 empty:hidden -ml-2\">\n<div class=\"items-center justify-start rounded-xl p-1 flex\">\n<div class=\"flex items-center\"><button class=\"rounded-lg text-token-text-secondary hover:bg-token-main-surface-secondary\" aria-label=\"Read aloud\" data-testid=\"voice-play-turn-action-button\"><\/button><button class=\"rounded-lg text-token-text-secondary hover:bg-token-main-surface-secondary\" aria-label=\"\u041a\u043e\u043f\u0438\u0440\u043e\u0432\u0430\u0442\u044c\" data-testid=\"copy-turn-action-button\"><\/button><\/p>\n<div class=\"flex\"><\/div>\n<div class=\"flex items-center pb-0\"><\/div>\n<\/div>\n<\/div>\n<\/div>\n","protected":false},"excerpt":{"rendered":"<p>Bu, retro stilind\u0259 dizayn edilmi\u015f bir vanna v\u0259 du\u015f kran\u0131d\u0131r. Parlaq xrom \u00f6rt\u00fckl\u00fc bu kran, iki x\u0259rcl\u0259yici ba\u015fl\u0131qdan \u2013 \u00fcst\u0259 qura\u015fd\u0131r\u0131lm\u0131\u015f du\u015f ba\u015fl\u0131\u011f\u0131 v\u0259 bir \u0259l du\u015fundan ibar\u0259tdir. Kran\u0131n k\u0259narlar\u0131nda yerl\u0259\u015f\u0259n xarakterik &#8220;x-star&#8221; tutacaqlar\u0131 suyun istiliyini v\u0259 ax\u0131n\u0131 s\u0259viyy\u0259sini d\u0259qiq t\u0259nziml\u0259m\u0259y\u0259 imkan verir. Bu kran modeli, \u0259n\u0259n\u0259vi dizayn elementl\u0259rini m\u00fcasir texnologiya il\u0259 birl\u0259\u015fdir\u0259r\u0259k, hamam ota\u011f\u0131n\u0131za klassik v\u0259 z\u0259rif bir g\u00f6r\u00fcn\u00fc\u015f\u2026<\/p>","protected":false},"featured_media":19297,"comment_status":"closed","ping_status":"closed","template":"","meta":[],"product_brand":[],"product_cat":[1402],"product_tag":[],"collection":[],"brand":[1454],"category_2":[],"catergory_brand":[],"class_list":{"0":"post-19296","1":"product","2":"type-product","3":"status-publish","4":"has-post-thumbnail","6":"product_cat-shower-hands","7":"brand-simas","9":"first","10":"instock","11":"shipping-taxable","12":"product-type-simple"},"_links":{"self":[{"href":"https:\/\/simfoniya.az\/ru\/wp-json\/wp\/v2\/product\/19296","targetHints":{"allow":["GET"]}}],"collection":[{"href":"https:\/\/simfoniya.az\/ru\/wp-json\/wp\/v2\/product"}],"about":[{"href":"https:\/\/simfoniya.az\/ru\/wp-json\/wp\/v2\/types\/product"}],"replies":[{"embeddable":true,"href":"https:\/\/simfoniya.az\/ru\/wp-json\/wp\/v2\/comments?post=19296"}],"wp:featuredmedia":[{"embeddable":true,"href":"https:\/\/simfoniya.az\/ru\/wp-json\/wp\/v2\/media\/19297"}],"wp:attachment":[{"href":"https:\/\/simfoniya.az\/ru\/wp-json\/wp\/v2\/media?parent=19296"}],"wp:term":[{"taxonomy":"product_brand","embeddable":true,"href":"https:\/\/simfoniya.az\/ru\/wp-json\/wp\/v2\/product_brand?post=19296"},{"taxonomy":"product_cat","embeddable":true,"href":"https:\/\/simfoniya.az\/ru\/wp-json\/wp\/v2\/product_cat?post=19296"},{"taxonomy":"product_tag","embeddable":true,"href":"https:\/\/simfoniya.az\/ru\/wp-json\/wp\/v2\/product_tag?post=19296"},{"taxonomy":"collection","embeddable":true,"href":"https:\/\/simfoniya.az\/ru\/wp-json\/wp\/v2\/collection?post=19296"},{"taxonomy":"brand","embeddable":true,"href":"https:\/\/simfoniya.az\/ru\/wp-json\/wp\/v2\/brand?post=19296"},{"taxonomy":"category_2","embeddable":true,"href":"https:\/\/simfoniya.az\/ru\/wp-json\/wp\/v2\/category_2?post=19296"},{"taxonomy":"catergory_brand","embeddable":true,"href":"https:\/\/simfoniya.az\/ru\/wp-json\/wp\/v2\/catergory_brand?post=19296"}],"curies":[{"name":"WP","href":"https:\/\/api.w.org\/{rel}","templated":true}]}}