{"id":19307,"date":"2024-06-02T06:35:44","date_gmt":"2024-06-02T06:35:44","guid":{"rendered":"https:\/\/simfoniya.az\/?post_type=product&#038;p=19307"},"modified":"2024-10-03T12:11:52","modified_gmt":"2024-10-03T12:11:52","slug":"simas-evolution-asma-unitaz","status":"publish","type":"product","link":"https:\/\/simfoniya.az\/ru\/product\/simas-evolution-asma-unitaz\/","title":{"rendered":"Simas Evolution \/ \u041f\u043e\u0434\u0432\u0435\u0441\u043d\u043e\u0439 \u0443\u043d\u0438\u0442\u0430\u0437"},"content":{"rendered":"<div class=\"flex max-w-full flex-col flex-grow\">\n<div class=\"min-h-8 text-message flex w-full flex-col items-end gap-2 whitespace-normal break-words [.text-message+&amp;]:mt-5\" dir=\"auto\" data-message-author-role=\"assistant\" data-message-id=\"c2355f06-3e4b-42ed-b9fc-4f14ee061c60\">\n<div class=\"flex w-full flex-col gap-1 empty:hidden first:pt-[3px]\">\n<div class=\"markdown prose w-full break-words dark:prose-invert light\">\n<p>Bu, m\u00fcasir v\u0259 minimalist dizayna malik asma unitazd\u0131r. A\u011f seramikd\u0259n haz\u0131rlanm\u0131\u015f bu unitaz, hamam ota\u011f\u0131n\u0131n g\u00f6r\u00fcn\u00fc\u015f\u00fcn\u00fc t\u0259miz v\u0259 a\u00e7\u0131q saxlamaq \u00fc\u00e7\u00fcn divara monte edilir. Bu dizayn, yer q\u0259na\u0259ti t\u0259min edir v\u0259 t\u0259mizl\u0259m\u0259yi asanla\u015fd\u0131r\u0131r, \u00e7\u00fcnki z\u0259min alt\u0131nda he\u00e7 bir komponent g\u00f6r\u00fcnm\u00fcr. Asma unitazlar, m\u00fcasir hamam otaqlar\u0131 \u00fc\u00e7\u00fcn ideal se\u00e7imdir, estetik cazib\u0259darl\u0131\u011f\u0131 il\u0259 yana\u015f\u0131, funksional v\u0259 rahat bir istifad\u0259 t\u0259klif edir.<\/p>\n<\/div>\n<\/div>\n<\/div>\n<\/div>\n<div class=\"mb-2 flex gap-3 empty:hidden -ml-2\">\n<div class=\"items-center justify-start rounded-xl p-1 flex\">\n<div class=\"flex items-center\"><button class=\"rounded-lg text-token-text-secondary hover:bg-token-main-surface-secondary\" aria-label=\"Read aloud\" data-testid=\"voice-play-turn-action-button\"><\/button><button class=\"rounded-lg text-token-text-secondary hover:bg-token-main-surface-secondary\" aria-label=\"\u041a\u043e\u043f\u0438\u0440\u043e\u0432\u0430\u0442\u044c\" data-testid=\"copy-turn-action-button\"><\/button><\/p>\n<div class=\"flex\"><\/div>\n<div class=\"flex items-center pb-0\"><\/div>\n<\/div>\n<\/div>\n<\/div>\n","protected":false},"excerpt":{"rendered":"<p>\u042d\u0442\u043e \u043d\u0430\u0441\u0442\u0435\u043d\u043d\u044b\u0439 \u0443\u043d\u0438\u0442\u0430\u0437 \u0441\u043e\u0432\u0440\u0435\u043c\u0435\u043d\u043d\u043e\u0433\u043e \u043c\u0438\u043d\u0438\u043c\u0430\u043b\u0438\u0441\u0442\u0441\u043a\u043e\u0433\u043e \u0434\u0438\u0437\u0430\u0439\u043d\u0430. \u042d\u0442\u043e\u0442 \u0443\u043d\u0438\u0442\u0430\u0437, \u0438\u0437\u0433\u043e\u0442\u043e\u0432\u043b\u0435\u043d\u043d\u044b\u0439 \u0438\u0437 \u0431\u0435\u043b\u043e\u0439 \u043a\u0435\u0440\u0430\u043c\u0438\u043a\u0438, \u043a\u0440\u0435\u043f\u0438\u0442\u0441\u044f \u043a \u0441\u0442\u0435\u043d\u0435, \u0447\u0442\u043e \u0434\u0435\u043b\u0430\u0435\u0442 \u0432\u0430\u043d\u043d\u0443\u044e \u043a\u043e\u043c\u043d\u0430\u0442\u0443 \u0447\u0438\u0441\u0442\u043e\u0439 \u0438 \u043e\u0442\u043a\u0440\u044b\u0442\u043e\u0439. \u0422\u0430\u043a\u0430\u044f \u043a\u043e\u043d\u0441\u0442\u0440\u0443\u043a\u0446\u0438\u044f \u044d\u043a\u043e\u043d\u043e\u043c\u0438\u0442 \u043c\u0435\u0441\u0442\u043e \u0438 \u0443\u043f\u0440\u043e\u0449\u0430\u0435\u0442 \u0443\u0431\u043e\u0440\u043a\u0443, \u043f\u043e\u0441\u043a\u043e\u043b\u044c\u043a\u0443 \u043f\u043e\u0434 \u043f\u043e\u043b\u043e\u043c \u043d\u0435 \u0432\u0438\u0434\u043d\u043e \u043d\u0438\u043a\u0430\u043a\u0438\u0445 \u043a\u043e\u043c\u043f\u043e\u043d\u0435\u043d\u0442\u043e\u0432. \u041f\u043e\u0434\u0432\u0435\u0441\u043d\u044b\u0435 \u0443\u043d\u0438\u0442\u0430\u0437\u044b \u2014 \u0438\u0434\u0435\u0430\u043b\u044c\u043d\u044b\u0439 \u0432\u044b\u0431\u043e\u0440 \u0434\u043b\u044f \u0441\u043e\u0432\u0440\u0435\u043c\u0435\u043d\u043d\u044b\u0445 \u0432\u0430\u043d\u043d\u044b\u0445 \u043a\u043e\u043c\u043d\u0430\u0442, \u043f\u043e\u0441\u043a\u043e\u043b\u044c\u043a\u0443 \u043e\u043d\u0438 \u0441\u043e\u0447\u0435\u0442\u0430\u044e\u0442 \u0432 \u0441\u0435\u0431\u0435 \u0444\u0443\u043d\u043a\u0446\u0438\u043e\u043d\u0430\u043b\u044c\u043d\u043e\u0441\u0442\u044c \u0438 \u0443\u0434\u043e\u0431\u0441\u0442\u0432\u043e \u0438\u0441\u043f\u043e\u043b\u044c\u0437\u043e\u0432\u0430\u043d\u0438\u044f, \u0430 \u0442\u0430\u043a\u0436\u0435 \u044d\u0441\u0442\u0435\u0442\u0438\u0447\u0435\u0441\u043a\u0443\u044e \u043f\u0440\u0438\u0432\u043b\u0435\u043a\u0430\u0442\u0435\u043b\u044c\u043d\u043e\u0441\u0442\u044c.<\/p>","protected":false},"featured_media":19308,"comment_status":"closed","ping_status":"closed","template":"","meta":[],"product_brand":[],"product_cat":[408],"product_tag":[],"collection":[],"brand":[1454],"category_2":[],"catergory_brand":[],"class_list":{"0":"post-19307","1":"product","2":"type-product","3":"status-publish","4":"has-post-thumbnail","6":"product_cat-toilets","7":"brand-simas","9":"first","10":"instock","11":"shipping-taxable","12":"product-type-simple"},"_links":{"self":[{"href":"https:\/\/simfoniya.az\/ru\/wp-json\/wp\/v2\/product\/19307","targetHints":{"allow":["GET"]}}],"collection":[{"href":"https:\/\/simfoniya.az\/ru\/wp-json\/wp\/v2\/product"}],"about":[{"href":"https:\/\/simfoniya.az\/ru\/wp-json\/wp\/v2\/types\/product"}],"replies":[{"embeddable":true,"href":"https:\/\/simfoniya.az\/ru\/wp-json\/wp\/v2\/comments?post=19307"}],"wp:featuredmedia":[{"embeddable":true,"href":"https:\/\/simfoniya.az\/ru\/wp-json\/wp\/v2\/media\/19308"}],"wp:attachment":[{"href":"https:\/\/simfoniya.az\/ru\/wp-json\/wp\/v2\/media?parent=19307"}],"wp:term":[{"taxonomy":"product_brand","embeddable":true,"href":"https:\/\/simfoniya.az\/ru\/wp-json\/wp\/v2\/product_brand?post=19307"},{"taxonomy":"product_cat","embeddable":true,"href":"https:\/\/simfoniya.az\/ru\/wp-json\/wp\/v2\/product_cat?post=19307"},{"taxonomy":"product_tag","embeddable":true,"href":"https:\/\/simfoniya.az\/ru\/wp-json\/wp\/v2\/product_tag?post=19307"},{"taxonomy":"collection","embeddable":true,"href":"https:\/\/simfoniya.az\/ru\/wp-json\/wp\/v2\/collection?post=19307"},{"taxonomy":"brand","embeddable":true,"href":"https:\/\/simfoniya.az\/ru\/wp-json\/wp\/v2\/brand?post=19307"},{"taxonomy":"category_2","embeddable":true,"href":"https:\/\/simfoniya.az\/ru\/wp-json\/wp\/v2\/category_2?post=19307"},{"taxonomy":"catergory_brand","embeddable":true,"href":"https:\/\/simfoniya.az\/ru\/wp-json\/wp\/v2\/catergory_brand?post=19307"}],"curies":[{"name":"WP","href":"https:\/\/api.w.org\/{rel}","templated":true}]}}