{"id":19321,"date":"2024-06-02T06:43:11","date_gmt":"2024-06-02T06:43:11","guid":{"rendered":"https:\/\/simfoniya.az\/?post_type=product&#038;p=19321"},"modified":"2024-10-03T12:00:37","modified_gmt":"2024-10-03T12:00:37","slug":"simas-arcade-kolon-ayaq","status":"publish","type":"product","link":"https:\/\/simfoniya.az\/ru\/product\/simas-arcade-kolon-ayaq\/","title":{"rendered":"Simas Arcade \/ \u041d\u043e\u0436\u043a\u0430 \u043a\u043e\u043b\u043e\u043d\u043d\u044b"},"content":{"rendered":"<div class=\"flex max-w-full flex-col flex-grow\">\n<div class=\"min-h-8 text-message flex w-full flex-col items-end gap-2 whitespace-normal break-words [.text-message+&amp;]:mt-5\" dir=\"auto\" data-message-author-role=\"assistant\" data-message-id=\"099b1e23-b7f9-4f6f-aa55-d67eb931b769\">\n<div class=\"flex w-full flex-col gap-1 empty:hidden first:pt-[3px]\">\n<div class=\"markdown prose w-full break-words dark:prose-invert light\">\n<p>Bu, klasik dizayna malik bir pedestal lavabodur. A\u011f seramikd\u0259n haz\u0131rlanm\u0131\u015f bu lavabo, \u00f6z\u00fcn\u0259m\u0259xsus s\u00fctun formas\u0131 il\u0259 d\u0259qiq v\u0259 z\u0259rif bir g\u00f6r\u00fcn\u00fc\u015f\u0259 malikdir. Bu n\u00f6v lavabo, x\u00fcsusil\u0259 klassik v\u0259 ya neoklassik interyerl\u0259r\u0259 uy\u011fun g\u0259lir, h\u0259m\u00e7inin t\u0259miz v\u0259 d\u00fcz\u0259nli bir g\u00f6r\u00fcn\u00fcm yarad\u0131r. Pedestal lavabolar, su borusunu gizl\u0259tm\u0259k \u00fc\u00e7\u00fcn m\u00fck\u0259mm\u0259ldir, bu da onlar\u0131 hamam ota\u011f\u0131nda estetik v\u0259 faydal\u0131 bir se\u00e7im edir.<\/p>\n<\/div>\n<\/div>\n<\/div>\n<\/div>\n<div class=\"mb-2 flex gap-3 empty:hidden -ml-2\">\n<div class=\"items-center justify-start rounded-xl p-1 flex\">\n<div class=\"flex items-center\"><button class=\"rounded-lg text-token-text-secondary hover:bg-token-main-surface-secondary\" aria-label=\"Read aloud\" data-testid=\"voice-play-turn-action-button\"><\/button><button class=\"rounded-lg text-token-text-secondary hover:bg-token-main-surface-secondary\" aria-label=\"\u041a\u043e\u043f\u0438\u0440\u043e\u0432\u0430\u0442\u044c\" data-testid=\"copy-turn-action-button\"><\/button><\/p>\n<div class=\"flex\"><\/div>\n<div class=\"flex items-center pb-0\"><\/div>\n<\/div>\n<\/div>\n<\/div>\n","protected":false},"excerpt":{"rendered":"<p>\u042d\u0442\u043e \u0440\u0430\u043a\u043e\u0432\u0438\u043d\u0430 \u043d\u0430 \u043f\u044c\u0435\u0434\u0435\u0441\u0442\u0430\u043b\u0435 \u043a\u043b\u0430\u0441\u0441\u0438\u0447\u0435\u0441\u043a\u043e\u0433\u043e \u0434\u0438\u0437\u0430\u0439\u043d\u0430. \u042d\u0442\u0430 \u0440\u0430\u043a\u043e\u0432\u0438\u043d\u0430, \u0438\u0437\u0433\u043e\u0442\u043e\u0432\u043b\u0435\u043d\u043d\u0430\u044f \u0438\u0437 \u0431\u0435\u043b\u043e\u0439 \u043a\u0435\u0440\u0430\u043c\u0438\u043a\u0438, \u0438\u043c\u0435\u0435\u0442 \u0430\u043a\u043a\u0443\u0440\u0430\u0442\u043d\u044b\u0439 \u0438 \u044d\u043b\u0435\u0433\u0430\u043d\u0442\u043d\u044b\u0439 \u0432\u0438\u0434 \u0431\u043b\u0430\u0433\u043e\u0434\u0430\u0440\u044f \u0441\u0432\u043e\u0435\u0439 \u0443\u043d\u0438\u043a\u0430\u043b\u044c\u043d\u043e\u0439 \u0444\u043e\u0440\u043c\u0435 \u043a\u043e\u043b\u043e\u043d\u043d\u044b. \u042d\u0442\u043e\u0442 \u0442\u0438\u043f \u043c\u043e\u0439\u043a\u0438 \u043e\u0441\u043e\u0431\u0435\u043d\u043d\u043e \u043f\u043e\u0434\u0445\u043e\u0434\u0438\u0442 \u0434\u043b\u044f \u043a\u043b\u0430\u0441\u0441\u0438\u0447\u0435\u0441\u043a\u043e\u0433\u043e \u0438\u043b\u0438 \u043d\u0435\u043e\u043a\u043b\u0430\u0441\u0441\u0438\u0447\u0435\u0441\u043a\u043e\u0433\u043e \u0438\u043d\u0442\u0435\u0440\u044c\u0435\u0440\u0430 \u0438 \u0441\u043e\u0437\u0434\u0430\u0435\u0442 \u0447\u0438\u0441\u0442\u044b\u0439 \u0438 \u0430\u043a\u043a\u0443\u0440\u0430\u0442\u043d\u044b\u0439 \u0432\u0438\u0434. \u0420\u0430\u043a\u043e\u0432\u0438\u043d\u044b \u043d\u0430 \u043f\u044c\u0435\u0434\u0435\u0441\u0442\u0430\u043b\u0435 \u0438\u0434\u0435\u0430\u043b\u044c\u043d\u043e \u043f\u043e\u0434\u0445\u043e\u0434\u044f\u0442 \u0434\u043b\u044f \u0441\u043a\u0440\u044b\u0442\u0438\u044f \u0432\u043e\u0434\u043e\u043f\u0440\u043e\u0432\u043e\u0434\u043d\u043e\u0439 \u0442\u0440\u0443\u0431\u044b, \u0447\u0442\u043e \u0434\u0435\u043b\u0430\u0435\u0442 \u0438\u0445 \u044d\u0441\u0442\u0435\u0442\u0438\u0447\u043d\u044b\u043c \u0438 \u043f\u043e\u043b\u0435\u0437\u043d\u044b\u043c \u0432\u044b\u0431\u043e\u0440\u043e\u043c \u0432 \u0432\u0430\u043d\u043d\u043e\u0439 \u043a\u043e\u043c\u043d\u0430\u0442\u0435.<\/p>","protected":false},"featured_media":22113,"comment_status":"closed","ping_status":"closed","template":"","meta":[],"product_brand":[],"product_cat":[1461],"product_tag":[],"collection":[],"brand":[1454],"category_2":[],"catergory_brand":[],"class_list":{"0":"post-19321","1":"product","2":"type-product","3":"status-publish","4":"has-post-thumbnail","6":"product_cat-wash-basins","7":"brand-simas","9":"first","10":"instock","11":"shipping-taxable","12":"product-type-simple"},"_links":{"self":[{"href":"https:\/\/simfoniya.az\/ru\/wp-json\/wp\/v2\/product\/19321","targetHints":{"allow":["GET"]}}],"collection":[{"href":"https:\/\/simfoniya.az\/ru\/wp-json\/wp\/v2\/product"}],"about":[{"href":"https:\/\/simfoniya.az\/ru\/wp-json\/wp\/v2\/types\/product"}],"replies":[{"embeddable":true,"href":"https:\/\/simfoniya.az\/ru\/wp-json\/wp\/v2\/comments?post=19321"}],"wp:featuredmedia":[{"embeddable":true,"href":"https:\/\/simfoniya.az\/ru\/wp-json\/wp\/v2\/media\/22113"}],"wp:attachment":[{"href":"https:\/\/simfoniya.az\/ru\/wp-json\/wp\/v2\/media?parent=19321"}],"wp:term":[{"taxonomy":"product_brand","embeddable":true,"href":"https:\/\/simfoniya.az\/ru\/wp-json\/wp\/v2\/product_brand?post=19321"},{"taxonomy":"product_cat","embeddable":true,"href":"https:\/\/simfoniya.az\/ru\/wp-json\/wp\/v2\/product_cat?post=19321"},{"taxonomy":"product_tag","embeddable":true,"href":"https:\/\/simfoniya.az\/ru\/wp-json\/wp\/v2\/product_tag?post=19321"},{"taxonomy":"collection","embeddable":true,"href":"https:\/\/simfoniya.az\/ru\/wp-json\/wp\/v2\/collection?post=19321"},{"taxonomy":"brand","embeddable":true,"href":"https:\/\/simfoniya.az\/ru\/wp-json\/wp\/v2\/brand?post=19321"},{"taxonomy":"category_2","embeddable":true,"href":"https:\/\/simfoniya.az\/ru\/wp-json\/wp\/v2\/category_2?post=19321"},{"taxonomy":"catergory_brand","embeddable":true,"href":"https:\/\/simfoniya.az\/ru\/wp-json\/wp\/v2\/catergory_brand?post=19321"}],"curies":[{"name":"WP","href":"https:\/\/api.w.org\/{rel}","templated":true}]}}