{"id":19323,"date":"2024-06-02T06:43:39","date_gmt":"2024-06-02T06:43:39","guid":{"rendered":"https:\/\/simfoniya.az\/?post_type=product&#038;p=19323"},"modified":"2024-10-03T11:59:07","modified_gmt":"2024-10-03T11:59:07","slug":"simas-arcade-kunc-canaq-ucun-metal-ayaq-qizili","status":"publish","type":"product","link":"https:\/\/simfoniya.az\/ru\/product\/simas-arcade-kunc-canaq-ucun-metal-ayaq-qizili\/","title":{"rendered":"Simas Arcade \/ \u0417\u043e\u043b\u043e\u0442\u044b\u0435 \u043d\u043e\u0436\u043a\u0438"},"content":{"rendered":"<p>\u0411\u0435\u043b\u0430\u044f \u043a\u0435\u0440\u0430\u043c\u0438\u0447\u0435\u0441\u043a\u0430\u044f \u0440\u0430\u043a\u043e\u0432\u0438\u043d\u0430 \u0443\u043a\u0440\u0430\u0448\u0435\u043d\u0430 \u043c\u0435\u0442\u0430\u043b\u043b\u0438\u0447\u0435\u0441\u043a\u0438\u043c\u0438 \u043d\u043e\u0436\u043a\u0430\u043c\u0438 \u0437\u043e\u043b\u043e\u0442\u043e\u0433\u043e \u0446\u0432\u0435\u0442\u0430 \u0438 \u043c\u0435\u0442\u0430\u043b\u043b\u0438\u0447\u0435\u0441\u043a\u043e\u0439 \u0440\u0430\u043c\u043e\u0439 \u0432 \u0442\u043e\u043d, \u0447\u0442\u043e \u043f\u0440\u0438\u0434\u0430\u0435\u0442 \u0435\u0439 \u0442\u0440\u0430\u0434\u0438\u0446\u0438\u043e\u043d\u043d\u044b\u0439 \u0438 \u0440\u043e\u0441\u043a\u043e\u0448\u043d\u044b\u0439 \u0432\u0438\u0434. \u041f\u043e\u0434 \u0440\u0430\u043a\u043e\u0432\u0438\u043d\u043e\u0439 \u0442\u0430\u043a\u0436\u0435 \u0438\u043c\u0435\u0435\u0442\u0441\u044f \u043f\u043e\u0434\u0445\u043e\u0434\u044f\u0449\u0430\u044f \u043f\u043e\u043b\u043a\u0430, \u043a\u043e\u0442\u043e\u0440\u0430\u044f \u043e\u0431\u0435\u0441\u043f\u0435\u0447\u0438\u0432\u0430\u0435\u0442 \u0434\u043e\u043f\u043e\u043b\u043d\u0438\u0442\u0435\u043b\u044c\u043d\u043e\u0435 \u043c\u0435\u0441\u0442\u043e \u0434\u043b\u044f \u0445\u0440\u0430\u043d\u0435\u043d\u0438\u044f \u0432\u0435\u0449\u0435\u0439 \u0438 \u0434\u043e\u0431\u0430\u0432\u043b\u044f\u0435\u0442 \u0432\u0430\u043d\u043d\u043e\u0439 \u043a\u043e\u043c\u043d\u0430\u0442\u0435 \u043f\u0440\u0430\u043a\u0442\u0438\u0447\u043d\u043e\u0441\u0442\u0438. \u042d\u0442\u0430 \u0440\u0430\u043a\u043e\u0432\u0438\u043d\u0430 \u043f\u043e\u0440\u0430\u0436\u0430\u0435\u0442 \u043d\u0435 \u0442\u043e\u043b\u044c\u043a\u043e \u0441\u0432\u043e\u0435\u0439 \u0444\u0443\u043d\u043a\u0446\u0438\u043e\u043d\u0430\u043b\u044c\u043d\u043e\u0441\u0442\u044c\u044e, \u043d\u043e \u0438 \u044d\u0441\u0442\u0435\u0442\u0438\u0447\u043d\u044b\u043c \u0432\u043d\u0435\u0448\u043d\u0438\u043c \u0432\u0438\u0434\u043e\u043c \u0438 \u0438\u0434\u0435\u0430\u043b\u044c\u043d\u043e \u0432\u043f\u0438\u0441\u044b\u0432\u0430\u0435\u0442\u0441\u044f \u0432 \u0432\u0430\u043d\u043d\u044b\u0435 \u043a\u043e\u043c\u043d\u0430\u0442\u044b, \u043e\u0444\u043e\u0440\u043c\u043b\u0435\u043d\u043d\u044b\u0435 \u0432 \u0442\u0440\u0430\u0434\u0438\u0446\u0438\u043e\u043d\u043d\u043e\u043c \u0441\u0442\u0438\u043b\u0435.<\/p>","protected":false},"excerpt":{"rendered":"<p>A\u011f seramik lavabo alt\u0131n r\u0259ngli metal ayaqlar v\u0259 uy\u011fun metal \u00e7\u0259r\u00e7iv\u0259 il\u0259 b\u0259z\u0259dilmi\u015fdir ki, bu da ona \u0259n\u0259n\u0259vi v\u0259 l\u00fcks bir g\u00f6r\u00fcn\u00fc\u015f verir. Lavabonun alt\u0131nda uy\u011funla\u015fd\u0131r\u0131lm\u0131\u015f bir r\u0259f d\u0259 var, bu r\u0259f \u0259lav\u0259 saxlama yer t\u0259min edir v\u0259 hamam ota\u011f\u0131na praktiklik \u0259lav\u0259 edir. Bu lavabo, estetik g\u00f6r\u00fcn\u00fc\u015f\u00fc il\u0259 oldu\u011fu q\u0259d\u0259r, funksionall\u0131\u011f\u0131 il\u0259 d\u0259 diqq\u0259t \u00e7\u0259kir v\u0259 \u0259n\u0259n\u0259vi z\u00f6vql\u0259 b\u0259z\u0259dilmi\u015f hamam\u2026<\/p>","protected":false},"featured_media":22524,"comment_status":"closed","ping_status":"closed","template":"","meta":[],"product_brand":[],"product_cat":[1461],"product_tag":[],"collection":[],"brand":[1454],"category_2":[],"catergory_brand":[],"class_list":{"0":"post-19323","1":"product","2":"type-product","3":"status-publish","4":"has-post-thumbnail","6":"product_cat-wash-basins","7":"brand-simas","9":"first","10":"instock","11":"shipping-taxable","12":"product-type-simple"},"_links":{"self":[{"href":"https:\/\/simfoniya.az\/ru\/wp-json\/wp\/v2\/product\/19323","targetHints":{"allow":["GET"]}}],"collection":[{"href":"https:\/\/simfoniya.az\/ru\/wp-json\/wp\/v2\/product"}],"about":[{"href":"https:\/\/simfoniya.az\/ru\/wp-json\/wp\/v2\/types\/product"}],"replies":[{"embeddable":true,"href":"https:\/\/simfoniya.az\/ru\/wp-json\/wp\/v2\/comments?post=19323"}],"wp:featuredmedia":[{"embeddable":true,"href":"https:\/\/simfoniya.az\/ru\/wp-json\/wp\/v2\/media\/22524"}],"wp:attachment":[{"href":"https:\/\/simfoniya.az\/ru\/wp-json\/wp\/v2\/media?parent=19323"}],"wp:term":[{"taxonomy":"product_brand","embeddable":true,"href":"https:\/\/simfoniya.az\/ru\/wp-json\/wp\/v2\/product_brand?post=19323"},{"taxonomy":"product_cat","embeddable":true,"href":"https:\/\/simfoniya.az\/ru\/wp-json\/wp\/v2\/product_cat?post=19323"},{"taxonomy":"product_tag","embeddable":true,"href":"https:\/\/simfoniya.az\/ru\/wp-json\/wp\/v2\/product_tag?post=19323"},{"taxonomy":"collection","embeddable":true,"href":"https:\/\/simfoniya.az\/ru\/wp-json\/wp\/v2\/collection?post=19323"},{"taxonomy":"brand","embeddable":true,"href":"https:\/\/simfoniya.az\/ru\/wp-json\/wp\/v2\/brand?post=19323"},{"taxonomy":"category_2","embeddable":true,"href":"https:\/\/simfoniya.az\/ru\/wp-json\/wp\/v2\/category_2?post=19323"},{"taxonomy":"catergory_brand","embeddable":true,"href":"https:\/\/simfoniya.az\/ru\/wp-json\/wp\/v2\/catergory_brand?post=19323"}],"curies":[{"name":"WP","href":"https:\/\/api.w.org\/{rel}","templated":true}]}}