{"id":19345,"date":"2024-06-02T07:11:22","date_gmt":"2024-06-02T07:11:22","guid":{"rendered":"https:\/\/simfoniya.az\/product\/simas-degrade-asma-bde\/"},"modified":"2024-10-03T07:18:53","modified_gmt":"2024-10-03T07:18:53","slug":"simas-degrade-asma-bde","status":"publish","type":"product","link":"https:\/\/simfoniya.az\/ru\/product\/simas-degrade-asma-bde\/","title":{"rendered":"\u0421\u0438\u043c\u0430\u0441 \u0414\u0435\u0433\u0440\u0430\u0434\u0435\/\u0411\u0438\u0434\u0435"},"content":{"rendered":"<div class=\"flex max-w-full flex-col flex-grow\">\n<div class=\"min-h-8 text-message flex w-full flex-col items-end gap-2 whitespace-normal break-words [.text-message+&amp;]:mt-5\" dir=\"auto\" data-message-author-role=\"assistant\" data-message-id=\"24169ad7-65ea-4194-a0a8-9a6660222310\">\n<div class=\"flex w-full flex-col gap-1 empty:hidden first:pt-[3px]\">\n<div class=\"markdown prose w-full break-words dark:prose-invert light\">\n<p>Bu, m\u00fcasir v\u0259 minimalist dizayna malik bir bide t\u0259svir edir. A\u011f seramikd\u0259n haz\u0131rlanm\u0131\u015f bu bide, kompakt v\u0259 kvadrat formas\u0131 il\u0259 d\u0259 diqq\u0259t \u00e7\u0259kir. Bu bide, m\u00fcasir hamam otaqlar\u0131 \u00fc\u00e7\u00fcn ideal bir se\u00e7imdir, \u00e7\u00fcnki onun sad\u0259liyi v\u0259 z\u0259rif x\u0259tl\u0259ri m\u00fcxt\u0259lif dizayn konsepsiyalar\u0131 il\u0259 asanl\u0131qla uy\u011funla\u015fa bil\u0259r. Kompakt \u00f6l\u00e7\u00fcs\u00fc ki\u00e7ik hamam otaqlar\u0131nda yer q\u0259na\u0259ti t\u0259min ed\u0259r\u0259k, eyni zamanda rahat v\u0259 praktik bir sanitariya h\u0259lli sunar.<\/p>\n<\/div>\n<\/div>\n<\/div>\n<\/div>\n<div class=\"mb-2 flex gap-3 empty:hidden -ml-2\">\n<div class=\"items-center justify-start rounded-xl p-1 flex\">\n<div class=\"flex items-center\"><button class=\"rounded-lg text-token-text-secondary hover:bg-token-main-surface-secondary\" aria-label=\"Read aloud\" data-testid=\"voice-play-turn-action-button\"><\/button><button class=\"rounded-lg text-token-text-secondary hover:bg-token-main-surface-secondary\" aria-label=\"\u041a\u043e\u043f\u0438\u0440\u043e\u0432\u0430\u0442\u044c\" data-testid=\"copy-turn-action-button\"><\/button><\/p>\n<div class=\"flex\"><\/div>\n<div class=\"flex items-center pb-0\"><\/div>\n<\/div>\n<\/div>\n<\/div>\n","protected":false},"excerpt":{"rendered":"<p>Bu, m\u00fcasir v\u0259 minimalist dizayna malik bir bide t\u0259svir edir. A\u011f seramikd\u0259n haz\u0131rlanm\u0131\u015f bu bide, kompakt v\u0259 kvadrat formas\u0131 il\u0259 d\u0259 diqq\u0259t \u00e7\u0259kir. Bu bide, m\u00fcasir hamam otaqlar\u0131 \u00fc\u00e7\u00fcn ideal bir se\u00e7imdir, \u00e7\u00fcnki onun sad\u0259liyi v\u0259 z\u0259rif x\u0259tl\u0259ri m\u00fcxt\u0259lif dizayn konsepsiyalar\u0131 il\u0259 asanl\u0131qla uy\u011funla\u015fa bil\u0259r. Kompakt \u00f6l\u00e7\u00fcs\u00fc ki\u00e7ik hamam otaqlar\u0131nda yer q\u0259na\u0259ti t\u0259min ed\u0259r\u0259k, eyni zamanda rahat v\u0259 praktik bir\u2026<\/p>","protected":false},"featured_media":19344,"comment_status":"closed","ping_status":"closed","template":"","meta":[],"product_brand":[],"product_cat":[409],"product_tag":[],"collection":[],"brand":[1454],"category_2":[],"catergory_brand":[],"class_list":{"0":"post-19345","1":"product","2":"type-product","3":"status-publish","4":"has-post-thumbnail","6":"product_cat-bidets","7":"brand-simas","9":"first","10":"instock","11":"shipping-taxable","12":"product-type-simple"},"_links":{"self":[{"href":"https:\/\/simfoniya.az\/ru\/wp-json\/wp\/v2\/product\/19345","targetHints":{"allow":["GET"]}}],"collection":[{"href":"https:\/\/simfoniya.az\/ru\/wp-json\/wp\/v2\/product"}],"about":[{"href":"https:\/\/simfoniya.az\/ru\/wp-json\/wp\/v2\/types\/product"}],"replies":[{"embeddable":true,"href":"https:\/\/simfoniya.az\/ru\/wp-json\/wp\/v2\/comments?post=19345"}],"wp:featuredmedia":[{"embeddable":true,"href":"https:\/\/simfoniya.az\/ru\/wp-json\/wp\/v2\/media\/19344"}],"wp:attachment":[{"href":"https:\/\/simfoniya.az\/ru\/wp-json\/wp\/v2\/media?parent=19345"}],"wp:term":[{"taxonomy":"product_brand","embeddable":true,"href":"https:\/\/simfoniya.az\/ru\/wp-json\/wp\/v2\/product_brand?post=19345"},{"taxonomy":"product_cat","embeddable":true,"href":"https:\/\/simfoniya.az\/ru\/wp-json\/wp\/v2\/product_cat?post=19345"},{"taxonomy":"product_tag","embeddable":true,"href":"https:\/\/simfoniya.az\/ru\/wp-json\/wp\/v2\/product_tag?post=19345"},{"taxonomy":"collection","embeddable":true,"href":"https:\/\/simfoniya.az\/ru\/wp-json\/wp\/v2\/collection?post=19345"},{"taxonomy":"brand","embeddable":true,"href":"https:\/\/simfoniya.az\/ru\/wp-json\/wp\/v2\/brand?post=19345"},{"taxonomy":"category_2","embeddable":true,"href":"https:\/\/simfoniya.az\/ru\/wp-json\/wp\/v2\/category_2?post=19345"},{"taxonomy":"catergory_brand","embeddable":true,"href":"https:\/\/simfoniya.az\/ru\/wp-json\/wp\/v2\/catergory_brand?post=19345"}],"curies":[{"name":"WP","href":"https:\/\/api.w.org\/{rel}","templated":true}]}}