{"id":19417,"date":"2024-06-02T07:14:19","date_gmt":"2024-06-02T07:14:19","guid":{"rendered":"https:\/\/simfoniya.az\/product\/simas-sharp-oval-canaq-60cm-bianco\/"},"modified":"2024-10-02T19:32:36","modified_gmt":"2024-10-02T19:32:36","slug":"simas-sharp-oval-canaq-60cm-bianco","status":"publish","type":"product","link":"https:\/\/simfoniya.az\/ru\/product\/simas-sharp-oval-canaq-60cm-bianco\/","title":{"rendered":"\u0421\u0438\u043c\u0430\u0441 \u0428\u0430\u0440\u043f \/ \u041c\u043e\u0439\u043a\u0430"},"content":{"rendered":"<div class=\"flex max-w-full flex-col flex-grow\">\n<div class=\"min-h-8 text-message flex w-full flex-col items-end gap-2 whitespace-normal break-words [.text-message+&amp;]:mt-5\" dir=\"auto\" data-message-author-role=\"assistant\" data-message-id=\"9f91209f-e784-44ed-a29b-67bef8b9583a\">\n<div class=\"flex w-full flex-col gap-1 empty:hidden first:pt-[3px]\">\n<div class=\"markdown prose w-full break-words dark:prose-invert light\">\n<p>Bu, m\u00fcasir v\u0259 minimalist dizayna malik yuvarlaq moykad\u0131r. A\u011f seramikd\u0259n haz\u0131rlanm\u0131\u015f bu moyka, h\u0259m sad\u0259liyi h\u0259m d\u0259 z\u0259rifliyi il\u0259 diqq\u0259t \u00e7\u0259kir. \u00dcst hiss\u0259d\u0259 yerl\u0259\u015f\u0259n bir musluk v\u0259 yan t\u0259r\u0259fd\u0259 suyun ax\u0131m\u0131n\u0131 t\u0259nziml\u0259y\u0259n bir d\u00fcym\u0259 il\u0259 t\u0259chiz edilib. Bu moyka, m\u00fcasir vanna otaqlar\u0131 v\u0259 ya m\u00fcasir dizayn anlay\u0131\u015f\u0131na sahib dig\u0259r ya\u015fay\u0131\u015f sah\u0259l\u0259ri \u00fc\u00e7\u00fcn ideal bir se\u00e7imdir, h\u0259m funksional, h\u0259m d\u0259 estetik bax\u0131mdan cazib\u0259dar bir element t\u0259qdim edir.<\/p>\n<\/div>\n<\/div>\n<\/div>\n<\/div>\n<div class=\"mb-2 flex gap-3 empty:hidden -ml-2\">\n<div class=\"items-center justify-start rounded-xl p-1 flex\">\n<div class=\"flex items-center\"><button class=\"rounded-lg text-token-text-secondary hover:bg-token-main-surface-secondary\" aria-label=\"Read aloud\" data-testid=\"voice-play-turn-action-button\"><\/button><button class=\"rounded-lg text-token-text-secondary hover:bg-token-main-surface-secondary\" aria-label=\"\u041a\u043e\u043f\u0438\u0440\u043e\u0432\u0430\u0442\u044c\" data-testid=\"copy-turn-action-button\"><\/button><\/p>\n<div class=\"flex\"><\/div>\n<div class=\"flex items-center pb-0\"><\/div>\n<\/div>\n<\/div>\n<\/div>\n","protected":false},"excerpt":{"rendered":"<p>Bu, m\u00fcasir v\u0259 minimalist dizayna malik yuvarlaq moykad\u0131r. A\u011f seramikd\u0259n haz\u0131rlanm\u0131\u015f bu moyka, h\u0259m sad\u0259liyi h\u0259m d\u0259 z\u0259rifliyi il\u0259 diqq\u0259t \u00e7\u0259kir. \u00dcst hiss\u0259d\u0259 yerl\u0259\u015f\u0259n bir musluk v\u0259 yan t\u0259r\u0259fd\u0259 suyun ax\u0131m\u0131n\u0131 t\u0259nziml\u0259y\u0259n bir d\u00fcym\u0259 il\u0259 t\u0259chiz edilib. Bu moyka, m\u00fcasir vanna otaqlar\u0131 v\u0259 ya m\u00fcasir dizayn anlay\u0131\u015f\u0131na sahib dig\u0259r ya\u015fay\u0131\u015f sah\u0259l\u0259ri \u00fc\u00e7\u00fcn ideal bir se\u00e7imdir, h\u0259m funksional, h\u0259m d\u0259 estetik\u2026<\/p>","protected":false},"featured_media":19416,"comment_status":"closed","ping_status":"closed","template":"","meta":[],"product_brand":[],"product_cat":[1461],"product_tag":[],"collection":[],"brand":[1454],"category_2":[],"catergory_brand":[],"class_list":{"0":"post-19417","1":"product","2":"type-product","3":"status-publish","4":"has-post-thumbnail","6":"product_cat-wash-basins","7":"brand-simas","9":"first","10":"instock","11":"shipping-taxable","12":"product-type-simple"},"_links":{"self":[{"href":"https:\/\/simfoniya.az\/ru\/wp-json\/wp\/v2\/product\/19417","targetHints":{"allow":["GET"]}}],"collection":[{"href":"https:\/\/simfoniya.az\/ru\/wp-json\/wp\/v2\/product"}],"about":[{"href":"https:\/\/simfoniya.az\/ru\/wp-json\/wp\/v2\/types\/product"}],"replies":[{"embeddable":true,"href":"https:\/\/simfoniya.az\/ru\/wp-json\/wp\/v2\/comments?post=19417"}],"wp:featuredmedia":[{"embeddable":true,"href":"https:\/\/simfoniya.az\/ru\/wp-json\/wp\/v2\/media\/19416"}],"wp:attachment":[{"href":"https:\/\/simfoniya.az\/ru\/wp-json\/wp\/v2\/media?parent=19417"}],"wp:term":[{"taxonomy":"product_brand","embeddable":true,"href":"https:\/\/simfoniya.az\/ru\/wp-json\/wp\/v2\/product_brand?post=19417"},{"taxonomy":"product_cat","embeddable":true,"href":"https:\/\/simfoniya.az\/ru\/wp-json\/wp\/v2\/product_cat?post=19417"},{"taxonomy":"product_tag","embeddable":true,"href":"https:\/\/simfoniya.az\/ru\/wp-json\/wp\/v2\/product_tag?post=19417"},{"taxonomy":"collection","embeddable":true,"href":"https:\/\/simfoniya.az\/ru\/wp-json\/wp\/v2\/collection?post=19417"},{"taxonomy":"brand","embeddable":true,"href":"https:\/\/simfoniya.az\/ru\/wp-json\/wp\/v2\/brand?post=19417"},{"taxonomy":"category_2","embeddable":true,"href":"https:\/\/simfoniya.az\/ru\/wp-json\/wp\/v2\/category_2?post=19417"},{"taxonomy":"catergory_brand","embeddable":true,"href":"https:\/\/simfoniya.az\/ru\/wp-json\/wp\/v2\/catergory_brand?post=19417"}],"curies":[{"name":"WP","href":"https:\/\/api.w.org\/{rel}","templated":true}]}}