{"id":19431,"date":"2024-06-02T07:14:49","date_gmt":"2024-06-02T07:14:49","guid":{"rendered":"https:\/\/simfoniya.az\/product\/sub-hamam-5-li-aksess-nabor-2\/"},"modified":"2024-10-02T19:02:25","modified_gmt":"2024-10-02T19:02:25","slug":"sub-hamam-5-li-aksess-nabor-2","status":"publish","type":"product","link":"https:\/\/simfoniya.az\/ru\/product\/sub-hamam-5-li-aksess-nabor-2\/","title":{"rendered":"Waterbi \/ \u0410\u043a\u0441\u0435\u0441\u0441\u0443\u0430\u0440 \u0438\u0437 5 \u043f\u0440\u0435\u0434\u043c\u0435\u0442\u043e\u0432"},"content":{"rendered":"<div class=\"flex max-w-full flex-col flex-grow\">\n<div class=\"min-h-8 text-message flex w-full flex-col items-end gap-2 whitespace-normal break-words [.text-message+&amp;]:mt-5\" dir=\"auto\" data-message-author-role=\"assistant\" data-message-id=\"43033b1c-8683-42f7-a20a-d50398a8d9be\">\n<div class=\"flex w-full flex-col gap-1 empty:hidden first:pt-[3px]\">\n<div class=\"markdown prose w-full break-words dark:prose-invert light\">\n<p>Bu, seramikd\u0259n haz\u0131rlanm\u0131\u015f hamam ota\u011f\u0131 aksesuarlar d\u0259stidir. D\u0259st, sabunluq, iki \u0259d\u0259d st\u0259kan, di\u015f f\u0131r\u00e7as\u0131 saxlay\u0131c\u0131 v\u0259 sabun mayesi dispenserind\u0259n ibar\u0259tdir. H\u0259r bir par\u00e7a, klassik q\u0131z\u0131l r\u0259ngli grec motifl\u0259ri il\u0259 b\u0259z\u0259dilmi\u015fdir, bu da onlara z\u0259rif v\u0259 l\u00fcks bir g\u00f6r\u00fcn\u00fc\u015f verir. Bu aksesuarlar, hamam ota\u011f\u0131n\u0131za \u015f\u0131k v\u0259 d\u00fczg\u00fcn bir estetik \u0259lav\u0259 ed\u0259r\u0259k, dekorunuzu tamamlar.<\/p>\n<\/div>\n<\/div>\n<\/div>\n<\/div>\n<div class=\"mb-2 flex gap-3 empty:hidden -ml-2\">\n<div class=\"items-center justify-start rounded-xl p-1 flex\">\n<div class=\"flex items-center\"><button class=\"rounded-lg text-token-text-secondary hover:bg-token-main-surface-secondary\" aria-label=\"Read aloud\" data-testid=\"voice-play-turn-action-button\"><\/button><button class=\"rounded-lg text-token-text-secondary hover:bg-token-main-surface-secondary\" aria-label=\"\u041a\u043e\u043f\u0438\u0440\u043e\u0432\u0430\u0442\u044c\" data-testid=\"copy-turn-action-button\"><\/button><\/p>\n<div class=\"flex\"><\/div>\n<div class=\"flex items-center pb-0\"><\/div>\n<\/div>\n<\/div>\n<\/div>\n","protected":false},"excerpt":{"rendered":"<p>\u042d\u0442\u043e \u043d\u0430\u0431\u043e\u0440 \u043a\u0435\u0440\u0430\u043c\u0438\u0447\u0435\u0441\u043a\u0438\u0445 \u0430\u043a\u0441\u0435\u0441\u0441\u0443\u0430\u0440\u043e\u0432 \u0434\u043b\u044f \u0432\u0430\u043d\u043d\u043e\u0439 \u043a\u043e\u043c\u043d\u0430\u0442\u044b. \u0412 \u043a\u043e\u043c\u043f\u043b\u0435\u043a\u0442 \u0432\u0445\u043e\u0434\u0438\u0442 \u043c\u044b\u043b\u044c\u043d\u0438\u0446\u0430, \u0434\u0432\u0435 \u0447\u0430\u0448\u043a\u0438, \u043f\u043e\u0434\u0441\u0442\u0430\u0432\u043a\u0430 \u0434\u043b\u044f \u0437\u0443\u0431\u043d\u044b\u0445 \u0449\u0435\u0442\u043e\u043a \u0438 \u0434\u043e\u0437\u0430\u0442\u043e\u0440 \u043c\u044b\u043b\u0430. \u041a\u0430\u0436\u0434\u043e\u0435 \u0438\u0437\u0434\u0435\u043b\u0438\u0435 \u0443\u043a\u0440\u0430\u0448\u0435\u043d\u043e \u043a\u043b\u0430\u0441\u0441\u0438\u0447\u0435\u0441\u043a\u0438\u043c\u0438 \u0437\u043e\u043b\u043e\u0442\u0438\u0441\u0442\u044b\u043c\u0438 \u043c\u043e\u0442\u0438\u0432\u0430\u043c\u0438 Grec, \u043f\u0440\u0438\u0434\u0430\u044e\u0449\u0438\u043c\u0438 \u0438\u043c \u044d\u043b\u0435\u0433\u0430\u043d\u0442\u043d\u044b\u0439 \u0438 \u0440\u043e\u0441\u043a\u043e\u0448\u043d\u044b\u0439 \u0432\u0438\u0434. \u042d\u0442\u0438 \u0430\u043a\u0441\u0435\u0441\u0441\u0443\u0430\u0440\u044b \u0434\u043e\u043f\u043e\u043b\u043d\u044f\u0442 \u0432\u0430\u0448 \u0438\u043d\u0442\u0435\u0440\u044c\u0435\u0440, \u043f\u0440\u0438\u0434\u0430\u0432 \u0432\u0430\u0448\u0435\u0439 \u0432\u0430\u043d\u043d\u043e\u0439 \u043a\u043e\u043c\u043d\u0430\u0442\u0435 \u0441\u0442\u0438\u043b\u044c\u043d\u044b\u0439 \u0438 \u044d\u0441\u0442\u0435\u0442\u0438\u0447\u043d\u044b\u0439 \u0432\u0438\u0434.<\/p>","protected":false},"featured_media":19430,"comment_status":"closed","ping_status":"closed","template":"","meta":[],"product_brand":[],"product_cat":[76],"product_tag":[],"collection":[],"brand":[],"category_2":[],"catergory_brand":[],"class_list":{"0":"post-19431","1":"product","2":"type-product","3":"status-publish","4":"has-post-thumbnail","6":"product_cat-all","8":"first","9":"instock","10":"shipping-taxable","11":"product-type-simple"},"_links":{"self":[{"href":"https:\/\/simfoniya.az\/ru\/wp-json\/wp\/v2\/product\/19431","targetHints":{"allow":["GET"]}}],"collection":[{"href":"https:\/\/simfoniya.az\/ru\/wp-json\/wp\/v2\/product"}],"about":[{"href":"https:\/\/simfoniya.az\/ru\/wp-json\/wp\/v2\/types\/product"}],"replies":[{"embeddable":true,"href":"https:\/\/simfoniya.az\/ru\/wp-json\/wp\/v2\/comments?post=19431"}],"wp:featuredmedia":[{"embeddable":true,"href":"https:\/\/simfoniya.az\/ru\/wp-json\/wp\/v2\/media\/19430"}],"wp:attachment":[{"href":"https:\/\/simfoniya.az\/ru\/wp-json\/wp\/v2\/media?parent=19431"}],"wp:term":[{"taxonomy":"product_brand","embeddable":true,"href":"https:\/\/simfoniya.az\/ru\/wp-json\/wp\/v2\/product_brand?post=19431"},{"taxonomy":"product_cat","embeddable":true,"href":"https:\/\/simfoniya.az\/ru\/wp-json\/wp\/v2\/product_cat?post=19431"},{"taxonomy":"product_tag","embeddable":true,"href":"https:\/\/simfoniya.az\/ru\/wp-json\/wp\/v2\/product_tag?post=19431"},{"taxonomy":"collection","embeddable":true,"href":"https:\/\/simfoniya.az\/ru\/wp-json\/wp\/v2\/collection?post=19431"},{"taxonomy":"brand","embeddable":true,"href":"https:\/\/simfoniya.az\/ru\/wp-json\/wp\/v2\/brand?post=19431"},{"taxonomy":"category_2","embeddable":true,"href":"https:\/\/simfoniya.az\/ru\/wp-json\/wp\/v2\/category_2?post=19431"},{"taxonomy":"catergory_brand","embeddable":true,"href":"https:\/\/simfoniya.az\/ru\/wp-json\/wp\/v2\/catergory_brand?post=19431"}],"curies":[{"name":"WP","href":"https:\/\/api.w.org\/{rel}","templated":true}]}}