{"id":19443,"date":"2024-06-02T07:15:06","date_gmt":"2024-06-02T07:15:06","guid":{"rendered":"https:\/\/simfoniya.az\/product\/taihe-jacuzzi-1550x1550x600c\/"},"modified":"2024-10-02T18:55:57","modified_gmt":"2024-10-02T18:55:57","slug":"taihe-jacuzzi-1550x1550x600c","status":"publish","type":"product","link":"https:\/\/simfoniya.az\/ru\/product\/taihe-jacuzzi-1550x1550x600c\/","title":{"rendered":"\u0422\u0430\u0439\u0445\u044d \/ \u0414\u0436\u0430\u043a\u0443\u0437\u0438"},"content":{"rendered":"<div class=\"flex max-w-full flex-col flex-grow\">\n<div class=\"min-h-8 text-message flex w-full flex-col items-end gap-2 whitespace-normal break-words [.text-message+&amp;]:mt-5\" dir=\"auto\" data-message-author-role=\"assistant\" data-message-id=\"47e209a2-7f1e-427c-9208-ca0db8a84617\">\n<div class=\"flex w-full flex-col gap-1 empty:hidden first:pt-[3px]\">\n<div class=\"markdown prose w-full break-words dark:prose-invert light\">\n<p>Bu, geni\u015f v\u0259 ergonomik dizayna malik bir jakuzidir. Jakuzi, yerl\u0259\u015fdirilmi\u015f su jetl\u0259ri v\u0259 rahat oturma yerl\u0259ri il\u0259 t\u0259chiz edilmi\u015fdir ki, istifad\u0259\u00e7il\u0259r\u0259 rahat bir su masaj\u0131 t\u0259cr\u00fcb\u0259si t\u0259qdim edir. Gri r\u0259ngli bu m\u00fcasir dizayn, h\u0259r c\u00fcr hamam ota\u011f\u0131 dekoruna asanl\u0131qla uy\u011funla\u015f\u0131r v\u0259 \u015f\u0131k bir g\u00f6r\u00fcn\u00fc\u015f verir, h\u0259m\u00e7inin geni\u015f yap\u0131s\u0131 bird\u0259n \u00e7ox \u015f\u0259xsin rahat istifad\u0259sin\u0259 imkan tan\u0131y\u0131r.<\/p>\n<\/div>\n<\/div>\n<\/div>\n<\/div>\n<div class=\"mb-2 flex gap-3 empty:hidden -ml-2\">\n<div class=\"items-center justify-start rounded-xl p-1 flex\">\n<div class=\"flex items-center\"><button class=\"rounded-lg text-token-text-secondary hover:bg-token-main-surface-secondary\" aria-label=\"Read aloud\" data-testid=\"voice-play-turn-action-button\"><\/button><button class=\"rounded-lg text-token-text-secondary hover:bg-token-main-surface-secondary\" aria-label=\"\u041a\u043e\u043f\u0438\u0440\u043e\u0432\u0430\u0442\u044c\" data-testid=\"copy-turn-action-button\"><\/button><\/p>\n<div class=\"flex\"><\/div>\n<div class=\"flex items-center pb-0\"><\/div>\n<\/div>\n<\/div>\n<\/div>\n","protected":false},"excerpt":{"rendered":"<p>\u042d\u0442\u043e \u043f\u0440\u043e\u0441\u0442\u043e\u0440\u043d\u043e\u0435 \u0438 \u044d\u0440\u0433\u043e\u043d\u043e\u043c\u0438\u0447\u043d\u043e\u0435 \u0434\u0436\u0430\u043a\u0443\u0437\u0438. \u0414\u0436\u0430\u043a\u0443\u0437\u0438 \u043e\u0441\u043d\u0430\u0449\u0435\u043d\u043e \u0432\u0441\u0442\u0440\u043e\u0435\u043d\u043d\u044b\u043c\u0438 \u0432\u043e\u0434\u043e\u0441\u0442\u0440\u0443\u0439\u043d\u044b\u043c\u0438 \u0444\u043e\u0440\u0441\u0443\u043d\u043a\u0430\u043c\u0438 \u0438 \u0443\u0434\u043e\u0431\u043d\u044b\u043c\u0438 \u0441\u0438\u0434\u0435\u043d\u044c\u044f\u043c\u0438, \u043e\u0431\u0435\u0441\u043f\u0435\u0447\u0438\u0432\u0430\u044e\u0449\u0438\u043c\u0438 \u043a\u043e\u043c\u0444\u043e\u0440\u0442\u043d\u044b\u0439 \u0432\u043e\u0434\u043d\u044b\u0439 \u043c\u0430\u0441\u0441\u0430\u0436. \u042d\u0442\u043e\u0442 \u0441\u043e\u0432\u0440\u0435\u043c\u0435\u043d\u043d\u044b\u0439 \u0434\u0438\u0437\u0430\u0439\u043d \u0441\u0435\u0440\u043e\u0433\u043e \u0446\u0432\u0435\u0442\u0430 \u043b\u0435\u0433\u043a\u043e \u0441\u043e\u0447\u0435\u0442\u0430\u0435\u0442\u0441\u044f \u0441 \u043b\u044e\u0431\u044b\u043c \u0434\u0435\u043a\u043e\u0440\u043e\u043c \u0432\u0430\u043d\u043d\u043e\u0439 \u043a\u043e\u043c\u043d\u0430\u0442\u044b \u0438 \u043f\u0440\u0438\u0434\u0430\u0435\u0442 \u0441\u0442\u0438\u043b\u044c\u043d\u044b\u0439 \u0432\u0438\u0434, \u0430 \u0435\u0433\u043e \u043f\u0440\u043e\u0441\u0442\u043e\u0440\u043d\u044b\u0439 \u0434\u0438\u0437\u0430\u0439\u043d \u043f\u043e\u0437\u0432\u043e\u043b\u044f\u0435\u0442 \u043a\u043e\u043c\u0444\u043e\u0440\u0442\u043d\u043e \u0438\u0441\u043f\u043e\u043b\u044c\u0437\u043e\u0432\u0430\u0442\u044c \u0435\u0433\u043e \u043d\u0435\u0441\u043a\u043e\u043b\u044c\u043a\u0438\u043c \u043b\u044e\u0434\u044f\u043c.<\/p>","protected":false},"featured_media":23172,"comment_status":"closed","ping_status":"closed","template":"","meta":[],"product_brand":[],"product_cat":[1487],"product_tag":[],"collection":[],"brand":[1501],"category_2":[],"catergory_brand":[],"class_list":{"0":"post-19443","1":"product","2":"type-product","3":"status-publish","4":"has-post-thumbnail","6":"product_cat-bathtubs","7":"brand-taihe","9":"first","10":"instock","11":"shipping-taxable","12":"product-type-simple"},"_links":{"self":[{"href":"https:\/\/simfoniya.az\/ru\/wp-json\/wp\/v2\/product\/19443","targetHints":{"allow":["GET"]}}],"collection":[{"href":"https:\/\/simfoniya.az\/ru\/wp-json\/wp\/v2\/product"}],"about":[{"href":"https:\/\/simfoniya.az\/ru\/wp-json\/wp\/v2\/types\/product"}],"replies":[{"embeddable":true,"href":"https:\/\/simfoniya.az\/ru\/wp-json\/wp\/v2\/comments?post=19443"}],"wp:featuredmedia":[{"embeddable":true,"href":"https:\/\/simfoniya.az\/ru\/wp-json\/wp\/v2\/media\/23172"}],"wp:attachment":[{"href":"https:\/\/simfoniya.az\/ru\/wp-json\/wp\/v2\/media?parent=19443"}],"wp:term":[{"taxonomy":"product_brand","embeddable":true,"href":"https:\/\/simfoniya.az\/ru\/wp-json\/wp\/v2\/product_brand?post=19443"},{"taxonomy":"product_cat","embeddable":true,"href":"https:\/\/simfoniya.az\/ru\/wp-json\/wp\/v2\/product_cat?post=19443"},{"taxonomy":"product_tag","embeddable":true,"href":"https:\/\/simfoniya.az\/ru\/wp-json\/wp\/v2\/product_tag?post=19443"},{"taxonomy":"collection","embeddable":true,"href":"https:\/\/simfoniya.az\/ru\/wp-json\/wp\/v2\/collection?post=19443"},{"taxonomy":"brand","embeddable":true,"href":"https:\/\/simfoniya.az\/ru\/wp-json\/wp\/v2\/brand?post=19443"},{"taxonomy":"category_2","embeddable":true,"href":"https:\/\/simfoniya.az\/ru\/wp-json\/wp\/v2\/category_2?post=19443"},{"taxonomy":"catergory_brand","embeddable":true,"href":"https:\/\/simfoniya.az\/ru\/wp-json\/wp\/v2\/catergory_brand?post=19443"}],"curies":[{"name":"WP","href":"https:\/\/api.w.org\/{rel}","templated":true}]}}