{"id":19452,"date":"2024-06-02T07:15:12","date_gmt":"2024-06-02T07:15:12","guid":{"rendered":"https:\/\/simfoniya.az\/product\/taihe-jacuzzi-1970x1045x820\/"},"modified":"2024-10-02T18:53:08","modified_gmt":"2024-10-02T18:53:08","slug":"taihe-jacuzzi-1970x1045x820","status":"publish","type":"product","link":"https:\/\/simfoniya.az\/ru\/product\/taihe-jacuzzi-1970x1045x820\/","title":{"rendered":"\u0422\u0430\u0439\u0445\u044d \/ \u0414\u0436\u0430\u043a\u0443\u0437\u0438"},"content":{"rendered":"<div class=\"flex max-w-full flex-col flex-grow\">\n<div class=\"min-h-8 text-message flex w-full flex-col items-end gap-2 whitespace-normal break-words [.text-message+&amp;]:mt-5\" dir=\"auto\" data-message-author-role=\"assistant\" data-message-id=\"7d1f89c0-8cc7-422f-8239-c4add69e183a\">\n<div class=\"flex w-full flex-col gap-1 empty:hidden first:pt-[3px]\">\n<div class=\"markdown prose w-full break-words dark:prose-invert light\">\n<p>Bu, m\u00fcasir v\u0259 l\u00fcks bir k\u00f6\u015fe jakuzidir. \u015eeffaf \u00f6n paneli ve yerle\u015fik su jetleri ile donat\u0131lm\u0131\u015f bu jakuzi, su masaj\u0131 fonksiyonu sunarak kullan\u0131c\u0131lara \u00fcst d\u00fczey bir rahatlama deneyimi sa\u011flar. A\u00e7\u0131k gri rengi ve kavisli tasar\u0131m\u0131, herhangi bir banyo dekoruna \u015f\u0131k ve \u00e7a\u011fda\u015f bir hava katar, ayr\u0131ca jakuzinin geni\u015f yap\u0131s\u0131 birden fazla ki\u015finin rahat\u00e7a kullan\u0131m\u0131na olanak tan\u0131r.<\/p>\n<\/div>\n<\/div>\n<\/div>\n<\/div>\n<div class=\"mb-2 flex gap-3 empty:hidden -ml-2\">\n<div class=\"items-center justify-start rounded-xl p-1 flex\">\n<div class=\"flex items-center\"><button class=\"rounded-lg text-token-text-secondary hover:bg-token-main-surface-secondary\" aria-label=\"Read aloud\" data-testid=\"voice-play-turn-action-button\"><\/button><button class=\"rounded-lg text-token-text-secondary hover:bg-token-main-surface-secondary\" aria-label=\"\u041a\u043e\u043f\u0438\u0440\u043e\u0432\u0430\u0442\u044c\" data-testid=\"copy-turn-action-button\"><\/button><\/p>\n<div class=\"flex\"><\/div>\n<div class=\"flex items-center pb-0\"><\/div>\n<\/div>\n<\/div>\n<\/div>\n","protected":false},"excerpt":{"rendered":"<p>\u042d\u0442\u043e \u0441\u043e\u0432\u0440\u0435\u043c\u0435\u043d\u043d\u043e\u0435 \u0438 \u0440\u043e\u0441\u043a\u043e\u0448\u043d\u043e\u0435 \u0443\u0433\u043b\u043e\u0432\u043e\u0435 \u0434\u0436\u0430\u043a\u0443\u0437\u0438. \u042d\u0442\u043e \u0434\u0436\u0430\u043a\u0443\u0437\u0438, \u043e\u0441\u043d\u0430\u0449\u0435\u043d\u043d\u043e\u0435 \u043f\u0440\u043e\u0437\u0440\u0430\u0447\u043d\u043e\u0439 \u043f\u0435\u0440\u0435\u0434\u043d\u0435\u0439 \u043f\u0430\u043d\u0435\u043b\u044c\u044e \u0438 \u0432\u0441\u0442\u0440\u043e\u0435\u043d\u043d\u044b\u043c\u0438 \u0444\u043e\u0440\u0441\u0443\u043d\u043a\u0430\u043c\u0438 \u0432\u043e\u0434\u044b, \u043e\u0431\u0435\u0441\u043f\u0435\u0447\u0438\u0432\u0430\u0435\u0442 \u043f\u043e\u043b\u044c\u0437\u043e\u0432\u0430\u0442\u0435\u043b\u044f\u043c \u043f\u0440\u0435\u0432\u043e\u0441\u0445\u043e\u0434\u043d\u043e\u0435 \u0440\u0430\u0441\u0441\u043b\u0430\u0431\u043b\u0435\u043d\u0438\u0435, \u043f\u0440\u0435\u0434\u043b\u0430\u0433\u0430\u044f \u0444\u0443\u043d\u043a\u0446\u0438\u044e \u0432\u043e\u0434\u043d\u043e\u0433\u043e \u043c\u0430\u0441\u0441\u0430\u0436\u0430. \u0415\u0433\u043e \u0441\u0432\u0435\u0442\u043b\u043e-\u0441\u0435\u0440\u044b\u0439 \u0446\u0432\u0435\u0442 \u0438 \u0438\u0437\u043e\u0433\u043d\u0443\u0442\u044b\u0439 \u0434\u0438\u0437\u0430\u0439\u043d \u043f\u0440\u0438\u0434\u0430\u044e\u0442 \u0441\u0442\u0438\u043b\u044c\u043d\u044b\u0439 \u0438 \u0441\u043e\u0432\u0440\u0435\u043c\u0435\u043d\u043d\u044b\u0439 \u0432\u0438\u0434 \u043b\u044e\u0431\u043e\u043c\u0443 \u0438\u043d\u0442\u0435\u0440\u044c\u0435\u0440\u0443 \u0432\u0430\u043d\u043d\u043e\u0439 \u043a\u043e\u043c\u043d\u0430\u0442\u044b, \u0430 \u043f\u0440\u043e\u0441\u0442\u043e\u0440\u043d\u0430\u044f \u043a\u043e\u043d\u0441\u0442\u0440\u0443\u043a\u0446\u0438\u044f \u0434\u0436\u0430\u043a\u0443\u0437\u0438 \u043f\u043e\u0437\u0432\u043e\u043b\u044f\u0435\u0442 \u0441 \u043a\u043e\u043c\u0444\u043e\u0440\u0442\u043e\u043c \u043f\u043e\u043b\u044c\u0437\u043e\u0432\u0430\u0442\u044c\u0441\u044f \u0438\u043c \u0431\u043e\u043b\u0435\u0435 \u0447\u0435\u043c \u043e\u0434\u043d\u043e\u043c\u0443 \u0447\u0435\u043b\u043e\u0432\u0435\u043a\u0443.<\/p>","protected":false},"featured_media":23175,"comment_status":"closed","ping_status":"closed","template":"","meta":[],"product_brand":[],"product_cat":[1487],"product_tag":[],"collection":[],"brand":[1501],"category_2":[],"catergory_brand":[],"class_list":{"0":"post-19452","1":"product","2":"type-product","3":"status-publish","4":"has-post-thumbnail","6":"product_cat-bathtubs","7":"brand-taihe","9":"first","10":"instock","11":"shipping-taxable","12":"product-type-simple"},"_links":{"self":[{"href":"https:\/\/simfoniya.az\/ru\/wp-json\/wp\/v2\/product\/19452","targetHints":{"allow":["GET"]}}],"collection":[{"href":"https:\/\/simfoniya.az\/ru\/wp-json\/wp\/v2\/product"}],"about":[{"href":"https:\/\/simfoniya.az\/ru\/wp-json\/wp\/v2\/types\/product"}],"replies":[{"embeddable":true,"href":"https:\/\/simfoniya.az\/ru\/wp-json\/wp\/v2\/comments?post=19452"}],"wp:featuredmedia":[{"embeddable":true,"href":"https:\/\/simfoniya.az\/ru\/wp-json\/wp\/v2\/media\/23175"}],"wp:attachment":[{"href":"https:\/\/simfoniya.az\/ru\/wp-json\/wp\/v2\/media?parent=19452"}],"wp:term":[{"taxonomy":"product_brand","embeddable":true,"href":"https:\/\/simfoniya.az\/ru\/wp-json\/wp\/v2\/product_brand?post=19452"},{"taxonomy":"product_cat","embeddable":true,"href":"https:\/\/simfoniya.az\/ru\/wp-json\/wp\/v2\/product_cat?post=19452"},{"taxonomy":"product_tag","embeddable":true,"href":"https:\/\/simfoniya.az\/ru\/wp-json\/wp\/v2\/product_tag?post=19452"},{"taxonomy":"collection","embeddable":true,"href":"https:\/\/simfoniya.az\/ru\/wp-json\/wp\/v2\/collection?post=19452"},{"taxonomy":"brand","embeddable":true,"href":"https:\/\/simfoniya.az\/ru\/wp-json\/wp\/v2\/brand?post=19452"},{"taxonomy":"category_2","embeddable":true,"href":"https:\/\/simfoniya.az\/ru\/wp-json\/wp\/v2\/category_2?post=19452"},{"taxonomy":"catergory_brand","embeddable":true,"href":"https:\/\/simfoniya.az\/ru\/wp-json\/wp\/v2\/catergory_brand?post=19452"}],"curies":[{"name":"WP","href":"https:\/\/api.w.org\/{rel}","templated":true}]}}