{"id":19459,"date":"2024-06-02T07:15:18","date_gmt":"2024-06-02T07:15:18","guid":{"rendered":"https:\/\/simfoniya.az\/product\/taihe-kabina-1250x1250x2200\/"},"modified":"2024-10-02T18:48:20","modified_gmt":"2024-10-02T18:48:20","slug":"taihe-kabina-1250x1250x2200","status":"publish","type":"product","link":"https:\/\/simfoniya.az\/ru\/product\/taihe-kabina-1250x1250x2200\/","title":{"rendered":"\u0422\u0430\u0439\u0445\u044d \/ \u0414\u0443\u0448\u0435\u0432\u0430\u044f \u043a\u0430\u0431\u0438\u043d\u0430"},"content":{"rendered":"<div class=\"flex max-w-full flex-col flex-grow\">\n<div class=\"min-h-8 text-message flex w-full flex-col items-end gap-2 whitespace-normal break-words [.text-message+&amp;]:mt-5\" dir=\"auto\" data-message-author-role=\"assistant\" data-message-id=\"85d33b5e-0c76-45d5-b7d7-7d0751b2648c\">\n<div class=\"flex w-full flex-col gap-1 empty:hidden first:pt-[3px]\">\n<div class=\"markdown prose w-full break-words dark:prose-invert light\">\n<p>Bu, yar\u0131m dair\u0259vi du\u015f kabinidir. Metal \u00e7\u0259r\u00e7iv\u0259 v\u0259 \u015f\u0259ffaf \u015f\u00fc\u015f\u0259 qap\u0131lar\u0131 il\u0259 dizayn edilmi\u015fdir, bu da kabin\u0259 m\u00fcasir v\u0259 estetik bir g\u00f6r\u00fcn\u00fc\u015f verir. Bu kabinin q\u00f6vs \u015f\u0259kli, onu ki\u00e7ik v\u0259 m\u0259hdud hamam otaqlar\u0131 \u00fc\u00e7\u00fcn m\u00fck\u0259mm\u0259l bir se\u00e7im edir, \u00e7\u00fcnki bu dizayn yer\u0259 q\u0259na\u0259t etm\u0259y\u0259 k\u00f6m\u0259k edir v\u0259 h\u0259m\u00e7inin geni\u015f bir du\u015f t\u0259cr\u00fcb\u0259si t\u0259min edir.<\/p>\n<\/div>\n<\/div>\n<\/div>\n<\/div>\n<div class=\"mb-2 flex gap-3 empty:hidden -ml-2\">\n<div class=\"items-center justify-start rounded-xl p-1 flex\">\n<div class=\"flex items-center\"><button class=\"rounded-lg text-token-text-secondary hover:bg-token-main-surface-secondary\" aria-label=\"Read aloud\" data-testid=\"voice-play-turn-action-button\"><\/button><button class=\"rounded-lg text-token-text-secondary hover:bg-token-main-surface-secondary\" aria-label=\"\u041a\u043e\u043f\u0438\u0440\u043e\u0432\u0430\u0442\u044c\" data-testid=\"copy-turn-action-button\"><\/button><\/p>\n<div class=\"flex\"><\/div>\n<div class=\"flex items-center pb-0\"><\/div>\n<\/div>\n<\/div>\n<\/div>\n","protected":false},"excerpt":{"rendered":"<p>\u042d\u0442\u043e \u043f\u043e\u043b\u0443\u043a\u0440\u0443\u0433\u043b\u0430\u044f \u0434\u0443\u0448\u0435\u0432\u0430\u044f \u043a\u0430\u0431\u0438\u043d\u0430. \u041e\u043d \u0438\u043c\u0435\u0435\u0442 \u043c\u0435\u0442\u0430\u043b\u043b\u0438\u0447\u0435\u0441\u043a\u0438\u0439 \u043a\u0430\u0440\u043a\u0430\u0441 \u0438 \u043f\u0440\u043e\u0437\u0440\u0430\u0447\u043d\u044b\u0435 \u0441\u0442\u0435\u043a\u043b\u044f\u043d\u043d\u044b\u0435 \u0434\u0432\u0435\u0440\u0438, \u0447\u0442\u043e \u043f\u0440\u0438\u0434\u0430\u0435\u0442 \u043a\u0430\u0431\u0438\u043d\u0435 \u0441\u043e\u0432\u0440\u0435\u043c\u0435\u043d\u043d\u044b\u0439 \u0438 \u044d\u0441\u0442\u0435\u0442\u0438\u0447\u043d\u044b\u0439 \u0432\u0438\u0434. \u0418\u0437\u043e\u0433\u043d\u0443\u0442\u0430\u044f \u0444\u043e\u0440\u043c\u0430 \u044d\u0442\u043e\u0433\u043e \u0448\u043a\u0430\u0444\u0430 \u0434\u0435\u043b\u0430\u0435\u0442 \u0435\u0433\u043e \u0438\u0434\u0435\u0430\u043b\u044c\u043d\u044b\u043c \u0432\u044b\u0431\u043e\u0440\u043e\u043c \u0434\u043b\u044f \u043d\u0435\u0431\u043e\u043b\u044c\u0448\u0438\u0445 \u0438 \u043e\u0433\u0440\u0430\u043d\u0438\u0447\u0435\u043d\u043d\u044b\u0445 \u0432\u0430\u043d\u043d\u044b\u0445 \u043a\u043e\u043c\u043d\u0430\u0442, \u043f\u043e\u0441\u043a\u043e\u043b\u044c\u043a\u0443 \u044d\u0442\u043e\u0442 \u0434\u0438\u0437\u0430\u0439\u043d \u043f\u043e\u043c\u043e\u0433\u0430\u0435\u0442 \u0441\u044d\u043a\u043e\u043d\u043e\u043c\u0438\u0442\u044c \u043f\u0440\u043e\u0441\u0442\u0440\u0430\u043d\u0441\u0442\u0432\u043e, \u0430 \u0442\u0430\u043a\u0436\u0435 \u043e\u0431\u0435\u0441\u043f\u0435\u0447\u0438\u0432\u0430\u0435\u0442 \u043f\u0440\u043e\u0441\u0442\u043e\u0440 \u043f\u0440\u0438 \u043f\u0440\u0438\u043d\u044f\u0442\u0438\u0438 \u0434\u0443\u0448\u0430.<\/p>","protected":false},"featured_media":19458,"comment_status":"closed","ping_status":"closed","template":"","meta":[],"product_brand":[],"product_cat":[1342],"product_tag":[],"collection":[],"brand":[1501],"category_2":[],"catergory_brand":[],"class_list":{"0":"post-19459","1":"product","2":"type-product","3":"status-publish","4":"has-post-thumbnail","6":"product_cat-shower-cabinet","7":"brand-taihe","9":"first","10":"instock","11":"shipping-taxable","12":"product-type-simple"},"_links":{"self":[{"href":"https:\/\/simfoniya.az\/ru\/wp-json\/wp\/v2\/product\/19459","targetHints":{"allow":["GET"]}}],"collection":[{"href":"https:\/\/simfoniya.az\/ru\/wp-json\/wp\/v2\/product"}],"about":[{"href":"https:\/\/simfoniya.az\/ru\/wp-json\/wp\/v2\/types\/product"}],"replies":[{"embeddable":true,"href":"https:\/\/simfoniya.az\/ru\/wp-json\/wp\/v2\/comments?post=19459"}],"wp:featuredmedia":[{"embeddable":true,"href":"https:\/\/simfoniya.az\/ru\/wp-json\/wp\/v2\/media\/19458"}],"wp:attachment":[{"href":"https:\/\/simfoniya.az\/ru\/wp-json\/wp\/v2\/media?parent=19459"}],"wp:term":[{"taxonomy":"product_brand","embeddable":true,"href":"https:\/\/simfoniya.az\/ru\/wp-json\/wp\/v2\/product_brand?post=19459"},{"taxonomy":"product_cat","embeddable":true,"href":"https:\/\/simfoniya.az\/ru\/wp-json\/wp\/v2\/product_cat?post=19459"},{"taxonomy":"product_tag","embeddable":true,"href":"https:\/\/simfoniya.az\/ru\/wp-json\/wp\/v2\/product_tag?post=19459"},{"taxonomy":"collection","embeddable":true,"href":"https:\/\/simfoniya.az\/ru\/wp-json\/wp\/v2\/collection?post=19459"},{"taxonomy":"brand","embeddable":true,"href":"https:\/\/simfoniya.az\/ru\/wp-json\/wp\/v2\/brand?post=19459"},{"taxonomy":"category_2","embeddable":true,"href":"https:\/\/simfoniya.az\/ru\/wp-json\/wp\/v2\/category_2?post=19459"},{"taxonomy":"catergory_brand","embeddable":true,"href":"https:\/\/simfoniya.az\/ru\/wp-json\/wp\/v2\/catergory_brand?post=19459"}],"curies":[{"name":"WP","href":"https:\/\/api.w.org\/{rel}","templated":true}]}}