{"id":19500,"date":"2024-06-02T11:28:25","date_gmt":"2024-06-02T11:28:25","guid":{"rendered":"https:\/\/simfoniya.az\/product\/teorema-divar-ici-sistemin-dekorativ-su-qarisdiricisi-1-li-gold-2j00033-010\/"},"modified":"2024-10-02T18:17:17","modified_gmt":"2024-10-02T18:17:17","slug":"teorema-divar-ici-sistemin-dekorativ-su-qarisdiricisi-1-li-gold-2j00033-010","status":"publish","type":"product","link":"https:\/\/simfoniya.az\/ru\/product\/teorema-divar-ici-sistemin-dekorativ-su-qarisdiricisi-1-li-gold-2j00033-010\/","title":{"rendered":"Teorema \/ \u0412\u0441\u0442\u0440\u0430\u0438\u0432\u0430\u0435\u043c\u044b\u0439 \u043c\u0435\u0445\u0430\u043d\u0438\u0437\u043c \/ 1 \u0444\u0443\u043d\u043a\u0446\u0438\u044f \/ \u0417\u043e\u043b\u043e\u0442\u043e\u0439"},"content":{"rendered":"<div class=\"flex max-w-full flex-col flex-grow\">\n<div class=\"min-h-8 text-message flex w-full flex-col items-end gap-2 whitespace-normal break-words [.text-message+&amp;]:mt-5\" dir=\"auto\" data-message-author-role=\"assistant\" data-message-id=\"9810276f-3650-420b-be47-3baa6a913312\">\n<div class=\"flex w-full flex-col gap-1 empty:hidden first:pt-[3px]\">\n<div class=\"markdown prose w-full break-words dark:prose-invert light\">\n<p>Bu, m\u00fcasir v\u0259 minimalist dizaynl\u0131 du\u015f n\u0259zar\u0259t panelidir. Suyun istiliyini v\u0259 ax\u0131n\u0131 s\u0259viyy\u0259sini asanl\u0131qla idar\u0259 etm\u0259y\u0259 imkan ver\u0259n t\u0259k kol v\u0259 iki ayr\u0131ca d\u00fcym\u0259 il\u0259 t\u0259chiz edilmi\u015fdir. Parlaq q\u0131z\u0131l \u00f6rt\u00fckl\u00fc panel, h\u0259m funksionall\u0131\u011f\u0131 h\u0259m d\u0259 m\u00fcasir vanna otaqlar\u0131na estetik bir g\u00f6r\u00fcn\u00fc\u015f qat\u0131r.<\/p>\n<\/div>\n<\/div>\n<\/div>\n<\/div>\n<div class=\"mb-2 flex gap-3 empty:hidden -ml-2\">\n<div class=\"items-center justify-start rounded-xl p-1 flex\">\n<div class=\"flex items-center\"><button class=\"rounded-lg text-token-text-secondary hover:bg-token-main-surface-secondary\" aria-label=\"Read aloud\" data-testid=\"voice-play-turn-action-button\"><\/button><button class=\"rounded-lg text-token-text-secondary hover:bg-token-main-surface-secondary\" aria-label=\"\u041a\u043e\u043f\u0438\u0440\u043e\u0432\u0430\u0442\u044c\" data-testid=\"copy-turn-action-button\"><\/button><\/p>\n<div class=\"flex\"><\/div>\n<div class=\"flex items-center pb-0\"><\/div>\n<\/div>\n<\/div>\n<\/div>\n","protected":false},"excerpt":{"rendered":"<p>\u042d\u0442\u043e \u043f\u0430\u043d\u0435\u043b\u044c \u0443\u043f\u0440\u0430\u0432\u043b\u0435\u043d\u0438\u044f \u0434\u0443\u0448\u0435\u043c \u0441 \u0441\u043e\u0432\u0440\u0435\u043c\u0435\u043d\u043d\u044b\u043c \u043c\u0438\u043d\u0438\u043c\u0430\u043b\u0438\u0441\u0442\u0438\u0447\u043d\u044b\u043c \u0434\u0438\u0437\u0430\u0439\u043d\u043e\u043c. \u041e\u043d \u043e\u0441\u043d\u0430\u0449\u0435\u043d \u043e\u0434\u043d\u043e\u0439 \u0440\u0443\u0447\u043a\u043e\u0439 \u0438 \u0434\u0432\u0443\u043c\u044f \u043e\u0442\u0434\u0435\u043b\u044c\u043d\u044b\u043c\u0438 \u043a\u043d\u043e\u043f\u043a\u0430\u043c\u0438, \u043a\u043e\u0442\u043e\u0440\u044b\u0435 \u043f\u043e\u0437\u0432\u043e\u043b\u044f\u044e\u0442 \u043b\u0435\u0433\u043a\u043e \u043a\u043e\u043d\u0442\u0440\u043e\u043b\u0438\u0440\u043e\u0432\u0430\u0442\u044c \u0442\u0435\u043c\u043f\u0435\u0440\u0430\u0442\u0443\u0440\u0443 \u0432\u043e\u0434\u044b \u0438 \u0443\u0440\u043e\u0432\u0435\u043d\u044c \u043f\u043e\u0442\u043e\u043a\u0430. \u0411\u043b\u0435\u0441\u0442\u044f\u0449\u0430\u044f \u043f\u043e\u0437\u043e\u043b\u043e\u0447\u0435\u043d\u043d\u0430\u044f \u043f\u0430\u043d\u0435\u043b\u044c \u0434\u043e\u0431\u0430\u0432\u043b\u044f\u0435\u0442 \u0444\u0443\u043d\u043a\u0446\u0438\u043e\u043d\u0430\u043b\u044c\u043d\u043e\u0441\u0442\u0438 \u0438 \u044d\u0441\u0442\u0435\u0442\u0438\u0447\u0435\u0441\u043a\u043e\u0439 \u043f\u0440\u0438\u0432\u043b\u0435\u043a\u0430\u0442\u0435\u043b\u044c\u043d\u043e\u0441\u0442\u0438 \u0441\u043e\u0432\u0440\u0435\u043c\u0435\u043d\u043d\u044b\u043c \u0432\u0430\u043d\u043d\u044b\u043c \u043a\u043e\u043c\u043d\u0430\u0442\u0430\u043c.<\/p>","protected":false},"featured_media":23488,"comment_status":"closed","ping_status":"closed","template":"","meta":[],"product_brand":[],"product_cat":[1394],"product_tag":[],"collection":[],"brand":[],"category_2":[],"catergory_brand":[],"class_list":{"0":"post-19500","1":"product","2":"type-product","3":"status-publish","4":"has-post-thumbnail","6":"product_cat-shower-mixer","8":"first","9":"instock","10":"shipping-taxable","11":"product-type-simple"},"_links":{"self":[{"href":"https:\/\/simfoniya.az\/ru\/wp-json\/wp\/v2\/product\/19500","targetHints":{"allow":["GET"]}}],"collection":[{"href":"https:\/\/simfoniya.az\/ru\/wp-json\/wp\/v2\/product"}],"about":[{"href":"https:\/\/simfoniya.az\/ru\/wp-json\/wp\/v2\/types\/product"}],"replies":[{"embeddable":true,"href":"https:\/\/simfoniya.az\/ru\/wp-json\/wp\/v2\/comments?post=19500"}],"wp:featuredmedia":[{"embeddable":true,"href":"https:\/\/simfoniya.az\/ru\/wp-json\/wp\/v2\/media\/23488"}],"wp:attachment":[{"href":"https:\/\/simfoniya.az\/ru\/wp-json\/wp\/v2\/media?parent=19500"}],"wp:term":[{"taxonomy":"product_brand","embeddable":true,"href":"https:\/\/simfoniya.az\/ru\/wp-json\/wp\/v2\/product_brand?post=19500"},{"taxonomy":"product_cat","embeddable":true,"href":"https:\/\/simfoniya.az\/ru\/wp-json\/wp\/v2\/product_cat?post=19500"},{"taxonomy":"product_tag","embeddable":true,"href":"https:\/\/simfoniya.az\/ru\/wp-json\/wp\/v2\/product_tag?post=19500"},{"taxonomy":"collection","embeddable":true,"href":"https:\/\/simfoniya.az\/ru\/wp-json\/wp\/v2\/collection?post=19500"},{"taxonomy":"brand","embeddable":true,"href":"https:\/\/simfoniya.az\/ru\/wp-json\/wp\/v2\/brand?post=19500"},{"taxonomy":"category_2","embeddable":true,"href":"https:\/\/simfoniya.az\/ru\/wp-json\/wp\/v2\/category_2?post=19500"},{"taxonomy":"catergory_brand","embeddable":true,"href":"https:\/\/simfoniya.az\/ru\/wp-json\/wp\/v2\/catergory_brand?post=19500"}],"curies":[{"name":"WP","href":"https:\/\/api.w.org\/{rel}","templated":true}]}}