{"id":19506,"date":"2024-06-02T11:28:40","date_gmt":"2024-06-02T11:28:40","guid":{"rendered":"https:\/\/simfoniya.az\/product\/teorema-dune-1-funksiyali-divar-ici-mexanizm-xrom-9z00911-001\/"},"modified":"2024-10-02T12:03:10","modified_gmt":"2024-10-02T12:03:10","slug":"teorema-dune-1-funksiyali-divar-ici-mexanizm-xrom-9z00911-001","status":"publish","type":"product","link":"https:\/\/simfoniya.az\/ru\/product\/teorema-dune-1-funksiyali-divar-ici-mexanizm-xrom-9z00911-001\/","title":{"rendered":"Teorema Dune \/ \u0412\u043d\u0443\u0442\u0440\u0435\u043d\u043d\u0438\u0439 \u043c\u0435\u0445\u0430\u043d\u0438\u0437\u043c \u0441\u0442\u0435\u043d\u044b \/ 2 \u0444\u0443\u043d\u043a\u0446\u0438\u0438 \/ \u0425\u0440\u043e\u043c"},"content":{"rendered":"<div class=\"flex max-w-full flex-col flex-grow\">\n<div class=\"min-h-8 text-message flex w-full flex-col items-end gap-2 whitespace-normal break-words [.text-message+&amp;]:mt-5\" dir=\"auto\" data-message-author-role=\"assistant\" data-message-id=\"14d03abf-3c25-4b0d-9831-07156eb40e7d\">\n<div class=\"flex w-full flex-col gap-1 empty:hidden first:pt-[3px]\">\n<div class=\"markdown prose w-full break-words dark:prose-invert light\">\n<p>Bu, xrom \u00f6rt\u00fckl\u00fc m\u00fcasir du\u015f kran\u0131d\u0131r. Bu kran, suyun istiliyini v\u0259 ax\u0131n\u0131 s\u0259viyy\u0259sini asan idar\u0259 etm\u0259k \u00fc\u00e7\u00fcn uzun tutaca\u011f\u0131 il\u0259 t\u0259chiz edilmi\u015fdir. Eyni zamanda duvara montaj \u00fc\u00e7\u00fcn iki ayr\u0131 ba\u011flant\u0131 n\u00f6qt\u0259si il\u0259 g\u0259lir ki, bu da montaj\u0131 sad\u0259l\u0259\u015fdirir v\u0259 du\u015f b\u00f6lm\u0259l\u0259ri \u00fc\u00e7\u00fcn m\u00fck\u0259mm\u0259l uy\u011funluq yarad\u0131r. Bu kran, h\u0259m funksionall\u0131\u011f\u0131 h\u0259m d\u0259 m\u00fcasir v\u0259 s\u0259liq\u0259li g\u00f6r\u00fcn\u00fc\u015f\u00fc il\u0259 vanna otaqlar\u0131nda \u0259sas elementl\u0259rd\u0259n biri olaraq xidm\u0259t edir.<\/p>\n<\/div>\n<\/div>\n<\/div>\n<\/div>\n<div class=\"mb-2 flex gap-3 empty:hidden -ml-2\">\n<div class=\"items-center justify-start rounded-xl p-1 z-10 -mt-1 bg-token-main-surface-primary md:absolute md:sr-only\">\n<div class=\"flex items-center\"><button class=\"rounded-lg text-token-text-secondary hover:bg-token-main-surface-secondary\" aria-label=\"Read aloud\" data-testid=\"voice-play-turn-action-button\"><\/button><button class=\"rounded-lg text-token-text-secondary hover:bg-token-main-surface-secondary\" aria-label=\"\u041a\u043e\u043f\u0438\u0440\u043e\u0432\u0430\u0442\u044c\" data-testid=\"copy-turn-action-button\"><\/button><\/p>\n<div class=\"flex\"><\/div>\n<div class=\"flex items-center pb-0\"><\/div>\n<\/div>\n<\/div>\n<\/div>\n","protected":false},"excerpt":{"rendered":"<p>Bu, xrom \u00f6rt\u00fckl\u00fc m\u00fcasir du\u015f kran\u0131d\u0131r. Bu kran, suyun istiliyini v\u0259 ax\u0131n\u0131 s\u0259viyy\u0259sini asan idar\u0259 etm\u0259k \u00fc\u00e7\u00fcn uzun tutaca\u011f\u0131 il\u0259 t\u0259chiz edilmi\u015fdir. Eyni zamanda duvara montaj \u00fc\u00e7\u00fcn iki ayr\u0131 ba\u011flant\u0131 n\u00f6qt\u0259si il\u0259 g\u0259lir ki, bu da montaj\u0131 sad\u0259l\u0259\u015fdirir v\u0259 du\u015f b\u00f6lm\u0259l\u0259ri \u00fc\u00e7\u00fcn m\u00fck\u0259mm\u0259l uy\u011funluq yarad\u0131r. Bu kran, h\u0259m funksionall\u0131\u011f\u0131 h\u0259m d\u0259 m\u00fcasir v\u0259 s\u0259liq\u0259li g\u00f6r\u00fcn\u00fc\u015f\u00fc il\u0259 vanna otaqlar\u0131nda \u0259sas elementl\u0259rd\u0259n\u2026<\/p>","protected":false},"featured_media":23494,"comment_status":"closed","ping_status":"closed","template":"","meta":[],"product_brand":[],"product_cat":[1394],"product_tag":[],"collection":[],"brand":[],"category_2":[],"catergory_brand":[],"class_list":{"0":"post-19506","1":"product","2":"type-product","3":"status-publish","4":"has-post-thumbnail","6":"product_cat-shower-mixer","8":"first","9":"instock","10":"shipping-taxable","11":"product-type-simple"},"_links":{"self":[{"href":"https:\/\/simfoniya.az\/ru\/wp-json\/wp\/v2\/product\/19506","targetHints":{"allow":["GET"]}}],"collection":[{"href":"https:\/\/simfoniya.az\/ru\/wp-json\/wp\/v2\/product"}],"about":[{"href":"https:\/\/simfoniya.az\/ru\/wp-json\/wp\/v2\/types\/product"}],"replies":[{"embeddable":true,"href":"https:\/\/simfoniya.az\/ru\/wp-json\/wp\/v2\/comments?post=19506"}],"wp:featuredmedia":[{"embeddable":true,"href":"https:\/\/simfoniya.az\/ru\/wp-json\/wp\/v2\/media\/23494"}],"wp:attachment":[{"href":"https:\/\/simfoniya.az\/ru\/wp-json\/wp\/v2\/media?parent=19506"}],"wp:term":[{"taxonomy":"product_brand","embeddable":true,"href":"https:\/\/simfoniya.az\/ru\/wp-json\/wp\/v2\/product_brand?post=19506"},{"taxonomy":"product_cat","embeddable":true,"href":"https:\/\/simfoniya.az\/ru\/wp-json\/wp\/v2\/product_cat?post=19506"},{"taxonomy":"product_tag","embeddable":true,"href":"https:\/\/simfoniya.az\/ru\/wp-json\/wp\/v2\/product_tag?post=19506"},{"taxonomy":"collection","embeddable":true,"href":"https:\/\/simfoniya.az\/ru\/wp-json\/wp\/v2\/collection?post=19506"},{"taxonomy":"brand","embeddable":true,"href":"https:\/\/simfoniya.az\/ru\/wp-json\/wp\/v2\/brand?post=19506"},{"taxonomy":"category_2","embeddable":true,"href":"https:\/\/simfoniya.az\/ru\/wp-json\/wp\/v2\/category_2?post=19506"},{"taxonomy":"catergory_brand","embeddable":true,"href":"https:\/\/simfoniya.az\/ru\/wp-json\/wp\/v2\/catergory_brand?post=19506"}],"curies":[{"name":"WP","href":"https:\/\/api.w.org\/{rel}","templated":true}]}}