{"id":19514,"date":"2024-06-02T11:29:19","date_gmt":"2024-06-02T11:29:19","guid":{"rendered":"https:\/\/simfoniya.az\/product\/teorema-dune-dus-ucun-su-qarisdiricisi-ceramic-tutacaqli-bronze-9z210gg-010\/"},"modified":"2024-10-02T11:35:36","modified_gmt":"2024-10-02T11:35:36","slug":"teorema-dune-dus-ucun-su-qarisdiricisi-ceramic-tutacaqli-bronze-9z210gg-010","status":"publish","type":"product","link":"https:\/\/simfoniya.az\/ru\/product\/teorema-dune-dus-ucun-su-qarisdiricisi-ceramic-tutacaqli-bronze-9z210gg-010\/","title":{"rendered":"Teorema Dune \/ \u0421\u043c\u0435\u0441\u0438\u0442\u0435\u043b\u044c \u0434\u043b\u044f \u0434\u0443\u0448\u0430 \/ \u0411\u0440\u043e\u043d\u0437\u0430"},"content":{"rendered":"<div class=\"flex max-w-full flex-col flex-grow\">\n<div class=\"min-h-8 text-message flex w-full flex-col items-end gap-2 whitespace-normal break-words [.text-message+&amp;]:mt-5\" dir=\"auto\" data-message-author-role=\"assistant\" data-message-id=\"7f3bc443-3b7f-4ab2-a69b-163c7ea2bd1a\">\n<div class=\"flex w-full flex-col gap-1 empty:hidden first:pt-[3px]\">\n<div class=\"markdown prose w-full break-words dark:prose-invert light\">\n<p>Bu, mis r\u0259ngind\u0259 antik \u00fcslublu m\u0259tb\u0259x kran\u0131d\u0131r. Klassik dizayn\u0131 il\u0259 dikkat \u00e7\u0259kir v\u0259 suyun isti v\u0259 soyuq ax\u0131n\u0131n\u0131 idar\u0259 etm\u0259k \u00fc\u00e7\u00fcn ayr\u0131ca tutacaqlara malikdir. Bu kran, h\u0259m funksionall\u0131\u011f\u0131 h\u0259m d\u0259 estetik g\u00f6r\u00fcn\u00fc\u015f\u00fc il\u0259 m\u0259tb\u0259xiniz\u0259 z\u0259rif bir toxunu\u015f \u0259lav\u0259 ed\u0259r.<\/p>\n<\/div>\n<\/div>\n<\/div>\n<\/div>\n<div class=\"mb-2 flex gap-3 empty:hidden -ml-2\">\n<div class=\"items-center justify-start rounded-xl p-1 flex\">\n<div class=\"flex items-center\"><button class=\"rounded-lg text-token-text-secondary hover:bg-token-main-surface-secondary\" aria-label=\"Read aloud\" data-testid=\"voice-play-turn-action-button\"><\/button><button class=\"rounded-lg text-token-text-secondary hover:bg-token-main-surface-secondary\" aria-label=\"\u041a\u043e\u043f\u0438\u0440\u043e\u0432\u0430\u0442\u044c\" data-testid=\"copy-turn-action-button\"><\/button><\/p>\n<div class=\"flex\"><\/div>\n<div class=\"flex items-center pb-0\"><\/div>\n<\/div>\n<\/div>\n<\/div>\n","protected":false},"excerpt":{"rendered":"<p>\u042d\u0442\u043e \u043a\u0443\u0445\u043e\u043d\u043d\u044b\u0439 \u0441\u043c\u0435\u0441\u0438\u0442\u0435\u043b\u044c \u0432 \u0441\u0442\u0430\u0440\u0438\u043d\u043d\u043e\u043c \u0441\u0442\u0438\u043b\u0435 \u043c\u0435\u0434\u043d\u043e\u0433\u043e \u0446\u0432\u0435\u0442\u0430. \u041e\u043d \u043f\u0440\u0438\u0432\u043b\u0435\u043a\u0430\u0435\u0442 \u0432\u043d\u0438\u043c\u0430\u043d\u0438\u0435 \u043a\u043b\u0430\u0441\u0441\u0438\u0447\u0435\u0441\u043a\u0438\u043c \u0434\u0438\u0437\u0430\u0439\u043d\u043e\u043c \u0438 \u0438\u043c\u0435\u0435\u0442 \u043e\u0442\u0434\u0435\u043b\u044c\u043d\u044b\u0435 \u0440\u0443\u0447\u043a\u0438 \u0434\u043b\u044f \u0443\u043f\u0440\u0430\u0432\u043b\u0435\u043d\u0438\u044f \u043f\u043e\u0442\u043e\u043a\u043e\u043c \u0433\u043e\u0440\u044f\u0447\u0435\u0439 \u0438 \u0445\u043e\u043b\u043e\u0434\u043d\u043e\u0439 \u0432\u043e\u0434\u044b. \u042d\u0442\u043e\u0442 \u0441\u043c\u0435\u0441\u0438\u0442\u0435\u043b\u044c \u043f\u0440\u0438\u0434\u0430\u0441\u0442 \u044d\u043b\u0435\u0433\u0430\u043d\u0442\u043d\u043e\u0441\u0442\u044c \u0432\u0430\u0448\u0435\u0439 \u043a\u0443\u0445\u043d\u0435 \u0431\u043b\u0430\u0433\u043e\u0434\u0430\u0440\u044f \u0441\u0432\u043e\u0435\u0439 \u0444\u0443\u043d\u043a\u0446\u0438\u043e\u043d\u0430\u043b\u044c\u043d\u043e\u0441\u0442\u0438 \u0438 \u044d\u0441\u0442\u0435\u0442\u0438\u0447\u043d\u043e\u043c\u0443 \u0432\u043d\u0435\u0448\u043d\u0435\u043c\u0443 \u0432\u0438\u0434\u0443.<\/p>","protected":false},"featured_media":22643,"comment_status":"closed","ping_status":"closed","template":"","meta":[],"product_brand":[],"product_cat":[1394],"product_tag":[],"collection":[],"brand":[1383],"category_2":[],"catergory_brand":[],"class_list":{"0":"post-19514","1":"product","2":"type-product","3":"status-publish","4":"has-post-thumbnail","6":"product_cat-shower-mixer","7":"brand-teorema","9":"first","10":"instock","11":"shipping-taxable","12":"product-type-simple"},"_links":{"self":[{"href":"https:\/\/simfoniya.az\/ru\/wp-json\/wp\/v2\/product\/19514","targetHints":{"allow":["GET"]}}],"collection":[{"href":"https:\/\/simfoniya.az\/ru\/wp-json\/wp\/v2\/product"}],"about":[{"href":"https:\/\/simfoniya.az\/ru\/wp-json\/wp\/v2\/types\/product"}],"replies":[{"embeddable":true,"href":"https:\/\/simfoniya.az\/ru\/wp-json\/wp\/v2\/comments?post=19514"}],"wp:featuredmedia":[{"embeddable":true,"href":"https:\/\/simfoniya.az\/ru\/wp-json\/wp\/v2\/media\/22643"}],"wp:attachment":[{"href":"https:\/\/simfoniya.az\/ru\/wp-json\/wp\/v2\/media?parent=19514"}],"wp:term":[{"taxonomy":"product_brand","embeddable":true,"href":"https:\/\/simfoniya.az\/ru\/wp-json\/wp\/v2\/product_brand?post=19514"},{"taxonomy":"product_cat","embeddable":true,"href":"https:\/\/simfoniya.az\/ru\/wp-json\/wp\/v2\/product_cat?post=19514"},{"taxonomy":"product_tag","embeddable":true,"href":"https:\/\/simfoniya.az\/ru\/wp-json\/wp\/v2\/product_tag?post=19514"},{"taxonomy":"collection","embeddable":true,"href":"https:\/\/simfoniya.az\/ru\/wp-json\/wp\/v2\/collection?post=19514"},{"taxonomy":"brand","embeddable":true,"href":"https:\/\/simfoniya.az\/ru\/wp-json\/wp\/v2\/brand?post=19514"},{"taxonomy":"category_2","embeddable":true,"href":"https:\/\/simfoniya.az\/ru\/wp-json\/wp\/v2\/category_2?post=19514"},{"taxonomy":"catergory_brand","embeddable":true,"href":"https:\/\/simfoniya.az\/ru\/wp-json\/wp\/v2\/catergory_brand?post=19514"}],"curies":[{"name":"WP","href":"https:\/\/api.w.org\/{rel}","templated":true}]}}