{"id":19522,"date":"2024-06-02T11:29:45","date_gmt":"2024-06-02T11:29:45","guid":{"rendered":"https:\/\/simfoniya.az\/product\/teorema-dune-su-qarisdiricisi-xrom-9z32711-060\/"},"modified":"2024-10-02T08:08:09","modified_gmt":"2024-10-02T08:08:09","slug":"teorema-dune-su-qarisdiricisi-xrom-9z32711-060","status":"publish","type":"product","link":"https:\/\/simfoniya.az\/ru\/product\/teorema-dune-su-qarisdiricisi-xrom-9z32711-060\/","title":{"rendered":"Teorema Dune \/ \u0421\u043c\u0435\u0441\u0438\u0442\u0435\u043b\u044c \u0434\u043b\u044f \u0432\u043e\u0434\u044b \/ \u0425\u0440\u043e\u043c"},"content":{"rendered":"<div class=\"flex max-w-full flex-col flex-grow\">\n<div class=\"min-h-8 text-message flex w-full flex-col items-end gap-2 whitespace-normal break-words [.text-message+&amp;]:mt-5\" dir=\"auto\" data-message-author-role=\"assistant\" data-message-id=\"b3bbe773-0290-43e0-aec9-1171c8ef4abb\">\n<div class=\"flex w-full flex-col gap-1 empty:hidden first:pt-[3px]\">\n<div class=\"markdown prose w-full break-words dark:prose-invert light\">\n<p>Bu, xrom \u00f6rt\u00fckl\u00fc v\u0259 retro dizaynl\u0131 m\u0259tb\u0259x kran\u0131d\u0131r. Uzun qolak formas\u0131 il\u0259 geni\u015f m\u0259tb\u0259x lavabolar\u0131 \u00fc\u00e7\u00fcn ideal olan bu kran, suyun isti v\u0259 soyuq ax\u0131n\u0131n\u0131 idar\u0259 etm\u0259k \u00fc\u00e7\u00fcn ayr\u0131ca tutacaqlara malikdir. A\u011f r\u0259ngli tutacaqlar is\u0259 onun klassik g\u00f6r\u00fcn\u00fc\u015f\u00fcn\u0259 \u015f\u0131k bir toxunu\u015f \u0259lav\u0259 edir.<\/p>\n<\/div>\n<\/div>\n<\/div>\n<\/div>\n<div class=\"mb-2 flex gap-3 empty:hidden -ml-2\">\n<div class=\"items-center justify-start rounded-xl p-1 flex\">\n<div class=\"flex items-center\"><button class=\"rounded-lg text-token-text-secondary hover:bg-token-main-surface-secondary\" aria-label=\"Read aloud\" data-testid=\"voice-play-turn-action-button\"><\/button><button class=\"rounded-lg text-token-text-secondary hover:bg-token-main-surface-secondary\" aria-label=\"\u041a\u043e\u043f\u0438\u0440\u043e\u0432\u0430\u0442\u044c\" data-testid=\"copy-turn-action-button\"><\/button><\/p>\n<div class=\"flex\"><\/div>\n<div class=\"flex items-center pb-0\"><\/div>\n<\/div>\n<\/div>\n<\/div>\n","protected":false},"excerpt":{"rendered":"<p>\u042d\u0442\u043e \u043a\u0443\u0445\u043e\u043d\u043d\u044b\u0439 \u0441\u043c\u0435\u0441\u0438\u0442\u0435\u043b\u044c \u0441 \u0445\u0440\u043e\u043c\u0438\u0440\u043e\u0432\u0430\u043d\u043d\u043e\u0439 \u043e\u0442\u0434\u0435\u043b\u043a\u043e\u0439 \u0438 \u0440\u0435\u0442\u0440\u043e-\u0434\u0438\u0437\u0430\u0439\u043d\u043e\u043c. \u0411\u043b\u0430\u0433\u043e\u0434\u0430\u0440\u044f \u0434\u043b\u0438\u043d\u043d\u043e\u0439 \u0440\u0443\u0447\u043a\u0435, \u0438\u0434\u0435\u0430\u043b\u044c\u043d\u043e \u043f\u043e\u0434\u0445\u043e\u0434\u044f\u0449\u0435\u0439 \u0434\u043b\u044f \u0431\u043e\u043b\u044c\u0448\u0438\u0445 \u043a\u0443\u0445\u043e\u043d\u043d\u044b\u0445 \u0440\u0430\u043a\u043e\u0432\u0438\u043d, \u044d\u0442\u043e\u0442 \u0441\u043c\u0435\u0441\u0438\u0442\u0435\u043b\u044c \u0438\u043c\u0435\u0435\u0442 \u043e\u0442\u0434\u0435\u043b\u044c\u043d\u044b\u0435 \u0440\u0443\u0447\u043a\u0438 \u0434\u043b\u044f \u0443\u043f\u0440\u0430\u0432\u043b\u0435\u043d\u0438\u044f \u043f\u043e\u0442\u043e\u043a\u043e\u043c \u0433\u043e\u0440\u044f\u0447\u0435\u0439 \u0438 \u0445\u043e\u043b\u043e\u0434\u043d\u043e\u0439 \u0432\u043e\u0434\u044b. \u0411\u0435\u043b\u044b\u0435 \u0440\u0443\u0447\u043a\u0438 \u0434\u043e\u0431\u0430\u0432\u043b\u044f\u044e\u0442 \u0441\u0442\u0438\u043b\u044c\u043d\u043e\u0441\u0442\u0438 \u043a\u043b\u0430\u0441\u0441\u0438\u0447\u0435\u0441\u043a\u043e\u043c\u0443 \u0432\u0438\u0434\u0443.<\/p>","protected":false},"featured_media":19521,"comment_status":"closed","ping_status":"closed","template":"","meta":[],"product_brand":[],"product_cat":[411],"product_tag":[],"collection":[],"brand":[],"category_2":[],"catergory_brand":[],"class_list":{"0":"post-19522","1":"product","2":"type-product","3":"status-publish","4":"has-post-thumbnail","6":"product_cat-faucets","8":"first","9":"instock","10":"shipping-taxable","11":"product-type-simple"},"_links":{"self":[{"href":"https:\/\/simfoniya.az\/ru\/wp-json\/wp\/v2\/product\/19522","targetHints":{"allow":["GET"]}}],"collection":[{"href":"https:\/\/simfoniya.az\/ru\/wp-json\/wp\/v2\/product"}],"about":[{"href":"https:\/\/simfoniya.az\/ru\/wp-json\/wp\/v2\/types\/product"}],"replies":[{"embeddable":true,"href":"https:\/\/simfoniya.az\/ru\/wp-json\/wp\/v2\/comments?post=19522"}],"wp:featuredmedia":[{"embeddable":true,"href":"https:\/\/simfoniya.az\/ru\/wp-json\/wp\/v2\/media\/19521"}],"wp:attachment":[{"href":"https:\/\/simfoniya.az\/ru\/wp-json\/wp\/v2\/media?parent=19522"}],"wp:term":[{"taxonomy":"product_brand","embeddable":true,"href":"https:\/\/simfoniya.az\/ru\/wp-json\/wp\/v2\/product_brand?post=19522"},{"taxonomy":"product_cat","embeddable":true,"href":"https:\/\/simfoniya.az\/ru\/wp-json\/wp\/v2\/product_cat?post=19522"},{"taxonomy":"product_tag","embeddable":true,"href":"https:\/\/simfoniya.az\/ru\/wp-json\/wp\/v2\/product_tag?post=19522"},{"taxonomy":"collection","embeddable":true,"href":"https:\/\/simfoniya.az\/ru\/wp-json\/wp\/v2\/collection?post=19522"},{"taxonomy":"brand","embeddable":true,"href":"https:\/\/simfoniya.az\/ru\/wp-json\/wp\/v2\/brand?post=19522"},{"taxonomy":"category_2","embeddable":true,"href":"https:\/\/simfoniya.az\/ru\/wp-json\/wp\/v2\/category_2?post=19522"},{"taxonomy":"catergory_brand","embeddable":true,"href":"https:\/\/simfoniya.az\/ru\/wp-json\/wp\/v2\/catergory_brand?post=19522"}],"curies":[{"name":"WP","href":"https:\/\/api.w.org\/{rel}","templated":true}]}}