{"id":19538,"date":"2024-06-02T11:30:15","date_gmt":"2024-06-02T11:30:15","guid":{"rendered":"https:\/\/simfoniya.az\/product\/teorema-golf-bide-su-qarisdiricisi-xrom-9a40011-002\/"},"modified":"2024-10-02T07:50:38","modified_gmt":"2024-10-02T07:50:38","slug":"teorema-golf-bide-su-qarisdiricisi-xrom-9a40011-002","status":"publish","type":"product","link":"https:\/\/simfoniya.az\/ru\/product\/teorema-golf-bide-su-qarisdiricisi-xrom-9a40011-002\/","title":{"rendered":"Teorema Golf\/\u0421\u043c\u0435\u0441\u0438\u0442\u0435\u043b\u044c \u0434\u043b\u044f \u0431\u0438\u0434\u0435\/\u0425\u0440\u043e\u043c"},"content":{"rendered":"<div class=\"flex max-w-full flex-col flex-grow\">\n<div class=\"min-h-8 text-message flex w-full flex-col items-end gap-2 whitespace-normal break-words [.text-message+&amp;]:mt-5\" dir=\"auto\" data-message-author-role=\"assistant\" data-message-id=\"44f3b32c-6c5e-449d-9189-790e2be5a18a\">\n<div class=\"flex w-full flex-col gap-1 empty:hidden first:pt-[3px]\">\n<div class=\"markdown prose w-full break-words dark:prose-invert light\">\n<p>Bu, xrom \u00f6rt\u00fckl\u00fc m\u00fcasir dizaynl\u0131 bide muslu\u011fudur. Bu musluq, suyun istiliyini v\u0259 ax\u0131n\u0131 s\u0259viyy\u0259sini asan idar\u0259 etm\u0259k \u00fc\u00e7\u00fcn t\u0259k d\u00fcym\u0259 il\u0259 t\u0259chiz edilmi\u015fdir. Q\u0131rm\u0131z\u0131 v\u0259 mavi ni\u015fanlar suyun isti v\u0259 soyuq ax\u0131n\u0131na g\u00f6st\u0259ri\u015f verir, bu da istifad\u0259\u00e7il\u0259r\u0259 ist\u0259dikl\u0259ri su temperaturunu d\u0259qiq ayarlaya bilm\u0259 imkan\u0131 t\u0259qdim edir. Ki\u00e7ik v\u0259 kompakt dizayn\u0131 il\u0259, bu musluq h\u0259r hans\u0131 bir bide sistemi \u00fc\u00e7\u00fcn ideal v\u0259 estetik bir \u0259lav\u0259dir.<\/p>\n<\/div>\n<\/div>\n<\/div>\n<\/div>\n<div class=\"mb-2 flex gap-3 empty:hidden -ml-2\">\n<div class=\"items-center justify-start rounded-xl p-1 flex\">\n<div class=\"flex items-center\"><button class=\"rounded-lg text-token-text-secondary hover:bg-token-main-surface-secondary\" aria-label=\"Read aloud\" data-testid=\"voice-play-turn-action-button\"><\/button><button class=\"rounded-lg text-token-text-secondary hover:bg-token-main-surface-secondary\" aria-label=\"\u041a\u043e\u043f\u0438\u0440\u043e\u0432\u0430\u0442\u044c\" data-testid=\"copy-turn-action-button\"><\/button><\/p>\n<div class=\"flex\"><\/div>\n<div class=\"flex items-center pb-0\"><\/div>\n<\/div>\n<\/div>\n<\/div>\n","protected":false},"excerpt":{"rendered":"<p><i class=\"ti-download\"><\/i><span class=\"text\">\u0421\u043a\u0430\u0447\u0430\u0442\u044c \u0442\u0435\u0445\u043d\u0438\u0447\u0435\u0441\u043a\u0438\u0439 \u043b\u0438\u0441\u0442<\/span><\/p>","protected":false},"featured_media":19537,"comment_status":"closed","ping_status":"closed","template":"","meta":[],"product_brand":[],"product_cat":[411],"product_tag":[],"collection":[],"brand":[],"category_2":[],"catergory_brand":[],"class_list":{"0":"post-19538","1":"product","2":"type-product","3":"status-publish","4":"has-post-thumbnail","6":"product_cat-faucets","8":"first","9":"instock","10":"shipping-taxable","11":"product-type-simple"},"_links":{"self":[{"href":"https:\/\/simfoniya.az\/ru\/wp-json\/wp\/v2\/product\/19538","targetHints":{"allow":["GET"]}}],"collection":[{"href":"https:\/\/simfoniya.az\/ru\/wp-json\/wp\/v2\/product"}],"about":[{"href":"https:\/\/simfoniya.az\/ru\/wp-json\/wp\/v2\/types\/product"}],"replies":[{"embeddable":true,"href":"https:\/\/simfoniya.az\/ru\/wp-json\/wp\/v2\/comments?post=19538"}],"wp:featuredmedia":[{"embeddable":true,"href":"https:\/\/simfoniya.az\/ru\/wp-json\/wp\/v2\/media\/19537"}],"wp:attachment":[{"href":"https:\/\/simfoniya.az\/ru\/wp-json\/wp\/v2\/media?parent=19538"}],"wp:term":[{"taxonomy":"product_brand","embeddable":true,"href":"https:\/\/simfoniya.az\/ru\/wp-json\/wp\/v2\/product_brand?post=19538"},{"taxonomy":"product_cat","embeddable":true,"href":"https:\/\/simfoniya.az\/ru\/wp-json\/wp\/v2\/product_cat?post=19538"},{"taxonomy":"product_tag","embeddable":true,"href":"https:\/\/simfoniya.az\/ru\/wp-json\/wp\/v2\/product_tag?post=19538"},{"taxonomy":"collection","embeddable":true,"href":"https:\/\/simfoniya.az\/ru\/wp-json\/wp\/v2\/collection?post=19538"},{"taxonomy":"brand","embeddable":true,"href":"https:\/\/simfoniya.az\/ru\/wp-json\/wp\/v2\/brand?post=19538"},{"taxonomy":"category_2","embeddable":true,"href":"https:\/\/simfoniya.az\/ru\/wp-json\/wp\/v2\/category_2?post=19538"},{"taxonomy":"catergory_brand","embeddable":true,"href":"https:\/\/simfoniya.az\/ru\/wp-json\/wp\/v2\/catergory_brand?post=19538"}],"curies":[{"name":"WP","href":"https:\/\/api.w.org\/{rel}","templated":true}]}}