{"id":19554,"date":"2024-06-02T11:30:43","date_gmt":"2024-06-02T11:30:43","guid":{"rendered":"https:\/\/simfoniya.az\/product\/teorema-jabil-dus-desti-mat-qara-15343bb-t01\/"},"modified":"2024-10-01T19:33:42","modified_gmt":"2024-10-01T19:33:42","slug":"teorema-jabil-dus-desti-mat-qara-15343bb-t01","status":"publish","type":"product","link":"https:\/\/simfoniya.az\/ru\/product\/teorema-jabil-dus-desti-mat-qara-15343bb-t01\/","title":{"rendered":"Teorema Jabil \/ \u0414\u0443\u0448\u0435\u0432\u043e\u0439 \u043d\u0430\u0431\u043e\u0440"},"content":{"rendered":"<div class=\"flex-shrink-0 flex flex-col relative items-end\">\n<div class=\"pt-0.5 juice:pt-0\">\n<div class=\"gizmo-bot-avatar flex h-6 w-6 items-center justify-center overflow-hidden rounded-full juice:h-8 juice:w-8\">\n<div class=\"relative p-1 rounded-sm flex items-center justify-center bg-token-main-waterrface-primary text-token-text-primary h-8 w-8\">\n<div class=\"flex-1 overflow-hidden\">\n<div class=\"h-full\">\n<div class=\"react-scroll-to-bottom--css-qvagz-79elbk h-full\">\n<div class=\"react-scroll-to-bottom--css-qvagz-1n7m0yu\">\n<div class=\"flex flex-col text-sm md:pb-9\">\n<article class=\"w-full text-token-text-primary focus-visible:outline-2 focus-visible:outline-offset-[-4px]\" dir=\"auto\" data-testid=\"conversation-turn-45\" data-scroll-anchor=\"true\">\n<div class=\"text-base py-[18px] px-3 md:px-4 m-auto w-full md:px-5 lg:px-4 xl:px-5\">\n<div class=\"mx-auto flex flex-1 gap-4 text-base md:gap-5 lg:gap-6 md:max-w-3xl lg:max-w-[40rem] xl:max-w-[48rem]\">\n<div class=\"group\/conversation-turn relative flex w-full min-w-0 flex-col agent-turn\">\n<div class=\"flex-col gap-1 md:gap-3\">\n<div class=\"flex max-w-full flex-col flex-grow\">\n<div class=\"min-h-8 text-message flex w-full flex-col items-end gap-2 whitespace-normal break-words [.text-message+&amp;]:mt-5\" dir=\"auto\" data-message-author-role=\"assistant\" data-message-id=\"d05b6dd7-ed90-4625-aa34-8d26534e0857\">\n<div class=\"flex w-full flex-col gap-1 empty:hidden first:pt-[3px]\">\n<div class=\"markdown prose w-full break-words dark:prose-invert light\">\n<p>Bu, qara metalldan haz\u0131rlanm\u0131\u015f m\u00fcasir du\u015f sistemi komplektidir. Bu komplekt, yuxar\u0131dan qura\u015fd\u0131r\u0131lm\u0131\u015f b\u00f6y\u00fck ya\u011f\u0131\u015f ba\u015fl\u0131\u011f\u0131 v\u0259 bir portativ du\u015f ba\u015fl\u0131\u011f\u0131 il\u0259 t\u0259chiz edilmi\u015fdir, h\u0259r ikisi suyun f\u0259rqli ax\u0131n\u0131 rejiml\u0259rini t\u0259klif edir. Du\u015f sistemi, suyun temperaturunu v\u0259 ax\u0131n\u0131 s\u0259viyy\u0259sini idar\u0259 etm\u0259k \u00fc\u00e7\u00fcn asanl\u0131qla ula\u015f\u0131labil\u0259n n\u0259zar\u0259t d\u00fcym\u0259l\u0259ri il\u0259 t\u0259min edilmi\u015fdir. Qura\u015fd\u0131rma s\u00fctunu h\u00fcnd\u00fcrl\u00fcy\u00fcn\u00fc t\u0259nziml\u0259m\u0259y\u0259 imkan verir, bu da istifad\u0259\u00e7il\u0259rin f\u0259rdi ehtiyaclar\u0131na uy\u011funla\u015fmas\u0131na k\u00f6m\u0259k edir.<\/p>\n<\/div>\n<\/div>\n<\/div>\n<\/div>\n<\/div>\n<\/div>\n<\/div>\n<\/div>\n<\/article>\n<\/div>\n<\/div>\n<\/div>\n<\/div>\n<\/div>\n<\/div>\n<\/div>\n<\/div>\n<\/div>\n","protected":false},"excerpt":{"rendered":"<p>Bu, qara metalldan haz\u0131rlanm\u0131\u015f m\u00fcasir du\u015f sistemi komplektidir. Bu komplekt, yuxar\u0131dan qura\u015fd\u0131r\u0131lm\u0131\u015f b\u00f6y\u00fck ya\u011f\u0131\u015f ba\u015fl\u0131\u011f\u0131 v\u0259 bir portativ du\u015f ba\u015fl\u0131\u011f\u0131 il\u0259 t\u0259chiz edilmi\u015fdir, h\u0259r ikisi suyun f\u0259rqli ax\u0131n\u0131 rejiml\u0259rini t\u0259klif edir. Du\u015f sistemi, suyun temperaturunu v\u0259 ax\u0131n\u0131 s\u0259viyy\u0259sini idar\u0259 etm\u0259k \u00fc\u00e7\u00fcn asanl\u0131qla ula\u015f\u0131labil\u0259n n\u0259zar\u0259t d\u00fcym\u0259l\u0259ri il\u0259 t\u0259min edilmi\u015fdir. Qura\u015fd\u0131rma s\u00fctunu h\u00fcnd\u00fcrl\u00fcy\u00fcn\u00fc t\u0259nziml\u0259m\u0259y\u0259 imkan verir, bu da istifad\u0259\u00e7il\u0259rin f\u0259rdi ehtiyaclar\u0131na uy\u011funla\u015fmas\u0131na\u2026<\/p>","protected":false},"featured_media":19553,"comment_status":"closed","ping_status":"closed","template":"","meta":[],"product_brand":[],"product_cat":[1402,1392],"product_tag":[],"collection":[],"brand":[],"category_2":[],"catergory_brand":[],"class_list":{"0":"post-19554","1":"product","2":"type-product","3":"status-publish","4":"has-post-thumbnail","6":"product_cat-shower-hands","7":"product_cat-shower-and-components","9":"first","10":"instock","11":"shipping-taxable","12":"product-type-simple"},"_links":{"self":[{"href":"https:\/\/simfoniya.az\/ru\/wp-json\/wp\/v2\/product\/19554","targetHints":{"allow":["GET"]}}],"collection":[{"href":"https:\/\/simfoniya.az\/ru\/wp-json\/wp\/v2\/product"}],"about":[{"href":"https:\/\/simfoniya.az\/ru\/wp-json\/wp\/v2\/types\/product"}],"replies":[{"embeddable":true,"href":"https:\/\/simfoniya.az\/ru\/wp-json\/wp\/v2\/comments?post=19554"}],"wp:featuredmedia":[{"embeddable":true,"href":"https:\/\/simfoniya.az\/ru\/wp-json\/wp\/v2\/media\/19553"}],"wp:attachment":[{"href":"https:\/\/simfoniya.az\/ru\/wp-json\/wp\/v2\/media?parent=19554"}],"wp:term":[{"taxonomy":"product_brand","embeddable":true,"href":"https:\/\/simfoniya.az\/ru\/wp-json\/wp\/v2\/product_brand?post=19554"},{"taxonomy":"product_cat","embeddable":true,"href":"https:\/\/simfoniya.az\/ru\/wp-json\/wp\/v2\/product_cat?post=19554"},{"taxonomy":"product_tag","embeddable":true,"href":"https:\/\/simfoniya.az\/ru\/wp-json\/wp\/v2\/product_tag?post=19554"},{"taxonomy":"collection","embeddable":true,"href":"https:\/\/simfoniya.az\/ru\/wp-json\/wp\/v2\/collection?post=19554"},{"taxonomy":"brand","embeddable":true,"href":"https:\/\/simfoniya.az\/ru\/wp-json\/wp\/v2\/brand?post=19554"},{"taxonomy":"category_2","embeddable":true,"href":"https:\/\/simfoniya.az\/ru\/wp-json\/wp\/v2\/category_2?post=19554"},{"taxonomy":"catergory_brand","embeddable":true,"href":"https:\/\/simfoniya.az\/ru\/wp-json\/wp\/v2\/catergory_brand?post=19554"}],"curies":[{"name":"WP","href":"https:\/\/api.w.org\/{rel}","templated":true}]}}