{"id":19556,"date":"2024-06-02T11:30:46","date_gmt":"2024-06-02T11:30:46","guid":{"rendered":"https:\/\/simfoniya.az\/product\/teorema-jabil-el-dusu-mat-qara-03201bb-t01\/"},"modified":"2024-10-01T19:32:47","modified_gmt":"2024-10-01T19:32:47","slug":"teorema-jabil-el-dusu-mat-qara-03201bb-t01","status":"publish","type":"product","link":"https:\/\/simfoniya.az\/ru\/product\/teorema-jabil-el-dusu-mat-qara-03201bb-t01\/","title":{"rendered":"Teorema Jabil \/ \u0420\u0443\u0447\u043d\u043e\u0439 \u0434\u0443\u0448"},"content":{"rendered":"<div class=\"flex max-w-full flex-col flex-grow\">\n<div class=\"min-h-8 text-message flex w-full flex-col items-end gap-2 whitespace-normal break-words [.text-message+&amp;]:mt-5\" dir=\"auto\" data-message-author-role=\"assistant\" data-message-id=\"4e5c69c7-7262-44cb-94fe-411fb0399d7b\">\n<div class=\"flex w-full flex-col gap-1 empty:hidden first:pt-[3px]\">\n<div class=\"markdown prose w-full break-words dark:prose-invert light\">\n<p>Bu, qara metalldan haz\u0131rlanm\u0131\u015f m\u00fcasir dizaynl\u0131 \u0259l (portativ) du\u015f ba\u015fl\u0131\u011f\u0131d\u0131r. Bu du\u015f ba\u015fl\u0131\u011f\u0131, suyun temperaturunu v\u0259 ax\u0131n\u0131 s\u0259viyy\u0259sini idar\u0259 etm\u0259k \u00fc\u00e7\u00fcn qo\u015fulmu\u015f bir d\u00fcym\u0259 il\u0259 t\u0259chiz edilmi\u015fdir. Ergonomik tutaca\u011f\u0131 say\u0259sind\u0259 istifad\u0259si rahatd\u0131r v\u0259 m\u00fcxt\u0259lif su \u00e7\u0131x\u0131\u015f rejiml\u0259ri il\u0259 t\u0259min edilmi\u015fdir, bu da f\u0259rdi istifad\u0259 \u00fc\u00e7\u00fcn m\u00fck\u0259mm\u0259l se\u00e7imdir. M\u00fcasir v\u0259 s\u0259liq\u0259li g\u00f6r\u00fcn\u00fc\u015f\u00fc h\u0259r hans\u0131 bir m\u00fcasir vanna ota\u011f\u0131n\u0131 tamamlay\u0131r.<\/p>\n<\/div>\n<\/div>\n<\/div>\n<\/div>\n<div class=\"mb-2 flex gap-3 empty:hidden -ml-2\">\n<div class=\"items-center justify-start rounded-xl p-1 flex\">\n<div class=\"flex items-center\"><button class=\"rounded-lg text-token-text-secondary hover:bg-token-main-surface-secondary\" aria-label=\"Read aloud\" data-testid=\"voice-play-turn-action-button\"><\/button><button class=\"rounded-lg text-token-text-secondary hover:bg-token-main-surface-secondary\" aria-label=\"\u041a\u043e\u043f\u0438\u0440\u043e\u0432\u0430\u0442\u044c\" data-testid=\"copy-turn-action-button\"><\/button><\/p>\n<div class=\"flex\"><\/div>\n<div class=\"flex items-center pb-0\"><\/div>\n<\/div>\n<\/div>\n<\/div>\n","protected":false},"excerpt":{"rendered":"<p>\u042d\u0442\u043e \u043f\u043e\u0440\u0442\u0430\u0442\u0438\u0432\u043d\u0430\u044f \u0434\u0443\u0448\u0435\u0432\u0430\u044f \u043b\u0435\u0439\u043a\u0430 \u0441\u043e\u0432\u0440\u0435\u043c\u0435\u043d\u043d\u043e\u0433\u043e \u0434\u0438\u0437\u0430\u0439\u043d\u0430, \u0432\u044b\u043f\u043e\u043b\u043d\u0435\u043d\u043d\u0430\u044f \u0438\u0437 \u0447\u0435\u0440\u043d\u043e\u0433\u043e \u043c\u0435\u0442\u0430\u043b\u043b\u0430. \u042d\u0442\u0430 \u043d\u0430\u0441\u0430\u0434\u043a\u0430 \u0434\u043b\u044f \u0434\u0443\u0448\u0430 \u043e\u0441\u043d\u0430\u0449\u0435\u043d\u0430 \u043f\u0440\u0438\u043a\u0440\u0435\u043f\u043b\u0435\u043d\u043d\u043e\u0439 \u043a\u043d\u043e\u043f\u043a\u043e\u0439 \u0434\u043b\u044f \u0443\u043f\u0440\u0430\u0432\u043b\u0435\u043d\u0438\u044f \u0442\u0435\u043c\u043f\u0435\u0440\u0430\u0442\u0443\u0440\u043e\u0439 \u0432\u043e\u0434\u044b \u0438 \u0443\u0440\u043e\u0432\u043d\u0435\u043c \u043f\u043e\u0442\u043e\u043a\u0430. \u041e\u043d \u0443\u0434\u043e\u0431\u0435\u043d \u0432 \u0438\u0441\u043f\u043e\u043b\u044c\u0437\u043e\u0432\u0430\u043d\u0438\u0438 \u0431\u043b\u0430\u0433\u043e\u0434\u0430\u0440\u044f \u044d\u0440\u0433\u043e\u043d\u043e\u043c\u0438\u0447\u043d\u043e\u0439 \u0440\u0443\u0447\u043a\u0435 \u0438 \u0438\u043c\u0435\u0435\u0442 \u0440\u0430\u0437\u043b\u0438\u0447\u043d\u044b\u0435 \u0440\u0435\u0436\u0438\u043c\u044b \u043f\u043e\u0434\u0430\u0447\u0438 \u0432\u043e\u0434\u044b, \u0447\u0442\u043e \u044f\u0432\u043b\u044f\u0435\u0442\u0441\u044f \u0438\u0434\u0435\u0430\u043b\u044c\u043d\u044b\u043c \u0432\u044b\u0431\u043e\u0440\u043e\u043c \u0434\u043b\u044f \u0438\u043d\u0434\u0438\u0432\u0438\u0434\u0443\u0430\u043b\u044c\u043d\u043e\u0433\u043e \u0438\u0441\u043f\u043e\u043b\u044c\u0437\u043e\u0432\u0430\u043d\u0438\u044f. \u0415\u0433\u043e \u0441\u043e\u0432\u0440\u0435\u043c\u0435\u043d\u043d\u044b\u0439 \u0438 \u0447\u0438\u0441\u0442\u044b\u0439 \u0432\u0438\u0434 \u0434\u043e\u043f\u043e\u043b\u043d\u0438\u0442 \u043b\u044e\u0431\u0443\u044e \u0441\u043e\u0432\u0440\u0435\u043c\u0435\u043d\u043d\u0443\u044e \u0432\u0430\u043d\u043d\u0443\u044e \u043a\u043e\u043c\u043d\u0430\u0442\u0443.<\/p>","protected":false},"featured_media":22631,"comment_status":"closed","ping_status":"closed","template":"","meta":[],"product_brand":[],"product_cat":[1402],"product_tag":[],"collection":[],"brand":[],"category_2":[],"catergory_brand":[],"class_list":{"0":"post-19556","1":"product","2":"type-product","3":"status-publish","4":"has-post-thumbnail","6":"product_cat-shower-hands","8":"first","9":"instock","10":"shipping-taxable","11":"product-type-simple"},"_links":{"self":[{"href":"https:\/\/simfoniya.az\/ru\/wp-json\/wp\/v2\/product\/19556","targetHints":{"allow":["GET"]}}],"collection":[{"href":"https:\/\/simfoniya.az\/ru\/wp-json\/wp\/v2\/product"}],"about":[{"href":"https:\/\/simfoniya.az\/ru\/wp-json\/wp\/v2\/types\/product"}],"replies":[{"embeddable":true,"href":"https:\/\/simfoniya.az\/ru\/wp-json\/wp\/v2\/comments?post=19556"}],"wp:featuredmedia":[{"embeddable":true,"href":"https:\/\/simfoniya.az\/ru\/wp-json\/wp\/v2\/media\/22631"}],"wp:attachment":[{"href":"https:\/\/simfoniya.az\/ru\/wp-json\/wp\/v2\/media?parent=19556"}],"wp:term":[{"taxonomy":"product_brand","embeddable":true,"href":"https:\/\/simfoniya.az\/ru\/wp-json\/wp\/v2\/product_brand?post=19556"},{"taxonomy":"product_cat","embeddable":true,"href":"https:\/\/simfoniya.az\/ru\/wp-json\/wp\/v2\/product_cat?post=19556"},{"taxonomy":"product_tag","embeddable":true,"href":"https:\/\/simfoniya.az\/ru\/wp-json\/wp\/v2\/product_tag?post=19556"},{"taxonomy":"collection","embeddable":true,"href":"https:\/\/simfoniya.az\/ru\/wp-json\/wp\/v2\/collection?post=19556"},{"taxonomy":"brand","embeddable":true,"href":"https:\/\/simfoniya.az\/ru\/wp-json\/wp\/v2\/brand?post=19556"},{"taxonomy":"category_2","embeddable":true,"href":"https:\/\/simfoniya.az\/ru\/wp-json\/wp\/v2\/category_2?post=19556"},{"taxonomy":"catergory_brand","embeddable":true,"href":"https:\/\/simfoniya.az\/ru\/wp-json\/wp\/v2\/catergory_brand?post=19556"}],"curies":[{"name":"WP","href":"https:\/\/api.w.org\/{rel}","templated":true}]}}