{"id":19558,"date":"2024-06-02T11:30:52","date_gmt":"2024-06-02T11:30:52","guid":{"rendered":"https:\/\/simfoniya.az\/product\/teorema-jabil-iki-funksiya-acma-qoluic-mexanizmi-mat-qara-73019bb-001\/"},"modified":"2024-10-01T19:30:59","modified_gmt":"2024-10-01T19:30:59","slug":"teorema-jabil-iki-funksiya-acma-qoluic-mexanizmi-mat-qara-73019bb-001","status":"publish","type":"product","link":"https:\/\/simfoniya.az\/ru\/product\/teorema-jabil-iki-funksiya-acma-qoluic-mexanizmi-mat-qara-73019bb-001\/","title":{"rendered":"Teorema Jabil \/ \u041d\u0430\u0441\u0442\u0435\u043d\u043d\u044b\u0439 \u0432\u043d\u0443\u0442\u0440\u0435\u043d\u043d\u0438\u0439 \u043c\u0435\u0445\u0430\u043d\u0438\u0437\u043c \/ 2 \u0424\u0443\u043d\u043a\u0446\u0438\u043e\u043d\u0430\u043b"},"content":{"rendered":"<div class=\"flex max-w-full flex-col flex-grow\">\n<div class=\"min-h-8 text-message flex w-full flex-col items-end gap-2 whitespace-normal break-words [.text-message+&amp;]:mt-5\" dir=\"auto\" data-message-author-role=\"assistant\" data-message-id=\"5e3de8ca-4c37-4aff-b37b-25c960fb924a\">\n<div class=\"flex w-full flex-col gap-1 empty:hidden first:pt-[3px]\">\n<div class=\"markdown prose w-full break-words dark:prose-invert light\">\n<p>Bu, xrom \u00f6rt\u00fckl\u00fc m\u00fcasir du\u015f n\u0259zar\u0259t qur\u011fusudur. \u0130sti v\u0259 soyuq suyun idar\u0259 edilm\u0259si \u00fc\u00e7\u00fcn iki ayr\u0131 d\u00fcym\u0259 il\u0259 t\u0259chiz edilmi\u015fdir. H\u0259r bir d\u00fcym\u0259, suyun temperaturunu v\u0259 ax\u0131n\u0131 s\u0259viyy\u0259sini asanl\u0131qla t\u0259nziml\u0259m\u0259k \u00fc\u00e7\u00fcn f\u0131rlanma mexanizmi il\u0259 t\u0259chiz olunmu\u015fdur. Bu n\u0259zar\u0259t qur\u011fusu, h\u0259m funksionall\u0131\u011f\u0131 h\u0259m d\u0259 m\u00fcasir v\u0259 s\u0259liq\u0259li g\u00f6r\u00fcn\u00fc\u015f\u00fc il\u0259 vanna otaqlar\u0131na estetik bir \u0259lav\u0259 t\u0259qdim edir.<\/p>\n<\/div>\n<\/div>\n<\/div>\n<\/div>\n<div class=\"mb-2 flex gap-3 empty:hidden -ml-2\">\n<div class=\"items-center justify-start rounded-xl p-1 flex\">\n<div class=\"flex items-center\"><button class=\"rounded-lg text-token-text-secondary hover:bg-token-main-surface-secondary\" aria-label=\"Read aloud\" data-testid=\"voice-play-turn-action-button\"><\/button><button class=\"rounded-lg text-token-text-secondary hover:bg-token-main-surface-secondary\" aria-label=\"\u041a\u043e\u043f\u0438\u0440\u043e\u0432\u0430\u0442\u044c\" data-testid=\"copy-turn-action-button\"><\/button><\/p>\n<div class=\"flex\"><\/div>\n<div class=\"flex items-center pb-0\"><\/div>\n<\/div>\n<\/div>\n<\/div>\n","protected":false},"excerpt":{"rendered":"<p>\u042d\u0442\u043e \u0441\u043e\u0432\u0440\u0435\u043c\u0435\u043d\u043d\u044b\u0439 \u0431\u043b\u043e\u043a \u0443\u043f\u0440\u0430\u0432\u043b\u0435\u043d\u0438\u044f \u0434\u0443\u0448\u0435\u043c \u0441 \u0445\u0440\u043e\u043c\u0438\u0440\u043e\u0432\u0430\u043d\u043d\u043e\u0439 \u043e\u0442\u0434\u0435\u043b\u043a\u043e\u0439. \u041e\u043d \u043e\u0441\u043d\u0430\u0449\u0435\u043d \u0434\u0432\u0443\u043c\u044f \u043e\u0442\u0434\u0435\u043b\u044c\u043d\u044b\u043c\u0438 \u043a\u043d\u043e\u043f\u043a\u0430\u043c\u0438 \u0434\u043b\u044f \u0443\u043f\u0440\u0430\u0432\u043b\u0435\u043d\u0438\u044f \u0433\u043e\u0440\u044f\u0447\u0435\u0439 \u0438 \u0445\u043e\u043b\u043e\u0434\u043d\u043e\u0439 \u0432\u043e\u0434\u043e\u0439. \u041a\u0430\u0436\u0434\u0430\u044f \u0440\u0443\u0447\u043a\u0430 \u043e\u0441\u043d\u0430\u0449\u0435\u043d\u0430 \u043f\u043e\u0432\u043e\u0440\u043e\u0442\u043d\u044b\u043c \u043c\u0435\u0445\u0430\u043d\u0438\u0437\u043c\u043e\u043c, \u043f\u043e\u0437\u0432\u043e\u043b\u044f\u044e\u0449\u0438\u043c \u043b\u0435\u0433\u043a\u043e \u0440\u0435\u0433\u0443\u043b\u0438\u0440\u043e\u0432\u0430\u0442\u044c \u0442\u0435\u043c\u043f\u0435\u0440\u0430\u0442\u0443\u0440\u0443 \u0432\u043e\u0434\u044b \u0438 \u0443\u0440\u043e\u0432\u0435\u043d\u044c \u043f\u043e\u0442\u043e\u043a\u0430. \u042d\u0442\u043e\u0442 \u0431\u043b\u043e\u043a \u0443\u043f\u0440\u0430\u0432\u043b\u0435\u043d\u0438\u044f \u044f\u0432\u043b\u044f\u0435\u0442\u0441\u044f \u044d\u0441\u0442\u0435\u0442\u0438\u0447\u043d\u044b\u043c \u0434\u043e\u043f\u043e\u043b\u043d\u0435\u043d\u0438\u0435\u043c \u0432\u0430\u043d\u043d\u043e\u0439 \u043a\u043e\u043c\u043d\u0430\u0442\u044b, \u043e\u0431\u0435\u0441\u043f\u0435\u0447\u0438\u0432\u0430\u044f \u043e\u0434\u043d\u043e\u0432\u0440\u0435\u043c\u0435\u043d\u043d\u043e \u0444\u0443\u043d\u043a\u0446\u0438\u043e\u043d\u0430\u043b\u044c\u043d\u043e\u0441\u0442\u044c \u0438 \u0441\u043e\u0432\u0440\u0435\u043c\u0435\u043d\u043d\u044b\u0439 \u0438 \u0447\u0438\u0441\u0442\u044b\u0439 \u0432\u0438\u0434.<\/p>","protected":false},"featured_media":23475,"comment_status":"closed","ping_status":"closed","template":"","meta":[],"product_brand":[],"product_cat":[1394],"product_tag":[],"collection":[],"brand":[],"category_2":[],"catergory_brand":[],"class_list":{"0":"post-19558","1":"product","2":"type-product","3":"status-publish","4":"has-post-thumbnail","6":"product_cat-shower-mixer","8":"first","9":"instock","10":"shipping-taxable","11":"product-type-simple"},"_links":{"self":[{"href":"https:\/\/simfoniya.az\/ru\/wp-json\/wp\/v2\/product\/19558","targetHints":{"allow":["GET"]}}],"collection":[{"href":"https:\/\/simfoniya.az\/ru\/wp-json\/wp\/v2\/product"}],"about":[{"href":"https:\/\/simfoniya.az\/ru\/wp-json\/wp\/v2\/types\/product"}],"replies":[{"embeddable":true,"href":"https:\/\/simfoniya.az\/ru\/wp-json\/wp\/v2\/comments?post=19558"}],"wp:featuredmedia":[{"embeddable":true,"href":"https:\/\/simfoniya.az\/ru\/wp-json\/wp\/v2\/media\/23475"}],"wp:attachment":[{"href":"https:\/\/simfoniya.az\/ru\/wp-json\/wp\/v2\/media?parent=19558"}],"wp:term":[{"taxonomy":"product_brand","embeddable":true,"href":"https:\/\/simfoniya.az\/ru\/wp-json\/wp\/v2\/product_brand?post=19558"},{"taxonomy":"product_cat","embeddable":true,"href":"https:\/\/simfoniya.az\/ru\/wp-json\/wp\/v2\/product_cat?post=19558"},{"taxonomy":"product_tag","embeddable":true,"href":"https:\/\/simfoniya.az\/ru\/wp-json\/wp\/v2\/product_tag?post=19558"},{"taxonomy":"collection","embeddable":true,"href":"https:\/\/simfoniya.az\/ru\/wp-json\/wp\/v2\/collection?post=19558"},{"taxonomy":"brand","embeddable":true,"href":"https:\/\/simfoniya.az\/ru\/wp-json\/wp\/v2\/brand?post=19558"},{"taxonomy":"category_2","embeddable":true,"href":"https:\/\/simfoniya.az\/ru\/wp-json\/wp\/v2\/category_2?post=19558"},{"taxonomy":"catergory_brand","embeddable":true,"href":"https:\/\/simfoniya.az\/ru\/wp-json\/wp\/v2\/catergory_brand?post=19558"}],"curies":[{"name":"WP","href":"https:\/\/api.w.org\/{rel}","templated":true}]}}