{"id":19568,"date":"2024-06-02T11:31:11","date_gmt":"2024-06-02T11:31:11","guid":{"rendered":"https:\/\/simfoniya.az\/product\/teorema-maxima-3-funksiyali-xrom-el-dusu-0146511-001\/"},"modified":"2024-10-01T19:25:08","modified_gmt":"2024-10-01T19:25:08","slug":"teorema-maxima-3-funksiyali-xrom-el-dusu-0146511-001","status":"publish","type":"product","link":"https:\/\/simfoniya.az\/ru\/product\/teorema-maxima-3-funksiyali-xrom-el-dusu-0146511-001\/","title":{"rendered":"Teorema Maxima \/ \u0420\u0443\u0447\u043d\u043e\u0439 \u0434\u0443\u0448 \/ 3 \u0444\u0443\u043d\u043a\u0446\u0438\u0438"},"content":{"rendered":"<div class=\"flex max-w-full flex-col flex-grow\">\n<div class=\"min-h-8 text-message flex w-full flex-col items-end gap-2 whitespace-normal break-words [.text-message+&amp;]:mt-5\" dir=\"auto\" data-message-author-role=\"assistant\" data-message-id=\"7ba309a3-6462-4f9c-866a-f591b89865b1\">\n<div class=\"flex w-full flex-col gap-1 empty:hidden first:pt-[3px]\">\n<div class=\"markdown prose w-full break-words dark:prose-invert light\">\n<p>Bu, xrom \u00f6rt\u00fckl\u00fc m\u00fcasir du\u015f ba\u015fl\u0131\u011f\u0131d\u0131r. \u00c7ox sayda su jeti il\u0259 t\u0259chiz edilmi\u015f bu du\u015f ba\u015fl\u0131\u011f\u0131, f\u0259rqli su \u00e7\u0131x\u0131\u015f rejiml\u0259rini t\u0259klif edir ki, bu da istifad\u0259\u00e7iy\u0259 \u00f6z ist\u0259kl\u0259rin\u0259 uy\u011fun du\u015f alma imkan\u0131 verir. Du\u015f ba\u015fl\u0131\u011f\u0131n\u0131n ergonomik dizayn\u0131 rahat tutmaq v\u0259 istifad\u0259 etm\u0259k imkan\u0131 yarad\u0131r, h\u0259m\u00e7inin onun parlaq xrom \u00f6rt\u00fcy\u00fc vanna ota\u011f\u0131na z\u0259rif bir estetik \u0259lav\u0259 edir.<\/p>\n<\/div>\n<\/div>\n<\/div>\n<\/div>\n<div class=\"mb-2 flex gap-3 empty:hidden -ml-2\">\n<div class=\"items-center justify-start rounded-xl p-1 flex\">\n<div class=\"flex items-center\"><button class=\"rounded-lg text-token-text-secondary hover:bg-token-main-surface-secondary\" aria-label=\"Read aloud\" data-testid=\"voice-play-turn-action-button\"><\/button><button class=\"rounded-lg text-token-text-secondary hover:bg-token-main-surface-secondary\" aria-label=\"\u041a\u043e\u043f\u0438\u0440\u043e\u0432\u0430\u0442\u044c\" data-testid=\"copy-turn-action-button\"><\/button><\/p>\n<div class=\"flex\"><\/div>\n<div class=\"flex items-center pb-0\"><\/div>\n<\/div>\n<\/div>\n<\/div>\n","protected":false},"excerpt":{"rendered":"<p>\u042d\u0442\u043e \u0441\u043e\u0432\u0440\u0435\u043c\u0435\u043d\u043d\u0430\u044f \u0434\u0443\u0448\u0435\u0432\u0430\u044f \u043b\u0435\u0439\u043a\u0430 \u0441 \u0445\u0440\u043e\u043c\u0438\u0440\u043e\u0432\u0430\u043d\u043d\u043e\u0439 \u043e\u0442\u0434\u0435\u043b\u043a\u043e\u0439. \u042d\u0442\u0430 \u043d\u0430\u0441\u0430\u0434\u043a\u0430 \u0434\u043b\u044f \u0434\u0443\u0448\u0430, \u043e\u0441\u043d\u0430\u0449\u0435\u043d\u043d\u0430\u044f \u043d\u0435\u0441\u043a\u043e\u043b\u044c\u043a\u0438\u043c\u0438 \u0441\u0442\u0440\u0443\u044f\u043c\u0438 \u0432\u043e\u0434\u044b, \u043f\u0440\u0435\u0434\u043b\u0430\u0433\u0430\u0435\u0442 \u0440\u0430\u0437\u043b\u0438\u0447\u043d\u044b\u0435 \u0440\u0435\u0436\u0438\u043c\u044b \u043f\u043e\u0434\u0430\u0447\u0438 \u0432\u043e\u0434\u044b, \u043f\u043e\u0437\u0432\u043e\u043b\u044f\u044f \u043f\u043e\u043b\u044c\u0437\u043e\u0432\u0430\u0442\u0435\u043b\u044e \u043f\u0440\u0438\u043d\u0438\u043c\u0430\u0442\u044c \u0434\u0443\u0448 \u0432 \u0441\u043e\u043e\u0442\u0432\u0435\u0442\u0441\u0442\u0432\u0438\u0438 \u0441\u043e \u0441\u0432\u043e\u0438\u043c\u0438 \u0436\u0435\u043b\u0430\u043d\u0438\u044f\u043c\u0438. \u042d\u0440\u0433\u043e\u043d\u043e\u043c\u0438\u0447\u043d\u044b\u0439 \u0434\u0438\u0437\u0430\u0439\u043d \u043d\u0430\u0441\u0430\u0434\u043a\u0438 \u0434\u043b\u044f \u0434\u0443\u0448\u0430 \u043e\u0431\u043b\u0435\u0433\u0447\u0430\u0435\u0442 \u0435\u0435 \u0443\u0434\u0435\u0440\u0436\u0430\u043d\u0438\u0435 \u0438 \u0438\u0441\u043f\u043e\u043b\u044c\u0437\u043e\u0432\u0430\u043d\u0438\u0435, \u0430 \u0431\u043b\u0435\u0441\u0442\u044f\u0449\u0430\u044f \u0445\u0440\u043e\u043c\u0438\u0440\u043e\u0432\u0430\u043d\u043d\u0430\u044f \u043e\u0442\u0434\u0435\u043b\u043a\u0430 \u043f\u0440\u0438\u0434\u0430\u0435\u0442 \u0432\u0430\u043d\u043d\u043e\u0439 \u043a\u043e\u043c\u043d\u0430\u0442\u0435 \u044d\u043b\u0435\u0433\u0430\u043d\u0442\u043d\u0443\u044e \u044d\u0441\u0442\u0435\u0442\u0438\u043a\u0443.<\/p>","protected":false},"featured_media":22622,"comment_status":"closed","ping_status":"closed","template":"","meta":[],"product_brand":[],"product_cat":[1402],"product_tag":[],"collection":[],"brand":[],"category_2":[],"catergory_brand":[],"class_list":{"0":"post-19568","1":"product","2":"type-product","3":"status-publish","4":"has-post-thumbnail","6":"product_cat-shower-hands","8":"first","9":"instock","10":"shipping-taxable","11":"product-type-simple"},"_links":{"self":[{"href":"https:\/\/simfoniya.az\/ru\/wp-json\/wp\/v2\/product\/19568","targetHints":{"allow":["GET"]}}],"collection":[{"href":"https:\/\/simfoniya.az\/ru\/wp-json\/wp\/v2\/product"}],"about":[{"href":"https:\/\/simfoniya.az\/ru\/wp-json\/wp\/v2\/types\/product"}],"replies":[{"embeddable":true,"href":"https:\/\/simfoniya.az\/ru\/wp-json\/wp\/v2\/comments?post=19568"}],"wp:featuredmedia":[{"embeddable":true,"href":"https:\/\/simfoniya.az\/ru\/wp-json\/wp\/v2\/media\/22622"}],"wp:attachment":[{"href":"https:\/\/simfoniya.az\/ru\/wp-json\/wp\/v2\/media?parent=19568"}],"wp:term":[{"taxonomy":"product_brand","embeddable":true,"href":"https:\/\/simfoniya.az\/ru\/wp-json\/wp\/v2\/product_brand?post=19568"},{"taxonomy":"product_cat","embeddable":true,"href":"https:\/\/simfoniya.az\/ru\/wp-json\/wp\/v2\/product_cat?post=19568"},{"taxonomy":"product_tag","embeddable":true,"href":"https:\/\/simfoniya.az\/ru\/wp-json\/wp\/v2\/product_tag?post=19568"},{"taxonomy":"collection","embeddable":true,"href":"https:\/\/simfoniya.az\/ru\/wp-json\/wp\/v2\/collection?post=19568"},{"taxonomy":"brand","embeddable":true,"href":"https:\/\/simfoniya.az\/ru\/wp-json\/wp\/v2\/brand?post=19568"},{"taxonomy":"category_2","embeddable":true,"href":"https:\/\/simfoniya.az\/ru\/wp-json\/wp\/v2\/category_2?post=19568"},{"taxonomy":"catergory_brand","embeddable":true,"href":"https:\/\/simfoniya.az\/ru\/wp-json\/wp\/v2\/catergory_brand?post=19568"}],"curies":[{"name":"WP","href":"https:\/\/api.w.org\/{rel}","templated":true}]}}