{"id":19582,"date":"2024-06-02T11:31:34","date_gmt":"2024-06-02T11:31:34","guid":{"rendered":"https:\/\/simfoniya.az\/product\/teorema-porta-sabun-qabi-abt03mc-001\/"},"modified":"2024-10-01T19:14:10","modified_gmt":"2024-10-01T19:14:10","slug":"teorema-porta-sabun-qabi-abt03mc-001","status":"publish","type":"product","link":"https:\/\/simfoniya.az\/ru\/product\/teorema-porta-sabun-qabi-abt03mc-001\/","title":{"rendered":"Teorema Porta \/ \u041c\u044b\u043b\u044c\u043d\u0438\u0446\u0430"},"content":{"rendered":"<div class=\"flex max-w-full flex-col flex-grow\">\n<div class=\"min-h-8 text-message flex w-full flex-col items-end gap-2 whitespace-normal break-words [.text-message+&amp;]:mt-5\" dir=\"auto\" data-message-author-role=\"assistant\" data-message-id=\"f7c3fc87-cb70-45d4-bf37-fb93c96a69fa\">\n<div class=\"flex w-full flex-col gap-1 empty:hidden first:pt-[3px]\">\n<div class=\"markdown prose w-full break-words dark:prose-invert light\">\n<p>Bu roz q\u0131z\u0131l\u0131 metal \u00e7\u0259r\u00e7iv\u0259 v\u0259 \u015f\u0259ffaf mil il\u0259 haz\u0131rlanm\u0131\u015f sabun qab\u0131d\u0131r. M\u00fcasir v\u0259 \u015f\u0131k dizayn\u0131 il\u0259, vanna ota\u011f\u0131n\u0131za z\u0259rif bir toxunu\u015f \u0259lav\u0259 edir. \u015e\u0259ffaf mil sabunu saxlamaq \u00fc\u00e7\u00fcn ideal bir yer t\u0259qdim edir v\u0259 onun t\u0259miz v\u0259 t\u0259rtibd\u0259 qalmas\u0131na k\u00f6m\u0259k edir. Roz q\u0131z\u0131l\u0131 \u00e7\u0259r\u00e7iv\u0259 is\u0259 m\u00fcasir dekorasiya anlay\u0131\u015f\u0131na uy\u011fun bir g\u00f6z\u0259llik \u0259lav\u0259 edir.<\/p>\n<\/div>\n<\/div>\n<\/div>\n<\/div>\n<div class=\"mb-2 flex gap-3 empty:hidden -ml-2\">\n<div class=\"items-center justify-start rounded-xl p-1 flex\">\n<div class=\"flex items-center\"><button class=\"rounded-lg text-token-text-secondary hover:bg-token-main-surface-secondary\" aria-label=\"Read aloud\" data-testid=\"voice-play-turn-action-button\"><\/button><button class=\"rounded-lg text-token-text-secondary hover:bg-token-main-surface-secondary\" aria-label=\"\u041a\u043e\u043f\u0438\u0440\u043e\u0432\u0430\u0442\u044c\" data-testid=\"copy-turn-action-button\"><\/button><\/p>\n<div class=\"flex\"><\/div>\n<div class=\"flex items-center pb-0\"><\/div>\n<\/div>\n<\/div>\n<\/div>\n","protected":false},"excerpt":{"rendered":"<p>\u042d\u0442\u0430 \u043c\u044b\u043b\u044c\u043d\u0438\u0446\u0430 \u0438\u043c\u0435\u0435\u0442 \u043c\u0435\u0442\u0430\u043b\u043b\u0438\u0447\u0435\u0441\u043a\u0438\u0439 \u043a\u0430\u0440\u043a\u0430\u0441 \u0438\u0437 \u0440\u043e\u0437\u043e\u0432\u043e\u0433\u043e \u0437\u043e\u043b\u043e\u0442\u0430 \u0438 \u043f\u0440\u043e\u0437\u0440\u0430\u0447\u043d\u044b\u0439 \u0441\u0442\u0435\u0440\u0436\u0435\u043d\u044c. \u0411\u043b\u0430\u0433\u043e\u0434\u0430\u0440\u044f \u0441\u043e\u0432\u0440\u0435\u043c\u0435\u043d\u043d\u043e\u043c\u0443 \u0438 \u0441\u0442\u0438\u043b\u044c\u043d\u043e\u043c\u0443 \u0434\u0438\u0437\u0430\u0439\u043d\u0443 \u043e\u043d \u043f\u0440\u0438\u0434\u0430\u0441\u0442 \u044d\u043b\u0435\u0433\u0430\u043d\u0442\u043d\u043e\u0441\u0442\u044c \u0432\u0430\u0448\u0435\u0439 \u0432\u0430\u043d\u043d\u043e\u0439 \u043a\u043e\u043c\u043d\u0430\u0442\u0435. \u041f\u0440\u043e\u0437\u0440\u0430\u0447\u043d\u0430\u044f \u0448\u0430\u0445\u0442\u0430 \u043e\u0431\u0435\u0441\u043f\u0435\u0447\u0438\u0432\u0430\u0435\u0442 \u0438\u0434\u0435\u0430\u043b\u044c\u043d\u043e\u0435 \u043c\u0435\u0441\u0442\u043e \u0434\u043b\u044f \u0445\u0440\u0430\u043d\u0435\u043d\u0438\u044f \u043c\u044b\u043b\u0430 \u0438 \u043f\u043e\u043c\u043e\u0433\u0430\u0435\u0442 \u0435\u043c\u0443 \u043e\u0441\u0442\u0430\u0432\u0430\u0442\u044c\u0441\u044f \u0447\u0438\u0441\u0442\u044b\u043c \u0438 \u043e\u0440\u0433\u0430\u043d\u0438\u0437\u043e\u0432\u0430\u043d\u043d\u044b\u043c. \u0410 \u0440\u0430\u043c\u043a\u0430 \u0438\u0437 \u0440\u043e\u0437\u043e\u0432\u043e\u0433\u043e \u0437\u043e\u043b\u043e\u0442\u0430 \u043f\u0440\u0438\u0434\u0430\u0435\u0442 \u043d\u043e\u0442\u043a\u0443 \u043a\u0440\u0430\u0441\u043e\u0442\u044b \u0441\u043e\u0432\u0440\u0435\u043c\u0435\u043d\u043d\u043e\u043c\u0443 \u0438\u043d\u0442\u0435\u0440\u044c\u0435\u0440\u0443.<\/p>","protected":false},"featured_media":19581,"comment_status":"closed","ping_status":"closed","template":"","meta":[],"product_brand":[],"product_cat":[425],"product_tag":[],"collection":[],"brand":[],"category_2":[],"catergory_brand":[],"class_list":{"0":"post-19582","1":"product","2":"type-product","3":"status-publish","4":"has-post-thumbnail","6":"product_cat-soap-dishes","8":"first","9":"instock","10":"shipping-taxable","11":"product-type-simple"},"_links":{"self":[{"href":"https:\/\/simfoniya.az\/ru\/wp-json\/wp\/v2\/product\/19582","targetHints":{"allow":["GET"]}}],"collection":[{"href":"https:\/\/simfoniya.az\/ru\/wp-json\/wp\/v2\/product"}],"about":[{"href":"https:\/\/simfoniya.az\/ru\/wp-json\/wp\/v2\/types\/product"}],"replies":[{"embeddable":true,"href":"https:\/\/simfoniya.az\/ru\/wp-json\/wp\/v2\/comments?post=19582"}],"wp:featuredmedia":[{"embeddable":true,"href":"https:\/\/simfoniya.az\/ru\/wp-json\/wp\/v2\/media\/19581"}],"wp:attachment":[{"href":"https:\/\/simfoniya.az\/ru\/wp-json\/wp\/v2\/media?parent=19582"}],"wp:term":[{"taxonomy":"product_brand","embeddable":true,"href":"https:\/\/simfoniya.az\/ru\/wp-json\/wp\/v2\/product_brand?post=19582"},{"taxonomy":"product_cat","embeddable":true,"href":"https:\/\/simfoniya.az\/ru\/wp-json\/wp\/v2\/product_cat?post=19582"},{"taxonomy":"product_tag","embeddable":true,"href":"https:\/\/simfoniya.az\/ru\/wp-json\/wp\/v2\/product_tag?post=19582"},{"taxonomy":"collection","embeddable":true,"href":"https:\/\/simfoniya.az\/ru\/wp-json\/wp\/v2\/collection?post=19582"},{"taxonomy":"brand","embeddable":true,"href":"https:\/\/simfoniya.az\/ru\/wp-json\/wp\/v2\/brand?post=19582"},{"taxonomy":"category_2","embeddable":true,"href":"https:\/\/simfoniya.az\/ru\/wp-json\/wp\/v2\/category_2?post=19582"},{"taxonomy":"catergory_brand","embeddable":true,"href":"https:\/\/simfoniya.az\/ru\/wp-json\/wp\/v2\/catergory_brand?post=19582"}],"curies":[{"name":"WP","href":"https:\/\/api.w.org\/{rel}","templated":true}]}}