{"id":19620,"date":"2024-06-02T11:32:36","date_gmt":"2024-06-02T11:32:36","guid":{"rendered":"https:\/\/simfoniya.az\/product\/teorema-sifon-mat-qara-03312bb-t01\/"},"modified":"2024-11-04T10:06:44","modified_gmt":"2024-11-04T10:06:44","slug":"teorema-sifon-mat-qara-03312bb-t01","status":"publish","type":"product","link":"https:\/\/simfoniya.az\/ru\/product\/teorema-sifon-mat-qara-03312bb-t01\/","title":{"rendered":"\u0422\u0435\u043e\u0440\u0435\u043c\u0430\/\u0421\u0438\u0444\u043e\u043d\/\u041c\u0430\u0442 \u2013 \u0447\u0435\u0440\u043d\u044b\u0439"},"content":{"rendered":"<div class=\"flex max-w-full flex-col flex-grow\">\n<div class=\"min-h-8 text-message flex w-full flex-col items-end gap-2 whitespace-normal break-words [.text-message+&amp;]:mt-5\" dir=\"auto\" data-message-author-role=\"assistant\" data-message-id=\"88327e65-820c-4de9-a46b-29273c9e1899\">\n<div class=\"flex w-full flex-col gap-1 empty:hidden first:pt-[3px]\">\n<div class=\"markdown prose w-full break-words dark:prose-invert light\">\n<p>Bu qara r\u0259ngli su qur\u011fusunun k\u00f6m\u0259yi il\u0259 m\u0259tb\u0259x v\u0259 ya banyo lavabolar\u0131nda suyun ax\u0131n\u0131 asanl\u0131qla idar\u0259 edil\u0259 bil\u0259r. Qura\u015fd\u0131r\u0131lmas\u0131 sad\u0259 olan bu qur\u011fu, h\u0259m m\u00fcasir, h\u0259m d\u0259 \u0259n\u0259n\u0259vi interyer dizaynlar\u0131 il\u0259 uy\u011funla\u015fa bil\u0259r. Qara mat \u00f6rt\u00fcy\u00fc il\u0259 z\u0259rif bir g\u00f6r\u00fcn\u00fc\u015f\u0259 sahib olan bu qur\u011fu, davaml\u0131l\u0131\u011f\u0131 v\u0259 estetik cazib\u0259sini uzun m\u00fcdd\u0259t saxlay\u0131r.<\/p>\n<\/div>\n<\/div>\n<\/div>\n<\/div>\n<div class=\"mb-2 flex gap-3 empty:hidden -ml-2\">\n<div class=\"items-center justify-start rounded-xl p-1 flex\">\n<div class=\"flex items-center\">\n<p>&nbsp;<\/p>\n<div class=\"flex\"><\/div>\n<div class=\"flex items-center pb-0\"><\/div>\n<\/div>\n<\/div>\n<\/div>\n<p>&nbsp;<\/p>\n<p>&nbsp;<\/p>\n","protected":false},"excerpt":{"rendered":"<p>\u041f\u043e\u0442\u043e\u043a \u0432\u043e\u0434\u044b \u0432 \u0440\u0430\u043a\u043e\u0432\u0438\u043d\u0435 \u043d\u0430 \u043a\u0443\u0445\u043d\u0435 \u0438\u043b\u0438 \u0432 \u0432\u0430\u043d\u043d\u043e\u0439 \u043c\u043e\u0436\u043d\u043e \u043b\u0435\u0433\u043a\u043e \u043a\u043e\u043d\u0442\u0440\u043e\u043b\u0438\u0440\u043e\u0432\u0430\u0442\u044c \u0441 \u043f\u043e\u043c\u043e\u0449\u044c\u044e \u044d\u0442\u043e\u0433\u043e \u0441\u043c\u0435\u0441\u0438\u0442\u0435\u043b\u044f \u0447\u0435\u0440\u043d\u043e\u0433\u043e \u0446\u0432\u0435\u0442\u0430. \u041f\u0440\u043e\u0441\u0442\u043e\u0439 \u0432 \u0443\u0441\u0442\u0430\u043d\u043e\u0432\u043a\u0435, \u044d\u0442\u043e\u0442 \u0431\u043b\u043e\u043a \u043c\u043e\u0436\u0435\u0442 \u0432\u043f\u0438\u0441\u0430\u0442\u044c\u0441\u044f \u043a\u0430\u043a \u0432 \u0441\u043e\u0432\u0440\u0435\u043c\u0435\u043d\u043d\u044b\u0439, \u0442\u0430\u043a \u0438 \u0432 \u0442\u0440\u0430\u0434\u0438\u0446\u0438\u043e\u043d\u043d\u044b\u0439 \u0434\u0438\u0437\u0430\u0439\u043d \u0438\u043d\u0442\u0435\u0440\u044c\u0435\u0440\u0430. \u0411\u043b\u0430\u0433\u043e\u0434\u0430\u0440\u044f \u0433\u043b\u0430\u0434\u043a\u043e\u043c\u0443 \u0447\u0435\u0440\u043d\u043e\u043c\u0443 \u043c\u0430\u0442\u043e\u0432\u043e\u043c\u0443 \u043f\u043e\u043a\u0440\u044b\u0442\u0438\u044e \u044d\u0442\u043e \u0443\u0441\u0442\u0440\u043e\u0439\u0441\u0442\u0432\u043e \u0441\u043e\u0445\u0440\u0430\u043d\u044f\u0435\u0442 \u0434\u043e\u043b\u0433\u043e\u0432\u0435\u0447\u043d\u043e\u0441\u0442\u044c \u0438 \u044d\u0441\u0442\u0435\u0442\u0438\u0447\u0435\u0441\u043a\u0443\u044e \u043f\u0440\u0438\u0432\u043b\u0435\u043a\u0430\u0442\u0435\u043b\u044c\u043d\u043e\u0441\u0442\u044c \u0432 \u0442\u0435\u0447\u0435\u043d\u0438\u0435 \u0434\u043b\u0438\u0442\u0435\u043b\u044c\u043d\u043e\u0433\u043e \u0432\u0440\u0435\u043c\u0435\u043d\u0438. &nbsp; &nbsp; &nbsp;<\/p>","protected":false},"featured_media":19619,"comment_status":"closed","ping_status":"closed","template":"","meta":[],"product_brand":[],"product_cat":[1397],"product_tag":[],"collection":[],"brand":[],"category_2":[],"catergory_brand":[],"class_list":{"0":"post-19620","1":"product","2":"type-product","3":"status-publish","4":"has-post-thumbnail","6":"product_cat-basin-water-bath-mixer","8":"first","9":"instock","10":"shipping-taxable","11":"product-type-simple"},"_links":{"self":[{"href":"https:\/\/simfoniya.az\/ru\/wp-json\/wp\/v2\/product\/19620","targetHints":{"allow":["GET"]}}],"collection":[{"href":"https:\/\/simfoniya.az\/ru\/wp-json\/wp\/v2\/product"}],"about":[{"href":"https:\/\/simfoniya.az\/ru\/wp-json\/wp\/v2\/types\/product"}],"replies":[{"embeddable":true,"href":"https:\/\/simfoniya.az\/ru\/wp-json\/wp\/v2\/comments?post=19620"}],"wp:featuredmedia":[{"embeddable":true,"href":"https:\/\/simfoniya.az\/ru\/wp-json\/wp\/v2\/media\/19619"}],"wp:attachment":[{"href":"https:\/\/simfoniya.az\/ru\/wp-json\/wp\/v2\/media?parent=19620"}],"wp:term":[{"taxonomy":"product_brand","embeddable":true,"href":"https:\/\/simfoniya.az\/ru\/wp-json\/wp\/v2\/product_brand?post=19620"},{"taxonomy":"product_cat","embeddable":true,"href":"https:\/\/simfoniya.az\/ru\/wp-json\/wp\/v2\/product_cat?post=19620"},{"taxonomy":"product_tag","embeddable":true,"href":"https:\/\/simfoniya.az\/ru\/wp-json\/wp\/v2\/product_tag?post=19620"},{"taxonomy":"collection","embeddable":true,"href":"https:\/\/simfoniya.az\/ru\/wp-json\/wp\/v2\/collection?post=19620"},{"taxonomy":"brand","embeddable":true,"href":"https:\/\/simfoniya.az\/ru\/wp-json\/wp\/v2\/brand?post=19620"},{"taxonomy":"category_2","embeddable":true,"href":"https:\/\/simfoniya.az\/ru\/wp-json\/wp\/v2\/category_2?post=19620"},{"taxonomy":"catergory_brand","embeddable":true,"href":"https:\/\/simfoniya.az\/ru\/wp-json\/wp\/v2\/catergory_brand?post=19620"}],"curies":[{"name":"WP","href":"https:\/\/api.w.org\/{rel}","templated":true}]}}