{"id":19626,"date":"2024-06-02T11:32:46","date_gmt":"2024-06-02T11:32:46","guid":{"rendered":"https:\/\/simfoniya.az\/product\/teorema-sigma-dus-kalon-desti-tepedusel-dususu-qarisdiricisi-xrom-15245110343\/"},"modified":"2024-10-01T08:43:33","modified_gmt":"2024-10-01T08:43:33","slug":"teorema-sigma-dus-kalon-desti-tepedusel-dususu-qarisdiricisi-xrom-15245110343","status":"publish","type":"product","link":"https:\/\/simfoniya.az\/ru\/product\/teorema-sigma-dus-kalon-desti-tepedusel-dususu-qarisdiricisi-xrom-15245110343\/","title":{"rendered":"\u0422\u0435\u043e\u0440\u0435\u043c\u0430 \u0421\u0438\u0433\u043c\u0430 \/ \u0414\u0443\u0448\u0435\u0432\u043e\u0439 \u043d\u0430\u0431\u043e\u0440"},"content":{"rendered":"<div class=\"flex max-w-full flex-col flex-grow\">\n<div class=\"min-h-8 text-message flex w-full flex-col items-end gap-2 whitespace-normal break-words [.text-message+&amp;]:mt-5\" dir=\"auto\" data-message-author-role=\"assistant\" data-message-id=\"0a303434-9e40-42a5-84ec-482d8e5f5cd2\">\n<div class=\"flex w-full flex-col gap-1 empty:hidden first:pt-[3px]\">\n<div class=\"markdown prose w-full break-words dark:prose-invert light\">\n<p>Bu du\u015f sistemi, ya\u011f\u0131\u015f d\u00fc\u015f\u0259n effektli geni\u015f ba\u015fl\u0131\u011f\u0131 v\u0259 \u0259l du\u015funu birl\u0259\u015fdirir ki, istifad\u0259\u00e7il\u0259r\u0259 rahat v\u0259 geni\u015f du\u015f imkan\u0131 t\u0259min edir. T\u0259nziml\u0259n\u0259 bil\u0259n y\u00fcks\u0259klik funksiyas\u0131 il\u0259, istifad\u0259\u00e7il\u0259r \u00f6zl\u0259ri \u00fc\u00e7\u00fcn \u0259n rahat du\u015f h\u00fcnd\u00fcrl\u00fcy\u00fcn\u00fc se\u00e7\u0259 bil\u0259rl\u0259r. Ayr\u0131ca, divar \u00fcst\u00fcn\u0259 monte edilm\u0259 x\u00fcsusiyy\u0259ti say\u0259sind\u0259, bu sistem h\u0259m qura\u015fd\u0131r\u0131lmas\u0131 asan, h\u0259m d\u0259 vanna ota\u011f\u0131na m\u00fcasir bir g\u00f6r\u00fcn\u00fc\u015f verir.<\/p>\n<\/div>\n<\/div>\n<\/div>\n<\/div>\n<div class=\"mb-2 flex gap-3 empty:hidden -ml-2\">\n<div class=\"items-center justify-start rounded-xl p-1 flex\">\n<div class=\"flex items-center\"><button class=\"rounded-lg text-token-text-secondary hover:bg-token-main-surface-secondary\" aria-label=\"Read aloud\" data-testid=\"voice-play-turn-action-button\"><\/button><button class=\"rounded-lg text-token-text-secondary hover:bg-token-main-surface-secondary\" aria-label=\"\u041a\u043e\u043f\u0438\u0440\u043e\u0432\u0430\u0442\u044c\" data-testid=\"copy-turn-action-button\"><\/button><\/p>\n<div class=\"flex\"><\/div>\n<div class=\"flex items-center pb-0\"><\/div>\n<\/div>\n<\/div>\n<\/div>\n","protected":false},"excerpt":{"rendered":"<p>\u042d\u0442\u0430 \u0434\u0443\u0448\u0435\u0432\u0430\u044f \u0441\u0438\u0441\u0442\u0435\u043c\u0430 \u0441\u043e\u0447\u0435\u0442\u0430\u0435\u0442 \u0432 \u0441\u0435\u0431\u0435 \u0448\u0438\u0440\u043e\u043a\u0443\u044e \u0433\u043e\u043b\u043e\u0432\u043a\u0443 \u0441 \u044d\u0444\u0444\u0435\u043a\u0442\u043e\u043c \u0434\u043e\u0436\u0434\u044f \u0438 \u0440\u0443\u0447\u043d\u043e\u0439 \u0434\u0443\u0448, \u043e\u0431\u0435\u0441\u043f\u0435\u0447\u0438\u0432\u0430\u044f \u043f\u043e\u043b\u044c\u0437\u043e\u0432\u0430\u0442\u0435\u043b\u044f\u043c \u0443\u0434\u043e\u0431\u043d\u044b\u0439 \u0438 \u043f\u0440\u043e\u0441\u0442\u043e\u0440\u043d\u044b\u0439 \u0434\u0443\u0448. \u0411\u043b\u0430\u0433\u043e\u0434\u0430\u0440\u044f \u0444\u0443\u043d\u043a\u0446\u0438\u0438 \u0440\u0435\u0433\u0443\u043b\u0438\u0440\u043e\u0432\u043a\u0438 \u0432\u044b\u0441\u043e\u0442\u044b \u043f\u043e\u043b\u044c\u0437\u043e\u0432\u0430\u0442\u0435\u043b\u0438 \u043c\u043e\u0433\u0443\u0442 \u0432\u044b\u0431\u0440\u0430\u0442\u044c \u0434\u043b\u044f \u0441\u0435\u0431\u044f \u043d\u0430\u0438\u0431\u043e\u043b\u0435\u0435 \u0443\u0434\u043e\u0431\u043d\u0443\u044e \u0432\u044b\u0441\u043e\u0442\u0443 \u0434\u0443\u0448\u0430. \u041a\u0440\u043e\u043c\u0435 \u0442\u043e\u0433\u043e, \u0431\u043b\u0430\u0433\u043e\u0434\u0430\u0440\u044f \u0432\u043e\u0437\u043c\u043e\u0436\u043d\u043e\u0441\u0442\u0438 \u043d\u0430\u0441\u0442\u0435\u043d\u043d\u043e\u0433\u043e \u043a\u0440\u0435\u043f\u043b\u0435\u043d\u0438\u044f \u044d\u0442\u0430 \u0441\u0438\u0441\u0442\u0435\u043c\u0430 \u043d\u0435 \u0442\u043e\u043b\u044c\u043a\u043e \u043f\u0440\u043e\u0441\u0442\u0430 \u0432 \u0443\u0441\u0442\u0430\u043d\u043e\u0432\u043a\u0435, \u043d\u043e \u0438 \u043f\u0440\u0438\u0434\u0430\u0435\u0442 \u0432\u0430\u043d\u043d\u043e\u0439 \u043a\u043e\u043c\u043d\u0430\u0442\u0435 \u0441\u043e\u0432\u0440\u0435\u043c\u0435\u043d\u043d\u044b\u0439 \u0432\u0438\u0434.<\/p>","protected":false},"featured_media":19625,"comment_status":"closed","ping_status":"closed","template":"","meta":[],"product_brand":[],"product_cat":[1402,1392],"product_tag":[],"collection":[],"brand":[],"category_2":[],"catergory_brand":[],"class_list":{"0":"post-19626","1":"product","2":"type-product","3":"status-publish","4":"has-post-thumbnail","6":"product_cat-shower-hands","7":"product_cat-shower-and-components","9":"first","10":"instock","11":"shipping-taxable","12":"product-type-simple"},"_links":{"self":[{"href":"https:\/\/simfoniya.az\/ru\/wp-json\/wp\/v2\/product\/19626","targetHints":{"allow":["GET"]}}],"collection":[{"href":"https:\/\/simfoniya.az\/ru\/wp-json\/wp\/v2\/product"}],"about":[{"href":"https:\/\/simfoniya.az\/ru\/wp-json\/wp\/v2\/types\/product"}],"replies":[{"embeddable":true,"href":"https:\/\/simfoniya.az\/ru\/wp-json\/wp\/v2\/comments?post=19626"}],"wp:featuredmedia":[{"embeddable":true,"href":"https:\/\/simfoniya.az\/ru\/wp-json\/wp\/v2\/media\/19625"}],"wp:attachment":[{"href":"https:\/\/simfoniya.az\/ru\/wp-json\/wp\/v2\/media?parent=19626"}],"wp:term":[{"taxonomy":"product_brand","embeddable":true,"href":"https:\/\/simfoniya.az\/ru\/wp-json\/wp\/v2\/product_brand?post=19626"},{"taxonomy":"product_cat","embeddable":true,"href":"https:\/\/simfoniya.az\/ru\/wp-json\/wp\/v2\/product_cat?post=19626"},{"taxonomy":"product_tag","embeddable":true,"href":"https:\/\/simfoniya.az\/ru\/wp-json\/wp\/v2\/product_tag?post=19626"},{"taxonomy":"collection","embeddable":true,"href":"https:\/\/simfoniya.az\/ru\/wp-json\/wp\/v2\/collection?post=19626"},{"taxonomy":"brand","embeddable":true,"href":"https:\/\/simfoniya.az\/ru\/wp-json\/wp\/v2\/brand?post=19626"},{"taxonomy":"category_2","embeddable":true,"href":"https:\/\/simfoniya.az\/ru\/wp-json\/wp\/v2\/category_2?post=19626"},{"taxonomy":"catergory_brand","embeddable":true,"href":"https:\/\/simfoniya.az\/ru\/wp-json\/wp\/v2\/catergory_brand?post=19626"}],"curies":[{"name":"WP","href":"https:\/\/api.w.org\/{rel}","templated":true}]}}