{"id":19632,"date":"2024-06-02T11:32:51","date_gmt":"2024-06-02T11:32:51","guid":{"rendered":"https:\/\/simfoniya.az\/product\/teorema-slyce-2-funksiyali-divar-ici-mexanizm-xrom-8q007110001\/"},"modified":"2024-10-01T08:38:55","modified_gmt":"2024-10-01T08:38:55","slug":"teorema-slyce-2-funksiyali-divar-ici-mexanizm-xrom-8q007110001","status":"publish","type":"product","link":"https:\/\/simfoniya.az\/ru\/product\/teorema-slyce-2-funksiyali-divar-ici-mexanizm-xrom-8q007110001\/","title":{"rendered":"Teorema Slyce \/ \u0412\u043d\u0443\u0442\u0440\u0435\u043d\u043d\u0438\u0439 \u043c\u0435\u0445\u0430\u043d\u0438\u0437\u043c \u0441\u0442\u0435\u043d\u044b \/ 2 \u0444\u0443\u043d\u043a\u0446\u0438\u0438"},"content":{"rendered":"<div class=\"flex-shrink-0 flex flex-col relative items-end\">\n<div class=\"pt-0\">\n<div class=\"gizmo-bot-avatar flex h-8 w-8 items-center justify-center overflow-hidden rounded-full\">\n<div class=\"relative p-1 rounded-sm flex items-center justify-center bg-token-main-surface-primary text-token-text-primary h-8 w-8\">\n<div class=\"flex max-w-full flex-col flex-grow\">\n<div class=\"min-h-8 text-message flex w-full flex-col items-end gap-2 whitespace-normal break-words [.text-message+&amp;]:mt-5\" dir=\"auto\" data-message-author-role=\"assistant\" data-message-id=\"50a52825-54af-4cba-9628-7ebe1c8aa8b3\">\n<div class=\"flex w-full flex-col gap-1 empty:hidden first:pt-[3px]\">\n<div class=\"markdown prose w-full break-words dark:prose-invert light\">\n<p>Bu kran, m\u00fcasir v\u0259 z\u0259rif dizayna malikdir, banyonuza m\u00fcasirlik qatmaq \u00fc\u00e7\u00fcn \u0259la se\u00e7imdir. Onun parlaq xrom \u00f6rt\u00fcy\u00fc, su l\u0259k\u0259l\u0259rin\u0259 v\u0259 q\u0131r\u0131lmaya qar\u015f\u0131 dayan\u0131ql\u0131l\u0131q t\u0259min edir. Kran\u0131n istifad\u0259si rahatd\u0131r, suyun temperaturunu v\u0259 ax\u0131n\u0131 d\u0259qiq t\u0259nziml\u0259y\u0259 bil\u0259rsiniz, bu da su istehlak\u0131n\u0131 optimalla\u015fd\u0131r\u0131r.<\/p>\n<\/div>\n<\/div>\n<\/div>\n<\/div>\n<div class=\"mb-2 flex gap-3 empty:hidden -ml-2\">\n<div class=\"items-center justify-start rounded-xl p-1 flex\">\n<div class=\"flex items-center\"><button class=\"rounded-lg text-token-text-secondary hover:bg-token-main-surface-secondary\" aria-label=\"Read aloud\" data-testid=\"voice-play-turn-action-button\"><\/button><button class=\"rounded-lg text-token-text-secondary hover:bg-token-main-surface-secondary\" aria-label=\"\u041a\u043e\u043f\u0438\u0440\u043e\u0432\u0430\u0442\u044c\" data-testid=\"copy-turn-action-button\"><\/button><\/p>\n<div class=\"flex\"><\/div>\n<div class=\"flex items-center pb-0\"><\/div>\n<\/div>\n<\/div>\n<\/div>\n<\/div>\n<\/div>\n<\/div>\n<\/div>\n","protected":false},"excerpt":{"rendered":"<p>\u042d\u0442\u043e\u0442 \u0441\u043c\u0435\u0441\u0438\u0442\u0435\u043b\u044c \u0438\u043c\u0435\u0435\u0442 \u0441\u043e\u0432\u0440\u0435\u043c\u0435\u043d\u043d\u044b\u0439 \u0438 \u044d\u043b\u0435\u0433\u0430\u043d\u0442\u043d\u044b\u0439 \u0434\u0438\u0437\u0430\u0439\u043d \u0438 \u0441\u0442\u0430\u043d\u0435\u0442 \u043e\u0442\u043b\u0438\u0447\u043d\u044b\u043c \u0432\u044b\u0431\u043e\u0440\u043e\u043c, \u0447\u0442\u043e\u0431\u044b \u0434\u043e\u0431\u0430\u0432\u0438\u0442\u044c \u0441\u043e\u0432\u0440\u0435\u043c\u0435\u043d\u043d\u043e\u0441\u0442\u0438 \u0432 \u0432\u0430\u0448\u0443 \u0432\u0430\u043d\u043d\u0443\u044e \u043a\u043e\u043c\u043d\u0430\u0442\u0443. \u0415\u0433\u043e \u0431\u043b\u0435\u0441\u0442\u044f\u0449\u0430\u044f \u0445\u0440\u043e\u043c\u0438\u0440\u043e\u0432\u0430\u043d\u043d\u0430\u044f \u043e\u0442\u0434\u0435\u043b\u043a\u0430 \u043e\u0431\u0435\u0441\u043f\u0435\u0447\u0438\u0432\u0430\u0435\u0442 \u0443\u0441\u0442\u043e\u0439\u0447\u0438\u0432\u043e\u0441\u0442\u044c \u043a \u043f\u044f\u0442\u043d\u0430\u043c \u043e\u0442 \u0432\u043e\u0434\u044b \u0438 \u043f\u043e\u043b\u043e\u043c\u043a\u0430\u043c. \u0421\u043c\u0435\u0441\u0438\u0442\u0435\u043b\u044c \u043f\u0440\u043e\u0441\u0442 \u0432 \u0438\u0441\u043f\u043e\u043b\u044c\u0437\u043e\u0432\u0430\u043d\u0438\u0438, \u043c\u043e\u0436\u043d\u043e \u0442\u043e\u0447\u043d\u043e \u0440\u0435\u0433\u0443\u043b\u0438\u0440\u043e\u0432\u0430\u0442\u044c \u0442\u0435\u043c\u043f\u0435\u0440\u0430\u0442\u0443\u0440\u0443 \u0438 \u0440\u0430\u0441\u0445\u043e\u0434 \u0432\u043e\u0434\u044b, \u0447\u0442\u043e \u043e\u043f\u0442\u0438\u043c\u0438\u0437\u0438\u0440\u0443\u0435\u0442 \u0440\u0430\u0441\u0445\u043e\u0434 \u0432\u043e\u0434\u044b.<\/p>","protected":false},"featured_media":22607,"comment_status":"closed","ping_status":"closed","template":"","meta":[],"product_brand":[],"product_cat":[1394],"product_tag":[],"collection":[],"brand":[],"category_2":[],"catergory_brand":[],"class_list":{"0":"post-19632","1":"product","2":"type-product","3":"status-publish","4":"has-post-thumbnail","6":"product_cat-shower-mixer","8":"first","9":"instock","10":"shipping-taxable","11":"product-type-simple"},"_links":{"self":[{"href":"https:\/\/simfoniya.az\/ru\/wp-json\/wp\/v2\/product\/19632","targetHints":{"allow":["GET"]}}],"collection":[{"href":"https:\/\/simfoniya.az\/ru\/wp-json\/wp\/v2\/product"}],"about":[{"href":"https:\/\/simfoniya.az\/ru\/wp-json\/wp\/v2\/types\/product"}],"replies":[{"embeddable":true,"href":"https:\/\/simfoniya.az\/ru\/wp-json\/wp\/v2\/comments?post=19632"}],"wp:featuredmedia":[{"embeddable":true,"href":"https:\/\/simfoniya.az\/ru\/wp-json\/wp\/v2\/media\/22607"}],"wp:attachment":[{"href":"https:\/\/simfoniya.az\/ru\/wp-json\/wp\/v2\/media?parent=19632"}],"wp:term":[{"taxonomy":"product_brand","embeddable":true,"href":"https:\/\/simfoniya.az\/ru\/wp-json\/wp\/v2\/product_brand?post=19632"},{"taxonomy":"product_cat","embeddable":true,"href":"https:\/\/simfoniya.az\/ru\/wp-json\/wp\/v2\/product_cat?post=19632"},{"taxonomy":"product_tag","embeddable":true,"href":"https:\/\/simfoniya.az\/ru\/wp-json\/wp\/v2\/product_tag?post=19632"},{"taxonomy":"collection","embeddable":true,"href":"https:\/\/simfoniya.az\/ru\/wp-json\/wp\/v2\/collection?post=19632"},{"taxonomy":"brand","embeddable":true,"href":"https:\/\/simfoniya.az\/ru\/wp-json\/wp\/v2\/brand?post=19632"},{"taxonomy":"category_2","embeddable":true,"href":"https:\/\/simfoniya.az\/ru\/wp-json\/wp\/v2\/category_2?post=19632"},{"taxonomy":"catergory_brand","embeddable":true,"href":"https:\/\/simfoniya.az\/ru\/wp-json\/wp\/v2\/catergory_brand?post=19632"}],"curies":[{"name":"WP","href":"https:\/\/api.w.org\/{rel}","templated":true}]}}