{"id":19651,"date":"2024-06-02T11:33:06","date_gmt":"2024-06-02T11:33:06","guid":{"rendered":"https:\/\/simfoniya.az\/product\/teorema-tepe-dus-asilqani-mat-qara-03247bb-t01\/"},"modified":"2024-10-01T08:22:20","modified_gmt":"2024-10-01T08:22:20","slug":"teorema-tepe-dus-asilqani-mat-qara-03247bb-t01","status":"publish","type":"product","link":"https:\/\/simfoniya.az\/ru\/product\/teorema-tepe-dus-asilqani-mat-qara-03247bb-t01\/","title":{"rendered":"Teorema \/ \u0414\u0443\u0448\u0435\u0432\u0430\u044f \u043b\u0435\u0439\u043a\u0430 \/ \u041c\u0430\u0442\u043e\u0432\u044b\u0439 \/ \u0427\u0435\u0440\u043d\u044b\u0439"},"content":{"rendered":"<div class=\"flex max-w-full flex-col flex-grow\">\n<div class=\"min-h-8 text-message flex w-full flex-col items-end gap-2 whitespace-normal break-words [.text-message+&amp;]:mt-5\" dir=\"auto\" data-message-author-role=\"assistant\" data-message-id=\"941e8b37-e8f8-4060-bdf4-6f488252afa7\">\n<div class=\"flex w-full flex-col gap-1 empty:hidden first:pt-[3px]\">\n<div class=\"markdown prose w-full break-words dark:prose-invert light\">\n<p>Bu du\u015f dir\u0259yi, m\u00fcasir dizayn\u0131 il\u0259 diqq\u0259t \u00e7\u0259kir. Mat qara r\u0259ngi il\u0259 z\u0259rif v\u0259 \u015f\u0131k bir g\u00f6r\u00fcn\u00fc\u015f t\u0259qdim edir. Vannan\u0131n divar\u0131na rahat montaj edil\u0259 bil\u0259r v\u0259 m\u00fcxt\u0259lif du\u015f ba\u015fl\u0131qlar\u0131 il\u0259 uy\u011funla\u015fd\u0131r\u0131labilir. Dayan\u0131ql\u0131 materialdan haz\u0131rlanm\u0131\u015f bu dir\u0259k, uzunm\u00fcdd\u0259tli istifad\u0259 \u00fc\u00e7\u00fcn ideald\u0131r.<\/p>\n<\/div>\n<\/div>\n<\/div>\n<\/div>\n<div class=\"mb-2 flex gap-3 empty:hidden -ml-2\">\n<div class=\"items-center justify-start rounded-xl p-1 flex\">\n<div class=\"flex items-center justify-center rounded-lg text-token-text-secondary\"><button class=\"flex h-[30px] w-[30px] items-center justify-center rounded-md hover:bg-token-main-surface-secondary disabled:opacity-50 disabled:hover:bg-transparent\" aria-label=\"\u041f\u0440\u0435\u0434\u044b\u0434\u0443\u0449\u0438\u0439 \u043e\u0442\u0432\u0435\u0442\"><\/button><\/p>\n<div class=\"px-0.5 text-sm font-semibold tabular-nums\"><\/div>\n<\/div>\n<\/div>\n<\/div>\n","protected":false},"excerpt":{"rendered":"<p>\u042d\u0442\u0430 \u0441\u0442\u043e\u0439\u043a\u0430 \u0434\u043b\u044f \u0434\u0443\u0448\u0430 \u043e\u0442\u043b\u0438\u0447\u0430\u0435\u0442\u0441\u044f \u0441\u043e\u0432\u0440\u0435\u043c\u0435\u043d\u043d\u044b\u043c \u0434\u0438\u0437\u0430\u0439\u043d\u043e\u043c. \u041e\u043d \u043f\u0440\u0435\u0434\u043b\u0430\u0433\u0430\u0435\u0442 \u044d\u043b\u0435\u0433\u0430\u043d\u0442\u043d\u044b\u0439 \u0438 \u0441\u0442\u0438\u043b\u044c\u043d\u044b\u0439 \u0432\u0438\u0434 \u0431\u043b\u0430\u0433\u043e\u0434\u0430\u0440\u044f \u043c\u0430\u0442\u043e\u0432\u043e\u043c\u0443 \u0447\u0435\u0440\u043d\u043e\u043c\u0443 \u0446\u0432\u0435\u0442\u0443. \u0415\u0433\u043e \u043c\u043e\u0436\u043d\u043e \u0443\u0434\u043e\u0431\u043d\u043e \u0437\u0430\u043a\u0440\u0435\u043f\u0438\u0442\u044c \u043d\u0430 \u0441\u0442\u0435\u043d\u0435 \u0432\u0430\u043d\u043d\u044b \u0438 \u0441\u043e\u0447\u0435\u0442\u0430\u0442\u044c \u0441 \u0440\u0430\u0437\u043b\u0438\u0447\u043d\u044b\u043c\u0438 \u043d\u0430\u0441\u0430\u0434\u043a\u0430\u043c\u0438 \u0434\u043b\u044f \u0434\u0443\u0448\u0430. \u0418\u0437\u0433\u043e\u0442\u043e\u0432\u043b\u0435\u043d\u043d\u044b\u0439 \u0438\u0437 \u043f\u0440\u043e\u0447\u043d\u043e\u0433\u043e \u043c\u0430\u0442\u0435\u0440\u0438\u0430\u043b\u0430, \u044d\u0442\u043e\u0442 \u0448\u0435\u0441\u0442 \u0438\u0434\u0435\u0430\u043b\u044c\u043d\u043e \u043f\u043e\u0434\u0445\u043e\u0434\u0438\u0442 \u0434\u043b\u044f \u0434\u043b\u0438\u0442\u0435\u043b\u044c\u043d\u043e\u0433\u043e \u0438\u0441\u043f\u043e\u043b\u044c\u0437\u043e\u0432\u0430\u043d\u0438\u044f.<\/p>","protected":false},"featured_media":19650,"comment_status":"closed","ping_status":"closed","template":"","meta":[],"product_brand":[],"product_cat":[1327],"product_tag":[],"collection":[],"brand":[],"category_2":[],"catergory_brand":[],"class_list":{"0":"post-19651","1":"product","2":"type-product","3":"status-publish","4":"has-post-thumbnail","6":"product_cat-hooks-and-hangers","8":"first","9":"instock","10":"shipping-taxable","11":"product-type-simple"},"_links":{"self":[{"href":"https:\/\/simfoniya.az\/ru\/wp-json\/wp\/v2\/product\/19651","targetHints":{"allow":["GET"]}}],"collection":[{"href":"https:\/\/simfoniya.az\/ru\/wp-json\/wp\/v2\/product"}],"about":[{"href":"https:\/\/simfoniya.az\/ru\/wp-json\/wp\/v2\/types\/product"}],"replies":[{"embeddable":true,"href":"https:\/\/simfoniya.az\/ru\/wp-json\/wp\/v2\/comments?post=19651"}],"wp:featuredmedia":[{"embeddable":true,"href":"https:\/\/simfoniya.az\/ru\/wp-json\/wp\/v2\/media\/19650"}],"wp:attachment":[{"href":"https:\/\/simfoniya.az\/ru\/wp-json\/wp\/v2\/media?parent=19651"}],"wp:term":[{"taxonomy":"product_brand","embeddable":true,"href":"https:\/\/simfoniya.az\/ru\/wp-json\/wp\/v2\/product_brand?post=19651"},{"taxonomy":"product_cat","embeddable":true,"href":"https:\/\/simfoniya.az\/ru\/wp-json\/wp\/v2\/product_cat?post=19651"},{"taxonomy":"product_tag","embeddable":true,"href":"https:\/\/simfoniya.az\/ru\/wp-json\/wp\/v2\/product_tag?post=19651"},{"taxonomy":"collection","embeddable":true,"href":"https:\/\/simfoniya.az\/ru\/wp-json\/wp\/v2\/collection?post=19651"},{"taxonomy":"brand","embeddable":true,"href":"https:\/\/simfoniya.az\/ru\/wp-json\/wp\/v2\/brand?post=19651"},{"taxonomy":"category_2","embeddable":true,"href":"https:\/\/simfoniya.az\/ru\/wp-json\/wp\/v2\/category_2?post=19651"},{"taxonomy":"catergory_brand","embeddable":true,"href":"https:\/\/simfoniya.az\/ru\/wp-json\/wp\/v2\/catergory_brand?post=19651"}],"curies":[{"name":"WP","href":"https:\/\/api.w.org\/{rel}","templated":true}]}}