{"id":19674,"date":"2024-06-02T11:33:43","date_gmt":"2024-06-02T11:33:43","guid":{"rendered":"https:\/\/simfoniya.az\/product\/tiffany-world-hamam-mebeli-mebeldezgah-163-cmcanaq-qaraguzgu-komplekt\/"},"modified":"2024-10-01T07:15:37","modified_gmt":"2024-10-01T07:15:37","slug":"tiffany-world-hamam-mebeli-mebeldezgah-163-cmcanaq-qaraguzgu-komplekt","status":"publish","type":"product","link":"https:\/\/simfoniya.az\/ru\/product\/tiffany-world-hamam-mebeli-mebeldezgah-163-cmcanaq-qaraguzgu-komplekt\/","title":{"rendered":"Tiffany World \/ \u041d\u0430\u0431\u043e\u0440 \u043c\u0435\u0431\u0435\u043b\u0438 \u0434\u043b\u044f \u0432\u0430\u043d\u043d\u043e\u0439 \u043a\u043e\u043c\u043d\u0430\u0442\u044b"},"content":{"rendered":"<div class=\"flex max-w-full flex-col flex-grow\">\n<div class=\"min-h-8 text-message flex w-full flex-col items-end gap-2 whitespace-normal break-words [.text-message+&amp;]:mt-5\" dir=\"auto\" data-message-author-role=\"assistant\" data-message-id=\"d79539ab-c9f6-4a11-a48a-335594fc05cf\">\n<div class=\"flex w-full flex-col gap-1 empty:hidden first:pt-[3px]\">\n<div class=\"markdown prose w-full break-words dark:prose-invert light\">\n<div class=\"flex-1 overflow-hidden\">\n<div class=\"h-full\">\n<div class=\"react-scroll-to-bottom--css-ewsyn-79elbk h-full\">\n<div class=\"react-scroll-to-bottom--css-ewsyn-1n7m0yu\">\n<div class=\"flex flex-col text-sm md:pb-9\">\n<article class=\"w-full text-token-text-primary focus-visible:outline-2 focus-visible:outline-offset-[-4px]\" dir=\"auto\" data-testid=\"conversation-turn-297\" data-scroll-anchor=\"true\">\n<div class=\"text-base py-[18px] px-3 md:px-4 m-auto w-full md:px-5 lg:px-4 xl:px-5\">\n<div class=\"mx-auto flex flex-1 gap-4 text-base md:gap-5 lg:gap-6 md:max-w-3xl lg:max-w-[40rem] xl:max-w-[48rem]\">\n<div class=\"group\/conversation-turn relative flex w-full min-w-0 flex-col agent-turn\">\n<div class=\"flex-col gap-1 md:gap-3\">\n<div class=\"flex max-w-full flex-col flex-grow\">\n<div class=\"min-h-8 text-message flex w-full flex-col items-end gap-2 whitespace-normal break-words [.text-message+&amp;]:mt-5\" dir=\"auto\" data-message-author-role=\"assistant\" data-message-id=\"335111e5-66c3-463f-8ae9-47b9b7ea86fe\">\n<div class=\"flex w-full flex-col gap-1 empty:hidden first:pt-[3px]\">\n<div class=\"result-streaming markdown prose w-full break-words dark:prose-invert light\">\n<p>\u015e\u0259kild\u0259 vanna ota\u011f\u0131 v\u0259 ya yataq ota\u011f\u0131 \u00fc\u00e7\u00fcn n\u0259z\u0259rd\u0259 tutulan konsol tualet masas\u0131 v\u0259 g\u00fczg\u00fc t\u0259svir olunur. Makiyaj v\u0259 ya sa\u00e7 d\u00fcz\u0259ltm\u0259 kimi s\u0259h\u0259r v\u0259 ax\u015fam bax\u0131m prosedurlar\u0131 \u00fc\u00e7\u00fcn funksionald\u0131r. Kosmetika, zin\u0259t \u0259\u015fyalar\u0131 v\u0259 dig\u0259r \u015f\u0259xsi \u0259\u015fyalar\u0131 saxlamaq \u00fc\u00e7\u00fcn \u00e7ekmeceleri v\u0259 ya r\u0259fl\u0259ri var, bu da onu m\u0259kan\u0131 t\u0259\u015fkil etm\u0259k \u00fc\u00e7\u00fcn praktik bir se\u00e7im edir.<\/p>\n<\/div>\n<\/div>\n<\/div>\n<\/div>\n<\/div>\n<\/div>\n<\/div>\n<\/div>\n<\/article>\n<\/div>\n<\/div>\n<\/div>\n<\/div>\n<\/div>\n<\/div>\n<\/div>\n<\/div>\n<\/div>\n","protected":false},"excerpt":{"rendered":"<p>\u041d\u0430 \u0444\u043e\u0442\u043e \u043a\u043e\u043d\u0441\u043e\u043b\u044c\u043d\u044b\u0439 \u0442\u0443\u0430\u043b\u0435\u0442\u043d\u044b\u0439 \u0441\u0442\u043e\u043b\u0438\u043a \u0438 \u0437\u0435\u0440\u043a\u0430\u043b\u043e \u0434\u043b\u044f \u0432\u0430\u043d\u043d\u043e\u0439 \u0438\u043b\u0438 \u0441\u043f\u0430\u043b\u044c\u043d\u0438. \u041e\u043d \u0444\u0443\u043d\u043a\u0446\u0438\u043e\u043d\u0430\u043b\u0435\u043d \u0434\u043b\u044f \u0443\u0442\u0440\u0435\u043d\u043d\u0438\u0445 \u0438 \u0432\u0435\u0447\u0435\u0440\u043d\u0438\u0445 \u043f\u0440\u043e\u0446\u0435\u0434\u0443\u0440 \u0443\u0445\u043e\u0434\u0430, \u0442\u0430\u043a\u0438\u0445 \u043a\u0430\u043a \u043c\u0430\u043a\u0438\u044f\u0436 \u0438\u043b\u0438 \u0443\u043a\u043b\u0430\u0434\u043a\u0430 \u0432\u043e\u043b\u043e\u0441. \u041e\u043d \u0438\u043c\u0435\u0435\u0442 \u044f\u0449\u0438\u043a\u0438 \u0438\u043b\u0438 \u043f\u043e\u043b\u043a\u0438 \u0434\u043b\u044f \u0445\u0440\u0430\u043d\u0435\u043d\u0438\u044f \u043a\u043e\u0441\u043c\u0435\u0442\u0438\u043a\u0438, \u0443\u043a\u0440\u0430\u0448\u0435\u043d\u0438\u0439 \u0438 \u0434\u0440\u0443\u0433\u0438\u0445 \u043b\u0438\u0447\u043d\u044b\u0445 \u0432\u0435\u0449\u0435\u0439, \u0447\u0442\u043e \u0434\u0435\u043b\u0430\u0435\u0442 \u0435\u0433\u043e \u043f\u0440\u0430\u043a\u0442\u0438\u0447\u043d\u044b\u043c \u0432\u044b\u0431\u043e\u0440\u043e\u043c \u0434\u043b\u044f \u043e\u0440\u0433\u0430\u043d\u0438\u0437\u0430\u0446\u0438\u0438 \u043f\u0440\u043e\u0441\u0442\u0440\u0430\u043d\u0441\u0442\u0432\u0430.<\/p>","protected":false},"featured_media":19673,"comment_status":"closed","ping_status":"closed","template":"","meta":[],"product_brand":[],"product_cat":[76],"product_tag":[],"collection":[],"brand":[],"category_2":[],"catergory_brand":[],"class_list":{"0":"post-19674","1":"product","2":"type-product","3":"status-publish","4":"has-post-thumbnail","6":"product_cat-all","8":"first","9":"instock","10":"shipping-taxable","11":"product-type-simple"},"_links":{"self":[{"href":"https:\/\/simfoniya.az\/ru\/wp-json\/wp\/v2\/product\/19674","targetHints":{"allow":["GET"]}}],"collection":[{"href":"https:\/\/simfoniya.az\/ru\/wp-json\/wp\/v2\/product"}],"about":[{"href":"https:\/\/simfoniya.az\/ru\/wp-json\/wp\/v2\/types\/product"}],"replies":[{"embeddable":true,"href":"https:\/\/simfoniya.az\/ru\/wp-json\/wp\/v2\/comments?post=19674"}],"wp:featuredmedia":[{"embeddable":true,"href":"https:\/\/simfoniya.az\/ru\/wp-json\/wp\/v2\/media\/19673"}],"wp:attachment":[{"href":"https:\/\/simfoniya.az\/ru\/wp-json\/wp\/v2\/media?parent=19674"}],"wp:term":[{"taxonomy":"product_brand","embeddable":true,"href":"https:\/\/simfoniya.az\/ru\/wp-json\/wp\/v2\/product_brand?post=19674"},{"taxonomy":"product_cat","embeddable":true,"href":"https:\/\/simfoniya.az\/ru\/wp-json\/wp\/v2\/product_cat?post=19674"},{"taxonomy":"product_tag","embeddable":true,"href":"https:\/\/simfoniya.az\/ru\/wp-json\/wp\/v2\/product_tag?post=19674"},{"taxonomy":"collection","embeddable":true,"href":"https:\/\/simfoniya.az\/ru\/wp-json\/wp\/v2\/collection?post=19674"},{"taxonomy":"brand","embeddable":true,"href":"https:\/\/simfoniya.az\/ru\/wp-json\/wp\/v2\/brand?post=19674"},{"taxonomy":"category_2","embeddable":true,"href":"https:\/\/simfoniya.az\/ru\/wp-json\/wp\/v2\/category_2?post=19674"},{"taxonomy":"catergory_brand","embeddable":true,"href":"https:\/\/simfoniya.az\/ru\/wp-json\/wp\/v2\/catergory_brand?post=19674"}],"curies":[{"name":"WP","href":"https:\/\/api.w.org\/{rel}","templated":true}]}}