{"id":19676,"date":"2024-06-02T11:33:45","date_gmt":"2024-06-02T11:33:45","guid":{"rendered":"https:\/\/simfoniya.az\/product\/tres-clasic-vanna-su-qaridiricisi\/"},"modified":"2024-10-12T06:54:52","modified_gmt":"2024-10-12T06:54:52","slug":"tres-clasic-vanna-su-qaridiricisi","status":"publish","type":"product","link":"https:\/\/simfoniya.az\/ru\/product\/tres-clasic-vanna-su-qaridiricisi\/","title":{"rendered":"Tres Classic \/ \u0421\u043c\u0435\u0441\u0438\u0442\u0435\u043b\u044c \u0434\u043b\u044f \u0432\u0430\u043d\u043d\u043e\u0439 \u043a\u043e\u043c\u043d\u0430\u0442\u044b"},"content":{"rendered":"<div class=\"flex max-w-full flex-col flex-grow\">\n<div class=\"min-h-8 text-message flex w-full flex-col items-end gap-2 whitespace-normal break-words [.text-message+&amp;]:mt-5\" dir=\"auto\" data-message-author-role=\"assistant\" data-message-id=\"1818a8d4-86d9-4c6d-81d8-c76641e03a6c\">\n<div class=\"flex w-full flex-col gap-1 empty:hidden first:pt-[3px]\">\n<div class=\"markdown prose w-full break-words dark:prose-invert light\">\n<p>Bu klassik xrom hamam kran\u0131, \u0259n\u0259n\u0259vi xristall\u0131 qollar\u0131 v\u0259 iki du\u015f ba\u015fl\u0131\u011f\u0131 il\u0259 t\u0259chiz edilmi\u015fdir. Qollar suyun temperaturunu v\u0259 ax\u0131n\u0131n\u0131 d\u0259qiq t\u0259nziml\u0259m\u0259 imkan\u0131 verir, bu da istifad\u0259\u00e7iy\u0259 m\u00fck\u0259mm\u0259l n\u0259zar\u0259t t\u0259min edir. Bu kran h\u0259m i\u015fl\u0259klik, h\u0259m d\u0259 estetik c\u0259h\u0259td\u0259n z\u0259ngin bir hamam t\u0259cr\u00fcb\u0259si yaratmaq \u00fc\u00e7\u00fcn idealdir.<\/p>\n<\/div>\n<\/div>\n<\/div>\n<\/div>\n<div class=\"mb-2 flex gap-3 empty:hidden -ml-2\">\n<div class=\"items-center justify-start rounded-xl p-1 flex\">\n<div class=\"flex items-center\">\n<p>&nbsp;<\/p>\n<div class=\"flex\"><\/div>\n<div class=\"flex items-center pb-0\"><\/div>\n<\/div>\n<\/div>\n<\/div>\n","protected":false},"excerpt":{"rendered":"<p>\u042d\u0442\u043e\u0442 \u043a\u043b\u0430\u0441\u0441\u0438\u0447\u0435\u0441\u043a\u0438\u0439 \u0445\u0440\u043e\u043c\u0438\u0440\u043e\u0432\u0430\u043d\u043d\u044b\u0439 \u0441\u043c\u0435\u0441\u0438\u0442\u0435\u043b\u044c \u0434\u043b\u044f \u0432\u0430\u043d\u043d\u043e\u0439 \u043a\u043e\u043c\u043d\u0430\u0442\u044b \u043e\u0441\u043d\u0430\u0449\u0435\u043d \u0442\u0440\u0430\u0434\u0438\u0446\u0438\u043e\u043d\u043d\u044b\u043c\u0438 \u0445\u0440\u0443\u0441\u0442\u0430\u043b\u044c\u043d\u044b\u043c\u0438 \u0440\u0443\u0447\u043a\u0430\u043c\u0438 \u0438 \u0434\u0432\u0443\u043c\u044f \u043d\u0430\u0441\u0430\u0434\u043a\u0430\u043c\u0438 \u0434\u043b\u044f \u0434\u0443\u0448\u0430. \u0420\u044b\u0447\u0430\u0433\u0438 \u043f\u043e\u0437\u0432\u043e\u043b\u044f\u044e\u0442 \u0442\u043e\u0447\u043d\u043e \u0440\u0435\u0433\u0443\u043b\u0438\u0440\u043e\u0432\u0430\u0442\u044c \u0442\u0435\u043c\u043f\u0435\u0440\u0430\u0442\u0443\u0440\u0443 \u0438 \u043f\u043e\u0442\u043e\u043a \u0432\u043e\u0434\u044b, \u043e\u0431\u0435\u0441\u043f\u0435\u0447\u0438\u0432\u0430\u044f \u043f\u043e\u043b\u044c\u0437\u043e\u0432\u0430\u0442\u0435\u043b\u044e \u0438\u0434\u0435\u0430\u043b\u044c\u043d\u044b\u0439 \u043a\u043e\u043d\u0442\u0440\u043e\u043b\u044c. \u042d\u0442\u043e\u0442 \u0441\u043c\u0435\u0441\u0438\u0442\u0435\u043b\u044c \u0438\u0434\u0435\u0430\u043b\u044c\u043d\u043e \u043f\u043e\u0434\u0445\u043e\u0434\u0438\u0442 \u0434\u043b\u044f \u0441\u043e\u0437\u0434\u0430\u043d\u0438\u044f \u0431\u043e\u0433\u0430\u0442\u043e\u0433\u043e \u0432\u043f\u0435\u0447\u0430\u0442\u043b\u0435\u043d\u0438\u044f \u043e\u0442 \u0432\u0430\u043d\u043d\u043e\u0439 \u043a\u043e\u043c\u043d\u0430\u0442\u044b \u043a\u0430\u043a \u0444\u0443\u043d\u043a\u0446\u0438\u043e\u043d\u0430\u043b\u044c\u043d\u043e, \u0442\u0430\u043a \u0438 \u044d\u0441\u0442\u0435\u0442\u0438\u0447\u0435\u0441\u043a\u0438. &nbsp;<\/p>","protected":false},"featured_media":24006,"comment_status":"closed","ping_status":"closed","template":"","meta":[],"product_brand":[],"product_cat":[1397],"product_tag":[],"collection":[],"brand":[],"category_2":[],"catergory_brand":[],"class_list":{"0":"post-19676","1":"product","2":"type-product","3":"status-publish","4":"has-post-thumbnail","6":"product_cat-basin-water-bath-mixer","8":"first","9":"instock","10":"shipping-taxable","11":"product-type-simple"},"_links":{"self":[{"href":"https:\/\/simfoniya.az\/ru\/wp-json\/wp\/v2\/product\/19676","targetHints":{"allow":["GET"]}}],"collection":[{"href":"https:\/\/simfoniya.az\/ru\/wp-json\/wp\/v2\/product"}],"about":[{"href":"https:\/\/simfoniya.az\/ru\/wp-json\/wp\/v2\/types\/product"}],"replies":[{"embeddable":true,"href":"https:\/\/simfoniya.az\/ru\/wp-json\/wp\/v2\/comments?post=19676"}],"wp:featuredmedia":[{"embeddable":true,"href":"https:\/\/simfoniya.az\/ru\/wp-json\/wp\/v2\/media\/24006"}],"wp:attachment":[{"href":"https:\/\/simfoniya.az\/ru\/wp-json\/wp\/v2\/media?parent=19676"}],"wp:term":[{"taxonomy":"product_brand","embeddable":true,"href":"https:\/\/simfoniya.az\/ru\/wp-json\/wp\/v2\/product_brand?post=19676"},{"taxonomy":"product_cat","embeddable":true,"href":"https:\/\/simfoniya.az\/ru\/wp-json\/wp\/v2\/product_cat?post=19676"},{"taxonomy":"product_tag","embeddable":true,"href":"https:\/\/simfoniya.az\/ru\/wp-json\/wp\/v2\/product_tag?post=19676"},{"taxonomy":"collection","embeddable":true,"href":"https:\/\/simfoniya.az\/ru\/wp-json\/wp\/v2\/collection?post=19676"},{"taxonomy":"brand","embeddable":true,"href":"https:\/\/simfoniya.az\/ru\/wp-json\/wp\/v2\/brand?post=19676"},{"taxonomy":"category_2","embeddable":true,"href":"https:\/\/simfoniya.az\/ru\/wp-json\/wp\/v2\/category_2?post=19676"},{"taxonomy":"catergory_brand","embeddable":true,"href":"https:\/\/simfoniya.az\/ru\/wp-json\/wp\/v2\/catergory_brand?post=19676"}],"curies":[{"name":"WP","href":"https:\/\/api.w.org\/{rel}","templated":true}]}}