{"id":19686,"date":"2024-06-02T11:33:52","date_gmt":"2024-06-02T11:33:52","guid":{"rendered":"https:\/\/simfoniya.az\/product\/tres-cuadro-anaq-su-qaridiricisi-35x15\/"},"modified":"2024-10-13T09:58:54","modified_gmt":"2024-10-13T09:58:54","slug":"tres-cuadro-anaq-su-qaridiricisi-35x15","status":"publish","type":"product","link":"https:\/\/simfoniya.az\/ru\/product\/tres-cuadro-anaq-su-qaridiricisi-35x15\/","title":{"rendered":"Tres Cuadro \/ \u0421\u043c\u0435\u0441\u0438\u0442\u0435\u043b\u044c \u0434\u043b\u044f \u0432\u043e\u0434\u044b"},"content":{"rendered":"<div class=\"flex max-w-full flex-col flex-grow\">\n<div class=\"min-h-8 text-message flex w-full flex-col items-end gap-2 whitespace-normal break-words [.text-message+&amp;]:mt-5\" dir=\"auto\" data-message-author-role=\"assistant\" data-message-id=\"842a6c8d-5ccf-4660-ab40-6f9751a3feaa\">\n<div class=\"flex w-full flex-col gap-1 empty:hidden first:pt-[3px]\">\n<div class=\"markdown prose w-full break-words dark:prose-invert light\">\n<p>Bu m\u00fcasir kran, b\u0259nz\u0259rsiz v\u0259 d\u00fcz x\u0259tl\u0259r\u0259 malikdir. Onun yuxar\u0131ya do\u011fru k\u0259m\u0259ri v\u0259 s\u0259liq\u0259li, kvadrat formas\u0131, z\u0259rif bir toxunu\u015f \u0259lav\u0259 ed\u0259r\u0259k istifad\u0259\u00e7iy\u0259 asanl\u0131qla suyun temperaturunu v\u0259 ax\u0131n\u0131n\u0131 t\u0259nziml\u0259m\u0259y\u0259 imkan verir. A\u011f v\u0259 xrom parlaq finish kombinasiyas\u0131, h\u0259r hans\u0131 bir m\u0259tb\u0259x v\u0259 ya hamam ota\u011f\u0131na m\u00fcasirlik v\u0259 z\u0259riflik qat\u0131r. Bu kran, praktikliyi v\u0259 estetik c\u0259lbkarl\u0131\u011f\u0131 il\u0259 se\u00e7ilir.<\/p>\n<\/div>\n<\/div>\n<\/div>\n<\/div>\n<div class=\"mb-2 flex gap-3 empty:hidden -ml-2\">\n<div class=\"items-center justify-start rounded-xl p-1 flex\">\n<div class=\"flex items-center\">\n<p>&nbsp;<\/p>\n<div class=\"flex\"><\/div>\n<div class=\"flex items-center pb-0\"><\/div>\n<\/div>\n<\/div>\n<\/div>\n","protected":false},"excerpt":{"rendered":"<p>\u042d\u0442\u043e\u0442 \u0441\u043e\u0432\u0440\u0435\u043c\u0435\u043d\u043d\u044b\u0439 \u0441\u043c\u0435\u0441\u0438\u0442\u0435\u043b\u044c \u0438\u043c\u0435\u0435\u0442 \u0443\u043d\u0438\u043a\u0430\u043b\u044c\u043d\u044b\u0435 \u043f\u0440\u044f\u043c\u044b\u0435 \u043b\u0438\u043d\u0438\u0438. \u0420\u0435\u043c\u0435\u0448\u043e\u043a, \u043d\u0430\u043f\u0440\u0430\u0432\u043b\u0435\u043d\u043d\u044b\u0439 \u0432\u0432\u0435\u0440\u0445, \u0438 \u0430\u043a\u043a\u0443\u0440\u0430\u0442\u043d\u0430\u044f \u043a\u0432\u0430\u0434\u0440\u0430\u0442\u043d\u0430\u044f \u0444\u043e\u0440\u043c\u0430 \u0434\u043e\u0431\u0430\u0432\u043b\u044f\u044e\u0442 \u044d\u043b\u0435\u0433\u0430\u043d\u0442\u043d\u043e\u0441\u0442\u0438, \u043f\u043e\u0437\u0432\u043e\u043b\u044f\u044f \u043f\u043e\u043b\u044c\u0437\u043e\u0432\u0430\u0442\u0435\u043b\u044e \u043b\u0435\u0433\u043a\u043e \u0440\u0435\u0433\u0443\u043b\u0438\u0440\u043e\u0432\u0430\u0442\u044c \u0442\u0435\u043c\u043f\u0435\u0440\u0430\u0442\u0443\u0440\u0443 \u0438 \u043d\u0430\u043f\u043e\u0440 \u0432\u043e\u0434\u044b. \u0421\u043e\u0447\u0435\u0442\u0430\u043d\u0438\u0435 \u0431\u0435\u043b\u043e\u0433\u043e \u0446\u0432\u0435\u0442\u0430 \u0438 \u0433\u043b\u044f\u043d\u0446\u0435\u0432\u043e\u0433\u043e \u0445\u0440\u043e\u043c\u0430 \u043f\u0440\u0438\u0434\u0430\u0441\u0442 \u0441\u043e\u0432\u0440\u0435\u043c\u0435\u043d\u043d\u043e\u0441\u0442\u0438 \u0438 \u044d\u043b\u0435\u0433\u0430\u043d\u0442\u043d\u043e\u0441\u0442\u0438 \u043b\u044e\u0431\u043e\u0439 \u043a\u0443\u0445\u043d\u0435 \u0438\u043b\u0438 \u0432\u0430\u043d\u043d\u043e\u0439 \u043a\u043e\u043c\u043d\u0430\u0442\u0435. \u042d\u0442\u043e\u0442 \u0441\u043c\u0435\u0441\u0438\u0442\u0435\u043b\u044c \u043e\u0442\u043b\u0438\u0447\u0430\u0435\u0442\u0441\u044f \u0441\u0432\u043e\u0435\u0439 \u043f\u0440\u0430\u043a\u0442\u0438\u0447\u043d\u043e\u0441\u0442\u044c\u044e \u0438 \u044d\u0441\u0442\u0435\u0442\u0438\u0447\u0435\u0441\u043a\u043e\u0439 \u043f\u0440\u0438\u0432\u043b\u0435\u043a\u0430\u0442\u0435\u043b\u044c\u043d\u043e\u0441\u0442\u044c\u044e. &nbsp;<\/p>","protected":false},"featured_media":24010,"comment_status":"closed","ping_status":"closed","template":"","meta":[],"product_brand":[],"product_cat":[1397],"product_tag":[],"collection":[],"brand":[],"category_2":[],"catergory_brand":[],"class_list":{"0":"post-19686","1":"product","2":"type-product","3":"status-publish","4":"has-post-thumbnail","6":"product_cat-basin-water-bath-mixer","8":"first","9":"instock","10":"shipping-taxable","11":"product-type-simple"},"_links":{"self":[{"href":"https:\/\/simfoniya.az\/ru\/wp-json\/wp\/v2\/product\/19686","targetHints":{"allow":["GET"]}}],"collection":[{"href":"https:\/\/simfoniya.az\/ru\/wp-json\/wp\/v2\/product"}],"about":[{"href":"https:\/\/simfoniya.az\/ru\/wp-json\/wp\/v2\/types\/product"}],"replies":[{"embeddable":true,"href":"https:\/\/simfoniya.az\/ru\/wp-json\/wp\/v2\/comments?post=19686"}],"wp:featuredmedia":[{"embeddable":true,"href":"https:\/\/simfoniya.az\/ru\/wp-json\/wp\/v2\/media\/24010"}],"wp:attachment":[{"href":"https:\/\/simfoniya.az\/ru\/wp-json\/wp\/v2\/media?parent=19686"}],"wp:term":[{"taxonomy":"product_brand","embeddable":true,"href":"https:\/\/simfoniya.az\/ru\/wp-json\/wp\/v2\/product_brand?post=19686"},{"taxonomy":"product_cat","embeddable":true,"href":"https:\/\/simfoniya.az\/ru\/wp-json\/wp\/v2\/product_cat?post=19686"},{"taxonomy":"product_tag","embeddable":true,"href":"https:\/\/simfoniya.az\/ru\/wp-json\/wp\/v2\/product_tag?post=19686"},{"taxonomy":"collection","embeddable":true,"href":"https:\/\/simfoniya.az\/ru\/wp-json\/wp\/v2\/collection?post=19686"},{"taxonomy":"brand","embeddable":true,"href":"https:\/\/simfoniya.az\/ru\/wp-json\/wp\/v2\/brand?post=19686"},{"taxonomy":"category_2","embeddable":true,"href":"https:\/\/simfoniya.az\/ru\/wp-json\/wp\/v2\/category_2?post=19686"},{"taxonomy":"catergory_brand","embeddable":true,"href":"https:\/\/simfoniya.az\/ru\/wp-json\/wp\/v2\/catergory_brand?post=19686"}],"curies":[{"name":"WP","href":"https:\/\/api.w.org\/{rel}","templated":true}]}}