{"id":19717,"date":"2024-06-02T11:34:30","date_gmt":"2024-06-02T11:34:30","guid":{"rendered":"https:\/\/simfoniya.az\/product\/tres-max-unitaz-su-qaridiricisi\/"},"modified":"2024-09-27T11:22:26","modified_gmt":"2024-09-27T11:22:26","slug":"tres-max-unitaz-su-qaridiricisi","status":"publish","type":"product","link":"https:\/\/simfoniya.az\/ru\/product\/tres-max-unitaz-su-qaridiricisi\/","title":{"rendered":"\u0422\u0435\u0441 \u041c\u0430\u043a\u0441 \/ \u0421\u043c\u0435\u0441\u0438\u0442\u0435\u043b\u044c \u0434\u043b\u044f \u0432\u043e\u0434\u044b"},"content":{"rendered":"<div class=\"flex max-w-full flex-col flex-grow\">\n<div class=\"min-h-8 text-message flex w-full flex-col items-end gap-2 whitespace-normal break-words [.text-message+&amp;]:mt-5\" dir=\"auto\" data-message-author-role=\"assistant\" data-message-id=\"abe58cff-c7d7-4b98-8aaa-894bfaa3fe7b\">\n<div class=\"flex w-full flex-col gap-1 empty:hidden first:pt-[3px]\">\n<div class=\"markdown prose w-full break-words dark:prose-invert light\">\n<p>Bu divar montajl\u0131 kran v\u0259 du\u015f b\u0259z\u0259kli, klassik xrom \u00f6rt\u00fcy\u0259 malikdir. M\u00fcasir dizayn\u0131 il\u0259 diqq\u0259t \u00e7\u0259kir v\u0259 suyun isti v\u0259 ya soyuq ax\u0131n\u0131 \u00fc\u00e7\u00fcn iki tutaca\u011f\u0131 var. Qo\u015fulmu\u015f elastik du\u015f borusu istifad\u0259\u00e7iy\u0259 vannada v\u0259 ya du\u015fda rahatl\u0131qla su istifad\u0259si t\u0259min edir, bu da onu h\u0259m funksional, h\u0259m d\u0259 estetik c\u0259h\u0259td\u0259n c\u0259lbedici edir. Bu kran, m\u00fcasir v\u0259 ya klassik dizaynla b\u0259z\u0259dilmi\u015f h\u0259r hans\u0131 bir hamam ota\u011f\u0131na uy\u011funla\u015fa bil\u0259r.<\/p>\n<\/div>\n<\/div>\n<\/div>\n<\/div>\n<div class=\"mb-2 flex gap-3 empty:hidden -ml-2\">\n<div class=\"items-center justify-start rounded-xl p-1 z-10 -mt-1 bg-token-main-surface-primary md:absolute md:sr-only\">\n<div class=\"flex items-center\"><button class=\"rounded-lg text-token-text-secondary hover:bg-token-main-surface-secondary\" aria-label=\"Read aloud\" data-testid=\"voice-play-turn-action-button\"><\/button><button class=\"rounded-lg text-token-text-secondary hover:bg-token-main-surface-secondary\" aria-label=\"\u041a\u043e\u043f\u0438\u0440\u043e\u0432\u0430\u0442\u044c\" data-testid=\"copy-turn-action-button\"><\/button><\/p>\n<div class=\"flex\"><\/div>\n<div class=\"flex items-center pb-0\"><\/div>\n<\/div>\n<\/div>\n<\/div>\n","protected":false},"excerpt":{"rendered":"<p>Bu divar montajl\u0131 kran v\u0259 du\u015f b\u0259z\u0259kli, klassik xrom \u00f6rt\u00fcy\u0259 malikdir. M\u00fcasir dizayn\u0131 il\u0259 diqq\u0259t \u00e7\u0259kir v\u0259 suyun isti v\u0259 ya soyuq ax\u0131n\u0131 \u00fc\u00e7\u00fcn iki tutaca\u011f\u0131 var. Qo\u015fulmu\u015f elastik du\u015f borusu istifad\u0259\u00e7iy\u0259 vannada v\u0259 ya du\u015fda rahatl\u0131qla su istifad\u0259si t\u0259min edir, bu da onu h\u0259m funksional, h\u0259m d\u0259 estetik c\u0259h\u0259td\u0259n c\u0259lbedici edir. Bu kran, m\u00fcasir v\u0259 ya klassik dizaynla b\u0259z\u0259dilmi\u015f\u2026<\/p>","protected":false},"featured_media":19716,"comment_status":"closed","ping_status":"closed","template":"","meta":[],"product_brand":[],"product_cat":[1402],"product_tag":[],"collection":[],"brand":[],"category_2":[],"catergory_brand":[],"class_list":{"0":"post-19717","1":"product","2":"type-product","3":"status-publish","4":"has-post-thumbnail","6":"product_cat-shower-hands","8":"first","9":"instock","10":"shipping-taxable","11":"product-type-simple"},"_links":{"self":[{"href":"https:\/\/simfoniya.az\/ru\/wp-json\/wp\/v2\/product\/19717","targetHints":{"allow":["GET"]}}],"collection":[{"href":"https:\/\/simfoniya.az\/ru\/wp-json\/wp\/v2\/product"}],"about":[{"href":"https:\/\/simfoniya.az\/ru\/wp-json\/wp\/v2\/types\/product"}],"replies":[{"embeddable":true,"href":"https:\/\/simfoniya.az\/ru\/wp-json\/wp\/v2\/comments?post=19717"}],"wp:featuredmedia":[{"embeddable":true,"href":"https:\/\/simfoniya.az\/ru\/wp-json\/wp\/v2\/media\/19716"}],"wp:attachment":[{"href":"https:\/\/simfoniya.az\/ru\/wp-json\/wp\/v2\/media?parent=19717"}],"wp:term":[{"taxonomy":"product_brand","embeddable":true,"href":"https:\/\/simfoniya.az\/ru\/wp-json\/wp\/v2\/product_brand?post=19717"},{"taxonomy":"product_cat","embeddable":true,"href":"https:\/\/simfoniya.az\/ru\/wp-json\/wp\/v2\/product_cat?post=19717"},{"taxonomy":"product_tag","embeddable":true,"href":"https:\/\/simfoniya.az\/ru\/wp-json\/wp\/v2\/product_tag?post=19717"},{"taxonomy":"collection","embeddable":true,"href":"https:\/\/simfoniya.az\/ru\/wp-json\/wp\/v2\/collection?post=19717"},{"taxonomy":"brand","embeddable":true,"href":"https:\/\/simfoniya.az\/ru\/wp-json\/wp\/v2\/brand?post=19717"},{"taxonomy":"category_2","embeddable":true,"href":"https:\/\/simfoniya.az\/ru\/wp-json\/wp\/v2\/category_2?post=19717"},{"taxonomy":"catergory_brand","embeddable":true,"href":"https:\/\/simfoniya.az\/ru\/wp-json\/wp\/v2\/catergory_brand?post=19717"}],"curies":[{"name":"WP","href":"https:\/\/api.w.org\/{rel}","templated":true}]}}