{"id":19727,"date":"2024-06-02T11:34:37","date_gmt":"2024-06-02T11:34:37","guid":{"rendered":"https:\/\/simfoniya.az\/product\/tres-monoclasic-190-unitaz-su-qaridiricisi-2\/"},"modified":"2024-09-27T11:12:20","modified_gmt":"2024-09-27T11:12:20","slug":"tres-monoclasic-190-unitaz-su-qaridiricisi-2","status":"publish","type":"product","link":"https:\/\/simfoniya.az\/ru\/product\/tres-monoclasic-190-unitaz-su-qaridiricisi-2\/","title":{"rendered":"Tres Monoclasic \/ \u0421\u043c\u0435\u0441\u0438\u0442\u0435\u043b\u044c \u0434\u043b\u044f \u0432\u043e\u0434\u044b"},"content":{"rendered":"<div class=\"flex max-w-full flex-col flex-grow\">\n<div class=\"min-h-8 text-message flex w-full flex-col items-end gap-2 whitespace-normal break-words [.text-message+&amp;]:mt-5\" dir=\"auto\" data-message-author-role=\"assistant\" data-message-id=\"7c51ef80-93a0-43f0-aa83-23dc6a054016\">\n<div class=\"flex w-full flex-col gap-1 empty:hidden first:pt-[3px]\">\n<div class=\"markdown prose w-full break-words dark:prose-invert light\">\n<p>Bu m\u00fcasir kran, parlaq xrom \u00f6rt\u00fcy\u00fc v\u0259 klassik t\u0259k tutacaq dizayn\u0131 il\u0259 diqq\u0259t \u00e7\u0259kir. Tutacaq, suyun ax\u0131n\u0131 v\u0259 temperaturunu rahat idar\u0259 etm\u0259y\u0259 imkan verir, bu da istifad\u0259\u00e7iy\u0259 asanl\u0131qla suyun ist\u0259nil\u0259n q\u0259d\u0259r isti v\u0259 ya soyuq olaraq ax\u0131d\u0131lmas\u0131na imkan tan\u0131y\u0131r. Kran\u0131n montaj\u0131 divara edilir ki, bu da m\u0259kan\u0131 effektiv istifad\u0259 etm\u0259y\u0259 k\u00f6m\u0259k edir.<\/p>\n<\/div>\n<\/div>\n<\/div>\n<\/div>\n<div class=\"mb-2 flex gap-3 empty:hidden -ml-2\">\n<div class=\"items-center justify-start rounded-xl p-1 flex\">\n<div class=\"flex items-center\"><button class=\"rounded-lg text-token-text-secondary hover:bg-token-main-surface-secondary\" aria-label=\"Read aloud\" data-testid=\"voice-play-turn-action-button\"><\/button><button class=\"rounded-lg text-token-text-secondary hover:bg-token-main-surface-secondary\" aria-label=\"\u041a\u043e\u043f\u0438\u0440\u043e\u0432\u0430\u0442\u044c\" data-testid=\"copy-turn-action-button\"><\/button><\/p>\n<div class=\"flex\"><\/div>\n<div class=\"flex items-center pb-0\"><\/div>\n<\/div>\n<\/div>\n<\/div>\n","protected":false},"excerpt":{"rendered":"<p>\u042d\u0442\u043e\u0442 \u0441\u043e\u0432\u0440\u0435\u043c\u0435\u043d\u043d\u044b\u0439 \u0441\u043c\u0435\u0441\u0438\u0442\u0435\u043b\u044c \u0432\u044b\u0434\u0435\u043b\u044f\u0435\u0442\u0441\u044f \u0433\u043b\u0430\u0434\u043a\u043e\u0439 \u0445\u0440\u043e\u043c\u0438\u0440\u043e\u0432\u0430\u043d\u043d\u043e\u0439 \u043e\u0442\u0434\u0435\u043b\u043a\u043e\u0439 \u0438 \u043a\u043b\u0430\u0441\u0441\u0438\u0447\u0435\u0441\u043a\u0438\u043c \u0434\u0438\u0437\u0430\u0439\u043d\u043e\u043c \u0441 \u043e\u0434\u043d\u043e\u0439 \u0440\u0443\u0447\u043a\u043e\u0439. \u0420\u0443\u0447\u043a\u0430 \u043f\u043e\u0437\u0432\u043e\u043b\u044f\u0435\u0442 \u043b\u0435\u0433\u043a\u043e \u043a\u043e\u043d\u0442\u0440\u043e\u043b\u0438\u0440\u043e\u0432\u0430\u0442\u044c \u043f\u043e\u0442\u043e\u043a \u0438 \u0442\u0435\u043c\u043f\u0435\u0440\u0430\u0442\u0443\u0440\u0443 \u0432\u043e\u0434\u044b, \u043f\u043e\u0437\u0432\u043e\u043b\u044f\u044f \u043f\u043e\u043b\u044c\u0437\u043e\u0432\u0430\u0442\u0435\u043b\u044e \u043b\u0435\u0433\u043a\u043e \u043f\u043e\u0434\u0430\u0432\u0430\u0442\u044c \u0432\u043e\u0434\u0443 \u043a\u0430\u043a \u0433\u043e\u0440\u044f\u0447\u0443\u044e, \u0442\u0430\u043a \u0438 \u0445\u043e\u043b\u043e\u0434\u043d\u0443\u044e \u043f\u043e \u0436\u0435\u043b\u0430\u043d\u0438\u044e. \u0421\u043c\u0435\u0441\u0438\u0442\u0435\u043b\u044c \u043a\u0440\u0435\u043f\u0438\u0442\u0441\u044f \u043d\u0430 \u0441\u0442\u0435\u043d\u0443, \u0447\u0442\u043e \u043f\u043e\u043c\u043e\u0433\u0430\u0435\u0442 \u044d\u0444\u0444\u0435\u043a\u0442\u0438\u0432\u043d\u043e \u0438\u0441\u043f\u043e\u043b\u044c\u0437\u043e\u0432\u0430\u0442\u044c \u043f\u0440\u043e\u0441\u0442\u0440\u0430\u043d\u0441\u0442\u0432\u043e.<\/p>","protected":false},"featured_media":19726,"comment_status":"closed","ping_status":"closed","template":"","meta":[],"product_brand":[],"product_cat":[1397],"product_tag":[],"collection":[],"brand":[],"category_2":[],"catergory_brand":[],"class_list":{"0":"post-19727","1":"product","2":"type-product","3":"status-publish","4":"has-post-thumbnail","6":"product_cat-basin-water-bath-mixer","8":"first","9":"instock","10":"shipping-taxable","11":"product-type-simple"},"_links":{"self":[{"href":"https:\/\/simfoniya.az\/ru\/wp-json\/wp\/v2\/product\/19727","targetHints":{"allow":["GET"]}}],"collection":[{"href":"https:\/\/simfoniya.az\/ru\/wp-json\/wp\/v2\/product"}],"about":[{"href":"https:\/\/simfoniya.az\/ru\/wp-json\/wp\/v2\/types\/product"}],"replies":[{"embeddable":true,"href":"https:\/\/simfoniya.az\/ru\/wp-json\/wp\/v2\/comments?post=19727"}],"wp:featuredmedia":[{"embeddable":true,"href":"https:\/\/simfoniya.az\/ru\/wp-json\/wp\/v2\/media\/19726"}],"wp:attachment":[{"href":"https:\/\/simfoniya.az\/ru\/wp-json\/wp\/v2\/media?parent=19727"}],"wp:term":[{"taxonomy":"product_brand","embeddable":true,"href":"https:\/\/simfoniya.az\/ru\/wp-json\/wp\/v2\/product_brand?post=19727"},{"taxonomy":"product_cat","embeddable":true,"href":"https:\/\/simfoniya.az\/ru\/wp-json\/wp\/v2\/product_cat?post=19727"},{"taxonomy":"product_tag","embeddable":true,"href":"https:\/\/simfoniya.az\/ru\/wp-json\/wp\/v2\/product_tag?post=19727"},{"taxonomy":"collection","embeddable":true,"href":"https:\/\/simfoniya.az\/ru\/wp-json\/wp\/v2\/collection?post=19727"},{"taxonomy":"brand","embeddable":true,"href":"https:\/\/simfoniya.az\/ru\/wp-json\/wp\/v2\/brand?post=19727"},{"taxonomy":"category_2","embeddable":true,"href":"https:\/\/simfoniya.az\/ru\/wp-json\/wp\/v2\/category_2?post=19727"},{"taxonomy":"catergory_brand","embeddable":true,"href":"https:\/\/simfoniya.az\/ru\/wp-json\/wp\/v2\/catergory_brand?post=19727"}],"curies":[{"name":"WP","href":"https:\/\/api.w.org\/{rel}","templated":true}]}}