{"id":19759,"date":"2024-06-02T11:35:15","date_gmt":"2024-06-02T11:35:15","guid":{"rendered":"https:\/\/simfoniya.az\/product\/vama-hamam-mebeli-1200x585x840canaq-1200x585x200-komplekt-gb-guzgu\/"},"modified":"2024-09-27T08:36:05","modified_gmt":"2024-09-27T08:36:05","slug":"vama-hamam-mebeli-1200x585x840canaq-1200x585x200-komplekt-gb-guzgu","status":"publish","type":"product","link":"https:\/\/simfoniya.az\/ru\/product\/vama-hamam-mebeli-1200x585x840canaq-1200x585x200-komplekt-gb-guzgu\/","title":{"rendered":"\u0412\u0430\u043c\u0430 \/ \u041c\u0435\u0431\u0435\u043b\u044c \u0434\u043b\u044f \u0432\u0430\u043d\u043d\u043e\u0439 \u043a\u043e\u043c\u043d\u0430\u0442\u044b"},"content":{"rendered":"<div class=\"flex max-w-full flex-col flex-grow\">\n<div class=\"min-h-8 text-message flex w-full flex-col items-end gap-2 whitespace-normal break-words [.text-message+&amp;]:mt-5\" dir=\"auto\" data-message-author-role=\"assistant\" data-message-id=\"e57b7e21-dbb1-44c5-a058-1d166299631c\">\n<div class=\"flex w-full flex-col gap-1 empty:hidden first:pt-[3px]\">\n<div class=\"markdown prose w-full break-words dark:prose-invert light\">\n<p>Bu qara a\u011f r\u0259ngl\u0259rd\u0259 olan m\u00fcasir dizaynla haz\u0131rlanm\u0131\u015f vanna ota\u011f\u0131 mebeli z\u0259riflik v\u0259 funksionall\u0131\u011f\u0131 bir araya g\u0259tirir. Poladdan haz\u0131rlanm\u0131\u015f \u00e7\u0259r\u00e7iv\u0259si v\u0259 a\u011f m\u0259rm\u0259r \u00fcz\u0259rliyi il\u0259 bu vanna ota\u011f\u0131 mebeli, m\u00fcasir vanna otaqlar\u0131na \u0259la uy\u011fun g\u0259lir. \u0130ki b\u00f6lm\u0259d\u0259n v\u0259 geni\u015f \u00e7\u0259km\u0259c\u0259l\u0259rd\u0259n ibar\u0259tdir ki, bu da siz\u0259 laz\u0131m olan b\u00fct\u00fcn l\u0259vazimatlar\u0131 rahat yerl\u0259\u015fdirm\u0259y\u0259 imkan verir. Aynas\u0131 il\u0259 birlikd\u0259, bu mebel h\u0259m funksional, h\u0259m d\u0259 g\u00f6z ox\u015fayand\u0131r.<\/p>\n<\/div>\n<\/div>\n<\/div>\n<\/div>\n<div class=\"mb-2 flex gap-3 empty:hidden -ml-2\">\n<div class=\"items-center justify-start rounded-xl p-1 flex\">\n<div class=\"flex items-center\"><button class=\"rounded-lg text-token-text-secondary hover:bg-token-main-surface-secondary\" aria-label=\"Read aloud\" data-testid=\"voice-play-turn-action-button\"><\/button><button class=\"rounded-lg text-token-text-secondary hover:bg-token-main-surface-secondary\" aria-label=\"\u041a\u043e\u043f\u0438\u0440\u043e\u0432\u0430\u0442\u044c\" data-testid=\"copy-turn-action-button\"><\/button><\/p>\n<div class=\"flex\"><\/div>\n<div class=\"flex items-center pb-0\"><\/div>\n<\/div>\n<\/div>\n<\/div>\n","protected":false},"excerpt":{"rendered":"<p>Bu qara a\u011f r\u0259ngl\u0259rd\u0259 olan m\u00fcasir dizaynla haz\u0131rlanm\u0131\u015f vanna ota\u011f\u0131 mebeli z\u0259riflik v\u0259 funksionall\u0131\u011f\u0131 bir araya g\u0259tirir. Poladdan haz\u0131rlanm\u0131\u015f \u00e7\u0259r\u00e7iv\u0259si v\u0259 a\u011f m\u0259rm\u0259r \u00fcz\u0259rliyi il\u0259 bu vanna ota\u011f\u0131 mebeli, m\u00fcasir vanna otaqlar\u0131na \u0259la uy\u011fun g\u0259lir. \u0130ki b\u00f6lm\u0259d\u0259n v\u0259 geni\u015f \u00e7\u0259km\u0259c\u0259l\u0259rd\u0259n ibar\u0259tdir ki, bu da siz\u0259 laz\u0131m olan b\u00fct\u00fcn l\u0259vazimatlar\u0131 rahat yerl\u0259\u015fdirm\u0259y\u0259 imkan verir. Aynas\u0131 il\u0259 birlikd\u0259, bu mebel h\u0259m funksional,\u2026<\/p>","protected":false},"featured_media":19758,"comment_status":"closed","ping_status":"closed","template":"","meta":[],"product_brand":[],"product_cat":[76],"product_tag":[],"collection":[],"brand":[],"category_2":[],"catergory_brand":[],"class_list":{"0":"post-19759","1":"product","2":"type-product","3":"status-publish","4":"has-post-thumbnail","6":"product_cat-all","8":"first","9":"instock","10":"shipping-taxable","11":"product-type-simple"},"_links":{"self":[{"href":"https:\/\/simfoniya.az\/ru\/wp-json\/wp\/v2\/product\/19759","targetHints":{"allow":["GET"]}}],"collection":[{"href":"https:\/\/simfoniya.az\/ru\/wp-json\/wp\/v2\/product"}],"about":[{"href":"https:\/\/simfoniya.az\/ru\/wp-json\/wp\/v2\/types\/product"}],"replies":[{"embeddable":true,"href":"https:\/\/simfoniya.az\/ru\/wp-json\/wp\/v2\/comments?post=19759"}],"wp:featuredmedia":[{"embeddable":true,"href":"https:\/\/simfoniya.az\/ru\/wp-json\/wp\/v2\/media\/19758"}],"wp:attachment":[{"href":"https:\/\/simfoniya.az\/ru\/wp-json\/wp\/v2\/media?parent=19759"}],"wp:term":[{"taxonomy":"product_brand","embeddable":true,"href":"https:\/\/simfoniya.az\/ru\/wp-json\/wp\/v2\/product_brand?post=19759"},{"taxonomy":"product_cat","embeddable":true,"href":"https:\/\/simfoniya.az\/ru\/wp-json\/wp\/v2\/product_cat?post=19759"},{"taxonomy":"product_tag","embeddable":true,"href":"https:\/\/simfoniya.az\/ru\/wp-json\/wp\/v2\/product_tag?post=19759"},{"taxonomy":"collection","embeddable":true,"href":"https:\/\/simfoniya.az\/ru\/wp-json\/wp\/v2\/collection?post=19759"},{"taxonomy":"brand","embeddable":true,"href":"https:\/\/simfoniya.az\/ru\/wp-json\/wp\/v2\/brand?post=19759"},{"taxonomy":"category_2","embeddable":true,"href":"https:\/\/simfoniya.az\/ru\/wp-json\/wp\/v2\/category_2?post=19759"},{"taxonomy":"catergory_brand","embeddable":true,"href":"https:\/\/simfoniya.az\/ru\/wp-json\/wp\/v2\/catergory_brand?post=19759"}],"curies":[{"name":"WP","href":"https:\/\/api.w.org\/{rel}","templated":true}]}}