{"id":19765,"date":"2024-06-02T11:35:23","date_gmt":"2024-06-02T11:35:23","guid":{"rendered":"https:\/\/simfoniya.az\/product\/vama-hamam-mebeli-900x510x590-komplekt-v-10208\/"},"modified":"2024-09-27T07:35:29","modified_gmt":"2024-09-27T07:35:29","slug":"vama-hamam-mebeli-900x510x590-komplekt-v-10208","status":"publish","type":"product","link":"https:\/\/simfoniya.az\/ru\/product\/vama-hamam-mebeli-900x510x590-komplekt-v-10208\/","title":{"rendered":"\u0412\u0430\u043c\u0430 \/ \u041c\u0435\u0431\u0435\u043b\u044c \u0434\u043b\u044f \u0432\u0430\u043d\u043d\u043e\u0439 \u043a\u043e\u043c\u043d\u0430\u0442\u044b"},"content":{"rendered":"<div class=\"flex max-w-full flex-col flex-grow\">\n<div class=\"min-h-8 text-message flex w-full flex-col items-end gap-2 whitespace-normal break-words [.text-message+&amp;]:mt-5\" dir=\"auto\" data-message-author-role=\"assistant\" data-message-id=\"0c4941f0-0456-4e91-b9ae-8cfd16a5e25a\">\n<div class=\"flex w-full flex-col gap-1 empty:hidden first:pt-[3px]\">\n<div class=\"markdown prose w-full break-words dark:prose-invert light\">\n<p>Bu m\u00fcasir vanna ota\u011f\u0131 dizayn\u0131, geni\u015f v\u0259 i\u015f\u0131ql\u0131 bir m\u0259kanda t\u0259bii a\u011fac\u0131n istiliyini v\u0259 sofistike a\u011f elementl\u0259ri m\u00fck\u0259mm\u0259l \u015f\u0259kild\u0259 birl\u0259\u015fdirir. H\u0259r bir detallar, vanna ota\u011f\u0131n\u0131 rahat v\u0259 i\u015flevsel etm\u0259k \u00fc\u00e7\u00fcn diqq\u0259tl\u0259 d\u00fc\u015f\u00fcn\u00fclm\u00fc\u015fd\u00fcr. \u015ekaflar v\u0259 yuyucu b\u00f6lm\u0259l\u0259r, a\u011fac t\u0259rtibatlar\u0131 il\u0259 z\u0259nginl\u0259\u015fdirilmi\u015f, m\u0259kana z\u0259riflik v\u0259 sofistikelik g\u0259tirir. Bu dizayn, funksionall\u0131q v\u0259 estetik z\u00f6vq\u00fc bir araya g\u0259tir\u0259r\u0259k istifad\u0259\u00e7il\u0259r\u0259 h\u0259m rahat, h\u0259m d\u0259 g\u00f6z\u0259l bir m\u00fchit t\u0259qdim edir.<\/p>\n<\/div>\n<\/div>\n<\/div>\n<\/div>\n<div class=\"mb-2 flex gap-3 empty:hidden -ml-2\">\n<div class=\"items-center justify-start rounded-xl p-1 flex\">\n<div class=\"flex items-center\"><button class=\"rounded-lg text-token-text-secondary hover:bg-token-main-surface-secondary\" aria-label=\"Read aloud\" data-testid=\"voice-play-turn-action-button\"><\/button><button class=\"rounded-lg text-token-text-secondary hover:bg-token-main-surface-secondary\" aria-label=\"\u041a\u043e\u043f\u0438\u0440\u043e\u0432\u0430\u0442\u044c\" data-testid=\"copy-turn-action-button\"><\/button><\/p>\n<div class=\"flex\"><\/div>\n<div class=\"flex items-center pb-0\"><\/div>\n<\/div>\n<\/div>\n<\/div>\n","protected":false},"excerpt":{"rendered":"<p>Bu m\u00fcasir vanna ota\u011f\u0131 dizayn\u0131, geni\u015f v\u0259 i\u015f\u0131ql\u0131 bir m\u0259kanda t\u0259bii a\u011fac\u0131n istiliyini v\u0259 sofistike a\u011f elementl\u0259ri m\u00fck\u0259mm\u0259l \u015f\u0259kild\u0259 birl\u0259\u015fdirir. H\u0259r bir detallar, vanna ota\u011f\u0131n\u0131 rahat v\u0259 i\u015flevsel etm\u0259k \u00fc\u00e7\u00fcn diqq\u0259tl\u0259 d\u00fc\u015f\u00fcn\u00fclm\u00fc\u015fd\u00fcr. \u015ekaflar v\u0259 yuyucu b\u00f6lm\u0259l\u0259r, a\u011fac t\u0259rtibatlar\u0131 il\u0259 z\u0259nginl\u0259\u015fdirilmi\u015f, m\u0259kana z\u0259riflik v\u0259 sofistikelik g\u0259tirir. Bu dizayn, funksionall\u0131q v\u0259 estetik z\u00f6vq\u00fc bir araya g\u0259tir\u0259r\u0259k istifad\u0259\u00e7il\u0259r\u0259 h\u0259m rahat, h\u0259m d\u0259 g\u00f6z\u0259l\u2026<\/p>","protected":false},"featured_media":19764,"comment_status":"closed","ping_status":"closed","template":"","meta":[],"product_brand":[],"product_cat":[76],"product_tag":[],"collection":[],"brand":[],"category_2":[],"catergory_brand":[],"class_list":{"0":"post-19765","1":"product","2":"type-product","3":"status-publish","4":"has-post-thumbnail","6":"product_cat-all","8":"first","9":"instock","10":"shipping-taxable","11":"product-type-simple"},"_links":{"self":[{"href":"https:\/\/simfoniya.az\/ru\/wp-json\/wp\/v2\/product\/19765","targetHints":{"allow":["GET"]}}],"collection":[{"href":"https:\/\/simfoniya.az\/ru\/wp-json\/wp\/v2\/product"}],"about":[{"href":"https:\/\/simfoniya.az\/ru\/wp-json\/wp\/v2\/types\/product"}],"replies":[{"embeddable":true,"href":"https:\/\/simfoniya.az\/ru\/wp-json\/wp\/v2\/comments?post=19765"}],"wp:featuredmedia":[{"embeddable":true,"href":"https:\/\/simfoniya.az\/ru\/wp-json\/wp\/v2\/media\/19764"}],"wp:attachment":[{"href":"https:\/\/simfoniya.az\/ru\/wp-json\/wp\/v2\/media?parent=19765"}],"wp:term":[{"taxonomy":"product_brand","embeddable":true,"href":"https:\/\/simfoniya.az\/ru\/wp-json\/wp\/v2\/product_brand?post=19765"},{"taxonomy":"product_cat","embeddable":true,"href":"https:\/\/simfoniya.az\/ru\/wp-json\/wp\/v2\/product_cat?post=19765"},{"taxonomy":"product_tag","embeddable":true,"href":"https:\/\/simfoniya.az\/ru\/wp-json\/wp\/v2\/product_tag?post=19765"},{"taxonomy":"collection","embeddable":true,"href":"https:\/\/simfoniya.az\/ru\/wp-json\/wp\/v2\/collection?post=19765"},{"taxonomy":"brand","embeddable":true,"href":"https:\/\/simfoniya.az\/ru\/wp-json\/wp\/v2\/brand?post=19765"},{"taxonomy":"category_2","embeddable":true,"href":"https:\/\/simfoniya.az\/ru\/wp-json\/wp\/v2\/category_2?post=19765"},{"taxonomy":"catergory_brand","embeddable":true,"href":"https:\/\/simfoniya.az\/ru\/wp-json\/wp\/v2\/catergory_brand?post=19765"}],"curies":[{"name":"WP","href":"https:\/\/api.w.org\/{rel}","templated":true}]}}