{"id":19767,"date":"2024-06-02T11:35:24","date_gmt":"2024-06-02T11:35:24","guid":{"rendered":"https:\/\/simfoniya.az\/product\/vama-vanna-1750x760x620\/"},"modified":"2024-09-27T07:31:42","modified_gmt":"2024-09-27T07:31:42","slug":"vama-vanna-1750x760x620","status":"publish","type":"product","link":"https:\/\/simfoniya.az\/ru\/product\/vama-vanna-1750x760x620\/","title":{"rendered":"\u0412\u0430\u043c\u0430\/\u0411\u0430\u043d\u043d\u0430"},"content":{"rendered":"<div class=\"flex max-w-full flex-col flex-grow\">\n<div class=\"min-h-8 text-message flex w-full flex-col items-end gap-2 whitespace-normal break-words [.text-message+&amp;]:mt-5\" dir=\"auto\" data-message-author-role=\"assistant\" data-message-id=\"a5077b6b-186d-4156-9ad4-d624747ed3ea\">\n<div class=\"flex w-full flex-col gap-1 empty:hidden first:pt-[3px]\">\n<div class=\"markdown prose w-full break-words dark:prose-invert light\">\n<p>Bu a\u011f r\u0259ngli oval vanna, t\u0259bii taxta detallarla \u0259hat\u0259 olunmu\u015fdur, bu da ona t\u0259bii v\u0259 rahat bir g\u00f6r\u00fcn\u00fc\u015f b\u0259x\u015f edir. Vannan\u0131n yum\u015faq v\u0259 dair\u0259vi dizayn\u0131, h\u0259m rahatl\u0131q h\u0259m d\u0259 m\u00fcasir estetik z\u00f6vq t\u0259klif edir, istifad\u0259\u00e7il\u0259r\u0259 \u0259sl spa t\u0259cr\u00fcb\u0259si ya\u015fatmaq \u00fc\u00e7\u00fcn ideald\u0131r.<\/p>\n<\/div>\n<\/div>\n<\/div>\n<\/div>\n<div class=\"mb-2 flex gap-3 empty:hidden -ml-2\">\n<div class=\"items-center justify-start rounded-xl p-1 flex\">\n<div class=\"flex items-center\">\n<p>&nbsp;<\/p>\n<div class=\"flex\"><\/div>\n<div class=\"flex items-center pb-0\"><\/div>\n<\/div>\n<\/div>\n<\/div>\n","protected":false},"excerpt":{"rendered":"<p>\u042d\u0442\u0430 \u0431\u0435\u043b\u0430\u044f \u043e\u0432\u0430\u043b\u044c\u043d\u0430\u044f \u0432\u0430\u043d\u043d\u0430 \u043e\u043a\u0440\u0443\u0436\u0435\u043d\u0430 \u0434\u0435\u0442\u0430\u043b\u044f\u043c\u0438 \u0438\u0437 \u043d\u0430\u0442\u0443\u0440\u0430\u043b\u044c\u043d\u043e\u0433\u043e \u0434\u0435\u0440\u0435\u0432\u0430, \u043f\u0440\u0438\u0434\u0430\u044e\u0449\u0438\u043c\u0438 \u0435\u0439 \u0435\u0441\u0442\u0435\u0441\u0442\u0432\u0435\u043d\u043d\u044b\u0439 \u0438 \u043a\u043e\u043c\u0444\u043e\u0440\u0442\u043d\u044b\u0439 \u0432\u0438\u0434. \u041c\u044f\u0433\u043a\u0438\u0439 \u0438 \u043e\u043a\u0440\u0443\u0433\u043b\u044b\u0439 \u0434\u0438\u0437\u0430\u0439\u043d \u0432\u0430\u043d\u043d\u044b \u0441\u043e\u0447\u0435\u0442\u0430\u0435\u0442 \u0432 \u0441\u0435\u0431\u0435 \u043a\u043e\u043c\u0444\u043e\u0440\u0442 \u0438 \u0441\u043e\u0432\u0440\u0435\u043c\u0435\u043d\u043d\u044b\u0439 \u044d\u0441\u0442\u0435\u0442\u0438\u0447\u0435\u0441\u043a\u0438\u0439 \u0432\u043a\u0443\u0441 \u0438 \u0438\u0434\u0435\u0430\u043b\u044c\u043d\u043e \u043f\u043e\u0434\u0445\u043e\u0434\u0438\u0442 \u0434\u043b\u044f \u0442\u043e\u0433\u043e, \u0447\u0442\u043e\u0431\u044b \u043f\u043e\u0434\u0430\u0440\u0438\u0442\u044c \u043f\u043e\u043b\u044c\u0437\u043e\u0432\u0430\u0442\u0435\u043b\u044f\u043c \u043d\u0430\u0441\u0442\u043e\u044f\u0449\u0438\u0439 \u0441\u043f\u0430-\u0441\u0430\u043b\u043e\u043d. &nbsp;<\/p>","protected":false},"featured_media":19766,"comment_status":"closed","ping_status":"closed","template":"","meta":[],"product_brand":[],"product_cat":[76],"product_tag":[],"collection":[],"brand":[],"category_2":[],"catergory_brand":[],"class_list":{"0":"post-19767","1":"product","2":"type-product","3":"status-publish","4":"has-post-thumbnail","6":"product_cat-all","8":"first","9":"instock","10":"shipping-taxable","11":"product-type-simple"},"_links":{"self":[{"href":"https:\/\/simfoniya.az\/ru\/wp-json\/wp\/v2\/product\/19767","targetHints":{"allow":["GET"]}}],"collection":[{"href":"https:\/\/simfoniya.az\/ru\/wp-json\/wp\/v2\/product"}],"about":[{"href":"https:\/\/simfoniya.az\/ru\/wp-json\/wp\/v2\/types\/product"}],"replies":[{"embeddable":true,"href":"https:\/\/simfoniya.az\/ru\/wp-json\/wp\/v2\/comments?post=19767"}],"wp:featuredmedia":[{"embeddable":true,"href":"https:\/\/simfoniya.az\/ru\/wp-json\/wp\/v2\/media\/19766"}],"wp:attachment":[{"href":"https:\/\/simfoniya.az\/ru\/wp-json\/wp\/v2\/media?parent=19767"}],"wp:term":[{"taxonomy":"product_brand","embeddable":true,"href":"https:\/\/simfoniya.az\/ru\/wp-json\/wp\/v2\/product_brand?post=19767"},{"taxonomy":"product_cat","embeddable":true,"href":"https:\/\/simfoniya.az\/ru\/wp-json\/wp\/v2\/product_cat?post=19767"},{"taxonomy":"product_tag","embeddable":true,"href":"https:\/\/simfoniya.az\/ru\/wp-json\/wp\/v2\/product_tag?post=19767"},{"taxonomy":"collection","embeddable":true,"href":"https:\/\/simfoniya.az\/ru\/wp-json\/wp\/v2\/collection?post=19767"},{"taxonomy":"brand","embeddable":true,"href":"https:\/\/simfoniya.az\/ru\/wp-json\/wp\/v2\/brand?post=19767"},{"taxonomy":"category_2","embeddable":true,"href":"https:\/\/simfoniya.az\/ru\/wp-json\/wp\/v2\/category_2?post=19767"},{"taxonomy":"catergory_brand","embeddable":true,"href":"https:\/\/simfoniya.az\/ru\/wp-json\/wp\/v2\/catergory_brand?post=19767"}],"curies":[{"name":"WP","href":"https:\/\/api.w.org\/{rel}","templated":true}]}}